{"id":14955,"date":"2012-05-24T13:01:13","date_gmt":"2012-05-24T11:01:13","guid":{"rendered":"https:\/\/test.guerini.it\/?product=piano-piano"},"modified":"2026-04-27T15:58:30","modified_gmt":"2026-04-27T13:58:30","slug":"piano-piano","status":"publish","type":"product","link":"https:\/\/www.guerini.it\/index.php\/prodotto\/piano-piano\/","title":{"rendered":"Piano Piano"},"content":{"rendered":"<p style=\"text-align: justify;\">\u201cVoglio imparare piano piano\u201d, dicono con un certo timore gli stranieri che si accostano per la prima volta nella loro vita alla scuola, che decidono di imparare a leggere, a scrivere e a comunicare in italiano, in una lingua che non \u00e8 la loro. Chi sono queste persone cos\u00ec coraggiose?<br \/>\nSono uomini e donne che posseggono competenze, saperi, capacit\u00e0 operative non da poco.<br \/>\nMa per loro le \u201cparole di carta\u201d rappresentano un mondo sconosciuto, da conquistare&#8230;<br \/>\n<em>Piano Piano<\/em> \u00e8 un quaderno di lavoro dedicato sia agli insegnanti sia agli studenti, impegnati in egual misura in questo difficile percorso verso la scoperta della parola scritta.<\/p>\n<hr \/>\n<p style=\"text-align: justify;\"><strong>Michela Borio<\/strong> e <strong>Patrizia Rickler<\/strong> insegnano da molti anni nei corsi statali di Lingua e Cultura Italiana per stranieri del CTP \u201cParini\u201d di Torino. Conducono incontri e corsi di formazione sulla didattica dell\u2019Italiano L2 per stranieri adulti di bassa scolarit\u00e0.<\/p>\n<p style=\"text-align: justify;\">L\u2019<strong>Ufficio Pastorale Migranti \u2013 Arcidiocesi di Torino<\/strong> \u00e8 un organismo pastorale nato per favorire l\u2019integrazione di tutti i migranti (immigrati ed emigrati) e i Rom. Ha servizi di informazione, accoglienza, ascolto e dialogo, servizi per ricerca lavoro, ricerca casa, integrazione linguistica.<br \/>\nMaggiori informazioni sul sito <a href=\"https:\/\/www.migrantitorino.it\/\">www.migrantitorino.it.<\/a><\/p>\n<p style=\"text-align: justify;\"><strong>Migrantes Nazionale<\/strong> (con sede a Roma) \u00e8 una fondazione della Conferenza Episcopale Italiana, per i migranti (immigrati ed emigrati), i Rom, i circensi e addetti alla navigazione. Opera su tutto il territorio nazionale con 200 centri nelle diocesi italiane.<\/p>\n<p style=\"text-align: justify;\"><strong>Apice<\/strong> \u00e8 una onlus di informazione sulle politiche sociali europee.<\/p>\n","protected":false},"excerpt":{"rendered":"<p>\u201cVoglio imparare piano piano\u201d, dicono con timore gli stranieri che si accostano per la prima volta alla scuola, che decidono di imparare a leggere e a scrivere in italiano, una lingua che non \u00e8 la loro. Chi sono queste persone cos\u00ec coraggiose? Sono uomini e donne che posseggono competenze, saperi, capacit\u00e0 non da poco. Ma per loro le \u201cparole di carta\u201d rappresentano un mondo sconosciuto, da conquistare&#8230; Piano piano \u00e8 un quaderno di lavoro dedicato sia agli insegnanti sia agli studenti, impegnati in egual misura in questo difficile percorso alla scoperta della parola scritta.<\/p>\n","protected":false},"featured_media":23540,"template":"","meta":{"_editorskit_title_hidden":false,"_editorskit_reading_time":0,"_editorskit_is_block_options_detached":false,"_editorskit_block_options_position":"{}","_monsterinsights_skip_tracking":false,"_monsterinsights_sitenote_active":false,"_monsterinsights_sitenote_note":"","_monsterinsights_sitenote_category":0},"product_brand":[],"product_cat":[6531],"product_tag":[],"class_list":{"0":"post-14955","1":"product","2":"type-product","3":"status-publish","4":"has-post-thumbnail","6":"product_cat-italiano-l2","7":"pa_guerini_amazon_link-https-www-amazon-it-piano-percorso-avvicinamento-italiana-stranieri-dp-886250358x","8":"pa_guerini_feltrinelli_link-https-www-lafeltrinelli-it-piano-piano-percorso-di-avvicinamento-libro-michela-borio-patrizia-rickler-e-9788862503587","9":"pa_guerini_ibs_link-https-www-ibs-it-piano-piano-percorso-di-avvicinamento-libro-michela-borio-patrizia-rickler-e-9788862503587","10":"pa_guerini_libruniver_link-https-www-libreriauniversitaria-it-piano-piano-percorso-avvicinamento-lingua-libro-9788862503587","11":"pa_guerini_mondadori_link-https-www-mondadoristore-it-piano-piano-percorso-michela-borio-patrizia-rickler-eai978886250358","12":"pa_guerini_strillo-21-lalinguaitalianapergliulti","14":"first","15":"instock","16":"sale","17":"shipping-taxable","18":"purchasable","19":"product-type-simple"},"yoast_head":"<!-- This site is optimized with the Yoast SEO plugin v25.4 - https:\/\/yoast.com\/wordpress\/plugins\/seo\/ -->\n<title>Piano Piano - Guerini e Associati<\/title>\n<meta name=\"robots\" content=\"index, follow, max-snippet:-1, max-image-preview:large, max-video-preview:-1\" \/>\n<link rel=\"canonical\" href=\"https:\/\/www.guerini.it\/index.php\/prodotto\/piano-piano\/\" \/>\n<meta property=\"og:locale\" content=\"it_IT\" \/>\n<meta property=\"og:type\" content=\"article\" \/>\n<meta property=\"og:title\" content=\"Piano Piano - Guerini e Associati\" \/>\n<meta property=\"og:description\" content=\"\u201cVoglio imparare piano piano\u201d, dicono con timore gli stranieri che si accostano per la prima volta alla scuola, che decidono di imparare a leggere e a scrivere in italiano, una lingua che non \u00e8 la loro. Chi sono queste persone cos\u00ec coraggiose? Sono uomini e donne che posseggono competenze, saperi, capacit\u00e0 non da poco. Ma per loro le \u201cparole di carta\u201d rappresentano un mondo sconosciuto, da conquistare... Piano piano \u00e8 un quaderno di lavoro dedicato sia agli insegnanti sia agli studenti, impegnati in egual misura in questo difficile percorso alla scoperta della parola scritta.\" \/>\n<meta property=\"og:url\" content=\"https:\/\/www.guerini.it\/index.php\/prodotto\/piano-piano\/\" \/>\n<meta property=\"og:site_name\" content=\"Guerini e Associati\" \/>\n<meta property=\"article:modified_time\" content=\"2026-04-27T13:58:30+00:00\" \/>\n<meta property=\"og:image\" content=\"https:\/\/www.guerini.it\/wp-content\/uploads\/2012\/05\/Piano-Piano.webp\" \/>\n\t<meta property=\"og:image:width\" content=\"1226\" \/>\n\t<meta property=\"og:image:height\" content=\"1759\" \/>\n\t<meta property=\"og:image:type\" content=\"image\/webp\" \/>\n<meta name=\"twitter:card\" content=\"summary_large_image\" \/>\n<meta name=\"twitter:label1\" content=\"Tempo di lettura stimato\" \/>\n\t<meta name=\"twitter:data1\" content=\"2 minuti\" \/>\n<!-- \/ Yoast SEO plugin. -->","yoast_head_json":{"title":"Piano Piano - Guerini e Associati","robots":{"index":"index","follow":"follow","max-snippet":"max-snippet:-1","max-image-preview":"max-image-preview:large","max-video-preview":"max-video-preview:-1"},"canonical":"https:\/\/www.guerini.it\/index.php\/prodotto\/piano-piano\/","og_locale":"it_IT","og_type":"article","og_title":"Piano Piano - Guerini e Associati","og_description":"\u201cVoglio imparare piano piano\u201d, dicono con timore gli stranieri che si accostano per la prima volta alla scuola, che decidono di imparare a leggere e a scrivere in italiano, una lingua che non \u00e8 la loro. Chi sono queste persone cos\u00ec coraggiose? Sono uomini e donne che posseggono competenze, saperi, capacit\u00e0 non da poco. Ma per loro le \u201cparole di carta\u201d rappresentano un mondo sconosciuto, da conquistare... Piano piano \u00e8 un quaderno di lavoro dedicato sia agli insegnanti sia agli studenti, impegnati in egual misura in questo difficile percorso alla scoperta della parola scritta.","og_url":"https:\/\/www.guerini.it\/index.php\/prodotto\/piano-piano\/","og_site_name":"Guerini e Associati","article_modified_time":"2026-04-27T13:58:30+00:00","og_image":[{"width":1226,"height":1759,"url":"https:\/\/www.guerini.it\/wp-content\/uploads\/2012\/05\/Piano-Piano.webp","type":"image\/webp"}],"twitter_card":"summary_large_image","twitter_misc":{"Tempo di lettura stimato":"2 minuti"},"schema":{"@context":"https:\/\/schema.org","@graph":[{"@type":"WebPage","@id":"https:\/\/www.guerini.it\/index.php\/prodotto\/piano-piano\/","url":"https:\/\/www.guerini.it\/index.php\/prodotto\/piano-piano\/","name":"Piano Piano - Guerini e Associati","isPartOf":{"@id":"https:\/\/www.guerini.it\/#website"},"primaryImageOfPage":{"@id":"https:\/\/www.guerini.it\/index.php\/prodotto\/piano-piano\/#primaryimage"},"image":{"@id":"https:\/\/www.guerini.it\/index.php\/prodotto\/piano-piano\/#primaryimage"},"thumbnailUrl":"https:\/\/www.guerini.it\/wp-content\/uploads\/2012\/05\/Piano-Piano.webp","datePublished":"2012-05-24T11:01:13+00:00","dateModified":"2026-04-27T13:58:30+00:00","breadcrumb":{"@id":"https:\/\/www.guerini.it\/index.php\/prodotto\/piano-piano\/#breadcrumb"},"inLanguage":"it-IT","potentialAction":[{"@type":"ReadAction","target":["https:\/\/www.guerini.it\/index.php\/prodotto\/piano-piano\/"]}]},{"@type":"ImageObject","inLanguage":"it-IT","@id":"https:\/\/www.guerini.it\/index.php\/prodotto\/piano-piano\/#primaryimage","url":"https:\/\/www.guerini.it\/wp-content\/uploads\/2012\/05\/Piano-Piano.webp","contentUrl":"https:\/\/www.guerini.it\/wp-content\/uploads\/2012\/05\/Piano-Piano.webp","width":1226,"height":1759,"caption":"Copertina del volume Piano Piano, Guerini Studio, 2011"},{"@type":"BreadcrumbList","@id":"https:\/\/www.guerini.it\/index.php\/prodotto\/piano-piano\/#breadcrumb","itemListElement":[{"@type":"ListItem","position":1,"name":"Home","item":"https:\/\/www.guerini.it\/"},{"@type":"ListItem","position":2,"name":"Catalogo","item":"https:\/\/www.guerini.it\/index.php\/negozio\/"},{"@type":"ListItem","position":3,"name":"Piano Piano"}]},{"@type":"WebSite","@id":"https:\/\/www.guerini.it\/#website","url":"https:\/\/www.guerini.it\/","name":"Guerini e Associati","description":"30 anni di libri, idee e libert\u00e0","publisher":{"@id":"https:\/\/www.guerini.it\/#organization"},"potentialAction":[{"@type":"SearchAction","target":{"@type":"EntryPoint","urlTemplate":"https:\/\/www.guerini.it\/?s={search_term_string}"},"query-input":{"@type":"PropertyValueSpecification","valueRequired":true,"valueName":"search_term_string"}}],"inLanguage":"it-IT"},{"@type":"Organization","@id":"https:\/\/www.guerini.it\/#organization","name":"Guerini e Associati","url":"https:\/\/www.guerini.it\/","logo":{"@type":"ImageObject","inLanguage":"it-IT","@id":"https:\/\/www.guerini.it\/#\/schema\/logo\/image\/","url":"https:\/\/www.guerini.it\/wp-content\/uploads\/2021\/03\/Logo-Guerini-OK_-e1615831292285.png","contentUrl":"https:\/\/www.guerini.it\/wp-content\/uploads\/2021\/03\/Logo-Guerini-OK_-e1615831292285.png","width":2805,"height":1870,"caption":"Guerini e Associati"},"image":{"@id":"https:\/\/www.guerini.it\/#\/schema\/logo\/image\/"}}]}},"_links":{"self":[{"href":"https:\/\/www.guerini.it\/index.php\/wp-json\/wp\/v2\/product\/14955","targetHints":{"allow":["GET"]}}],"collection":[{"href":"https:\/\/www.guerini.it\/index.php\/wp-json\/wp\/v2\/product"}],"about":[{"href":"https:\/\/www.guerini.it\/index.php\/wp-json\/wp\/v2\/types\/product"}],"wp:featuredmedia":[{"embeddable":true,"href":"https:\/\/www.guerini.it\/index.php\/wp-json\/wp\/v2\/media\/23540"}],"wp:attachment":[{"href":"https:\/\/www.guerini.it\/index.php\/wp-json\/wp\/v2\/media?parent=14955"}],"wp:term":[{"taxonomy":"product_brand","embeddable":true,"href":"https:\/\/www.guerini.it\/index.php\/wp-json\/wp\/v2\/product_brand?post=14955"},{"taxonomy":"product_cat","embeddable":true,"href":"https:\/\/www.guerini.it\/index.php\/wp-json\/wp\/v2\/product_cat?post=14955"},{"taxonomy":"product_tag","embeddable":true,"href":"https:\/\/www.guerini.it\/index.php\/wp-json\/wp\/v2\/product_tag?post=14955"}],"curies":[{"name":"wp","href":"https:\/\/api.w.org\/{rel}","templated":true}]}}