{"id":15004,"date":"2012-06-29T20:34:07","date_gmt":"2012-06-29T18:34:07","guid":{"rendered":"https:\/\/test.guerini.it\/?product=finanziare-la-crescita-del-capitale-umano-978-88-6250-394-5"},"modified":"2024-06-12T14:39:57","modified_gmt":"2024-06-12T12:39:57","slug":"finanziare-la-crescita-del-capitale-umano-978-88-6250-394-5","status":"publish","type":"product","link":"https:\/\/www.guerini.it\/index.php\/prodotto\/finanziare-la-crescita-del-capitale-umano-978-88-6250-394-5\/","title":{"rendered":"Finanziare la crescita del capitale umano"},"content":{"rendered":"<p>La gestione dei fondi per la formazione non \u00e8 n\u00e9 banale, n\u00e9 scontata. L\u2019utilizzo delle somme messe a disposizione dai Fondi Interprofessionali implica l\u2019osservanza di regole, parametri e procedure il cui mancato rispetto pu\u00f2 condurre dalla riparametrazione parziale fino alla revoca integrale del finanziamento richiesto. Il volume riporta parte dell\u2019esperienza maturata dal Team di Projectland nella consulenza tecnica, organizzativa e gestionale alle Imprese Bancarie e Assicurative, di piani formativi aziendali finanziati dal Fondo Banche e Assicurazioni, uno tra i Fondi pi\u00f9 grandi e attivi del nostro paese.<\/p>\n","protected":false},"excerpt":{"rendered":"<p>La gestione dei fondi per la formazione non \u00e8 n\u00e9 banale, n\u00e9 scontata. L\u2019utilizzo delle somme messe a disposizione dai Fondi Interprofessionali implica l\u2019osservanza di regole, parametri e procedure il cui mancato rispetto pu\u00f2 condurre dalla riparametrazione parziale fino alla revoca integrale del finanziamento richiesto. Il volume riporta parte dell\u2019esperienza maturata dal Team di Projectland nella consulenza tecnica, organizzativa e gestionale alle Imprese Bancarie e Assicurative, di piani formativi aziendali finanziati dal Fondo Banche e Assicurazioni, uno tra i Fondi pi\u00f9 grandi e attivi del nostro paese.<\/p>\n","protected":false},"featured_media":15003,"template":"","meta":{"_editorskit_title_hidden":false,"_editorskit_reading_time":0,"_editorskit_is_block_options_detached":false,"_editorskit_block_options_position":"{}","_monsterinsights_skip_tracking":false,"_monsterinsights_sitenote_active":false,"_monsterinsights_sitenote_note":"","_monsterinsights_sitenote_category":0},"product_brand":[],"product_cat":[6529],"product_tag":[],"class_list":{"0":"post-15004","1":"product","2":"type-product","3":"status-publish","4":"has-post-thumbnail","6":"product_cat-economia-e-management","8":"first","9":"outofstock","10":"sale","11":"shipping-taxable","12":"purchasable","13":"product-type-simple"},"yoast_head":"<!-- This site is optimized with the Yoast SEO plugin v25.4 - https:\/\/yoast.com\/wordpress\/plugins\/seo\/ -->\n<title>Finanziare la crescita del capitale umano - Guerini e Associati<\/title>\n<meta name=\"robots\" content=\"index, follow, max-snippet:-1, max-image-preview:large, max-video-preview:-1\" \/>\n<link rel=\"canonical\" href=\"https:\/\/www.guerini.it\/index.php\/prodotto\/finanziare-la-crescita-del-capitale-umano-978-88-6250-394-5\/\" \/>\n<meta property=\"og:locale\" content=\"it_IT\" \/>\n<meta property=\"og:type\" content=\"article\" \/>\n<meta property=\"og:title\" content=\"Finanziare la crescita del capitale umano - Guerini e Associati\" \/>\n<meta property=\"og:description\" content=\"La gestione dei fondi per la formazione non \u00e8 n\u00e9 banale, n\u00e9 scontata. L\u2019utilizzo delle somme messe a disposizione dai Fondi Interprofessionali implica l\u2019osservanza di regole, parametri e procedure il cui mancato rispetto pu\u00f2 condurre dalla riparametrazione parziale fino alla revoca integrale del finanziamento richiesto. Il volume riporta parte dell\u2019esperienza maturata dal Team di Projectland nella consulenza tecnica, organizzativa e gestionale alle Imprese Bancarie e Assicurative, di piani formativi aziendali finanziati dal Fondo Banche e Assicurazioni, uno tra i Fondi pi\u00f9 grandi e attivi del nostro paese.\" \/>\n<meta property=\"og:url\" content=\"https:\/\/www.guerini.it\/index.php\/prodotto\/finanziare-la-crescita-del-capitale-umano-978-88-6250-394-5\/\" \/>\n<meta property=\"og:site_name\" content=\"Guerini e Associati\" \/>\n<meta property=\"article:modified_time\" content=\"2024-06-12T12:39:57+00:00\" \/>\n<meta property=\"og:image\" content=\"https:\/\/www.guerini.it\/wp-content\/uploads\/2012\/06\/cop._carbone_alta_265x414.jpg\" \/>\n\t<meta property=\"og:image:width\" content=\"265\" \/>\n\t<meta property=\"og:image:height\" content=\"414\" \/>\n\t<meta property=\"og:image:type\" content=\"image\/jpeg\" \/>\n<meta name=\"twitter:card\" content=\"summary_large_image\" \/>\n<!-- \/ Yoast SEO plugin. -->","yoast_head_json":{"title":"Finanziare la crescita del capitale umano - Guerini e Associati","robots":{"index":"index","follow":"follow","max-snippet":"max-snippet:-1","max-image-preview":"max-image-preview:large","max-video-preview":"max-video-preview:-1"},"canonical":"https:\/\/www.guerini.it\/index.php\/prodotto\/finanziare-la-crescita-del-capitale-umano-978-88-6250-394-5\/","og_locale":"it_IT","og_type":"article","og_title":"Finanziare la crescita del capitale umano - Guerini e Associati","og_description":"La gestione dei fondi per la formazione non \u00e8 n\u00e9 banale, n\u00e9 scontata. L\u2019utilizzo delle somme messe a disposizione dai Fondi Interprofessionali implica l\u2019osservanza di regole, parametri e procedure il cui mancato rispetto pu\u00f2 condurre dalla riparametrazione parziale fino alla revoca integrale del finanziamento richiesto. Il volume riporta parte dell\u2019esperienza maturata dal Team di Projectland nella consulenza tecnica, organizzativa e gestionale alle Imprese Bancarie e Assicurative, di piani formativi aziendali finanziati dal Fondo Banche e Assicurazioni, uno tra i Fondi pi\u00f9 grandi e attivi del nostro paese.","og_url":"https:\/\/www.guerini.it\/index.php\/prodotto\/finanziare-la-crescita-del-capitale-umano-978-88-6250-394-5\/","og_site_name":"Guerini e Associati","article_modified_time":"2024-06-12T12:39:57+00:00","og_image":[{"width":265,"height":414,"url":"https:\/\/www.guerini.it\/wp-content\/uploads\/2012\/06\/cop._carbone_alta_265x414.jpg","type":"image\/jpeg"}],"twitter_card":"summary_large_image","schema":{"@context":"https:\/\/schema.org","@graph":[{"@type":"WebPage","@id":"https:\/\/www.guerini.it\/index.php\/prodotto\/finanziare-la-crescita-del-capitale-umano-978-88-6250-394-5\/","url":"https:\/\/www.guerini.it\/index.php\/prodotto\/finanziare-la-crescita-del-capitale-umano-978-88-6250-394-5\/","name":"Finanziare la crescita del capitale umano - Guerini e Associati","isPartOf":{"@id":"https:\/\/www.guerini.it\/#website"},"primaryImageOfPage":{"@id":"https:\/\/www.guerini.it\/index.php\/prodotto\/finanziare-la-crescita-del-capitale-umano-978-88-6250-394-5\/#primaryimage"},"image":{"@id":"https:\/\/www.guerini.it\/index.php\/prodotto\/finanziare-la-crescita-del-capitale-umano-978-88-6250-394-5\/#primaryimage"},"thumbnailUrl":"https:\/\/www.guerini.it\/wp-content\/uploads\/2012\/06\/cop._carbone_alta_265x414.jpg","datePublished":"2012-06-29T18:34:07+00:00","dateModified":"2024-06-12T12:39:57+00:00","breadcrumb":{"@id":"https:\/\/www.guerini.it\/index.php\/prodotto\/finanziare-la-crescita-del-capitale-umano-978-88-6250-394-5\/#breadcrumb"},"inLanguage":"it-IT","potentialAction":[{"@type":"ReadAction","target":["https:\/\/www.guerini.it\/index.php\/prodotto\/finanziare-la-crescita-del-capitale-umano-978-88-6250-394-5\/"]}]},{"@type":"ImageObject","inLanguage":"it-IT","@id":"https:\/\/www.guerini.it\/index.php\/prodotto\/finanziare-la-crescita-del-capitale-umano-978-88-6250-394-5\/#primaryimage","url":"https:\/\/www.guerini.it\/wp-content\/uploads\/2012\/06\/cop._carbone_alta_265x414.jpg","contentUrl":"https:\/\/www.guerini.it\/wp-content\/uploads\/2012\/06\/cop._carbone_alta_265x414.jpg","width":265,"height":414,"caption":"Finanziare la crescita del capitale umano"},{"@type":"BreadcrumbList","@id":"https:\/\/www.guerini.it\/index.php\/prodotto\/finanziare-la-crescita-del-capitale-umano-978-88-6250-394-5\/#breadcrumb","itemListElement":[{"@type":"ListItem","position":1,"name":"Home","item":"https:\/\/www.guerini.it\/"},{"@type":"ListItem","position":2,"name":"Catalogo","item":"https:\/\/www.guerini.it\/index.php\/negozio\/"},{"@type":"ListItem","position":3,"name":"Finanziare la crescita del capitale umano"}]},{"@type":"WebSite","@id":"https:\/\/www.guerini.it\/#website","url":"https:\/\/www.guerini.it\/","name":"Guerini e Associati","description":"30 anni di libri, idee e libert\u00e0","publisher":{"@id":"https:\/\/www.guerini.it\/#organization"},"potentialAction":[{"@type":"SearchAction","target":{"@type":"EntryPoint","urlTemplate":"https:\/\/www.guerini.it\/?s={search_term_string}"},"query-input":{"@type":"PropertyValueSpecification","valueRequired":true,"valueName":"search_term_string"}}],"inLanguage":"it-IT"},{"@type":"Organization","@id":"https:\/\/www.guerini.it\/#organization","name":"Guerini e Associati","url":"https:\/\/www.guerini.it\/","logo":{"@type":"ImageObject","inLanguage":"it-IT","@id":"https:\/\/www.guerini.it\/#\/schema\/logo\/image\/","url":"https:\/\/www.guerini.it\/wp-content\/uploads\/2021\/03\/Logo-Guerini-OK_-e1615831292285.png","contentUrl":"https:\/\/www.guerini.it\/wp-content\/uploads\/2021\/03\/Logo-Guerini-OK_-e1615831292285.png","width":2805,"height":1870,"caption":"Guerini e Associati"},"image":{"@id":"https:\/\/www.guerini.it\/#\/schema\/logo\/image\/"}}]}},"_links":{"self":[{"href":"https:\/\/www.guerini.it\/index.php\/wp-json\/wp\/v2\/product\/15004","targetHints":{"allow":["GET"]}}],"collection":[{"href":"https:\/\/www.guerini.it\/index.php\/wp-json\/wp\/v2\/product"}],"about":[{"href":"https:\/\/www.guerini.it\/index.php\/wp-json\/wp\/v2\/types\/product"}],"wp:featuredmedia":[{"embeddable":true,"href":"https:\/\/www.guerini.it\/index.php\/wp-json\/wp\/v2\/media\/15003"}],"wp:attachment":[{"href":"https:\/\/www.guerini.it\/index.php\/wp-json\/wp\/v2\/media?parent=15004"}],"wp:term":[{"taxonomy":"product_brand","embeddable":true,"href":"https:\/\/www.guerini.it\/index.php\/wp-json\/wp\/v2\/product_brand?post=15004"},{"taxonomy":"product_cat","embeddable":true,"href":"https:\/\/www.guerini.it\/index.php\/wp-json\/wp\/v2\/product_cat?post=15004"},{"taxonomy":"product_tag","embeddable":true,"href":"https:\/\/www.guerini.it\/index.php\/wp-json\/wp\/v2\/product_tag?post=15004"}],"curies":[{"name":"wp","href":"https:\/\/api.w.org\/{rel}","templated":true}]}}