{"id":15050,"date":"2012-08-30T21:37:40","date_gmt":"2012-08-30T19:37:40","guid":{"rendered":"https:\/\/test.guerini.it\/?product=lezioni-di-teorie-e-tecniche-del-giornalismo-978-88-8107-334-4"},"modified":"2024-06-12T14:35:18","modified_gmt":"2024-06-12T12:35:18","slug":"lezioni-di-teorie-e-tecniche-del-giornalismo-978-88-8107-334-4","status":"publish","type":"product","link":"https:\/\/www.guerini.it\/index.php\/prodotto\/lezioni-di-teorie-e-tecniche-del-giornalismo-978-88-8107-334-4\/","title":{"rendered":"Lezioni di teorie e tecniche del giornalismo"},"content":{"rendered":"<p>Questo libro raccoglie appunti, contributi e rielaborazioni di lezioni di alcuni corsi di teorie e tecniche del giornalismo. \u00c8 composto da materiali eterogenei di diversa provenienza. \u00c8 indirizzato ai giovani che si affacciano al mondo delle comunicazioni e a chi intende conoscere pi\u00f9 dettagliatamente come funzionano i quotidiani, il loro linguaggio e le loro prospettive. Il volume \u00e8 strutturato in maniera articolata: comprende sia tesi teoriche che esposizione di materiale informativo finalizzato a illustrare il mondo del lavoro giornalistico contemporaneo. <\/p>\n","protected":false},"excerpt":{"rendered":"<p>Questo libro raccoglie appunti, contributi e rielaborazioni di lezioni di alcuni corsi di teorie e tecniche del giornalismo. \u00c8 composto da materiali eterogenei di diversa provenienza. \u00c8 indirizzato ai giovani che si affacciano al mondo delle comunicazioni e a chi intende conoscere pi\u00f9 dettagliatamente come funzionano i quotidiani, il loro linguaggio e le loro prospettive. Il volume \u00e8 strutturato in maniera articolata: comprende sia tesi teoriche che esposizione di materiale informativo finalizzato a illustrare il mondo del lavoro giornalistico contemporaneo<\/p>\n","protected":false},"featured_media":15049,"template":"","meta":{"_editorskit_title_hidden":false,"_editorskit_reading_time":0,"_editorskit_is_block_options_detached":false,"_editorskit_block_options_position":"{}","_monsterinsights_skip_tracking":false,"_monsterinsights_sitenote_active":false,"_monsterinsights_sitenote_note":"","_monsterinsights_sitenote_category":0},"product_brand":[],"product_cat":[6528],"product_tag":[],"class_list":{"0":"post-15050","1":"product","2":"type-product","3":"status-publish","4":"has-post-thumbnail","6":"product_cat-comunicazione","8":"first","9":"instock","10":"sale","11":"shipping-taxable","12":"purchasable","13":"product-type-simple"},"yoast_head":"<!-- This site is optimized with the Yoast SEO plugin v25.4 - https:\/\/yoast.com\/wordpress\/plugins\/seo\/ -->\n<title>Lezioni di teorie e tecniche del giornalismo - Guerini e Associati<\/title>\n<meta name=\"robots\" content=\"index, follow, max-snippet:-1, max-image-preview:large, max-video-preview:-1\" \/>\n<link rel=\"canonical\" href=\"https:\/\/www.guerini.it\/index.php\/prodotto\/lezioni-di-teorie-e-tecniche-del-giornalismo-978-88-8107-334-4\/\" \/>\n<meta property=\"og:locale\" content=\"it_IT\" \/>\n<meta property=\"og:type\" content=\"article\" \/>\n<meta property=\"og:title\" content=\"Lezioni di teorie e tecniche del giornalismo - Guerini e Associati\" \/>\n<meta property=\"og:description\" content=\"Questo libro raccoglie appunti, contributi e rielaborazioni di lezioni di alcuni corsi di teorie e tecniche del giornalismo. \u00c8 composto da materiali eterogenei di diversa provenienza. \u00c8 indirizzato ai giovani che si affacciano al mondo delle comunicazioni e a chi intende conoscere pi\u00f9 dettagliatamente come funzionano i quotidiani, il loro linguaggio e le loro prospettive. Il volume \u00e8 strutturato in maniera articolata: comprende sia tesi teoriche che esposizione di materiale informativo finalizzato a illustrare il mondo del lavoro giornalistico contemporaneo\" \/>\n<meta property=\"og:url\" content=\"https:\/\/www.guerini.it\/index.php\/prodotto\/lezioni-di-teorie-e-tecniche-del-giornalismo-978-88-8107-334-4\/\" \/>\n<meta property=\"og:site_name\" content=\"Guerini e Associati\" \/>\n<meta property=\"article:modified_time\" content=\"2024-06-12T12:35:18+00:00\" \/>\n<meta property=\"og:image\" content=\"https:\/\/www.guerini.it\/wp-content\/uploads\/2012\/08\/lezioni_di_teroie_e_tecniche_del_giornalismo-bassa.jpg\" \/>\n\t<meta property=\"og:image:width\" content=\"265\" \/>\n\t<meta property=\"og:image:height\" content=\"405\" \/>\n\t<meta property=\"og:image:type\" content=\"image\/jpeg\" \/>\n<meta name=\"twitter:card\" content=\"summary_large_image\" \/>\n<!-- \/ Yoast SEO plugin. -->","yoast_head_json":{"title":"Lezioni di teorie e tecniche del giornalismo - Guerini e Associati","robots":{"index":"index","follow":"follow","max-snippet":"max-snippet:-1","max-image-preview":"max-image-preview:large","max-video-preview":"max-video-preview:-1"},"canonical":"https:\/\/www.guerini.it\/index.php\/prodotto\/lezioni-di-teorie-e-tecniche-del-giornalismo-978-88-8107-334-4\/","og_locale":"it_IT","og_type":"article","og_title":"Lezioni di teorie e tecniche del giornalismo - Guerini e Associati","og_description":"Questo libro raccoglie appunti, contributi e rielaborazioni di lezioni di alcuni corsi di teorie e tecniche del giornalismo. \u00c8 composto da materiali eterogenei di diversa provenienza. \u00c8 indirizzato ai giovani che si affacciano al mondo delle comunicazioni e a chi intende conoscere pi\u00f9 dettagliatamente come funzionano i quotidiani, il loro linguaggio e le loro prospettive. Il volume \u00e8 strutturato in maniera articolata: comprende sia tesi teoriche che esposizione di materiale informativo finalizzato a illustrare il mondo del lavoro giornalistico contemporaneo","og_url":"https:\/\/www.guerini.it\/index.php\/prodotto\/lezioni-di-teorie-e-tecniche-del-giornalismo-978-88-8107-334-4\/","og_site_name":"Guerini e Associati","article_modified_time":"2024-06-12T12:35:18+00:00","og_image":[{"width":265,"height":405,"url":"https:\/\/www.guerini.it\/wp-content\/uploads\/2012\/08\/lezioni_di_teroie_e_tecniche_del_giornalismo-bassa.jpg","type":"image\/jpeg"}],"twitter_card":"summary_large_image","schema":{"@context":"https:\/\/schema.org","@graph":[{"@type":"WebPage","@id":"https:\/\/www.guerini.it\/index.php\/prodotto\/lezioni-di-teorie-e-tecniche-del-giornalismo-978-88-8107-334-4\/","url":"https:\/\/www.guerini.it\/index.php\/prodotto\/lezioni-di-teorie-e-tecniche-del-giornalismo-978-88-8107-334-4\/","name":"Lezioni di teorie e tecniche del giornalismo - Guerini e Associati","isPartOf":{"@id":"https:\/\/www.guerini.it\/#website"},"primaryImageOfPage":{"@id":"https:\/\/www.guerini.it\/index.php\/prodotto\/lezioni-di-teorie-e-tecniche-del-giornalismo-978-88-8107-334-4\/#primaryimage"},"image":{"@id":"https:\/\/www.guerini.it\/index.php\/prodotto\/lezioni-di-teorie-e-tecniche-del-giornalismo-978-88-8107-334-4\/#primaryimage"},"thumbnailUrl":"https:\/\/www.guerini.it\/wp-content\/uploads\/2012\/08\/lezioni_di_teroie_e_tecniche_del_giornalismo-bassa.jpg","datePublished":"2012-08-30T19:37:40+00:00","dateModified":"2024-06-12T12:35:18+00:00","breadcrumb":{"@id":"https:\/\/www.guerini.it\/index.php\/prodotto\/lezioni-di-teorie-e-tecniche-del-giornalismo-978-88-8107-334-4\/#breadcrumb"},"inLanguage":"it-IT","potentialAction":[{"@type":"ReadAction","target":["https:\/\/www.guerini.it\/index.php\/prodotto\/lezioni-di-teorie-e-tecniche-del-giornalismo-978-88-8107-334-4\/"]}]},{"@type":"ImageObject","inLanguage":"it-IT","@id":"https:\/\/www.guerini.it\/index.php\/prodotto\/lezioni-di-teorie-e-tecniche-del-giornalismo-978-88-8107-334-4\/#primaryimage","url":"https:\/\/www.guerini.it\/wp-content\/uploads\/2012\/08\/lezioni_di_teroie_e_tecniche_del_giornalismo-bassa.jpg","contentUrl":"https:\/\/www.guerini.it\/wp-content\/uploads\/2012\/08\/lezioni_di_teroie_e_tecniche_del_giornalismo-bassa.jpg","width":265,"height":405,"caption":"Lezioni di teorie e tecniche di giornalismo"},{"@type":"BreadcrumbList","@id":"https:\/\/www.guerini.it\/index.php\/prodotto\/lezioni-di-teorie-e-tecniche-del-giornalismo-978-88-8107-334-4\/#breadcrumb","itemListElement":[{"@type":"ListItem","position":1,"name":"Home","item":"https:\/\/www.guerini.it\/"},{"@type":"ListItem","position":2,"name":"Catalogo","item":"https:\/\/www.guerini.it\/index.php\/negozio\/"},{"@type":"ListItem","position":3,"name":"Lezioni di teorie e tecniche del giornalismo"}]},{"@type":"WebSite","@id":"https:\/\/www.guerini.it\/#website","url":"https:\/\/www.guerini.it\/","name":"Guerini e Associati","description":"30 anni di libri, idee e libert\u00e0","publisher":{"@id":"https:\/\/www.guerini.it\/#organization"},"potentialAction":[{"@type":"SearchAction","target":{"@type":"EntryPoint","urlTemplate":"https:\/\/www.guerini.it\/?s={search_term_string}"},"query-input":{"@type":"PropertyValueSpecification","valueRequired":true,"valueName":"search_term_string"}}],"inLanguage":"it-IT"},{"@type":"Organization","@id":"https:\/\/www.guerini.it\/#organization","name":"Guerini e Associati","url":"https:\/\/www.guerini.it\/","logo":{"@type":"ImageObject","inLanguage":"it-IT","@id":"https:\/\/www.guerini.it\/#\/schema\/logo\/image\/","url":"https:\/\/www.guerini.it\/wp-content\/uploads\/2021\/03\/Logo-Guerini-OK_-e1615831292285.png","contentUrl":"https:\/\/www.guerini.it\/wp-content\/uploads\/2021\/03\/Logo-Guerini-OK_-e1615831292285.png","width":2805,"height":1870,"caption":"Guerini e Associati"},"image":{"@id":"https:\/\/www.guerini.it\/#\/schema\/logo\/image\/"}}]}},"_links":{"self":[{"href":"https:\/\/www.guerini.it\/index.php\/wp-json\/wp\/v2\/product\/15050","targetHints":{"allow":["GET"]}}],"collection":[{"href":"https:\/\/www.guerini.it\/index.php\/wp-json\/wp\/v2\/product"}],"about":[{"href":"https:\/\/www.guerini.it\/index.php\/wp-json\/wp\/v2\/types\/product"}],"wp:featuredmedia":[{"embeddable":true,"href":"https:\/\/www.guerini.it\/index.php\/wp-json\/wp\/v2\/media\/15049"}],"wp:attachment":[{"href":"https:\/\/www.guerini.it\/index.php\/wp-json\/wp\/v2\/media?parent=15050"}],"wp:term":[{"taxonomy":"product_brand","embeddable":true,"href":"https:\/\/www.guerini.it\/index.php\/wp-json\/wp\/v2\/product_brand?post=15050"},{"taxonomy":"product_cat","embeddable":true,"href":"https:\/\/www.guerini.it\/index.php\/wp-json\/wp\/v2\/product_cat?post=15050"},{"taxonomy":"product_tag","embeddable":true,"href":"https:\/\/www.guerini.it\/index.php\/wp-json\/wp\/v2\/product_tag?post=15050"}],"curies":[{"name":"wp","href":"https:\/\/api.w.org\/{rel}","templated":true}]}}