{"id":15068,"date":"2012-09-28T18:49:15","date_gmt":"2012-09-28T16:49:15","guid":{"rendered":"https:\/\/test.guerini.it\/?product=978-88-6250-223-8-universita-possibile"},"modified":"2024-06-12T14:42:29","modified_gmt":"2024-06-12T12:42:29","slug":"978-88-6250-223-8-universita-possibile","status":"publish","type":"product","link":"https:\/\/www.guerini.it\/index.php\/prodotto\/978-88-6250-223-8-universita-possibile\/","title":{"rendered":"L&#8217;universit\u00e0 possibile"},"content":{"rendered":"<p>Il presente volume contiene analisi e valutazioni sul sistema universitario italiano che sottolineano l\u2019urgente necessit\u00e0 di una sua riforma. Soprattutto in una fase di crisi come l\u2019attuale, risulta evidente per lo sviluppo del nostro Paese l\u2019importanza di valorizzare il suo capitale umano e di considerare l\u2019istruzione non pi\u00f9 come una spesa sociale ma come un investimento.<br \/>\nIn questo contesto occorre che l\u2019universit\u00e0 riacquisti un preciso ruolo e una chiara identit\u00e0 e vengano attuate politiche non pi\u00f9 di breve respiro, ma con un progetto sul futuro.<\/p>\n","protected":false},"excerpt":{"rendered":"<p>Il presente volume contiene analisi e valutazioni sul sistema universitario italiano che sottolineano l\u2019urgente necessit\u00e0 di una sua riforma. Soprattutto in una fase di crisi come l\u2019attuale, risulta evidente per lo sviluppo del nostro Paese l\u2019importanza di valorizzare il suo capitale umano e di considerare l\u2019istruzione non pi\u00f9 come una spesa sociale ma come un investimento.<br \/>\nIn questo contesto occorre che l\u2019universit\u00e0 riacquisti un preciso ruolo e una chiara identit\u00e0 e vengano attuate politiche non pi\u00f9 di breve respiro, ma con un progetto sul futuro.<\/p>\n","protected":false},"featured_media":15067,"template":"","meta":{"_editorskit_title_hidden":false,"_editorskit_reading_time":0,"_editorskit_is_block_options_detached":false,"_editorskit_block_options_position":"{}","_monsterinsights_skip_tracking":false,"_monsterinsights_sitenote_active":false,"_monsterinsights_sitenote_note":"","_monsterinsights_sitenote_category":0},"product_brand":[],"product_cat":[6563,6527],"product_tag":[],"class_list":{"0":"post-15068","1":"product","2":"type-product","3":"status-publish","4":"has-post-thumbnail","6":"product_cat-pf","7":"product_cat-attualita","9":"first","10":"instock","11":"sale","12":"shipping-taxable","13":"purchasable","14":"product-type-simple"},"yoast_head":"<!-- This site is optimized with the Yoast SEO plugin v25.4 - https:\/\/yoast.com\/wordpress\/plugins\/seo\/ -->\n<title>L&#039;universit\u00e0 possibile - Guerini e Associati<\/title>\n<meta name=\"robots\" content=\"index, follow, max-snippet:-1, max-image-preview:large, max-video-preview:-1\" \/>\n<link rel=\"canonical\" href=\"https:\/\/www.guerini.it\/index.php\/prodotto\/978-88-6250-223-8-universita-possibile\/\" \/>\n<meta property=\"og:locale\" content=\"it_IT\" \/>\n<meta property=\"og:type\" content=\"article\" \/>\n<meta property=\"og:title\" content=\"L&#039;universit\u00e0 possibile - Guerini e Associati\" \/>\n<meta property=\"og:description\" content=\"Il presente volume contiene analisi e valutazioni sul sistema universitario italiano che sottolineano l\u2019urgente necessit\u00e0 di una sua riforma. Soprattutto in una fase di crisi come l\u2019attuale, risulta evidente per lo sviluppo del nostro Paese l\u2019importanza di valorizzare il suo capitale umano e di considerare l\u2019istruzione non pi\u00f9 come una spesa sociale ma come un investimento. In questo contesto occorre che l\u2019universit\u00e0 riacquisti un preciso ruolo e una chiara identit\u00e0 e vengano attuate politiche non pi\u00f9 di breve respiro, ma con un progetto sul futuro.\" \/>\n<meta property=\"og:url\" content=\"https:\/\/www.guerini.it\/index.php\/prodotto\/978-88-6250-223-8-universita-possibile\/\" \/>\n<meta property=\"og:site_name\" content=\"Guerini e Associati\" \/>\n<meta property=\"article:modified_time\" content=\"2024-06-12T12:42:29+00:00\" \/>\n<meta property=\"og:image\" content=\"https:\/\/www.guerini.it\/wp-content\/uploads\/2012\/09\/universit_possibile_174x265.jpg\" \/>\n\t<meta property=\"og:image:width\" content=\"174\" \/>\n\t<meta property=\"og:image:height\" content=\"265\" \/>\n\t<meta property=\"og:image:type\" content=\"image\/jpeg\" \/>\n<meta name=\"twitter:card\" content=\"summary_large_image\" \/>\n<!-- \/ Yoast SEO plugin. -->","yoast_head_json":{"title":"L'universit\u00e0 possibile - Guerini e Associati","robots":{"index":"index","follow":"follow","max-snippet":"max-snippet:-1","max-image-preview":"max-image-preview:large","max-video-preview":"max-video-preview:-1"},"canonical":"https:\/\/www.guerini.it\/index.php\/prodotto\/978-88-6250-223-8-universita-possibile\/","og_locale":"it_IT","og_type":"article","og_title":"L'universit\u00e0 possibile - Guerini e Associati","og_description":"Il presente volume contiene analisi e valutazioni sul sistema universitario italiano che sottolineano l\u2019urgente necessit\u00e0 di una sua riforma. Soprattutto in una fase di crisi come l\u2019attuale, risulta evidente per lo sviluppo del nostro Paese l\u2019importanza di valorizzare il suo capitale umano e di considerare l\u2019istruzione non pi\u00f9 come una spesa sociale ma come un investimento. In questo contesto occorre che l\u2019universit\u00e0 riacquisti un preciso ruolo e una chiara identit\u00e0 e vengano attuate politiche non pi\u00f9 di breve respiro, ma con un progetto sul futuro.","og_url":"https:\/\/www.guerini.it\/index.php\/prodotto\/978-88-6250-223-8-universita-possibile\/","og_site_name":"Guerini e Associati","article_modified_time":"2024-06-12T12:42:29+00:00","og_image":[{"width":174,"height":265,"url":"https:\/\/www.guerini.it\/wp-content\/uploads\/2012\/09\/universit_possibile_174x265.jpg","type":"image\/jpeg"}],"twitter_card":"summary_large_image","schema":{"@context":"https:\/\/schema.org","@graph":[{"@type":"WebPage","@id":"https:\/\/www.guerini.it\/index.php\/prodotto\/978-88-6250-223-8-universita-possibile\/","url":"https:\/\/www.guerini.it\/index.php\/prodotto\/978-88-6250-223-8-universita-possibile\/","name":"L'universit\u00e0 possibile - Guerini e Associati","isPartOf":{"@id":"https:\/\/www.guerini.it\/#website"},"primaryImageOfPage":{"@id":"https:\/\/www.guerini.it\/index.php\/prodotto\/978-88-6250-223-8-universita-possibile\/#primaryimage"},"image":{"@id":"https:\/\/www.guerini.it\/index.php\/prodotto\/978-88-6250-223-8-universita-possibile\/#primaryimage"},"thumbnailUrl":"https:\/\/www.guerini.it\/wp-content\/uploads\/2012\/09\/universit_possibile_174x265.jpg","datePublished":"2012-09-28T16:49:15+00:00","dateModified":"2024-06-12T12:42:29+00:00","breadcrumb":{"@id":"https:\/\/www.guerini.it\/index.php\/prodotto\/978-88-6250-223-8-universita-possibile\/#breadcrumb"},"inLanguage":"it-IT","potentialAction":[{"@type":"ReadAction","target":["https:\/\/www.guerini.it\/index.php\/prodotto\/978-88-6250-223-8-universita-possibile\/"]}]},{"@type":"ImageObject","inLanguage":"it-IT","@id":"https:\/\/www.guerini.it\/index.php\/prodotto\/978-88-6250-223-8-universita-possibile\/#primaryimage","url":"https:\/\/www.guerini.it\/wp-content\/uploads\/2012\/09\/universit_possibile_174x265.jpg","contentUrl":"https:\/\/www.guerini.it\/wp-content\/uploads\/2012\/09\/universit_possibile_174x265.jpg","width":174,"height":265,"caption":"L'universit\u00e0 possibile"},{"@type":"BreadcrumbList","@id":"https:\/\/www.guerini.it\/index.php\/prodotto\/978-88-6250-223-8-universita-possibile\/#breadcrumb","itemListElement":[{"@type":"ListItem","position":1,"name":"Home","item":"https:\/\/www.guerini.it\/"},{"@type":"ListItem","position":2,"name":"Catalogo","item":"https:\/\/www.guerini.it\/index.php\/negozio\/"},{"@type":"ListItem","position":3,"name":"L&#8217;universit\u00e0 possibile"}]},{"@type":"WebSite","@id":"https:\/\/www.guerini.it\/#website","url":"https:\/\/www.guerini.it\/","name":"Guerini e Associati","description":"30 anni di libri, idee e libert\u00e0","publisher":{"@id":"https:\/\/www.guerini.it\/#organization"},"potentialAction":[{"@type":"SearchAction","target":{"@type":"EntryPoint","urlTemplate":"https:\/\/www.guerini.it\/?s={search_term_string}"},"query-input":{"@type":"PropertyValueSpecification","valueRequired":true,"valueName":"search_term_string"}}],"inLanguage":"it-IT"},{"@type":"Organization","@id":"https:\/\/www.guerini.it\/#organization","name":"Guerini e Associati","url":"https:\/\/www.guerini.it\/","logo":{"@type":"ImageObject","inLanguage":"it-IT","@id":"https:\/\/www.guerini.it\/#\/schema\/logo\/image\/","url":"https:\/\/www.guerini.it\/wp-content\/uploads\/2021\/03\/Logo-Guerini-OK_-e1615831292285.png","contentUrl":"https:\/\/www.guerini.it\/wp-content\/uploads\/2021\/03\/Logo-Guerini-OK_-e1615831292285.png","width":2805,"height":1870,"caption":"Guerini e Associati"},"image":{"@id":"https:\/\/www.guerini.it\/#\/schema\/logo\/image\/"}}]}},"_links":{"self":[{"href":"https:\/\/www.guerini.it\/index.php\/wp-json\/wp\/v2\/product\/15068","targetHints":{"allow":["GET"]}}],"collection":[{"href":"https:\/\/www.guerini.it\/index.php\/wp-json\/wp\/v2\/product"}],"about":[{"href":"https:\/\/www.guerini.it\/index.php\/wp-json\/wp\/v2\/types\/product"}],"wp:featuredmedia":[{"embeddable":true,"href":"https:\/\/www.guerini.it\/index.php\/wp-json\/wp\/v2\/media\/15067"}],"wp:attachment":[{"href":"https:\/\/www.guerini.it\/index.php\/wp-json\/wp\/v2\/media?parent=15068"}],"wp:term":[{"taxonomy":"product_brand","embeddable":true,"href":"https:\/\/www.guerini.it\/index.php\/wp-json\/wp\/v2\/product_brand?post=15068"},{"taxonomy":"product_cat","embeddable":true,"href":"https:\/\/www.guerini.it\/index.php\/wp-json\/wp\/v2\/product_cat?post=15068"},{"taxonomy":"product_tag","embeddable":true,"href":"https:\/\/www.guerini.it\/index.php\/wp-json\/wp\/v2\/product_tag?post=15068"}],"curies":[{"name":"wp","href":"https:\/\/api.w.org\/{rel}","templated":true}]}}