{"id":15157,"date":"2013-01-31T21:09:31","date_gmt":"2013-01-31T20:09:31","guid":{"rendered":"https:\/\/test.guerini.it\/?product=9788862504348-atlantide-26"},"modified":"2024-06-12T14:41:36","modified_gmt":"2024-06-12T12:41:36","slug":"9788862504348-atlantide-26","status":"publish","type":"product","link":"https:\/\/www.guerini.it\/index.php\/prodotto\/9788862504348-atlantide-26\/","title":{"rendered":"Atlantide. La statura dell&#8217;uomo"},"content":{"rendered":"<p>Il rapporto con l\u2019infinito \u00e8 inscritto nella natura di ogni uomo, cos\u00ec come l\u2019urgenza di una soluzione al suo dramma esistenziale. Non rispettare la struttura originale dell\u2019uomo \u00e8 precipitarlo nel nulla: se l\u2019io, infatti, non riconosce un oltre misterioso che lo genera continuamente, finisce schiavo del potere, qualunque sia il volto che esso assume nella vita e nella societ\u00e0. Denaro, successo e ricercata egemonia diventano le maschere di una soddisfazione che alla fine cadono, lasciando vuoti e soli. Perch\u00e9 tutto \u00e8 piccolo di fronte alla sete sconfinata di una ragione per vivere.<br \/>\nSolo uomini certi della propria identit\u00e0 sono liberi di incontrare chiunque e di collaborare alla costruzione di un bene per tutti. \u00c8 il contributo che gli autori di Atlantide intendono dare alla scoperta della inesorabile positivit\u00e0 del reale, unica condizione per una ripresa che abbia nell\u2019io il protagonista della crescita sociale, un io che nessun terremoto, fisico o sociale, pu\u00f2 ridurre a nulla.<\/p>\n","protected":false},"excerpt":{"rendered":"<p>Il rapporto con l\u2019infinito \u00e8 inscritto nella natura di ogni uomo, cos\u00ec come l\u2019urgenza di una soluzione al suo dramma esistenziale. Non rispettare la struttura originale dell\u2019uomo \u00e8 precipitarlo nel nulla: se l\u2019io, infatti, non riconosce un oltre misterioso che lo genera continuamente, finisce schiavo del potere, qualunque sia il volto che esso assume nella vita e nella societ\u00e0. Denaro, successo e ricercata egemonia diventano le maschere di una soddisfazione che alla fine cadono, lasciando vuoti e soli. Perch\u00e9 tutto \u00e8 piccolo di fronte alla sete sconfinata di una ragione per vivere.<br \/>\nSolo uomini certi della propria identit\u00e0 sono liberi di incontrare chiunque e di collaborare alla costruzione di un bene per tutti. \u00c8 il contributo che gli autori di Atlantide intendono dare alla scoperta della inesorabile positivit\u00e0 del reale, unica condizione per una ripresa che abbia nell\u2019io il protagonista della crescita sociale, un io che nessun terremoto, fisico o sociale, pu\u00f2 ridurre a nulla.<\/p>\n","protected":false},"featured_media":15156,"template":"","meta":{"_editorskit_title_hidden":false,"_editorskit_reading_time":0,"_editorskit_is_block_options_detached":false,"_editorskit_block_options_position":"{}","_monsterinsights_skip_tracking":false,"_monsterinsights_sitenote_active":false,"_monsterinsights_sitenote_note":"","_monsterinsights_sitenote_category":0},"product_brand":[],"product_cat":[6669],"product_tag":[],"class_list":{"0":"post-15157","1":"product","2":"type-product","3":"status-publish","4":"has-post-thumbnail","6":"product_cat-atlantide","8":"first","9":"instock","10":"sale","11":"shipping-taxable","12":"purchasable","13":"product-type-simple"},"yoast_head":"<!-- This site is optimized with the Yoast SEO plugin v25.4 - https:\/\/yoast.com\/wordpress\/plugins\/seo\/ -->\n<title>Atlantide. La statura dell&#039;uomo - Guerini e Associati<\/title>\n<meta name=\"robots\" content=\"index, follow, max-snippet:-1, max-image-preview:large, max-video-preview:-1\" \/>\n<link rel=\"canonical\" href=\"https:\/\/www.guerini.it\/index.php\/prodotto\/9788862504348-atlantide-26\/\" \/>\n<meta property=\"og:locale\" content=\"it_IT\" \/>\n<meta property=\"og:type\" content=\"article\" \/>\n<meta property=\"og:title\" content=\"Atlantide. La statura dell&#039;uomo - Guerini e Associati\" \/>\n<meta property=\"og:description\" content=\"Il rapporto con l\u2019infinito \u00e8 inscritto nella natura di ogni uomo, cos\u00ec come l\u2019urgenza di una soluzione al suo dramma esistenziale. Non rispettare la struttura originale dell\u2019uomo \u00e8 precipitarlo nel nulla: se l\u2019io, infatti, non riconosce un oltre misterioso che lo genera continuamente, finisce schiavo del potere, qualunque sia il volto che esso assume nella vita e nella societ\u00e0. Denaro, successo e ricercata egemonia diventano le maschere di una soddisfazione che alla fine cadono, lasciando vuoti e soli. Perch\u00e9 tutto \u00e8 piccolo di fronte alla sete sconfinata di una ragione per vivere. Solo uomini certi della propria identit\u00e0 sono liberi di incontrare chiunque e di collaborare alla costruzione di un bene per tutti. \u00c8 il contributo che gli autori di Atlantide intendono dare alla scoperta della inesorabile positivit\u00e0 del reale, unica condizione per una ripresa che abbia nell\u2019io il protagonista della crescita sociale, un io che nessun terremoto, fisico o sociale, pu\u00f2 ridurre a nulla.\" \/>\n<meta property=\"og:url\" content=\"https:\/\/www.guerini.it\/index.php\/prodotto\/9788862504348-atlantide-26\/\" \/>\n<meta property=\"og:site_name\" content=\"Guerini e Associati\" \/>\n<meta property=\"article:modified_time\" content=\"2024-06-12T12:41:36+00:00\" \/>\n<meta property=\"og:image\" content=\"https:\/\/www.guerini.it\/wp-content\/uploads\/2013\/01\/cover_26_piatto.jpg\" \/>\n\t<meta property=\"og:image:width\" content=\"250\" \/>\n\t<meta property=\"og:image:height\" content=\"353\" \/>\n\t<meta property=\"og:image:type\" content=\"image\/jpeg\" \/>\n<meta name=\"twitter:card\" content=\"summary_large_image\" \/>\n<meta name=\"twitter:label1\" content=\"Tempo di lettura stimato\" \/>\n\t<meta name=\"twitter:data1\" content=\"1 minuto\" \/>\n<!-- \/ Yoast SEO plugin. -->","yoast_head_json":{"title":"Atlantide. La statura dell'uomo - Guerini e Associati","robots":{"index":"index","follow":"follow","max-snippet":"max-snippet:-1","max-image-preview":"max-image-preview:large","max-video-preview":"max-video-preview:-1"},"canonical":"https:\/\/www.guerini.it\/index.php\/prodotto\/9788862504348-atlantide-26\/","og_locale":"it_IT","og_type":"article","og_title":"Atlantide. La statura dell'uomo - Guerini e Associati","og_description":"Il rapporto con l\u2019infinito \u00e8 inscritto nella natura di ogni uomo, cos\u00ec come l\u2019urgenza di una soluzione al suo dramma esistenziale. Non rispettare la struttura originale dell\u2019uomo \u00e8 precipitarlo nel nulla: se l\u2019io, infatti, non riconosce un oltre misterioso che lo genera continuamente, finisce schiavo del potere, qualunque sia il volto che esso assume nella vita e nella societ\u00e0. Denaro, successo e ricercata egemonia diventano le maschere di una soddisfazione che alla fine cadono, lasciando vuoti e soli. Perch\u00e9 tutto \u00e8 piccolo di fronte alla sete sconfinata di una ragione per vivere. Solo uomini certi della propria identit\u00e0 sono liberi di incontrare chiunque e di collaborare alla costruzione di un bene per tutti. \u00c8 il contributo che gli autori di Atlantide intendono dare alla scoperta della inesorabile positivit\u00e0 del reale, unica condizione per una ripresa che abbia nell\u2019io il protagonista della crescita sociale, un io che nessun terremoto, fisico o sociale, pu\u00f2 ridurre a nulla.","og_url":"https:\/\/www.guerini.it\/index.php\/prodotto\/9788862504348-atlantide-26\/","og_site_name":"Guerini e Associati","article_modified_time":"2024-06-12T12:41:36+00:00","og_image":[{"width":250,"height":353,"url":"https:\/\/www.guerini.it\/wp-content\/uploads\/2013\/01\/cover_26_piatto.jpg","type":"image\/jpeg"}],"twitter_card":"summary_large_image","twitter_misc":{"Tempo di lettura stimato":"1 minuto"},"schema":{"@context":"https:\/\/schema.org","@graph":[{"@type":"WebPage","@id":"https:\/\/www.guerini.it\/index.php\/prodotto\/9788862504348-atlantide-26\/","url":"https:\/\/www.guerini.it\/index.php\/prodotto\/9788862504348-atlantide-26\/","name":"Atlantide. La statura dell'uomo - Guerini e Associati","isPartOf":{"@id":"https:\/\/www.guerini.it\/#website"},"primaryImageOfPage":{"@id":"https:\/\/www.guerini.it\/index.php\/prodotto\/9788862504348-atlantide-26\/#primaryimage"},"image":{"@id":"https:\/\/www.guerini.it\/index.php\/prodotto\/9788862504348-atlantide-26\/#primaryimage"},"thumbnailUrl":"https:\/\/www.guerini.it\/wp-content\/uploads\/2013\/01\/cover_26_piatto.jpg","datePublished":"2013-01-31T20:09:31+00:00","dateModified":"2024-06-12T12:41:36+00:00","breadcrumb":{"@id":"https:\/\/www.guerini.it\/index.php\/prodotto\/9788862504348-atlantide-26\/#breadcrumb"},"inLanguage":"it-IT","potentialAction":[{"@type":"ReadAction","target":["https:\/\/www.guerini.it\/index.php\/prodotto\/9788862504348-atlantide-26\/"]}]},{"@type":"ImageObject","inLanguage":"it-IT","@id":"https:\/\/www.guerini.it\/index.php\/prodotto\/9788862504348-atlantide-26\/#primaryimage","url":"https:\/\/www.guerini.it\/wp-content\/uploads\/2013\/01\/cover_26_piatto.jpg","contentUrl":"https:\/\/www.guerini.it\/wp-content\/uploads\/2013\/01\/cover_26_piatto.jpg","width":250,"height":353,"caption":"Atlantide. La statura dell'uomo"},{"@type":"BreadcrumbList","@id":"https:\/\/www.guerini.it\/index.php\/prodotto\/9788862504348-atlantide-26\/#breadcrumb","itemListElement":[{"@type":"ListItem","position":1,"name":"Home","item":"https:\/\/www.guerini.it\/"},{"@type":"ListItem","position":2,"name":"Catalogo","item":"https:\/\/www.guerini.it\/index.php\/negozio\/"},{"@type":"ListItem","position":3,"name":"Atlantide. La statura dell&#8217;uomo"}]},{"@type":"WebSite","@id":"https:\/\/www.guerini.it\/#website","url":"https:\/\/www.guerini.it\/","name":"Guerini e Associati","description":"30 anni di libri, idee e libert\u00e0","publisher":{"@id":"https:\/\/www.guerini.it\/#organization"},"potentialAction":[{"@type":"SearchAction","target":{"@type":"EntryPoint","urlTemplate":"https:\/\/www.guerini.it\/?s={search_term_string}"},"query-input":{"@type":"PropertyValueSpecification","valueRequired":true,"valueName":"search_term_string"}}],"inLanguage":"it-IT"},{"@type":"Organization","@id":"https:\/\/www.guerini.it\/#organization","name":"Guerini e Associati","url":"https:\/\/www.guerini.it\/","logo":{"@type":"ImageObject","inLanguage":"it-IT","@id":"https:\/\/www.guerini.it\/#\/schema\/logo\/image\/","url":"https:\/\/www.guerini.it\/wp-content\/uploads\/2021\/03\/Logo-Guerini-OK_-e1615831292285.png","contentUrl":"https:\/\/www.guerini.it\/wp-content\/uploads\/2021\/03\/Logo-Guerini-OK_-e1615831292285.png","width":2805,"height":1870,"caption":"Guerini e Associati"},"image":{"@id":"https:\/\/www.guerini.it\/#\/schema\/logo\/image\/"}}]}},"_links":{"self":[{"href":"https:\/\/www.guerini.it\/index.php\/wp-json\/wp\/v2\/product\/15157","targetHints":{"allow":["GET"]}}],"collection":[{"href":"https:\/\/www.guerini.it\/index.php\/wp-json\/wp\/v2\/product"}],"about":[{"href":"https:\/\/www.guerini.it\/index.php\/wp-json\/wp\/v2\/types\/product"}],"wp:featuredmedia":[{"embeddable":true,"href":"https:\/\/www.guerini.it\/index.php\/wp-json\/wp\/v2\/media\/15156"}],"wp:attachment":[{"href":"https:\/\/www.guerini.it\/index.php\/wp-json\/wp\/v2\/media?parent=15157"}],"wp:term":[{"taxonomy":"product_brand","embeddable":true,"href":"https:\/\/www.guerini.it\/index.php\/wp-json\/wp\/v2\/product_brand?post=15157"},{"taxonomy":"product_cat","embeddable":true,"href":"https:\/\/www.guerini.it\/index.php\/wp-json\/wp\/v2\/product_cat?post=15157"},{"taxonomy":"product_tag","embeddable":true,"href":"https:\/\/www.guerini.it\/index.php\/wp-json\/wp\/v2\/product_tag?post=15157"}],"curies":[{"name":"wp","href":"https:\/\/api.w.org\/{rel}","templated":true}]}}