{"id":15159,"date":"2013-01-31T21:32:00","date_gmt":"2013-01-31T20:32:00","guid":{"rendered":"https:\/\/test.guerini.it\/?product=9788862504355-atlantide-27"},"modified":"2024-06-12T14:41:50","modified_gmt":"2024-06-12T12:41:50","slug":"9788862504355-atlantide-27","status":"publish","type":"product","link":"https:\/\/www.guerini.it\/index.php\/prodotto\/9788862504355-atlantide-27\/","title":{"rendered":"Atlantide. Il welfare sussidiario"},"content":{"rendered":"<p>Il welfare sussidiario secondo i suoi teorizzatori pu\u00f2 dar vita a forme di governance capaci di superare la dualit\u00e0 tra Stato e Privato e rispondere positivamente alla complessit\u00e0 propria delle societ\u00e0 moderne grazie al coinvolgimento dei soggetti intermedi appartenenti alla societ\u00e0 civile. Poich\u00e9 fondato su nuove forme di collaborazione e cooperazione tra erogatori dei servizi (sia pubblici che privati), corpi sociali e cittadini che, attraverso una rinnovata relazionalit\u00e0, collaborano attivamente per lo sviluppo delle politiche sociali, il welfare sussidiario deve essere intesto anzitutto come \u201cwelfare della responsabilit\u00e0\u201d.<br \/>\nIn questo numero si trovano diversi contributi in merito.<\/p>\n","protected":false},"excerpt":{"rendered":"<p>Il welfare sussidiario secondo i suoi teorizzatori pu\u00f2 dar vita a forme di governance capaci di superare la dualit\u00e0 tra Stato e Privato e rispondere positivamente alla complessit\u00e0 propria delle societ\u00e0 moderne grazie al coinvolgimento dei soggetti intermedi appartenenti alla societ\u00e0 civile. Poich\u00e9 fondato su nuove forme di collaborazione e cooperazione tra erogatori dei servizi (sia pubblici che privati), corpi sociali e cittadini che, attraverso una rinnovata relazionalit\u00e0, collaborano attivamente per lo sviluppo delle politiche sociali, il welfare sussidiario deve essere intesto anzitutto come \u201cwelfare della responsabilit\u00e0\u201d.<br \/>\nIn questo numero si trovano diversi contributi in merito.<\/p>\n","protected":false},"featured_media":15158,"template":"","meta":{"_editorskit_title_hidden":false,"_editorskit_reading_time":0,"_editorskit_is_block_options_detached":false,"_editorskit_block_options_position":"{}","_monsterinsights_skip_tracking":false,"_monsterinsights_sitenote_active":false,"_monsterinsights_sitenote_note":"","_monsterinsights_sitenote_category":0},"product_brand":[],"product_cat":[6669],"product_tag":[],"class_list":{"0":"post-15159","1":"product","2":"type-product","3":"status-publish","4":"has-post-thumbnail","6":"product_cat-atlantide","8":"first","9":"instock","10":"sale","11":"shipping-taxable","12":"purchasable","13":"product-type-simple"},"yoast_head":"<!-- This site is optimized with the Yoast SEO plugin v25.4 - https:\/\/yoast.com\/wordpress\/plugins\/seo\/ -->\n<title>Atlantide. Il welfare sussidiario - Guerini e Associati<\/title>\n<meta name=\"robots\" content=\"index, follow, max-snippet:-1, max-image-preview:large, max-video-preview:-1\" \/>\n<link rel=\"canonical\" href=\"https:\/\/www.guerini.it\/index.php\/prodotto\/9788862504355-atlantide-27\/\" \/>\n<meta property=\"og:locale\" content=\"it_IT\" \/>\n<meta property=\"og:type\" content=\"article\" \/>\n<meta property=\"og:title\" content=\"Atlantide. Il welfare sussidiario - Guerini e Associati\" \/>\n<meta property=\"og:description\" content=\"Il welfare sussidiario secondo i suoi teorizzatori pu\u00f2 dar vita a forme di governance capaci di superare la dualit\u00e0 tra Stato e Privato e rispondere positivamente alla complessit\u00e0 propria delle societ\u00e0 moderne grazie al coinvolgimento dei soggetti intermedi appartenenti alla societ\u00e0 civile. Poich\u00e9 fondato su nuove forme di collaborazione e cooperazione tra erogatori dei servizi (sia pubblici che privati), corpi sociali e cittadini che, attraverso una rinnovata relazionalit\u00e0, collaborano attivamente per lo sviluppo delle politiche sociali, il welfare sussidiario deve essere intesto anzitutto come \u201cwelfare della responsabilit\u00e0\u201d. In questo numero si trovano diversi contributi in merito.\" \/>\n<meta property=\"og:url\" content=\"https:\/\/www.guerini.it\/index.php\/prodotto\/9788862504355-atlantide-27\/\" \/>\n<meta property=\"og:site_name\" content=\"Guerini e Associati\" \/>\n<meta property=\"article:modified_time\" content=\"2024-06-12T12:41:50+00:00\" \/>\n<meta property=\"og:image\" content=\"https:\/\/www.guerini.it\/wp-content\/uploads\/2013\/01\/atlantide_27_il_welfare_sussidiario_01-31-2013.jpg\" \/>\n\t<meta property=\"og:image:width\" content=\"237\" \/>\n\t<meta property=\"og:image:height\" content=\"353\" \/>\n\t<meta property=\"og:image:type\" content=\"image\/jpeg\" \/>\n<meta name=\"twitter:card\" content=\"summary_large_image\" \/>\n<!-- \/ Yoast SEO plugin. -->","yoast_head_json":{"title":"Atlantide. Il welfare sussidiario - Guerini e Associati","robots":{"index":"index","follow":"follow","max-snippet":"max-snippet:-1","max-image-preview":"max-image-preview:large","max-video-preview":"max-video-preview:-1"},"canonical":"https:\/\/www.guerini.it\/index.php\/prodotto\/9788862504355-atlantide-27\/","og_locale":"it_IT","og_type":"article","og_title":"Atlantide. Il welfare sussidiario - Guerini e Associati","og_description":"Il welfare sussidiario secondo i suoi teorizzatori pu\u00f2 dar vita a forme di governance capaci di superare la dualit\u00e0 tra Stato e Privato e rispondere positivamente alla complessit\u00e0 propria delle societ\u00e0 moderne grazie al coinvolgimento dei soggetti intermedi appartenenti alla societ\u00e0 civile. Poich\u00e9 fondato su nuove forme di collaborazione e cooperazione tra erogatori dei servizi (sia pubblici che privati), corpi sociali e cittadini che, attraverso una rinnovata relazionalit\u00e0, collaborano attivamente per lo sviluppo delle politiche sociali, il welfare sussidiario deve essere intesto anzitutto come \u201cwelfare della responsabilit\u00e0\u201d. In questo numero si trovano diversi contributi in merito.","og_url":"https:\/\/www.guerini.it\/index.php\/prodotto\/9788862504355-atlantide-27\/","og_site_name":"Guerini e Associati","article_modified_time":"2024-06-12T12:41:50+00:00","og_image":[{"width":237,"height":353,"url":"https:\/\/www.guerini.it\/wp-content\/uploads\/2013\/01\/atlantide_27_il_welfare_sussidiario_01-31-2013.jpg","type":"image\/jpeg"}],"twitter_card":"summary_large_image","schema":{"@context":"https:\/\/schema.org","@graph":[{"@type":"WebPage","@id":"https:\/\/www.guerini.it\/index.php\/prodotto\/9788862504355-atlantide-27\/","url":"https:\/\/www.guerini.it\/index.php\/prodotto\/9788862504355-atlantide-27\/","name":"Atlantide. Il welfare sussidiario - Guerini e Associati","isPartOf":{"@id":"https:\/\/www.guerini.it\/#website"},"primaryImageOfPage":{"@id":"https:\/\/www.guerini.it\/index.php\/prodotto\/9788862504355-atlantide-27\/#primaryimage"},"image":{"@id":"https:\/\/www.guerini.it\/index.php\/prodotto\/9788862504355-atlantide-27\/#primaryimage"},"thumbnailUrl":"https:\/\/www.guerini.it\/wp-content\/uploads\/2013\/01\/atlantide_27_il_welfare_sussidiario_01-31-2013.jpg","datePublished":"2013-01-31T20:32:00+00:00","dateModified":"2024-06-12T12:41:50+00:00","breadcrumb":{"@id":"https:\/\/www.guerini.it\/index.php\/prodotto\/9788862504355-atlantide-27\/#breadcrumb"},"inLanguage":"it-IT","potentialAction":[{"@type":"ReadAction","target":["https:\/\/www.guerini.it\/index.php\/prodotto\/9788862504355-atlantide-27\/"]}]},{"@type":"ImageObject","inLanguage":"it-IT","@id":"https:\/\/www.guerini.it\/index.php\/prodotto\/9788862504355-atlantide-27\/#primaryimage","url":"https:\/\/www.guerini.it\/wp-content\/uploads\/2013\/01\/atlantide_27_il_welfare_sussidiario_01-31-2013.jpg","contentUrl":"https:\/\/www.guerini.it\/wp-content\/uploads\/2013\/01\/atlantide_27_il_welfare_sussidiario_01-31-2013.jpg","width":237,"height":353,"caption":"Atlantide. Il welfare sussidiario"},{"@type":"BreadcrumbList","@id":"https:\/\/www.guerini.it\/index.php\/prodotto\/9788862504355-atlantide-27\/#breadcrumb","itemListElement":[{"@type":"ListItem","position":1,"name":"Home","item":"https:\/\/www.guerini.it\/"},{"@type":"ListItem","position":2,"name":"Catalogo","item":"https:\/\/www.guerini.it\/index.php\/negozio\/"},{"@type":"ListItem","position":3,"name":"Atlantide. Il welfare sussidiario"}]},{"@type":"WebSite","@id":"https:\/\/www.guerini.it\/#website","url":"https:\/\/www.guerini.it\/","name":"Guerini e Associati","description":"30 anni di libri, idee e libert\u00e0","publisher":{"@id":"https:\/\/www.guerini.it\/#organization"},"potentialAction":[{"@type":"SearchAction","target":{"@type":"EntryPoint","urlTemplate":"https:\/\/www.guerini.it\/?s={search_term_string}"},"query-input":{"@type":"PropertyValueSpecification","valueRequired":true,"valueName":"search_term_string"}}],"inLanguage":"it-IT"},{"@type":"Organization","@id":"https:\/\/www.guerini.it\/#organization","name":"Guerini e Associati","url":"https:\/\/www.guerini.it\/","logo":{"@type":"ImageObject","inLanguage":"it-IT","@id":"https:\/\/www.guerini.it\/#\/schema\/logo\/image\/","url":"https:\/\/www.guerini.it\/wp-content\/uploads\/2021\/03\/Logo-Guerini-OK_-e1615831292285.png","contentUrl":"https:\/\/www.guerini.it\/wp-content\/uploads\/2021\/03\/Logo-Guerini-OK_-e1615831292285.png","width":2805,"height":1870,"caption":"Guerini e Associati"},"image":{"@id":"https:\/\/www.guerini.it\/#\/schema\/logo\/image\/"}}]}},"_links":{"self":[{"href":"https:\/\/www.guerini.it\/index.php\/wp-json\/wp\/v2\/product\/15159","targetHints":{"allow":["GET"]}}],"collection":[{"href":"https:\/\/www.guerini.it\/index.php\/wp-json\/wp\/v2\/product"}],"about":[{"href":"https:\/\/www.guerini.it\/index.php\/wp-json\/wp\/v2\/types\/product"}],"wp:featuredmedia":[{"embeddable":true,"href":"https:\/\/www.guerini.it\/index.php\/wp-json\/wp\/v2\/media\/15158"}],"wp:attachment":[{"href":"https:\/\/www.guerini.it\/index.php\/wp-json\/wp\/v2\/media?parent=15159"}],"wp:term":[{"taxonomy":"product_brand","embeddable":true,"href":"https:\/\/www.guerini.it\/index.php\/wp-json\/wp\/v2\/product_brand?post=15159"},{"taxonomy":"product_cat","embeddable":true,"href":"https:\/\/www.guerini.it\/index.php\/wp-json\/wp\/v2\/product_cat?post=15159"},{"taxonomy":"product_tag","embeddable":true,"href":"https:\/\/www.guerini.it\/index.php\/wp-json\/wp\/v2\/product_tag?post=15159"}],"curies":[{"name":"wp","href":"https:\/\/api.w.org\/{rel}","templated":true}]}}