{"id":15161,"date":"2013-01-31T22:14:58","date_gmt":"2013-01-31T21:14:58","guid":{"rendered":"https:\/\/test.guerini.it\/?product=9788862504508-valorizzare-patrimonio-strategico"},"modified":"2024-06-12T14:39:49","modified_gmt":"2024-06-12T12:39:49","slug":"9788862504508-valorizzare-patrimonio-strategico","status":"publish","type":"product","link":"https:\/\/www.guerini.it\/index.php\/prodotto\/9788862504508-valorizzare-patrimonio-strategico\/","title":{"rendered":"Valorizzare il patrimonio strategico d\u2019impresa"},"content":{"rendered":"<p>Scoprire e valorizzare le risorse intangibili, alla base del patrimonio strategico, significa provvedere concretamente alla crescita di un\u2019impresa.<br \/>\nMa che cos\u2019\u00e8, in sostanza, il patrimonio strategico? \u00c8 un insieme di competenze, professionalit\u00e0, sistemi relazionali e componenti intangibili che costituiscono l\u2019identit\u00e0 stessa dell\u2019impresa.<br \/>\nOvviamente queste voci di patrimonio possono essere strategicamente impiegate solo se individuate, evidenziate e valorizzate mettendole in relazione con quelle che i concorrenti possono avere o non avere a disposizione. Sono, in altri termini, le concrete leve che consentono di produrre innovazione tramite la scoperta e la valorizzazione di ci\u00f2 che \u00e8 inconsapevolmente posseduto. Questo \u00e8 il solo modo che consente di abbandonare l\u2019attesa di un miracolo proveniente da una politica asfittica e da una economia ostaggio della finanza.<br \/>\n\u201cValorizzare il patrimonio strategico d\u2019impresa\u201d mostra un percorso che pu\u00f2 risultare esaltante, perch\u00e9 in grado di rivelare risorse che non si ha la consapevolezza di possedere.<\/p>\n","protected":false},"excerpt":{"rendered":"<p>Scoprire e valorizzare le risorse intangibili, alla base del patrimonio strategico, significa provvedere concretamente alla crescita di un\u2019impresa.<br \/>\nMa che cos\u2019\u00e8, in sostanza, il patrimonio strategico? \u00c8 un insieme di competenze, professionalit\u00e0, sistemi relazionali e componenti intangibili che costituiscono l\u2019identit\u00e0 stessa dell\u2019impresa.<\/p>\n","protected":false},"featured_media":15160,"template":"","meta":{"_editorskit_title_hidden":false,"_editorskit_reading_time":0,"_editorskit_is_block_options_detached":false,"_editorskit_block_options_position":"{}","_monsterinsights_skip_tracking":false,"_monsterinsights_sitenote_active":false,"_monsterinsights_sitenote_note":"","_monsterinsights_sitenote_category":0},"product_brand":[],"product_cat":[6529],"product_tag":[],"class_list":{"0":"post-15161","1":"product","2":"type-product","3":"status-publish","4":"has-post-thumbnail","6":"product_cat-economia-e-management","8":"first","9":"instock","10":"sale","11":"shipping-taxable","12":"purchasable","13":"product-type-simple"},"yoast_head":"<!-- This site is optimized with the Yoast SEO plugin v25.4 - https:\/\/yoast.com\/wordpress\/plugins\/seo\/ -->\n<title>Valorizzare il patrimonio strategico d\u2019impresa - Guerini e Associati<\/title>\n<meta name=\"robots\" content=\"index, follow, max-snippet:-1, max-image-preview:large, max-video-preview:-1\" \/>\n<link rel=\"canonical\" href=\"https:\/\/www.guerini.it\/index.php\/prodotto\/9788862504508-valorizzare-patrimonio-strategico\/\" \/>\n<meta property=\"og:locale\" content=\"it_IT\" \/>\n<meta property=\"og:type\" content=\"article\" \/>\n<meta property=\"og:title\" content=\"Valorizzare il patrimonio strategico d\u2019impresa - Guerini e Associati\" \/>\n<meta property=\"og:description\" content=\"Scoprire e valorizzare le risorse intangibili, alla base del patrimonio strategico, significa provvedere concretamente alla crescita di un\u2019impresa. Ma che cos\u2019\u00e8, in sostanza, il patrimonio strategico? \u00c8 un insieme di competenze, professionalit\u00e0, sistemi relazionali e componenti intangibili che costituiscono l\u2019identit\u00e0 stessa dell\u2019impresa.\" \/>\n<meta property=\"og:url\" content=\"https:\/\/www.guerini.it\/index.php\/prodotto\/9788862504508-valorizzare-patrimonio-strategico\/\" \/>\n<meta property=\"og:site_name\" content=\"Guerini e Associati\" \/>\n<meta property=\"article:modified_time\" content=\"2024-06-12T12:39:49+00:00\" \/>\n<meta property=\"og:image\" content=\"https:\/\/www.guerini.it\/wp-content\/uploads\/2013\/01\/valorizzare_il_patrimonio_strategico_01-31-2013.jpg\" \/>\n\t<meta property=\"og:image:width\" content=\"232\" \/>\n\t<meta property=\"og:image:height\" content=\"353\" \/>\n\t<meta property=\"og:image:type\" content=\"image\/jpeg\" \/>\n<meta name=\"twitter:card\" content=\"summary_large_image\" \/>\n<meta name=\"twitter:label1\" content=\"Tempo di lettura stimato\" \/>\n\t<meta name=\"twitter:data1\" content=\"1 minuto\" \/>\n<!-- \/ Yoast SEO plugin. -->","yoast_head_json":{"title":"Valorizzare il patrimonio strategico d\u2019impresa - Guerini e Associati","robots":{"index":"index","follow":"follow","max-snippet":"max-snippet:-1","max-image-preview":"max-image-preview:large","max-video-preview":"max-video-preview:-1"},"canonical":"https:\/\/www.guerini.it\/index.php\/prodotto\/9788862504508-valorizzare-patrimonio-strategico\/","og_locale":"it_IT","og_type":"article","og_title":"Valorizzare il patrimonio strategico d\u2019impresa - Guerini e Associati","og_description":"Scoprire e valorizzare le risorse intangibili, alla base del patrimonio strategico, significa provvedere concretamente alla crescita di un\u2019impresa. Ma che cos\u2019\u00e8, in sostanza, il patrimonio strategico? \u00c8 un insieme di competenze, professionalit\u00e0, sistemi relazionali e componenti intangibili che costituiscono l\u2019identit\u00e0 stessa dell\u2019impresa.","og_url":"https:\/\/www.guerini.it\/index.php\/prodotto\/9788862504508-valorizzare-patrimonio-strategico\/","og_site_name":"Guerini e Associati","article_modified_time":"2024-06-12T12:39:49+00:00","og_image":[{"width":232,"height":353,"url":"https:\/\/www.guerini.it\/wp-content\/uploads\/2013\/01\/valorizzare_il_patrimonio_strategico_01-31-2013.jpg","type":"image\/jpeg"}],"twitter_card":"summary_large_image","twitter_misc":{"Tempo di lettura stimato":"1 minuto"},"schema":{"@context":"https:\/\/schema.org","@graph":[{"@type":"WebPage","@id":"https:\/\/www.guerini.it\/index.php\/prodotto\/9788862504508-valorizzare-patrimonio-strategico\/","url":"https:\/\/www.guerini.it\/index.php\/prodotto\/9788862504508-valorizzare-patrimonio-strategico\/","name":"Valorizzare il patrimonio strategico d\u2019impresa - Guerini e Associati","isPartOf":{"@id":"https:\/\/www.guerini.it\/#website"},"primaryImageOfPage":{"@id":"https:\/\/www.guerini.it\/index.php\/prodotto\/9788862504508-valorizzare-patrimonio-strategico\/#primaryimage"},"image":{"@id":"https:\/\/www.guerini.it\/index.php\/prodotto\/9788862504508-valorizzare-patrimonio-strategico\/#primaryimage"},"thumbnailUrl":"https:\/\/www.guerini.it\/wp-content\/uploads\/2013\/01\/valorizzare_il_patrimonio_strategico_01-31-2013.jpg","datePublished":"2013-01-31T21:14:58+00:00","dateModified":"2024-06-12T12:39:49+00:00","breadcrumb":{"@id":"https:\/\/www.guerini.it\/index.php\/prodotto\/9788862504508-valorizzare-patrimonio-strategico\/#breadcrumb"},"inLanguage":"it-IT","potentialAction":[{"@type":"ReadAction","target":["https:\/\/www.guerini.it\/index.php\/prodotto\/9788862504508-valorizzare-patrimonio-strategico\/"]}]},{"@type":"ImageObject","inLanguage":"it-IT","@id":"https:\/\/www.guerini.it\/index.php\/prodotto\/9788862504508-valorizzare-patrimonio-strategico\/#primaryimage","url":"https:\/\/www.guerini.it\/wp-content\/uploads\/2013\/01\/valorizzare_il_patrimonio_strategico_01-31-2013.jpg","contentUrl":"https:\/\/www.guerini.it\/wp-content\/uploads\/2013\/01\/valorizzare_il_patrimonio_strategico_01-31-2013.jpg","width":232,"height":353,"caption":"Valorizzare il patrimonio strategico d'impresa"},{"@type":"BreadcrumbList","@id":"https:\/\/www.guerini.it\/index.php\/prodotto\/9788862504508-valorizzare-patrimonio-strategico\/#breadcrumb","itemListElement":[{"@type":"ListItem","position":1,"name":"Home","item":"https:\/\/www.guerini.it\/"},{"@type":"ListItem","position":2,"name":"Catalogo","item":"https:\/\/www.guerini.it\/index.php\/negozio\/"},{"@type":"ListItem","position":3,"name":"Valorizzare il patrimonio strategico d\u2019impresa"}]},{"@type":"WebSite","@id":"https:\/\/www.guerini.it\/#website","url":"https:\/\/www.guerini.it\/","name":"Guerini e Associati","description":"30 anni di libri, idee e libert\u00e0","publisher":{"@id":"https:\/\/www.guerini.it\/#organization"},"potentialAction":[{"@type":"SearchAction","target":{"@type":"EntryPoint","urlTemplate":"https:\/\/www.guerini.it\/?s={search_term_string}"},"query-input":{"@type":"PropertyValueSpecification","valueRequired":true,"valueName":"search_term_string"}}],"inLanguage":"it-IT"},{"@type":"Organization","@id":"https:\/\/www.guerini.it\/#organization","name":"Guerini e Associati","url":"https:\/\/www.guerini.it\/","logo":{"@type":"ImageObject","inLanguage":"it-IT","@id":"https:\/\/www.guerini.it\/#\/schema\/logo\/image\/","url":"https:\/\/www.guerini.it\/wp-content\/uploads\/2021\/03\/Logo-Guerini-OK_-e1615831292285.png","contentUrl":"https:\/\/www.guerini.it\/wp-content\/uploads\/2021\/03\/Logo-Guerini-OK_-e1615831292285.png","width":2805,"height":1870,"caption":"Guerini e Associati"},"image":{"@id":"https:\/\/www.guerini.it\/#\/schema\/logo\/image\/"}}]}},"_links":{"self":[{"href":"https:\/\/www.guerini.it\/index.php\/wp-json\/wp\/v2\/product\/15161","targetHints":{"allow":["GET"]}}],"collection":[{"href":"https:\/\/www.guerini.it\/index.php\/wp-json\/wp\/v2\/product"}],"about":[{"href":"https:\/\/www.guerini.it\/index.php\/wp-json\/wp\/v2\/types\/product"}],"wp:featuredmedia":[{"embeddable":true,"href":"https:\/\/www.guerini.it\/index.php\/wp-json\/wp\/v2\/media\/15160"}],"wp:attachment":[{"href":"https:\/\/www.guerini.it\/index.php\/wp-json\/wp\/v2\/media?parent=15161"}],"wp:term":[{"taxonomy":"product_brand","embeddable":true,"href":"https:\/\/www.guerini.it\/index.php\/wp-json\/wp\/v2\/product_brand?post=15161"},{"taxonomy":"product_cat","embeddable":true,"href":"https:\/\/www.guerini.it\/index.php\/wp-json\/wp\/v2\/product_cat?post=15161"},{"taxonomy":"product_tag","embeddable":true,"href":"https:\/\/www.guerini.it\/index.php\/wp-json\/wp\/v2\/product_tag?post=15161"}],"curies":[{"name":"wp","href":"https:\/\/api.w.org\/{rel}","templated":true}]}}