{"id":15163,"date":"2013-01-31T23:30:49","date_gmt":"2013-01-31T22:30:49","guid":{"rendered":"https:\/\/test.guerini.it\/?product=9788862504690-hiroshima-e-il-nostro-senso-morale"},"modified":"2026-01-22T10:40:56","modified_gmt":"2026-01-22T09:40:56","slug":"9788862504690-hiroshima-e-il-nostro-senso-morale","status":"publish","type":"product","link":"https:\/\/www.guerini.it\/index.php\/prodotto\/9788862504690-hiroshima-e-il-nostro-senso-morale\/","title":{"rendered":"Hiroshima e il nostro senso morale"},"content":{"rendered":"<p>L\u2019utilizzo delle bombe atomiche sulle citt\u00e0 di Hiroshima e Nagasaki alla fine della seconda guerra mondiale rimane probabilmente la decisione pi\u00f9 controversa della storia contemporanea. Ancora oggi non \u00e8 facile intavolare un dibattito laico e razionale, libero da pregiudizi ideologici, sulle scelte di realizzare e poi usare il nuovo ordigno.<br \/>\nSi \u00e8 trattato di un evento mortale diverso dai genocidi del Novecento: la bomba e la sua deflagrazione sono il frutto di una logica concatenata di scoperte scientifiche, innovazioni tecnologiche, dubbi e crisi di coscienza. Un processo che investe la cuspide direttiva della pi\u00f9 grande potenza mondiale e alcuni dei suoi esponenti che sono sin dall\u2019inizio consapevoli del tragico dilemma cui andavano incontro, sin dalla preparazione della bomba, per finire con la distruzione di una moltitudine di vite umane. Paolo Agnoli, nel suo libro, descrive questo intricato percorso come un susseguirsi di scelte tragiche e di dilemmi etici.<\/p>\n","protected":false},"excerpt":{"rendered":"<p>L\u2019utilizzo delle bombe atomiche sulle citt\u00e0 di Hiroshima e Nagasaki alla fine della seconda guerra mondiale rimane probabilmente la decisione pi\u00f9 controversa della storia contemporanea. Ancora oggi non \u00e8 facile intavolare un dibattito laico e razionale, libero da pregiudizi ideologici, sulle scelte di realizzare e poi usare il nuovo ordigno.<br \/>\nSi \u00e8 trattato di un evento mortale diverso dai genocidi del Novecento: la bomba e la sua deflagrazione sono il frutto di una logica concatenata di scoperte scientifiche, innovazioni tecnologiche, dubbi e crisi di coscienza. Un processo che investe la cuspide direttiva della pi\u00f9 grande potenza mondiale e alcuni dei suoi esponenti che sono sin dall\u2019inizio consapevoli del tragico dilemma cui andavano incontro, sin dalla preparazione della bomba, per finire con la distruzione di una moltitudine di vite umane. Paolo Agnoli, nel suo libro, descrive questo intricato percorso come un susseguirsi di scelte tragiche e di dilemmi etici.<\/p>\n","protected":false},"featured_media":15162,"template":"","meta":{"_editorskit_title_hidden":false,"_editorskit_reading_time":0,"_editorskit_is_block_options_detached":false,"_editorskit_block_options_position":"{}","_monsterinsights_skip_tracking":false,"_monsterinsights_sitenote_active":false,"_monsterinsights_sitenote_note":"","_monsterinsights_sitenote_category":0},"product_brand":[],"product_cat":[6539],"product_tag":[],"class_list":{"0":"post-15163","1":"product","2":"type-product","3":"status-publish","4":"has-post-thumbnail","6":"product_cat-storia-e-geografia","8":"first","9":"instock","10":"sale","11":"shipping-taxable","12":"purchasable","13":"product-type-simple"},"yoast_head":"<!-- This site is optimized with the Yoast SEO plugin v25.4 - https:\/\/yoast.com\/wordpress\/plugins\/seo\/ -->\n<title>Hiroshima e il nostro senso morale - Guerini e Associati<\/title>\n<meta name=\"robots\" content=\"index, follow, max-snippet:-1, max-image-preview:large, max-video-preview:-1\" \/>\n<link rel=\"canonical\" href=\"https:\/\/www.guerini.it\/index.php\/prodotto\/9788862504690-hiroshima-e-il-nostro-senso-morale\/\" \/>\n<meta property=\"og:locale\" content=\"it_IT\" \/>\n<meta property=\"og:type\" content=\"article\" \/>\n<meta property=\"og:title\" content=\"Hiroshima e il nostro senso morale - Guerini e Associati\" \/>\n<meta property=\"og:description\" content=\"L\u2019utilizzo delle bombe atomiche sulle citt\u00e0 di Hiroshima e Nagasaki alla fine della seconda guerra mondiale rimane probabilmente la decisione pi\u00f9 controversa della storia contemporanea. Ancora oggi non \u00e8 facile intavolare un dibattito laico e razionale, libero da pregiudizi ideologici, sulle scelte di realizzare e poi usare il nuovo ordigno. Si \u00e8 trattato di un evento mortale diverso dai genocidi del Novecento: la bomba e la sua deflagrazione sono il frutto di una logica concatenata di scoperte scientifiche, innovazioni tecnologiche, dubbi e crisi di coscienza. Un processo che investe la cuspide direttiva della pi\u00f9 grande potenza mondiale e alcuni dei suoi esponenti che sono sin dall\u2019inizio consapevoli del tragico dilemma cui andavano incontro, sin dalla preparazione della bomba, per finire con la distruzione di una moltitudine di vite umane. Paolo Agnoli, nel suo libro, descrive questo intricato percorso come un susseguirsi di scelte tragiche e di dilemmi etici.\" \/>\n<meta property=\"og:url\" content=\"https:\/\/www.guerini.it\/index.php\/prodotto\/9788862504690-hiroshima-e-il-nostro-senso-morale\/\" \/>\n<meta property=\"og:site_name\" content=\"Guerini e Associati\" \/>\n<meta property=\"article:modified_time\" content=\"2026-01-22T09:40:56+00:00\" \/>\n<meta property=\"og:image\" content=\"https:\/\/www.guerini.it\/wp-content\/uploads\/2013\/01\/hiroshima_01-31-2013.jpg\" \/>\n\t<meta property=\"og:image:width\" content=\"235\" \/>\n\t<meta property=\"og:image:height\" content=\"353\" \/>\n\t<meta property=\"og:image:type\" content=\"image\/jpeg\" \/>\n<meta name=\"twitter:card\" content=\"summary_large_image\" \/>\n<meta name=\"twitter:label1\" content=\"Tempo di lettura stimato\" \/>\n\t<meta name=\"twitter:data1\" content=\"1 minuto\" \/>\n<!-- \/ Yoast SEO plugin. -->","yoast_head_json":{"title":"Hiroshima e il nostro senso morale - Guerini e Associati","robots":{"index":"index","follow":"follow","max-snippet":"max-snippet:-1","max-image-preview":"max-image-preview:large","max-video-preview":"max-video-preview:-1"},"canonical":"https:\/\/www.guerini.it\/index.php\/prodotto\/9788862504690-hiroshima-e-il-nostro-senso-morale\/","og_locale":"it_IT","og_type":"article","og_title":"Hiroshima e il nostro senso morale - Guerini e Associati","og_description":"L\u2019utilizzo delle bombe atomiche sulle citt\u00e0 di Hiroshima e Nagasaki alla fine della seconda guerra mondiale rimane probabilmente la decisione pi\u00f9 controversa della storia contemporanea. Ancora oggi non \u00e8 facile intavolare un dibattito laico e razionale, libero da pregiudizi ideologici, sulle scelte di realizzare e poi usare il nuovo ordigno. Si \u00e8 trattato di un evento mortale diverso dai genocidi del Novecento: la bomba e la sua deflagrazione sono il frutto di una logica concatenata di scoperte scientifiche, innovazioni tecnologiche, dubbi e crisi di coscienza. Un processo che investe la cuspide direttiva della pi\u00f9 grande potenza mondiale e alcuni dei suoi esponenti che sono sin dall\u2019inizio consapevoli del tragico dilemma cui andavano incontro, sin dalla preparazione della bomba, per finire con la distruzione di una moltitudine di vite umane. Paolo Agnoli, nel suo libro, descrive questo intricato percorso come un susseguirsi di scelte tragiche e di dilemmi etici.","og_url":"https:\/\/www.guerini.it\/index.php\/prodotto\/9788862504690-hiroshima-e-il-nostro-senso-morale\/","og_site_name":"Guerini e Associati","article_modified_time":"2026-01-22T09:40:56+00:00","og_image":[{"width":235,"height":353,"url":"https:\/\/www.guerini.it\/wp-content\/uploads\/2013\/01\/hiroshima_01-31-2013.jpg","type":"image\/jpeg"}],"twitter_card":"summary_large_image","twitter_misc":{"Tempo di lettura stimato":"1 minuto"},"schema":{"@context":"https:\/\/schema.org","@graph":[{"@type":"WebPage","@id":"https:\/\/www.guerini.it\/index.php\/prodotto\/9788862504690-hiroshima-e-il-nostro-senso-morale\/","url":"https:\/\/www.guerini.it\/index.php\/prodotto\/9788862504690-hiroshima-e-il-nostro-senso-morale\/","name":"Hiroshima e il nostro senso morale - Guerini e Associati","isPartOf":{"@id":"https:\/\/www.guerini.it\/#website"},"primaryImageOfPage":{"@id":"https:\/\/www.guerini.it\/index.php\/prodotto\/9788862504690-hiroshima-e-il-nostro-senso-morale\/#primaryimage"},"image":{"@id":"https:\/\/www.guerini.it\/index.php\/prodotto\/9788862504690-hiroshima-e-il-nostro-senso-morale\/#primaryimage"},"thumbnailUrl":"https:\/\/www.guerini.it\/wp-content\/uploads\/2013\/01\/hiroshima_01-31-2013.jpg","datePublished":"2013-01-31T22:30:49+00:00","dateModified":"2026-01-22T09:40:56+00:00","breadcrumb":{"@id":"https:\/\/www.guerini.it\/index.php\/prodotto\/9788862504690-hiroshima-e-il-nostro-senso-morale\/#breadcrumb"},"inLanguage":"it-IT","potentialAction":[{"@type":"ReadAction","target":["https:\/\/www.guerini.it\/index.php\/prodotto\/9788862504690-hiroshima-e-il-nostro-senso-morale\/"]}]},{"@type":"ImageObject","inLanguage":"it-IT","@id":"https:\/\/www.guerini.it\/index.php\/prodotto\/9788862504690-hiroshima-e-il-nostro-senso-morale\/#primaryimage","url":"https:\/\/www.guerini.it\/wp-content\/uploads\/2013\/01\/hiroshima_01-31-2013.jpg","contentUrl":"https:\/\/www.guerini.it\/wp-content\/uploads\/2013\/01\/hiroshima_01-31-2013.jpg","width":235,"height":353,"caption":"Hiroshima e il nostro senso morale"},{"@type":"BreadcrumbList","@id":"https:\/\/www.guerini.it\/index.php\/prodotto\/9788862504690-hiroshima-e-il-nostro-senso-morale\/#breadcrumb","itemListElement":[{"@type":"ListItem","position":1,"name":"Home","item":"https:\/\/www.guerini.it\/"},{"@type":"ListItem","position":2,"name":"Catalogo","item":"https:\/\/www.guerini.it\/index.php\/negozio\/"},{"@type":"ListItem","position":3,"name":"Hiroshima e il nostro senso morale"}]},{"@type":"WebSite","@id":"https:\/\/www.guerini.it\/#website","url":"https:\/\/www.guerini.it\/","name":"Guerini e Associati","description":"30 anni di libri, idee e libert\u00e0","publisher":{"@id":"https:\/\/www.guerini.it\/#organization"},"potentialAction":[{"@type":"SearchAction","target":{"@type":"EntryPoint","urlTemplate":"https:\/\/www.guerini.it\/?s={search_term_string}"},"query-input":{"@type":"PropertyValueSpecification","valueRequired":true,"valueName":"search_term_string"}}],"inLanguage":"it-IT"},{"@type":"Organization","@id":"https:\/\/www.guerini.it\/#organization","name":"Guerini e Associati","url":"https:\/\/www.guerini.it\/","logo":{"@type":"ImageObject","inLanguage":"it-IT","@id":"https:\/\/www.guerini.it\/#\/schema\/logo\/image\/","url":"https:\/\/www.guerini.it\/wp-content\/uploads\/2021\/03\/Logo-Guerini-OK_-e1615831292285.png","contentUrl":"https:\/\/www.guerini.it\/wp-content\/uploads\/2021\/03\/Logo-Guerini-OK_-e1615831292285.png","width":2805,"height":1870,"caption":"Guerini e Associati"},"image":{"@id":"https:\/\/www.guerini.it\/#\/schema\/logo\/image\/"}}]}},"_links":{"self":[{"href":"https:\/\/www.guerini.it\/index.php\/wp-json\/wp\/v2\/product\/15163","targetHints":{"allow":["GET"]}}],"collection":[{"href":"https:\/\/www.guerini.it\/index.php\/wp-json\/wp\/v2\/product"}],"about":[{"href":"https:\/\/www.guerini.it\/index.php\/wp-json\/wp\/v2\/types\/product"}],"wp:featuredmedia":[{"embeddable":true,"href":"https:\/\/www.guerini.it\/index.php\/wp-json\/wp\/v2\/media\/15162"}],"wp:attachment":[{"href":"https:\/\/www.guerini.it\/index.php\/wp-json\/wp\/v2\/media?parent=15163"}],"wp:term":[{"taxonomy":"product_brand","embeddable":true,"href":"https:\/\/www.guerini.it\/index.php\/wp-json\/wp\/v2\/product_brand?post=15163"},{"taxonomy":"product_cat","embeddable":true,"href":"https:\/\/www.guerini.it\/index.php\/wp-json\/wp\/v2\/product_cat?post=15163"},{"taxonomy":"product_tag","embeddable":true,"href":"https:\/\/www.guerini.it\/index.php\/wp-json\/wp\/v2\/product_tag?post=15163"}],"curies":[{"name":"wp","href":"https:\/\/api.w.org\/{rel}","templated":true}]}}