{"id":15165,"date":"2013-01-31T23:45:32","date_gmt":"2013-01-31T22:45:32","guid":{"rendered":"https:\/\/test.guerini.it\/?product=9788862504492-punto-hr"},"modified":"2024-06-12T14:39:50","modified_gmt":"2024-06-12T12:39:50","slug":"9788862504492-punto-hr","status":"publish","type":"product","link":"https:\/\/www.guerini.it\/index.php\/prodotto\/9788862504492-punto-hr\/","title":{"rendered":"Punto HR!"},"content":{"rendered":"<p>Per ogni impresa, riuscire oggi a mantenere elevati livelli di competitivit\u00e0 richiede, inevitabilmente, un forte impegno su vari fronti: la selezione e il reclutamento di risorse umane adeguate, la predisposizione di piani di sviluppo motivanti e coerenti con il modello di business, il mantenimento di elevati livelli di capacit\u00e0 di apprendimento dell\u2019intera organizzazione, la capacit\u00e0 di predisporre modelli di welfare interno in grado di soddisfare le persone, la disponibilit\u00e0 di strumenti utili a favorire il ricambio e molto altro.<br \/>\nDi fronte alla numerosit\u00e0 di temi che attengono alla vita dei lavoratori nelle aziende e alla complessit\u00e0 che la relativa gestione genera inevitabilmente, diventa determinante riflettere sulle strategie possibili e sugli strumenti che possono essere utilizzati concretamente per una gestione efficace delle risorse umane.<br \/>\nIn questo testo, si dedica attenzione a tutti gli ambiti nei quali oggi \u00e8 richiesto alla singola impresa di riflettere e agire rispetto alle molteplici tematiche connesse sull\u2019asset divenuto davvero critico nelle organizzazioni: le persone. E con esse, tutte le variabili che possono favorirne o deprimerne la permanenza in azienda e le relative opportunit\u00e0 professionali e di successo.<\/p>\n","protected":false},"excerpt":{"rendered":"<p>Per ogni impresa, riuscire oggi a mantenere elevati livelli di competitivit\u00e0 richiede, inevitabilmente, un forte impegno su vari fronti: la selezione e il reclutamento di risorse umane adeguate, la predisposizione di piani di sviluppo motivanti e coerenti con il modello di business, il mantenimento di elevati livelli di capacit\u00e0 di apprendimento dell\u2019intera organizzazione, la capacit\u00e0 di predisporre modelli di welfare interno in grado di soddisfare le persone, la disponibilit\u00e0 di strumenti utili a favorire il ricambio e molto altro.<br \/>\nDi fronte alla numerosit\u00e0 di temi che attengono alla vita dei lavoratori nelle aziende e alla complessit\u00e0 che la relativa gestione genera inevitabilmente, diventa determinante riflettere sulle strategie possibili e sugli strumenti che possono essere utilizzati concretamente per una gestione efficace delle risorse umane.<br \/>\nIn questo testo, si dedica attenzione a tutti gli ambiti nei quali oggi \u00e8 richiesto alla singola impresa di riflettere e agire rispetto alle molteplici tematiche connesse sull\u2019asset divenuto davvero critico nelle organizzazioni: le persone. E con esse, tutte le variabili che possono favorirne o deprimerne la permanenza in azienda e le relative opportunit\u00e0 professionali e di successo.<\/p>\n","protected":false},"featured_media":15164,"template":"","meta":{"_editorskit_title_hidden":false,"_editorskit_reading_time":0,"_editorskit_is_block_options_detached":false,"_editorskit_block_options_position":"{}","_monsterinsights_skip_tracking":false,"_monsterinsights_sitenote_active":false,"_monsterinsights_sitenote_note":"","_monsterinsights_sitenote_category":0},"product_brand":[],"product_cat":[6529],"product_tag":[],"class_list":{"0":"post-15165","1":"product","2":"type-product","3":"status-publish","4":"has-post-thumbnail","6":"product_cat-economia-e-management","8":"first","9":"outofstock","10":"sale","11":"shipping-taxable","12":"purchasable","13":"product-type-simple"},"yoast_head":"<!-- This site is optimized with the Yoast SEO plugin v25.4 - https:\/\/yoast.com\/wordpress\/plugins\/seo\/ -->\n<title>Punto HR! - Guerini e Associati<\/title>\n<meta name=\"robots\" content=\"index, follow, max-snippet:-1, max-image-preview:large, max-video-preview:-1\" \/>\n<link rel=\"canonical\" href=\"https:\/\/www.guerini.it\/index.php\/prodotto\/9788862504492-punto-hr\/\" \/>\n<meta property=\"og:locale\" content=\"it_IT\" \/>\n<meta property=\"og:type\" content=\"article\" \/>\n<meta property=\"og:title\" content=\"Punto HR! - Guerini e Associati\" \/>\n<meta property=\"og:description\" content=\"Per ogni impresa, riuscire oggi a mantenere elevati livelli di competitivit\u00e0 richiede, inevitabilmente, un forte impegno su vari fronti: la selezione e il reclutamento di risorse umane adeguate, la predisposizione di piani di sviluppo motivanti e coerenti con il modello di business, il mantenimento di elevati livelli di capacit\u00e0 di apprendimento dell\u2019intera organizzazione, la capacit\u00e0 di predisporre modelli di welfare interno in grado di soddisfare le persone, la disponibilit\u00e0 di strumenti utili a favorire il ricambio e molto altro. Di fronte alla numerosit\u00e0 di temi che attengono alla vita dei lavoratori nelle aziende e alla complessit\u00e0 che la relativa gestione genera inevitabilmente, diventa determinante riflettere sulle strategie possibili e sugli strumenti che possono essere utilizzati concretamente per una gestione efficace delle risorse umane. In questo testo, si dedica attenzione a tutti gli ambiti nei quali oggi \u00e8 richiesto alla singola impresa di riflettere e agire rispetto alle molteplici tematiche connesse sull\u2019asset divenuto davvero critico nelle organizzazioni: le persone. E con esse, tutte le variabili che possono favorirne o deprimerne la permanenza in azienda e le relative opportunit\u00e0 professionali e di successo.\" \/>\n<meta property=\"og:url\" content=\"https:\/\/www.guerini.it\/index.php\/prodotto\/9788862504492-punto-hr\/\" \/>\n<meta property=\"og:site_name\" content=\"Guerini e Associati\" \/>\n<meta property=\"article:modified_time\" content=\"2024-06-12T12:39:50+00:00\" \/>\n<meta property=\"og:image\" content=\"https:\/\/www.guerini.it\/wp-content\/uploads\/2013\/01\/punto_hr_01-31-2013.jpg\" \/>\n\t<meta property=\"og:image:width\" content=\"227\" \/>\n\t<meta property=\"og:image:height\" content=\"353\" \/>\n\t<meta property=\"og:image:type\" content=\"image\/jpeg\" \/>\n<meta name=\"twitter:card\" content=\"summary_large_image\" \/>\n<meta name=\"twitter:label1\" content=\"Tempo di lettura stimato\" \/>\n\t<meta name=\"twitter:data1\" content=\"1 minuto\" \/>\n<!-- \/ Yoast SEO plugin. -->","yoast_head_json":{"title":"Punto HR! - Guerini e Associati","robots":{"index":"index","follow":"follow","max-snippet":"max-snippet:-1","max-image-preview":"max-image-preview:large","max-video-preview":"max-video-preview:-1"},"canonical":"https:\/\/www.guerini.it\/index.php\/prodotto\/9788862504492-punto-hr\/","og_locale":"it_IT","og_type":"article","og_title":"Punto HR! - Guerini e Associati","og_description":"Per ogni impresa, riuscire oggi a mantenere elevati livelli di competitivit\u00e0 richiede, inevitabilmente, un forte impegno su vari fronti: la selezione e il reclutamento di risorse umane adeguate, la predisposizione di piani di sviluppo motivanti e coerenti con il modello di business, il mantenimento di elevati livelli di capacit\u00e0 di apprendimento dell\u2019intera organizzazione, la capacit\u00e0 di predisporre modelli di welfare interno in grado di soddisfare le persone, la disponibilit\u00e0 di strumenti utili a favorire il ricambio e molto altro. Di fronte alla numerosit\u00e0 di temi che attengono alla vita dei lavoratori nelle aziende e alla complessit\u00e0 che la relativa gestione genera inevitabilmente, diventa determinante riflettere sulle strategie possibili e sugli strumenti che possono essere utilizzati concretamente per una gestione efficace delle risorse umane. In questo testo, si dedica attenzione a tutti gli ambiti nei quali oggi \u00e8 richiesto alla singola impresa di riflettere e agire rispetto alle molteplici tematiche connesse sull\u2019asset divenuto davvero critico nelle organizzazioni: le persone. E con esse, tutte le variabili che possono favorirne o deprimerne la permanenza in azienda e le relative opportunit\u00e0 professionali e di successo.","og_url":"https:\/\/www.guerini.it\/index.php\/prodotto\/9788862504492-punto-hr\/","og_site_name":"Guerini e Associati","article_modified_time":"2024-06-12T12:39:50+00:00","og_image":[{"width":227,"height":353,"url":"https:\/\/www.guerini.it\/wp-content\/uploads\/2013\/01\/punto_hr_01-31-2013.jpg","type":"image\/jpeg"}],"twitter_card":"summary_large_image","twitter_misc":{"Tempo di lettura stimato":"1 minuto"},"schema":{"@context":"https:\/\/schema.org","@graph":[{"@type":"WebPage","@id":"https:\/\/www.guerini.it\/index.php\/prodotto\/9788862504492-punto-hr\/","url":"https:\/\/www.guerini.it\/index.php\/prodotto\/9788862504492-punto-hr\/","name":"Punto HR! - Guerini e Associati","isPartOf":{"@id":"https:\/\/www.guerini.it\/#website"},"primaryImageOfPage":{"@id":"https:\/\/www.guerini.it\/index.php\/prodotto\/9788862504492-punto-hr\/#primaryimage"},"image":{"@id":"https:\/\/www.guerini.it\/index.php\/prodotto\/9788862504492-punto-hr\/#primaryimage"},"thumbnailUrl":"https:\/\/www.guerini.it\/wp-content\/uploads\/2013\/01\/punto_hr_01-31-2013.jpg","datePublished":"2013-01-31T22:45:32+00:00","dateModified":"2024-06-12T12:39:50+00:00","breadcrumb":{"@id":"https:\/\/www.guerini.it\/index.php\/prodotto\/9788862504492-punto-hr\/#breadcrumb"},"inLanguage":"it-IT","potentialAction":[{"@type":"ReadAction","target":["https:\/\/www.guerini.it\/index.php\/prodotto\/9788862504492-punto-hr\/"]}]},{"@type":"ImageObject","inLanguage":"it-IT","@id":"https:\/\/www.guerini.it\/index.php\/prodotto\/9788862504492-punto-hr\/#primaryimage","url":"https:\/\/www.guerini.it\/wp-content\/uploads\/2013\/01\/punto_hr_01-31-2013.jpg","contentUrl":"https:\/\/www.guerini.it\/wp-content\/uploads\/2013\/01\/punto_hr_01-31-2013.jpg","width":227,"height":353,"caption":"Punto HR!"},{"@type":"BreadcrumbList","@id":"https:\/\/www.guerini.it\/index.php\/prodotto\/9788862504492-punto-hr\/#breadcrumb","itemListElement":[{"@type":"ListItem","position":1,"name":"Home","item":"https:\/\/www.guerini.it\/"},{"@type":"ListItem","position":2,"name":"Catalogo","item":"https:\/\/www.guerini.it\/index.php\/negozio\/"},{"@type":"ListItem","position":3,"name":"Punto HR!"}]},{"@type":"WebSite","@id":"https:\/\/www.guerini.it\/#website","url":"https:\/\/www.guerini.it\/","name":"Guerini e Associati","description":"30 anni di libri, idee e libert\u00e0","publisher":{"@id":"https:\/\/www.guerini.it\/#organization"},"potentialAction":[{"@type":"SearchAction","target":{"@type":"EntryPoint","urlTemplate":"https:\/\/www.guerini.it\/?s={search_term_string}"},"query-input":{"@type":"PropertyValueSpecification","valueRequired":true,"valueName":"search_term_string"}}],"inLanguage":"it-IT"},{"@type":"Organization","@id":"https:\/\/www.guerini.it\/#organization","name":"Guerini e Associati","url":"https:\/\/www.guerini.it\/","logo":{"@type":"ImageObject","inLanguage":"it-IT","@id":"https:\/\/www.guerini.it\/#\/schema\/logo\/image\/","url":"https:\/\/www.guerini.it\/wp-content\/uploads\/2021\/03\/Logo-Guerini-OK_-e1615831292285.png","contentUrl":"https:\/\/www.guerini.it\/wp-content\/uploads\/2021\/03\/Logo-Guerini-OK_-e1615831292285.png","width":2805,"height":1870,"caption":"Guerini e Associati"},"image":{"@id":"https:\/\/www.guerini.it\/#\/schema\/logo\/image\/"}}]}},"_links":{"self":[{"href":"https:\/\/www.guerini.it\/index.php\/wp-json\/wp\/v2\/product\/15165","targetHints":{"allow":["GET"]}}],"collection":[{"href":"https:\/\/www.guerini.it\/index.php\/wp-json\/wp\/v2\/product"}],"about":[{"href":"https:\/\/www.guerini.it\/index.php\/wp-json\/wp\/v2\/types\/product"}],"wp:featuredmedia":[{"embeddable":true,"href":"https:\/\/www.guerini.it\/index.php\/wp-json\/wp\/v2\/media\/15164"}],"wp:attachment":[{"href":"https:\/\/www.guerini.it\/index.php\/wp-json\/wp\/v2\/media?parent=15165"}],"wp:term":[{"taxonomy":"product_brand","embeddable":true,"href":"https:\/\/www.guerini.it\/index.php\/wp-json\/wp\/v2\/product_brand?post=15165"},{"taxonomy":"product_cat","embeddable":true,"href":"https:\/\/www.guerini.it\/index.php\/wp-json\/wp\/v2\/product_cat?post=15165"},{"taxonomy":"product_tag","embeddable":true,"href":"https:\/\/www.guerini.it\/index.php\/wp-json\/wp\/v2\/product_tag?post=15165"}],"curies":[{"name":"wp","href":"https:\/\/api.w.org\/{rel}","templated":true}]}}