{"id":15200,"date":"2013-03-28T16:06:16","date_gmt":"2013-03-28T15:06:16","guid":{"rendered":"https:\/\/test.guerini.it\/?product=9788862504133-divieto-di-idolatria"},"modified":"2024-06-12T14:41:44","modified_gmt":"2024-06-12T12:41:44","slug":"9788862504133-divieto-di-idolatria","status":"publish","type":"product","link":"https:\/\/www.guerini.it\/index.php\/prodotto\/9788862504133-divieto-di-idolatria\/","title":{"rendered":"Il divieto di idolatria tra monoteismo e iconoclastia"},"content":{"rendered":"<p>Idea centrale del monoteismo ebraico, il divieto di idolatria non va inteso come principio dogmatico e aprioristico di separazione tra Dio e idoli, bene e male, popolo ebraico e nazioni pagane, ma come consapevolezza critica che l\u2019idolatria \u00e8 un rischio interno alla condizione umana. Non solo del Dio unico \u00e8 vietato fare immagini idolatriche, ma della stessa idolatria. L\u2019idolo infatti non \u00e8 una cosa ma un modo, al tempo stesso totalizzante e riduttivo, di relazionarsi all\u2019alterit\u00e0.<br \/>\nL\u2019intera opera di Levinas pu\u00f2 essere letta come un rigoroso gesto di adempimento del divieto biblico. Questa chiave interpretativa \u00e8 esaminata alla luce dei passi in cui il divieto \u00e8 tema esplicito, mostrandone la fecondit\u00e0 metodologica implicita, ma anche interrogandosi sui rischi e sulle effettive cadute idolatriche del pensiero levinasiano. Verifica necessaria per ogni progetto anti-idolatrico che intenda restare all\u2019interno dell\u2019orientamento monoteista e non rovesciarsi nell\u2019antitesi iconoclastica tra due o pi\u00f9 idoli contrapposti.<\/p>\n","protected":false},"excerpt":{"rendered":"<p>Idea centrale del monoteismo ebraico, il divieto di idolatria non va inteso come principio dogmatico e aprioristico di separazione tra Dio e idoli, bene e male, popolo ebraico e nazioni pagane, ma come consapevolezza critica che l\u2019idolatria \u00e8 un rischio interno alla condizione umana. Non solo del Dio unico \u00e8 vietato fare immagini idolatriche, ma della stessa idolatria. L\u2019idolo infatti non \u00e8 una cosa ma un modo, al tempo stesso totalizzante e riduttivo, di relazionarsi all\u2019alterit\u00e0.<br \/>\nL\u2019intera opera di Levinas pu\u00f2 essere letta come un rigoroso gesto di adempi\u00acmento del divieto biblico. Questa chiave interpretativa \u00e8 esaminata alla luce dei passi in cui il divieto \u00e8 tema esplicito, mostrandone la fecondit\u00e0 metodologica implicita, ma anche interrogandosi sui rischi e sulle effettive cadute idolatriche del pensiero levinasiano. Verifica necessaria per ogni progetto anti-idolatrico che intenda restare all\u2019interno dell\u2019orientamento monoteista e non rovesciarsi nell\u2019antitesi iconoclastica tra due o pi\u00f9 idoli contrapposti.<\/p>\n","protected":false},"featured_media":15199,"template":"","meta":{"_editorskit_title_hidden":false,"_editorskit_reading_time":0,"_editorskit_is_block_options_detached":false,"_editorskit_block_options_position":"{}","_monsterinsights_skip_tracking":false,"_monsterinsights_sitenote_active":false,"_monsterinsights_sitenote_note":"","_monsterinsights_sitenote_category":0},"product_brand":[],"product_cat":[6530],"product_tag":[],"class_list":{"0":"post-15200","1":"product","2":"type-product","3":"status-publish","4":"has-post-thumbnail","6":"product_cat-filosofia","8":"first","9":"outofstock","10":"sale","11":"shipping-taxable","12":"purchasable","13":"product-type-simple"},"yoast_head":"<!-- This site is optimized with the Yoast SEO plugin v25.4 - https:\/\/yoast.com\/wordpress\/plugins\/seo\/ -->\n<title>Il divieto di idolatria tra monoteismo e iconoclastia - Guerini e Associati<\/title>\n<meta name=\"robots\" content=\"index, follow, max-snippet:-1, max-image-preview:large, max-video-preview:-1\" \/>\n<link rel=\"canonical\" href=\"https:\/\/www.guerini.it\/index.php\/prodotto\/9788862504133-divieto-di-idolatria\/\" \/>\n<meta property=\"og:locale\" content=\"it_IT\" \/>\n<meta property=\"og:type\" content=\"article\" \/>\n<meta property=\"og:title\" content=\"Il divieto di idolatria tra monoteismo e iconoclastia - Guerini e Associati\" \/>\n<meta property=\"og:description\" content=\"Idea centrale del monoteismo ebraico, il divieto di idolatria non va inteso come principio dogmatico e aprioristico di separazione tra Dio e idoli, bene e male, popolo ebraico e nazioni pagane, ma come consapevolezza critica che l\u2019idolatria \u00e8 un rischio interno alla condizione umana. Non solo del Dio unico \u00e8 vietato fare immagini idolatriche, ma della stessa idolatria. L\u2019idolo infatti non \u00e8 una cosa ma un modo, al tempo stesso totalizzante e riduttivo, di relazionarsi all\u2019alterit\u00e0. L\u2019intera opera di Levinas pu\u00f2 essere letta come un rigoroso gesto di adempi\u00acmento del divieto biblico. Questa chiave interpretativa \u00e8 esaminata alla luce dei passi in cui il divieto \u00e8 tema esplicito, mostrandone la fecondit\u00e0 metodologica implicita, ma anche interrogandosi sui rischi e sulle effettive cadute idolatriche del pensiero levinasiano. Verifica necessaria per ogni progetto anti-idolatrico che intenda restare all\u2019interno dell\u2019orientamento monoteista e non rovesciarsi nell\u2019antitesi iconoclastica tra due o pi\u00f9 idoli contrapposti.\" \/>\n<meta property=\"og:url\" content=\"https:\/\/www.guerini.it\/index.php\/prodotto\/9788862504133-divieto-di-idolatria\/\" \/>\n<meta property=\"og:site_name\" content=\"Guerini e Associati\" \/>\n<meta property=\"article:modified_time\" content=\"2024-06-12T12:41:44+00:00\" \/>\n<meta property=\"og:image\" content=\"https:\/\/www.guerini.it\/wp-content\/uploads\/2013\/03\/divieto_di_idolatria_03-28-2013.jpg\" \/>\n\t<meta property=\"og:image:width\" content=\"229\" \/>\n\t<meta property=\"og:image:height\" content=\"353\" \/>\n\t<meta property=\"og:image:type\" content=\"image\/jpeg\" \/>\n<meta name=\"twitter:card\" content=\"summary_large_image\" \/>\n<meta name=\"twitter:label1\" content=\"Tempo di lettura stimato\" \/>\n\t<meta name=\"twitter:data1\" content=\"1 minuto\" \/>\n<!-- \/ Yoast SEO plugin. -->","yoast_head_json":{"title":"Il divieto di idolatria tra monoteismo e iconoclastia - Guerini e Associati","robots":{"index":"index","follow":"follow","max-snippet":"max-snippet:-1","max-image-preview":"max-image-preview:large","max-video-preview":"max-video-preview:-1"},"canonical":"https:\/\/www.guerini.it\/index.php\/prodotto\/9788862504133-divieto-di-idolatria\/","og_locale":"it_IT","og_type":"article","og_title":"Il divieto di idolatria tra monoteismo e iconoclastia - Guerini e Associati","og_description":"Idea centrale del monoteismo ebraico, il divieto di idolatria non va inteso come principio dogmatico e aprioristico di separazione tra Dio e idoli, bene e male, popolo ebraico e nazioni pagane, ma come consapevolezza critica che l\u2019idolatria \u00e8 un rischio interno alla condizione umana. Non solo del Dio unico \u00e8 vietato fare immagini idolatriche, ma della stessa idolatria. L\u2019idolo infatti non \u00e8 una cosa ma un modo, al tempo stesso totalizzante e riduttivo, di relazionarsi all\u2019alterit\u00e0. L\u2019intera opera di Levinas pu\u00f2 essere letta come un rigoroso gesto di adempi\u00acmento del divieto biblico. Questa chiave interpretativa \u00e8 esaminata alla luce dei passi in cui il divieto \u00e8 tema esplicito, mostrandone la fecondit\u00e0 metodologica implicita, ma anche interrogandosi sui rischi e sulle effettive cadute idolatriche del pensiero levinasiano. Verifica necessaria per ogni progetto anti-idolatrico che intenda restare all\u2019interno dell\u2019orientamento monoteista e non rovesciarsi nell\u2019antitesi iconoclastica tra due o pi\u00f9 idoli contrapposti.","og_url":"https:\/\/www.guerini.it\/index.php\/prodotto\/9788862504133-divieto-di-idolatria\/","og_site_name":"Guerini e Associati","article_modified_time":"2024-06-12T12:41:44+00:00","og_image":[{"width":229,"height":353,"url":"https:\/\/www.guerini.it\/wp-content\/uploads\/2013\/03\/divieto_di_idolatria_03-28-2013.jpg","type":"image\/jpeg"}],"twitter_card":"summary_large_image","twitter_misc":{"Tempo di lettura stimato":"1 minuto"},"schema":{"@context":"https:\/\/schema.org","@graph":[{"@type":"WebPage","@id":"https:\/\/www.guerini.it\/index.php\/prodotto\/9788862504133-divieto-di-idolatria\/","url":"https:\/\/www.guerini.it\/index.php\/prodotto\/9788862504133-divieto-di-idolatria\/","name":"Il divieto di idolatria tra monoteismo e iconoclastia - Guerini e Associati","isPartOf":{"@id":"https:\/\/www.guerini.it\/#website"},"primaryImageOfPage":{"@id":"https:\/\/www.guerini.it\/index.php\/prodotto\/9788862504133-divieto-di-idolatria\/#primaryimage"},"image":{"@id":"https:\/\/www.guerini.it\/index.php\/prodotto\/9788862504133-divieto-di-idolatria\/#primaryimage"},"thumbnailUrl":"https:\/\/www.guerini.it\/wp-content\/uploads\/2013\/03\/divieto_di_idolatria_03-28-2013.jpg","datePublished":"2013-03-28T15:06:16+00:00","dateModified":"2024-06-12T12:41:44+00:00","breadcrumb":{"@id":"https:\/\/www.guerini.it\/index.php\/prodotto\/9788862504133-divieto-di-idolatria\/#breadcrumb"},"inLanguage":"it-IT","potentialAction":[{"@type":"ReadAction","target":["https:\/\/www.guerini.it\/index.php\/prodotto\/9788862504133-divieto-di-idolatria\/"]}]},{"@type":"ImageObject","inLanguage":"it-IT","@id":"https:\/\/www.guerini.it\/index.php\/prodotto\/9788862504133-divieto-di-idolatria\/#primaryimage","url":"https:\/\/www.guerini.it\/wp-content\/uploads\/2013\/03\/divieto_di_idolatria_03-28-2013.jpg","contentUrl":"https:\/\/www.guerini.it\/wp-content\/uploads\/2013\/03\/divieto_di_idolatria_03-28-2013.jpg","width":229,"height":353,"caption":"Il divieto di idolatria tra monoteismo e iconoloclastia"},{"@type":"BreadcrumbList","@id":"https:\/\/www.guerini.it\/index.php\/prodotto\/9788862504133-divieto-di-idolatria\/#breadcrumb","itemListElement":[{"@type":"ListItem","position":1,"name":"Home","item":"https:\/\/www.guerini.it\/"},{"@type":"ListItem","position":2,"name":"Catalogo","item":"https:\/\/www.guerini.it\/index.php\/negozio\/"},{"@type":"ListItem","position":3,"name":"Il divieto di idolatria tra monoteismo e iconoclastia"}]},{"@type":"WebSite","@id":"https:\/\/www.guerini.it\/#website","url":"https:\/\/www.guerini.it\/","name":"Guerini e Associati","description":"30 anni di libri, idee e libert\u00e0","publisher":{"@id":"https:\/\/www.guerini.it\/#organization"},"potentialAction":[{"@type":"SearchAction","target":{"@type":"EntryPoint","urlTemplate":"https:\/\/www.guerini.it\/?s={search_term_string}"},"query-input":{"@type":"PropertyValueSpecification","valueRequired":true,"valueName":"search_term_string"}}],"inLanguage":"it-IT"},{"@type":"Organization","@id":"https:\/\/www.guerini.it\/#organization","name":"Guerini e Associati","url":"https:\/\/www.guerini.it\/","logo":{"@type":"ImageObject","inLanguage":"it-IT","@id":"https:\/\/www.guerini.it\/#\/schema\/logo\/image\/","url":"https:\/\/www.guerini.it\/wp-content\/uploads\/2021\/03\/Logo-Guerini-OK_-e1615831292285.png","contentUrl":"https:\/\/www.guerini.it\/wp-content\/uploads\/2021\/03\/Logo-Guerini-OK_-e1615831292285.png","width":2805,"height":1870,"caption":"Guerini e Associati"},"image":{"@id":"https:\/\/www.guerini.it\/#\/schema\/logo\/image\/"}}]}},"_links":{"self":[{"href":"https:\/\/www.guerini.it\/index.php\/wp-json\/wp\/v2\/product\/15200","targetHints":{"allow":["GET"]}}],"collection":[{"href":"https:\/\/www.guerini.it\/index.php\/wp-json\/wp\/v2\/product"}],"about":[{"href":"https:\/\/www.guerini.it\/index.php\/wp-json\/wp\/v2\/types\/product"}],"wp:featuredmedia":[{"embeddable":true,"href":"https:\/\/www.guerini.it\/index.php\/wp-json\/wp\/v2\/media\/15199"}],"wp:attachment":[{"href":"https:\/\/www.guerini.it\/index.php\/wp-json\/wp\/v2\/media?parent=15200"}],"wp:term":[{"taxonomy":"product_brand","embeddable":true,"href":"https:\/\/www.guerini.it\/index.php\/wp-json\/wp\/v2\/product_brand?post=15200"},{"taxonomy":"product_cat","embeddable":true,"href":"https:\/\/www.guerini.it\/index.php\/wp-json\/wp\/v2\/product_cat?post=15200"},{"taxonomy":"product_tag","embeddable":true,"href":"https:\/\/www.guerini.it\/index.php\/wp-json\/wp\/v2\/product_tag?post=15200"}],"curies":[{"name":"wp","href":"https:\/\/api.w.org\/{rel}","templated":true}]}}