{"id":15208,"date":"2013-04-04T20:54:16","date_gmt":"2013-04-04T18:54:16","guid":{"rendered":"https:\/\/test.guerini.it\/?product=9788862504225-integrazione"},"modified":"2024-06-12T14:41:50","modified_gmt":"2024-06-12T12:41:50","slug":"9788862504225-integrazione","status":"publish","type":"product","link":"https:\/\/www.guerini.it\/index.php\/prodotto\/9788862504225-integrazione\/","title":{"rendered":"Integrazione"},"content":{"rendered":"<p>&Egrave; possibile oggi pensare un &laquo;modello italiano&raquo; per le politiche di integrazione, che tenga conto delle caratteristiche demografiche ed economiche, della storia e della tradizione culturale del nostro Paese. &Egrave; il fatto nuovo che emerge dalle pagine di questo volume.   Una &laquo;cultura diffusa&raquo; dell&rsquo;integrazione gi&agrave; si manifesta spontaneamente nelle famiglie, nelle scuole, nei luoghi di lavoro, nelle associazioni, negli enti locali. &Egrave; tempo che essa permei anche lo Stato, e che una regia statale gestisca l&rsquo;immigrazione, accompagni il passaggio dall&rsquo;emergenza a opportune politiche di integrazione. &Egrave; ci&ograve; che &egrave; accaduto a partire dal novembre 2011, con la creazione di un ministero per la Cooperazione internazionale e l&rsquo;Integrazione.  Quattro autorevoli esperti, Lorenzo Bini Smaghi, Gianpiero Dalla Zuanna, Umberto Eco e Andrea Riccardi, analizzano la situazione del nostro Paese in questo momento di grave crisi e spiegano perch&eacute; l&rsquo;integrazione &egrave; possibile e necessaria fin da ora.<\/p>\n<p>&nbsp;<\/p>\n<p><strong>Permalink:<a href=\"http:\/\/digital.casalini.it\/9788881951277\">&nbsp;<\/a><\/strong><a href=\"http:\/\/digital.casalini.it\/9788881951277\">http:\/\/digital.casalini.it\/9788881951277<\/a><\/p>\n","protected":false},"excerpt":{"rendered":"<p>\u00c8 possibile oggi pensare un \u00abmodello italiano\u00bb per le politiche di integrazione, che tenga conto delle caratteristiche demografiche ed economiche, della storia e della tradizione culturale del nostro Paese. \u00c8 il fatto nuovo che emerge dalle pagine di questo volume. <\/p>\n<p>Una \u00abcultura diffusa\u00bb dell\u2019integrazione gi\u00e0 si manifesta spontaneamente nelle famiglie, nelle scuole, nei luoghi di lavoro, nelle associazioni, negli enti locali. \u00c8 tempo che essa permei anche lo Stato, e che una regia statale gestisca l\u2019immigrazione, accompagni il passaggio dall\u2019emergenza a opportune politiche di integrazione. \u00c8 ci\u00f2 che \u00e8 accaduto a partire dal novembre 2011, con la creazione di un ministero per la Cooperazione internazionale e l\u2019Integrazione.<\/p>\n<p>Quattro autorevoli esperti, Lorenzo Bini Smaghi, Gianpiero Dalla Zuanna, Umberto Eco e Andrea Riccardi, analizzano la situazione del nostro Paese in questo momento di grave crisi e spiegano perch\u00e9 l\u2019integrazione \u00e8 possibile e necessaria fin da ora.<\/p>\n","protected":false},"featured_media":15207,"template":"","meta":{"_editorskit_title_hidden":false,"_editorskit_reading_time":0,"_editorskit_is_block_options_detached":false,"_editorskit_block_options_position":"{}","_monsterinsights_skip_tracking":false,"_monsterinsights_sitenote_active":false,"_monsterinsights_sitenote_note":"","_monsterinsights_sitenote_category":0},"product_brand":[],"product_cat":[6527],"product_tag":[],"class_list":{"0":"post-15208","1":"product","2":"type-product","3":"status-publish","4":"has-post-thumbnail","6":"product_cat-attualita","7":"pa_guerini_strillo-1c-limmigrazionenonvasubita_m","9":"first","10":"instock","11":"sale","12":"shipping-taxable","13":"purchasable","14":"product-type-simple"},"yoast_head":"<!-- This site is optimized with the Yoast SEO plugin v25.4 - https:\/\/yoast.com\/wordpress\/plugins\/seo\/ -->\n<title>Integrazione - Guerini e Associati<\/title>\n<meta name=\"robots\" content=\"index, follow, max-snippet:-1, max-image-preview:large, max-video-preview:-1\" \/>\n<link rel=\"canonical\" href=\"https:\/\/www.guerini.it\/index.php\/prodotto\/9788862504225-integrazione\/\" \/>\n<meta property=\"og:locale\" content=\"it_IT\" \/>\n<meta property=\"og:type\" content=\"article\" \/>\n<meta property=\"og:title\" content=\"Integrazione - Guerini e Associati\" \/>\n<meta property=\"og:description\" content=\"\u00c8 possibile oggi pensare un \u00abmodello italiano\u00bb per le politiche di integrazione, che tenga conto delle caratteristiche demografiche ed economiche, della storia e della tradizione culturale del nostro Paese. \u00c8 il fatto nuovo che emerge dalle pagine di questo volume.   Una \u00abcultura diffusa\u00bb dell\u2019integrazione gi\u00e0 si manifesta spontaneamente nelle famiglie, nelle scuole, nei luoghi di lavoro, nelle associazioni, negli enti locali. \u00c8 tempo che essa permei anche lo Stato, e che una regia statale gestisca l\u2019immigrazione, accompagni il passaggio dall\u2019emergenza a opportune politiche di integrazione. \u00c8 ci\u00f2 che \u00e8 accaduto a partire dal novembre 2011, con la creazione di un ministero per la Cooperazione internazionale e l\u2019Integrazione.  Quattro autorevoli esperti, Lorenzo Bini Smaghi, Gianpiero Dalla Zuanna, Umberto Eco e Andrea Riccardi, analizzano la situazione del nostro Paese in questo momento di grave crisi e spiegano perch\u00e9 l\u2019integrazione \u00e8 possibile e necessaria fin da ora.\" \/>\n<meta property=\"og:url\" content=\"https:\/\/www.guerini.it\/index.php\/prodotto\/9788862504225-integrazione\/\" \/>\n<meta property=\"og:site_name\" content=\"Guerini e Associati\" \/>\n<meta property=\"article:modified_time\" content=\"2024-06-12T12:41:50+00:00\" \/>\n<meta property=\"og:image\" content=\"https:\/\/www.guerini.it\/wp-content\/uploads\/2013\/04\/integrazione_04-04-2013.jpg\" \/>\n\t<meta property=\"og:image:width\" content=\"246\" \/>\n\t<meta property=\"og:image:height\" content=\"353\" \/>\n\t<meta property=\"og:image:type\" content=\"image\/jpeg\" \/>\n<meta name=\"twitter:card\" content=\"summary_large_image\" \/>\n<meta name=\"twitter:label1\" content=\"Tempo di lettura stimato\" \/>\n\t<meta name=\"twitter:data1\" content=\"1 minuto\" \/>\n<!-- \/ Yoast SEO plugin. -->","yoast_head_json":{"title":"Integrazione - Guerini e Associati","robots":{"index":"index","follow":"follow","max-snippet":"max-snippet:-1","max-image-preview":"max-image-preview:large","max-video-preview":"max-video-preview:-1"},"canonical":"https:\/\/www.guerini.it\/index.php\/prodotto\/9788862504225-integrazione\/","og_locale":"it_IT","og_type":"article","og_title":"Integrazione - Guerini e Associati","og_description":"\u00c8 possibile oggi pensare un \u00abmodello italiano\u00bb per le politiche di integrazione, che tenga conto delle caratteristiche demografiche ed economiche, della storia e della tradizione culturale del nostro Paese. \u00c8 il fatto nuovo che emerge dalle pagine di questo volume.   Una \u00abcultura diffusa\u00bb dell\u2019integrazione gi\u00e0 si manifesta spontaneamente nelle famiglie, nelle scuole, nei luoghi di lavoro, nelle associazioni, negli enti locali. \u00c8 tempo che essa permei anche lo Stato, e che una regia statale gestisca l\u2019immigrazione, accompagni il passaggio dall\u2019emergenza a opportune politiche di integrazione. \u00c8 ci\u00f2 che \u00e8 accaduto a partire dal novembre 2011, con la creazione di un ministero per la Cooperazione internazionale e l\u2019Integrazione.  Quattro autorevoli esperti, Lorenzo Bini Smaghi, Gianpiero Dalla Zuanna, Umberto Eco e Andrea Riccardi, analizzano la situazione del nostro Paese in questo momento di grave crisi e spiegano perch\u00e9 l\u2019integrazione \u00e8 possibile e necessaria fin da ora.","og_url":"https:\/\/www.guerini.it\/index.php\/prodotto\/9788862504225-integrazione\/","og_site_name":"Guerini e Associati","article_modified_time":"2024-06-12T12:41:50+00:00","og_image":[{"width":246,"height":353,"url":"https:\/\/www.guerini.it\/wp-content\/uploads\/2013\/04\/integrazione_04-04-2013.jpg","type":"image\/jpeg"}],"twitter_card":"summary_large_image","twitter_misc":{"Tempo di lettura stimato":"1 minuto"},"schema":{"@context":"https:\/\/schema.org","@graph":[{"@type":"WebPage","@id":"https:\/\/www.guerini.it\/index.php\/prodotto\/9788862504225-integrazione\/","url":"https:\/\/www.guerini.it\/index.php\/prodotto\/9788862504225-integrazione\/","name":"Integrazione - Guerini e Associati","isPartOf":{"@id":"https:\/\/www.guerini.it\/#website"},"primaryImageOfPage":{"@id":"https:\/\/www.guerini.it\/index.php\/prodotto\/9788862504225-integrazione\/#primaryimage"},"image":{"@id":"https:\/\/www.guerini.it\/index.php\/prodotto\/9788862504225-integrazione\/#primaryimage"},"thumbnailUrl":"https:\/\/www.guerini.it\/wp-content\/uploads\/2013\/04\/integrazione_04-04-2013.jpg","datePublished":"2013-04-04T18:54:16+00:00","dateModified":"2024-06-12T12:41:50+00:00","breadcrumb":{"@id":"https:\/\/www.guerini.it\/index.php\/prodotto\/9788862504225-integrazione\/#breadcrumb"},"inLanguage":"it-IT","potentialAction":[{"@type":"ReadAction","target":["https:\/\/www.guerini.it\/index.php\/prodotto\/9788862504225-integrazione\/"]}]},{"@type":"ImageObject","inLanguage":"it-IT","@id":"https:\/\/www.guerini.it\/index.php\/prodotto\/9788862504225-integrazione\/#primaryimage","url":"https:\/\/www.guerini.it\/wp-content\/uploads\/2013\/04\/integrazione_04-04-2013.jpg","contentUrl":"https:\/\/www.guerini.it\/wp-content\/uploads\/2013\/04\/integrazione_04-04-2013.jpg","width":246,"height":353,"caption":"Integrazione"},{"@type":"BreadcrumbList","@id":"https:\/\/www.guerini.it\/index.php\/prodotto\/9788862504225-integrazione\/#breadcrumb","itemListElement":[{"@type":"ListItem","position":1,"name":"Home","item":"https:\/\/www.guerini.it\/"},{"@type":"ListItem","position":2,"name":"Catalogo","item":"https:\/\/www.guerini.it\/index.php\/negozio\/"},{"@type":"ListItem","position":3,"name":"Integrazione"}]},{"@type":"WebSite","@id":"https:\/\/www.guerini.it\/#website","url":"https:\/\/www.guerini.it\/","name":"Guerini e Associati","description":"30 anni di libri, idee e libert\u00e0","publisher":{"@id":"https:\/\/www.guerini.it\/#organization"},"potentialAction":[{"@type":"SearchAction","target":{"@type":"EntryPoint","urlTemplate":"https:\/\/www.guerini.it\/?s={search_term_string}"},"query-input":{"@type":"PropertyValueSpecification","valueRequired":true,"valueName":"search_term_string"}}],"inLanguage":"it-IT"},{"@type":"Organization","@id":"https:\/\/www.guerini.it\/#organization","name":"Guerini e Associati","url":"https:\/\/www.guerini.it\/","logo":{"@type":"ImageObject","inLanguage":"it-IT","@id":"https:\/\/www.guerini.it\/#\/schema\/logo\/image\/","url":"https:\/\/www.guerini.it\/wp-content\/uploads\/2021\/03\/Logo-Guerini-OK_-e1615831292285.png","contentUrl":"https:\/\/www.guerini.it\/wp-content\/uploads\/2021\/03\/Logo-Guerini-OK_-e1615831292285.png","width":2805,"height":1870,"caption":"Guerini e Associati"},"image":{"@id":"https:\/\/www.guerini.it\/#\/schema\/logo\/image\/"}}]}},"_links":{"self":[{"href":"https:\/\/www.guerini.it\/index.php\/wp-json\/wp\/v2\/product\/15208","targetHints":{"allow":["GET"]}}],"collection":[{"href":"https:\/\/www.guerini.it\/index.php\/wp-json\/wp\/v2\/product"}],"about":[{"href":"https:\/\/www.guerini.it\/index.php\/wp-json\/wp\/v2\/types\/product"}],"wp:featuredmedia":[{"embeddable":true,"href":"https:\/\/www.guerini.it\/index.php\/wp-json\/wp\/v2\/media\/15207"}],"wp:attachment":[{"href":"https:\/\/www.guerini.it\/index.php\/wp-json\/wp\/v2\/media?parent=15208"}],"wp:term":[{"taxonomy":"product_brand","embeddable":true,"href":"https:\/\/www.guerini.it\/index.php\/wp-json\/wp\/v2\/product_brand?post=15208"},{"taxonomy":"product_cat","embeddable":true,"href":"https:\/\/www.guerini.it\/index.php\/wp-json\/wp\/v2\/product_cat?post=15208"},{"taxonomy":"product_tag","embeddable":true,"href":"https:\/\/www.guerini.it\/index.php\/wp-json\/wp\/v2\/product_tag?post=15208"}],"curies":[{"name":"wp","href":"https:\/\/api.w.org\/{rel}","templated":true}]}}