{"id":15257,"date":"2013-10-10T10:42:40","date_gmt":"2013-10-10T08:42:40","guid":{"rendered":"https:\/\/test.guerini.it\/?product=9788881073566-generazione-responsabile"},"modified":"2024-06-12T14:35:10","modified_gmt":"2024-06-12T12:35:10","slug":"9788881073566-generazione-responsabile","status":"publish","type":"product","link":"https:\/\/www.guerini.it\/index.php\/prodotto\/9788881073566-generazione-responsabile\/","title":{"rendered":"La generazione responsabile"},"content":{"rendered":"<p>La realt\u00e0 giovanile \u00e8 sempre pi\u00f9 spesso al centro del dibattito collettivo, sebbene nel nostro Paese tale attenzione si traduca solo sporadicamente in iniziative in grado di incidere sulle politiche pubbliche. Le analisi dei ricercatori sociali possono fornire un contributo significativo alla riflessione sul ruolo dei giovani.<br \/>\nIn tale ottica, il libro punta a indagare un ambito specifico, quello delle pratiche di consumo, analizzando la realt\u00e0 dei ragazzi che vivono nella Marsica a partire dalle scelte di fruizione che pi\u00f9 li caratterizzano.<br \/>\nLa ricerca effettuata, infatti, ha permesso di individuare nuovi stili di consumo giovanile. L\u2019attenzione dedicata alle pratiche etiche di fruizione, inoltre, ne ha messo in luce le inedite potenzialit\u00e0 educative; la sfera dei consumi responsabili si accredita cos\u00ec come nuovo ambito formativo all\u2019interno del quale affrontare, con un approccio originale e innovativo, anche i temi dell\u2019impegno pubblico e della partecipazione sociale.<\/p>\n","protected":false},"excerpt":{"rendered":"<p>La realt\u00e0 giovanile \u00e8 sempre pi\u00f9 spesso al centro del dibattito collettivo, sebbene nel nostro Paese tale attenzione si traduca solo sporadicamente in iniziative in grado di incidere sulle politiche pubbliche. Le analisi dei ricercatori sociali possono fornire un contributo significativo alla riflessione sul ruolo dei giovani.<br \/>\nIn tale ottica, il libro punta a indagare un ambito specifico, quello delle pratiche di consumo, analizzando la realt\u00e0 dei ragazzi che vivono nella Marsica a partire dalle scelte di fruizione che pi\u00f9 li caratterizzano.<br \/>\nLa ricerca effettuata, infatti, ha permesso di individuare nuovi stili di consumo giovanile. L\u2019attenzione dedicata alle pratiche etiche di fruizione, inoltre, ne ha messo in luce le inedite potenzialit\u00e0 educative; la sfera dei consumi responsabili si accredita cos\u00ec come nuovo ambito formativo all\u2019interno del quale affrontare, con un approccio originale e innovativo, anche i temi dell\u2019impegno pubblico e della partecipazione sociale.<\/p>\n","protected":false},"featured_media":15256,"template":"","meta":{"_editorskit_title_hidden":false,"_editorskit_reading_time":0,"_editorskit_is_block_options_detached":false,"_editorskit_block_options_position":"{}","_monsterinsights_skip_tracking":false,"_monsterinsights_sitenote_active":false,"_monsterinsights_sitenote_note":"","_monsterinsights_sitenote_category":0},"product_brand":[],"product_cat":[6568,6537],"product_tag":[],"class_list":{"0":"post-15257","1":"product","2":"type-product","3":"status-publish","4":"has-post-thumbnail","6":"product_cat-sf","7":"product_cat-scienze-politiche-sociali","9":"first","10":"instock","11":"sale","12":"shipping-taxable","13":"purchasable","14":"product-type-simple"},"yoast_head":"<!-- This site is optimized with the Yoast SEO plugin v25.4 - https:\/\/yoast.com\/wordpress\/plugins\/seo\/ -->\n<title>La generazione responsabile - Guerini e Associati<\/title>\n<meta name=\"robots\" content=\"index, follow, max-snippet:-1, max-image-preview:large, max-video-preview:-1\" \/>\n<link rel=\"canonical\" href=\"https:\/\/www.guerini.it\/index.php\/prodotto\/9788881073566-generazione-responsabile\/\" \/>\n<meta property=\"og:locale\" content=\"it_IT\" \/>\n<meta property=\"og:type\" content=\"article\" \/>\n<meta property=\"og:title\" content=\"La generazione responsabile - Guerini e Associati\" \/>\n<meta property=\"og:description\" content=\"La realt\u00e0 giovanile \u00e8 sempre pi\u00f9 spesso al centro del dibattito collettivo, sebbene nel nostro Paese tale attenzione si traduca solo sporadicamente in iniziative in grado di incidere sulle politiche pubbliche. Le analisi dei ricercatori sociali possono fornire un contributo significativo alla riflessione sul ruolo dei giovani. In tale ottica, il libro punta a indagare un ambito specifico, quello delle pratiche di consumo, analizzando la realt\u00e0 dei ragazzi che vivono nella Marsica a partire dalle scelte di fruizione che pi\u00f9 li caratterizzano. La ricerca effettuata, infatti, ha permesso di individuare nuovi stili di consumo giovanile. L\u2019attenzione dedicata alle pratiche etiche di fruizione, inoltre, ne ha messo in luce le inedite potenzialit\u00e0 educative; la sfera dei consumi responsabili si accredita cos\u00ec come nuovo ambito formativo all\u2019interno del quale affrontare, con un approccio originale e innovativo, anche i temi dell\u2019impegno pubblico e della partecipazione sociale.\" \/>\n<meta property=\"og:url\" content=\"https:\/\/www.guerini.it\/index.php\/prodotto\/9788881073566-generazione-responsabile\/\" \/>\n<meta property=\"og:site_name\" content=\"Guerini e Associati\" \/>\n<meta property=\"article:modified_time\" content=\"2024-06-12T12:35:10+00:00\" \/>\n<meta property=\"og:image\" content=\"https:\/\/www.guerini.it\/wp-content\/uploads\/2013\/10\/generazione_responsabile_10-10-2013.jpg\" \/>\n\t<meta property=\"og:image:width\" content=\"222\" \/>\n\t<meta property=\"og:image:height\" content=\"353\" \/>\n\t<meta property=\"og:image:type\" content=\"image\/jpeg\" \/>\n<meta name=\"twitter:card\" content=\"summary_large_image\" \/>\n<meta name=\"twitter:label1\" content=\"Tempo di lettura stimato\" \/>\n\t<meta name=\"twitter:data1\" content=\"1 minuto\" \/>\n<!-- \/ Yoast SEO plugin. -->","yoast_head_json":{"title":"La generazione responsabile - Guerini e Associati","robots":{"index":"index","follow":"follow","max-snippet":"max-snippet:-1","max-image-preview":"max-image-preview:large","max-video-preview":"max-video-preview:-1"},"canonical":"https:\/\/www.guerini.it\/index.php\/prodotto\/9788881073566-generazione-responsabile\/","og_locale":"it_IT","og_type":"article","og_title":"La generazione responsabile - Guerini e Associati","og_description":"La realt\u00e0 giovanile \u00e8 sempre pi\u00f9 spesso al centro del dibattito collettivo, sebbene nel nostro Paese tale attenzione si traduca solo sporadicamente in iniziative in grado di incidere sulle politiche pubbliche. Le analisi dei ricercatori sociali possono fornire un contributo significativo alla riflessione sul ruolo dei giovani. In tale ottica, il libro punta a indagare un ambito specifico, quello delle pratiche di consumo, analizzando la realt\u00e0 dei ragazzi che vivono nella Marsica a partire dalle scelte di fruizione che pi\u00f9 li caratterizzano. La ricerca effettuata, infatti, ha permesso di individuare nuovi stili di consumo giovanile. L\u2019attenzione dedicata alle pratiche etiche di fruizione, inoltre, ne ha messo in luce le inedite potenzialit\u00e0 educative; la sfera dei consumi responsabili si accredita cos\u00ec come nuovo ambito formativo all\u2019interno del quale affrontare, con un approccio originale e innovativo, anche i temi dell\u2019impegno pubblico e della partecipazione sociale.","og_url":"https:\/\/www.guerini.it\/index.php\/prodotto\/9788881073566-generazione-responsabile\/","og_site_name":"Guerini e Associati","article_modified_time":"2024-06-12T12:35:10+00:00","og_image":[{"width":222,"height":353,"url":"https:\/\/www.guerini.it\/wp-content\/uploads\/2013\/10\/generazione_responsabile_10-10-2013.jpg","type":"image\/jpeg"}],"twitter_card":"summary_large_image","twitter_misc":{"Tempo di lettura stimato":"1 minuto"},"schema":{"@context":"https:\/\/schema.org","@graph":[{"@type":"WebPage","@id":"https:\/\/www.guerini.it\/index.php\/prodotto\/9788881073566-generazione-responsabile\/","url":"https:\/\/www.guerini.it\/index.php\/prodotto\/9788881073566-generazione-responsabile\/","name":"La generazione responsabile - Guerini e Associati","isPartOf":{"@id":"https:\/\/www.guerini.it\/#website"},"primaryImageOfPage":{"@id":"https:\/\/www.guerini.it\/index.php\/prodotto\/9788881073566-generazione-responsabile\/#primaryimage"},"image":{"@id":"https:\/\/www.guerini.it\/index.php\/prodotto\/9788881073566-generazione-responsabile\/#primaryimage"},"thumbnailUrl":"https:\/\/www.guerini.it\/wp-content\/uploads\/2013\/10\/generazione_responsabile_10-10-2013.jpg","datePublished":"2013-10-10T08:42:40+00:00","dateModified":"2024-06-12T12:35:10+00:00","breadcrumb":{"@id":"https:\/\/www.guerini.it\/index.php\/prodotto\/9788881073566-generazione-responsabile\/#breadcrumb"},"inLanguage":"it-IT","potentialAction":[{"@type":"ReadAction","target":["https:\/\/www.guerini.it\/index.php\/prodotto\/9788881073566-generazione-responsabile\/"]}]},{"@type":"ImageObject","inLanguage":"it-IT","@id":"https:\/\/www.guerini.it\/index.php\/prodotto\/9788881073566-generazione-responsabile\/#primaryimage","url":"https:\/\/www.guerini.it\/wp-content\/uploads\/2013\/10\/generazione_responsabile_10-10-2013.jpg","contentUrl":"https:\/\/www.guerini.it\/wp-content\/uploads\/2013\/10\/generazione_responsabile_10-10-2013.jpg","width":222,"height":353,"caption":"La generazione responsabile"},{"@type":"BreadcrumbList","@id":"https:\/\/www.guerini.it\/index.php\/prodotto\/9788881073566-generazione-responsabile\/#breadcrumb","itemListElement":[{"@type":"ListItem","position":1,"name":"Home","item":"https:\/\/www.guerini.it\/"},{"@type":"ListItem","position":2,"name":"Catalogo","item":"https:\/\/www.guerini.it\/index.php\/negozio\/"},{"@type":"ListItem","position":3,"name":"La generazione responsabile"}]},{"@type":"WebSite","@id":"https:\/\/www.guerini.it\/#website","url":"https:\/\/www.guerini.it\/","name":"Guerini e Associati","description":"30 anni di libri, idee e libert\u00e0","publisher":{"@id":"https:\/\/www.guerini.it\/#organization"},"potentialAction":[{"@type":"SearchAction","target":{"@type":"EntryPoint","urlTemplate":"https:\/\/www.guerini.it\/?s={search_term_string}"},"query-input":{"@type":"PropertyValueSpecification","valueRequired":true,"valueName":"search_term_string"}}],"inLanguage":"it-IT"},{"@type":"Organization","@id":"https:\/\/www.guerini.it\/#organization","name":"Guerini e Associati","url":"https:\/\/www.guerini.it\/","logo":{"@type":"ImageObject","inLanguage":"it-IT","@id":"https:\/\/www.guerini.it\/#\/schema\/logo\/image\/","url":"https:\/\/www.guerini.it\/wp-content\/uploads\/2021\/03\/Logo-Guerini-OK_-e1615831292285.png","contentUrl":"https:\/\/www.guerini.it\/wp-content\/uploads\/2021\/03\/Logo-Guerini-OK_-e1615831292285.png","width":2805,"height":1870,"caption":"Guerini e Associati"},"image":{"@id":"https:\/\/www.guerini.it\/#\/schema\/logo\/image\/"}}]}},"_links":{"self":[{"href":"https:\/\/www.guerini.it\/index.php\/wp-json\/wp\/v2\/product\/15257","targetHints":{"allow":["GET"]}}],"collection":[{"href":"https:\/\/www.guerini.it\/index.php\/wp-json\/wp\/v2\/product"}],"about":[{"href":"https:\/\/www.guerini.it\/index.php\/wp-json\/wp\/v2\/types\/product"}],"wp:featuredmedia":[{"embeddable":true,"href":"https:\/\/www.guerini.it\/index.php\/wp-json\/wp\/v2\/media\/15256"}],"wp:attachment":[{"href":"https:\/\/www.guerini.it\/index.php\/wp-json\/wp\/v2\/media?parent=15257"}],"wp:term":[{"taxonomy":"product_brand","embeddable":true,"href":"https:\/\/www.guerini.it\/index.php\/wp-json\/wp\/v2\/product_brand?post=15257"},{"taxonomy":"product_cat","embeddable":true,"href":"https:\/\/www.guerini.it\/index.php\/wp-json\/wp\/v2\/product_cat?post=15257"},{"taxonomy":"product_tag","embeddable":true,"href":"https:\/\/www.guerini.it\/index.php\/wp-json\/wp\/v2\/product_tag?post=15257"}],"curies":[{"name":"wp","href":"https:\/\/api.w.org\/{rel}","templated":true}]}}