{"id":15267,"date":"2013-10-16T08:14:12","date_gmt":"2013-10-16T06:14:12","guid":{"rendered":"https:\/\/test.guerini.it\/?product=9788862504300-resistenza-silenziosa"},"modified":"2024-06-12T14:42:04","modified_gmt":"2024-06-12T12:42:04","slug":"9788862504300-resistenza-silenziosa","status":"publish","type":"product","link":"https:\/\/www.guerini.it\/index.php\/prodotto\/9788862504300-resistenza-silenziosa\/","title":{"rendered":"La resistenza silenziosa"},"content":{"rendered":"<p style=\"text-align: justify;\">Il 16 ottobre 1943 gli ebrei romani furono arrestati dai nazisti e deportati ad Auschwitz: pi\u00f9 di mille, uomini, donne, bambini e anziani, persero la vita nel famigerato campo della morte. Fino alla liberazione della citt\u00e0, il 4 giugno 1944, altre centinaia di ebrei furono arrestati e deportati. Coloro che sfuggirono alla morte vissero i mesi successivi nascondendosi e fuggendo dai nazisti e dagli italiani collaborazionisti di Sal\u00f2. Questo libro, che si presenta in una seconda edizione a settant\u2019anni dalla tragedia, racconta le loro storie attraverso le testimonianze dirette di chi ha vissuto quel tragico periodo, aperto dalle leggi razziste del 1938, che hanno preparato la strada alle deportazioni. Il testo \u00e8 arricchito dalla toccante testimonianza di Enzo Camerino, preso il 16 ottobre, deportato ad Auschwitz e tra i sedici sopravvissuti, tornati dall\u2019inferno dei campi: le sue memorie ci restituiscono il tragico percorso di chi quel 16 ottobre fu strappato dalla propria casa e dai propri affetti e condotto verso la morte a causa di un\u2019ideologia fondata sull\u2019odio per chi viene percepito come diverso.<br \/>\nI protagonisti delle storie raccontate sono, all\u2019epoca, ragazzi, poco pi\u00f9 che adolescenti. Sono scampati a volte per caso, a volte perch\u00e9 la solidariet\u00e0 e l\u2019amicizia dei loro concittadini \u2013 spesso dei religiosi \u2013 sono stati pi\u00f9 forti della paura delle rappresaglie. I loro ricordi, che pacatamente intrecciano insieme eventi drammatici e piccole vicende della vita quotidiana, testimonianze dai campi di sterminio e vivaci ritratti del popolo del Portico d\u2019Ottavia, sono consegnati ai giovani di oggi perch\u00e9 non si perda la memoria del pi\u00f9 grave crimine contro l\u2019umanit\u00e0 e perch\u00e9 la tragedia non si ripeta.<\/p>\n<p><strong>Permalink:\u00a0<\/strong><a href=\"http:\/\/digital.casalini.it\/9788881951345\">http:\/\/digital.casalini.it\/9788881951345<\/a><\/p>\n<hr \/>\n<p style=\"text-align: justify;\"><strong>MARCO IMPAGLIAZZO<\/strong> \u00e8 ordinario di Storia contemporanea presso l\u2019Universit\u00e0 per stranieri di Perugia e insegna anche presso la Scuola Nazionale dell\u2019Amministrazione. Tra le sue pubblicazioni per i nostri tipi ricordiamo <a href=\"https:\/\/www.guerini.it\/index.php\/prodotto\/una-finestra-sul-massacro\/\"><em>Una finestra sul massacro. Documenti inediti sulle stragi degli armeni<\/em><\/a> (2000) e <a href=\"https:\/\/www.guerini.it\/index.php\/prodotto\/la-diocesi-del-papa\/\"><em>La diocesi del Papa. La Chiesa di Roma negli anni di Paolo VI<\/em> <\/a>(2006). Ha curato anche <em>I Cristiani del terzo Millennio<\/em> (Cinisello Balsamo 2006) e <em>Shock Wojtyla. L&#8217;inizio del pontificato<\/em> (Cinisello Balsamo 2010).<\/p>\n","protected":false},"excerpt":{"rendered":"<p>Il 16 ottobre 1943 gli ebrei romani furono arrestati dai nazisti e deportati ad Auschwitz: pi\u00f9 di mille, uomini, donne, bambini e anziani, persero la vita nel famigerato campo della morte. Fino alla liberazione della citt\u00e0, il 4 giugno 1944, altre centinaia di ebrei furono arrestati e deportati. Coloro che sfuggirono alla morte vissero i mesi successivi nascondendosi e fuggendo dai nazisti e dagli italiani collaborazionisti di Sal\u00f2. Questo libro, che si presenta in una seconda edizione a settant\u2019anni dalla tragedia, racconta le loro storie attraverso le testimonianze dirette di chi ha vissuto quel tragico periodo, aperto dalle leggi razziste del 1938, che hanno preparato la strada alle deportazioni.<\/p>\n","protected":false},"featured_media":15266,"template":"","meta":{"_editorskit_title_hidden":false,"_editorskit_reading_time":0,"_editorskit_is_block_options_detached":false,"_editorskit_block_options_position":"{}","_monsterinsights_skip_tracking":false,"_monsterinsights_sitenote_active":false,"_monsterinsights_sitenote_note":"","_monsterinsights_sitenote_category":0},"product_brand":[],"product_cat":[6539],"product_tag":[],"class_list":{"0":"post-15267","1":"product","2":"type-product","3":"status-publish","4":"has-post-thumbnail","6":"product_cat-storia-e-geografia","8":"first","9":"instock","10":"sale","11":"shipping-taxable","12":"purchasable","13":"product-type-simple"},"yoast_head":"<!-- This site is optimized with the Yoast SEO plugin v25.4 - https:\/\/yoast.com\/wordpress\/plugins\/seo\/ -->\n<title>La resistenza silenziosa - Guerini e Associati<\/title>\n<meta name=\"robots\" content=\"index, follow, max-snippet:-1, max-image-preview:large, max-video-preview:-1\" \/>\n<link rel=\"canonical\" href=\"https:\/\/www.guerini.it\/index.php\/prodotto\/9788862504300-resistenza-silenziosa\/\" \/>\n<meta property=\"og:locale\" content=\"it_IT\" \/>\n<meta property=\"og:type\" content=\"article\" \/>\n<meta property=\"og:title\" content=\"La resistenza silenziosa - Guerini e Associati\" \/>\n<meta property=\"og:description\" content=\"Il 16 ottobre 1943 gli ebrei romani furono arrestati dai nazisti e deportati ad Auschwitz: pi\u00f9 di mille, uomini, donne, bambini e anziani, persero la vita nel famigerato campo della morte. Fino alla liberazione della citt\u00e0, il 4 giugno 1944, altre centinaia di ebrei furono arrestati e deportati. Coloro che sfuggirono alla morte vissero i mesi successivi nascondendosi e fuggendo dai nazisti e dagli italiani collaborazionisti di Sal\u00f2. Questo libro, che si presenta in una seconda edizione a settant\u2019anni dalla tragedia, racconta le loro storie attraverso le testimonianze dirette di chi ha vissuto quel tragico periodo, aperto dalle leggi razziste del 1938, che hanno preparato la strada alle deportazioni.\" \/>\n<meta property=\"og:url\" content=\"https:\/\/www.guerini.it\/index.php\/prodotto\/9788862504300-resistenza-silenziosa\/\" \/>\n<meta property=\"og:site_name\" content=\"Guerini e Associati\" \/>\n<meta property=\"article:modified_time\" content=\"2024-06-12T12:42:04+00:00\" \/>\n<meta property=\"og:image\" content=\"https:\/\/www.guerini.it\/wp-content\/uploads\/2013\/10\/resistenza_silenziosa_la_10-16-2013.jpg\" \/>\n\t<meta property=\"og:image:width\" content=\"225\" \/>\n\t<meta property=\"og:image:height\" content=\"353\" \/>\n\t<meta property=\"og:image:type\" content=\"image\/jpeg\" \/>\n<meta name=\"twitter:card\" content=\"summary_large_image\" \/>\n<meta name=\"twitter:label1\" content=\"Tempo di lettura stimato\" \/>\n\t<meta name=\"twitter:data1\" content=\"2 minuti\" \/>\n<!-- \/ Yoast SEO plugin. -->","yoast_head_json":{"title":"La resistenza silenziosa - Guerini e Associati","robots":{"index":"index","follow":"follow","max-snippet":"max-snippet:-1","max-image-preview":"max-image-preview:large","max-video-preview":"max-video-preview:-1"},"canonical":"https:\/\/www.guerini.it\/index.php\/prodotto\/9788862504300-resistenza-silenziosa\/","og_locale":"it_IT","og_type":"article","og_title":"La resistenza silenziosa - Guerini e Associati","og_description":"Il 16 ottobre 1943 gli ebrei romani furono arrestati dai nazisti e deportati ad Auschwitz: pi\u00f9 di mille, uomini, donne, bambini e anziani, persero la vita nel famigerato campo della morte. Fino alla liberazione della citt\u00e0, il 4 giugno 1944, altre centinaia di ebrei furono arrestati e deportati. Coloro che sfuggirono alla morte vissero i mesi successivi nascondendosi e fuggendo dai nazisti e dagli italiani collaborazionisti di Sal\u00f2. Questo libro, che si presenta in una seconda edizione a settant\u2019anni dalla tragedia, racconta le loro storie attraverso le testimonianze dirette di chi ha vissuto quel tragico periodo, aperto dalle leggi razziste del 1938, che hanno preparato la strada alle deportazioni.","og_url":"https:\/\/www.guerini.it\/index.php\/prodotto\/9788862504300-resistenza-silenziosa\/","og_site_name":"Guerini e Associati","article_modified_time":"2024-06-12T12:42:04+00:00","og_image":[{"width":225,"height":353,"url":"https:\/\/www.guerini.it\/wp-content\/uploads\/2013\/10\/resistenza_silenziosa_la_10-16-2013.jpg","type":"image\/jpeg"}],"twitter_card":"summary_large_image","twitter_misc":{"Tempo di lettura stimato":"2 minuti"},"schema":{"@context":"https:\/\/schema.org","@graph":[{"@type":"WebPage","@id":"https:\/\/www.guerini.it\/index.php\/prodotto\/9788862504300-resistenza-silenziosa\/","url":"https:\/\/www.guerini.it\/index.php\/prodotto\/9788862504300-resistenza-silenziosa\/","name":"La resistenza silenziosa - Guerini e Associati","isPartOf":{"@id":"https:\/\/www.guerini.it\/#website"},"primaryImageOfPage":{"@id":"https:\/\/www.guerini.it\/index.php\/prodotto\/9788862504300-resistenza-silenziosa\/#primaryimage"},"image":{"@id":"https:\/\/www.guerini.it\/index.php\/prodotto\/9788862504300-resistenza-silenziosa\/#primaryimage"},"thumbnailUrl":"https:\/\/www.guerini.it\/wp-content\/uploads\/2013\/10\/resistenza_silenziosa_la_10-16-2013.jpg","datePublished":"2013-10-16T06:14:12+00:00","dateModified":"2024-06-12T12:42:04+00:00","breadcrumb":{"@id":"https:\/\/www.guerini.it\/index.php\/prodotto\/9788862504300-resistenza-silenziosa\/#breadcrumb"},"inLanguage":"it-IT","potentialAction":[{"@type":"ReadAction","target":["https:\/\/www.guerini.it\/index.php\/prodotto\/9788862504300-resistenza-silenziosa\/"]}]},{"@type":"ImageObject","inLanguage":"it-IT","@id":"https:\/\/www.guerini.it\/index.php\/prodotto\/9788862504300-resistenza-silenziosa\/#primaryimage","url":"https:\/\/www.guerini.it\/wp-content\/uploads\/2013\/10\/resistenza_silenziosa_la_10-16-2013.jpg","contentUrl":"https:\/\/www.guerini.it\/wp-content\/uploads\/2013\/10\/resistenza_silenziosa_la_10-16-2013.jpg","width":225,"height":353,"caption":"La resistenza silenziosa"},{"@type":"BreadcrumbList","@id":"https:\/\/www.guerini.it\/index.php\/prodotto\/9788862504300-resistenza-silenziosa\/#breadcrumb","itemListElement":[{"@type":"ListItem","position":1,"name":"Home","item":"https:\/\/www.guerini.it\/"},{"@type":"ListItem","position":2,"name":"Catalogo","item":"https:\/\/www.guerini.it\/index.php\/negozio\/"},{"@type":"ListItem","position":3,"name":"La resistenza silenziosa"}]},{"@type":"WebSite","@id":"https:\/\/www.guerini.it\/#website","url":"https:\/\/www.guerini.it\/","name":"Guerini e Associati","description":"30 anni di libri, idee e libert\u00e0","publisher":{"@id":"https:\/\/www.guerini.it\/#organization"},"potentialAction":[{"@type":"SearchAction","target":{"@type":"EntryPoint","urlTemplate":"https:\/\/www.guerini.it\/?s={search_term_string}"},"query-input":{"@type":"PropertyValueSpecification","valueRequired":true,"valueName":"search_term_string"}}],"inLanguage":"it-IT"},{"@type":"Organization","@id":"https:\/\/www.guerini.it\/#organization","name":"Guerini e Associati","url":"https:\/\/www.guerini.it\/","logo":{"@type":"ImageObject","inLanguage":"it-IT","@id":"https:\/\/www.guerini.it\/#\/schema\/logo\/image\/","url":"https:\/\/www.guerini.it\/wp-content\/uploads\/2021\/03\/Logo-Guerini-OK_-e1615831292285.png","contentUrl":"https:\/\/www.guerini.it\/wp-content\/uploads\/2021\/03\/Logo-Guerini-OK_-e1615831292285.png","width":2805,"height":1870,"caption":"Guerini e Associati"},"image":{"@id":"https:\/\/www.guerini.it\/#\/schema\/logo\/image\/"}}]}},"_links":{"self":[{"href":"https:\/\/www.guerini.it\/index.php\/wp-json\/wp\/v2\/product\/15267","targetHints":{"allow":["GET"]}}],"collection":[{"href":"https:\/\/www.guerini.it\/index.php\/wp-json\/wp\/v2\/product"}],"about":[{"href":"https:\/\/www.guerini.it\/index.php\/wp-json\/wp\/v2\/types\/product"}],"wp:featuredmedia":[{"embeddable":true,"href":"https:\/\/www.guerini.it\/index.php\/wp-json\/wp\/v2\/media\/15266"}],"wp:attachment":[{"href":"https:\/\/www.guerini.it\/index.php\/wp-json\/wp\/v2\/media?parent=15267"}],"wp:term":[{"taxonomy":"product_brand","embeddable":true,"href":"https:\/\/www.guerini.it\/index.php\/wp-json\/wp\/v2\/product_brand?post=15267"},{"taxonomy":"product_cat","embeddable":true,"href":"https:\/\/www.guerini.it\/index.php\/wp-json\/wp\/v2\/product_cat?post=15267"},{"taxonomy":"product_tag","embeddable":true,"href":"https:\/\/www.guerini.it\/index.php\/wp-json\/wp\/v2\/product_tag?post=15267"}],"curies":[{"name":"wp","href":"https:\/\/api.w.org\/{rel}","templated":true}]}}