{"id":15303,"date":"2013-12-12T14:58:15","date_gmt":"2013-12-12T13:58:15","guid":{"rendered":"https:\/\/test.guerini.it\/?product=9788862504751-lombardia-nell-esperienza-dei-suoi-presidenti"},"modified":"2024-06-09T20:20:52","modified_gmt":"2024-06-09T18:20:52","slug":"9788862504751-lombardia-nell-esperienza-dei-suoi-presidenti","status":"publish","type":"product","link":"https:\/\/www.guerini.it\/index.php\/prodotto\/9788862504751-lombardia-nell-esperienza-dei-suoi-presidenti\/","title":{"rendered":"Lombardia nell&#8217;esperienza dei suoi presidenti (1970-2013)"},"content":{"rendered":"<p style=\"text-align: justify;\">Quest&rsquo;opera &egrave; stata realizzata soprattutto per i giovani. Non &egrave; la storia della Regione Lombardia; &egrave; piuttosto un racconto dell&rsquo;esperienza dei suoi Presidenti, uomini e donne che hanno governato, lottato, vinto e perso, che provano a suggerire alle nuove generazioni cosa trattenere per il futuro.  Il libro ha dieci capitoli, uno per ciascuna delle nove legislature, pi&ugrave; un decimo composto da interventi di studiosi internazionali. Quella della Lombardia &egrave; una bella storia di uomini e donne preziosi, di lunghi e di brevi percorsi di governo, di dimissioni ideali e imposte, di maggioranze e opposizioni, di giunte che cadono e che si riformano. &Egrave;, soprattutto, la storia del regionalismo che deve fare i conti con uno Stato centrale abbastanza debole da temerlo e abbastanza forte da resistervi; uno Stato che oscilla tra la consapevole necessit&agrave; di decentralizzare alcune funzioni e il sistematico rifiuto di cedere potere.<\/p>\n","protected":false},"excerpt":{"rendered":"<p>Quest\u2019opera \u00e8 stata realizzata soprattutto per i giovani. Non \u00e8 la storia della Regione Lombardia; \u00e8 piuttosto un racconto dell\u2019esperienza dei suoi Presidenti, uomini e donne che hanno governato, lottato, vinto e perso, che provano a suggerire alle nuove generazioni cosa trattenere per il futuro.<\/p>\n","protected":false},"featured_media":15302,"template":"","meta":{"_editorskit_title_hidden":false,"_editorskit_reading_time":0,"_editorskit_is_block_options_detached":false,"_editorskit_block_options_position":"{}","_monsterinsights_skip_tracking":false,"_monsterinsights_sitenote_active":false,"_monsterinsights_sitenote_note":"","_monsterinsights_sitenote_category":0},"product_brand":[],"product_cat":[6527],"product_tag":[],"class_list":{"0":"post-15303","1":"product","2":"type-product","3":"status-publish","4":"has-post-thumbnail","6":"product_cat-attualita","8":"first","9":"outofstock","10":"sale","11":"shipping-taxable","12":"purchasable","13":"product-type-simple"},"yoast_head":"<!-- This site is optimized with the Yoast SEO plugin v25.4 - https:\/\/yoast.com\/wordpress\/plugins\/seo\/ -->\n<title>Lombardia nell&#039;esperienza dei suoi presidenti (1970-2013) - Guerini e Associati<\/title>\n<meta name=\"robots\" content=\"index, follow, max-snippet:-1, max-image-preview:large, max-video-preview:-1\" \/>\n<link rel=\"canonical\" href=\"https:\/\/www.guerini.it\/index.php\/prodotto\/9788862504751-lombardia-nell-esperienza-dei-suoi-presidenti\/\" \/>\n<meta property=\"og:locale\" content=\"it_IT\" \/>\n<meta property=\"og:type\" content=\"article\" \/>\n<meta property=\"og:title\" content=\"Lombardia nell&#039;esperienza dei suoi presidenti (1970-2013) - Guerini e Associati\" \/>\n<meta property=\"og:description\" content=\"Quest\u2019opera \u00e8 stata realizzata soprattutto per i giovani. Non \u00e8 la storia della Regione Lombardia; \u00e8 piuttosto un racconto dell\u2019esperienza dei suoi Presidenti, uomini e donne che hanno governato, lottato, vinto e perso, che provano a suggerire alle nuove generazioni cosa trattenere per il futuro.\" \/>\n<meta property=\"og:url\" content=\"https:\/\/www.guerini.it\/index.php\/prodotto\/9788862504751-lombardia-nell-esperienza-dei-suoi-presidenti\/\" \/>\n<meta property=\"og:site_name\" content=\"Guerini e Associati\" \/>\n<meta property=\"article:modified_time\" content=\"2024-06-09T18:20:52+00:00\" \/>\n<meta property=\"og:image\" content=\"https:\/\/www.guerini.it\/wp-content\/uploads\/2013\/12\/lombardia_nell_esperienza_dei_presidenti_bordi.jpg\" \/>\n\t<meta property=\"og:image:width\" content=\"282\" \/>\n\t<meta property=\"og:image:height\" content=\"353\" \/>\n\t<meta property=\"og:image:type\" content=\"image\/jpeg\" \/>\n<meta name=\"twitter:card\" content=\"summary_large_image\" \/>\n<meta name=\"twitter:label1\" content=\"Tempo di lettura stimato\" \/>\n\t<meta name=\"twitter:data1\" content=\"1 minuto\" \/>\n<!-- \/ Yoast SEO plugin. -->","yoast_head_json":{"title":"Lombardia nell'esperienza dei suoi presidenti (1970-2013) - Guerini e Associati","robots":{"index":"index","follow":"follow","max-snippet":"max-snippet:-1","max-image-preview":"max-image-preview:large","max-video-preview":"max-video-preview:-1"},"canonical":"https:\/\/www.guerini.it\/index.php\/prodotto\/9788862504751-lombardia-nell-esperienza-dei-suoi-presidenti\/","og_locale":"it_IT","og_type":"article","og_title":"Lombardia nell'esperienza dei suoi presidenti (1970-2013) - Guerini e Associati","og_description":"Quest\u2019opera \u00e8 stata realizzata soprattutto per i giovani. Non \u00e8 la storia della Regione Lombardia; \u00e8 piuttosto un racconto dell\u2019esperienza dei suoi Presidenti, uomini e donne che hanno governato, lottato, vinto e perso, che provano a suggerire alle nuove generazioni cosa trattenere per il futuro.","og_url":"https:\/\/www.guerini.it\/index.php\/prodotto\/9788862504751-lombardia-nell-esperienza-dei-suoi-presidenti\/","og_site_name":"Guerini e Associati","article_modified_time":"2024-06-09T18:20:52+00:00","og_image":[{"width":282,"height":353,"url":"https:\/\/www.guerini.it\/wp-content\/uploads\/2013\/12\/lombardia_nell_esperienza_dei_presidenti_bordi.jpg","type":"image\/jpeg"}],"twitter_card":"summary_large_image","twitter_misc":{"Tempo di lettura stimato":"1 minuto"},"schema":{"@context":"https:\/\/schema.org","@graph":[{"@type":"WebPage","@id":"https:\/\/www.guerini.it\/index.php\/prodotto\/9788862504751-lombardia-nell-esperienza-dei-suoi-presidenti\/","url":"https:\/\/www.guerini.it\/index.php\/prodotto\/9788862504751-lombardia-nell-esperienza-dei-suoi-presidenti\/","name":"Lombardia nell'esperienza dei suoi presidenti (1970-2013) - Guerini e Associati","isPartOf":{"@id":"https:\/\/www.guerini.it\/#website"},"primaryImageOfPage":{"@id":"https:\/\/www.guerini.it\/index.php\/prodotto\/9788862504751-lombardia-nell-esperienza-dei-suoi-presidenti\/#primaryimage"},"image":{"@id":"https:\/\/www.guerini.it\/index.php\/prodotto\/9788862504751-lombardia-nell-esperienza-dei-suoi-presidenti\/#primaryimage"},"thumbnailUrl":"https:\/\/www.guerini.it\/wp-content\/uploads\/2013\/12\/lombardia_nell_esperienza_dei_presidenti_bordi.jpg","datePublished":"2013-12-12T13:58:15+00:00","dateModified":"2024-06-09T18:20:52+00:00","breadcrumb":{"@id":"https:\/\/www.guerini.it\/index.php\/prodotto\/9788862504751-lombardia-nell-esperienza-dei-suoi-presidenti\/#breadcrumb"},"inLanguage":"it-IT","potentialAction":[{"@type":"ReadAction","target":["https:\/\/www.guerini.it\/index.php\/prodotto\/9788862504751-lombardia-nell-esperienza-dei-suoi-presidenti\/"]}]},{"@type":"ImageObject","inLanguage":"it-IT","@id":"https:\/\/www.guerini.it\/index.php\/prodotto\/9788862504751-lombardia-nell-esperienza-dei-suoi-presidenti\/#primaryimage","url":"https:\/\/www.guerini.it\/wp-content\/uploads\/2013\/12\/lombardia_nell_esperienza_dei_presidenti_bordi.jpg","contentUrl":"https:\/\/www.guerini.it\/wp-content\/uploads\/2013\/12\/lombardia_nell_esperienza_dei_presidenti_bordi.jpg","width":282,"height":353,"caption":"Lombardia nell'esperienza dei suoi presidenti"},{"@type":"BreadcrumbList","@id":"https:\/\/www.guerini.it\/index.php\/prodotto\/9788862504751-lombardia-nell-esperienza-dei-suoi-presidenti\/#breadcrumb","itemListElement":[{"@type":"ListItem","position":1,"name":"Home","item":"https:\/\/www.guerini.it\/"},{"@type":"ListItem","position":2,"name":"Catalogo","item":"https:\/\/www.guerini.it\/index.php\/negozio\/"},{"@type":"ListItem","position":3,"name":"Lombardia nell&#8217;esperienza dei suoi presidenti (1970-2013)"}]},{"@type":"WebSite","@id":"https:\/\/www.guerini.it\/#website","url":"https:\/\/www.guerini.it\/","name":"Guerini e Associati","description":"30 anni di libri, idee e libert\u00e0","publisher":{"@id":"https:\/\/www.guerini.it\/#organization"},"potentialAction":[{"@type":"SearchAction","target":{"@type":"EntryPoint","urlTemplate":"https:\/\/www.guerini.it\/?s={search_term_string}"},"query-input":{"@type":"PropertyValueSpecification","valueRequired":true,"valueName":"search_term_string"}}],"inLanguage":"it-IT"},{"@type":"Organization","@id":"https:\/\/www.guerini.it\/#organization","name":"Guerini e Associati","url":"https:\/\/www.guerini.it\/","logo":{"@type":"ImageObject","inLanguage":"it-IT","@id":"https:\/\/www.guerini.it\/#\/schema\/logo\/image\/","url":"https:\/\/www.guerini.it\/wp-content\/uploads\/2021\/03\/Logo-Guerini-OK_-e1615831292285.png","contentUrl":"https:\/\/www.guerini.it\/wp-content\/uploads\/2021\/03\/Logo-Guerini-OK_-e1615831292285.png","width":2805,"height":1870,"caption":"Guerini e Associati"},"image":{"@id":"https:\/\/www.guerini.it\/#\/schema\/logo\/image\/"}}]}},"_links":{"self":[{"href":"https:\/\/www.guerini.it\/index.php\/wp-json\/wp\/v2\/product\/15303","targetHints":{"allow":["GET"]}}],"collection":[{"href":"https:\/\/www.guerini.it\/index.php\/wp-json\/wp\/v2\/product"}],"about":[{"href":"https:\/\/www.guerini.it\/index.php\/wp-json\/wp\/v2\/types\/product"}],"wp:featuredmedia":[{"embeddable":true,"href":"https:\/\/www.guerini.it\/index.php\/wp-json\/wp\/v2\/media\/15302"}],"wp:attachment":[{"href":"https:\/\/www.guerini.it\/index.php\/wp-json\/wp\/v2\/media?parent=15303"}],"wp:term":[{"taxonomy":"product_brand","embeddable":true,"href":"https:\/\/www.guerini.it\/index.php\/wp-json\/wp\/v2\/product_brand?post=15303"},{"taxonomy":"product_cat","embeddable":true,"href":"https:\/\/www.guerini.it\/index.php\/wp-json\/wp\/v2\/product_cat?post=15303"},{"taxonomy":"product_tag","embeddable":true,"href":"https:\/\/www.guerini.it\/index.php\/wp-json\/wp\/v2\/product_tag?post=15303"}],"curies":[{"name":"wp","href":"https:\/\/api.w.org\/{rel}","templated":true}]}}