{"id":15327,"date":"2014-02-25T10:18:49","date_gmt":"2014-02-25T09:18:49","guid":{"rendered":"https:\/\/test.guerini.it\/?product=lean-philosophy-9788862505079"},"modified":"2024-12-11T16:14:21","modified_gmt":"2024-12-11T15:14:21","slug":"lean-philosophy-9788862505079","status":"publish","type":"product","link":"https:\/\/www.guerini.it\/index.php\/prodotto\/lean-philosophy-9788862505079\/","title":{"rendered":"Lean Philosophy"},"content":{"rendered":"<p>Il \u00abpensiero snello\u00bb non \u00e8 e non pu\u00f2 essere ridotto a banale metodologia organizzativa e questo volume ci spiega perch\u00e9.<br \/>\nL&#8217;approccio della \u00ablean production\u00bb e del Toyota production System \u00e8 una vera e propria filosofia che affonda le radici nello zen.<br \/>\nAffinch\u00e9 il \u00ablean thinking\u00bb dia i suoi frutti occorre andare in profondit\u00e0 e scoprirne le origini filosofiche e culturali, perch\u00e9 solo cos\u00ec la dimensione applicativa potr\u00e0 incarnare una nuova ed efficace cultura d&#8217;impresa.<\/p>\n<p>&nbsp;<\/p>\n<p>Per seguire l&#8217;autore, commentare il libro e tenersi aggiornati sulla Lean Philosophy <a href=\"http:\/\/www.formazioneumana.it\/\">www.formazioneumana.it\u00a0<\/a><\/p>\n","protected":false},"excerpt":{"rendered":"<p>Il \u00abpensiero snello\u00bb non \u00e8 e non pu\u00f2 essere ridotto a banale metodologia organizzativa e questo volume ci spiega perch\u00e9.<br \/>\nL&#8217;approccio della \u00ablean production\u00bb e del Toyota production System \u00e8 una vera e propria filosofia che affonda le proprie radici nello zen. Affinch\u00e9 il \u00ablean thinking\u00bb dia i suoi frutti occorre andare in profondit\u00e0 e scoprirne le origini filosofiche e culturali, perch\u00e9 solo cos\u00ec la dimensione applicativa potr\u00e0 incarnare una nuova ed efficace cultura d&#8217;impresa.<\/p>\n","protected":false},"featured_media":15326,"template":"","meta":{"_editorskit_title_hidden":false,"_editorskit_reading_time":0,"_editorskit_is_block_options_detached":false,"_editorskit_block_options_position":"{}","_monsterinsights_skip_tracking":false,"_monsterinsights_sitenote_active":false,"_monsterinsights_sitenote_note":"","_monsterinsights_sitenote_category":0},"product_brand":[],"product_cat":[6806],"product_tag":[],"class_list":{"0":"post-15327","1":"product","2":"type-product","3":"status-publish","4":"has-post-thumbnail","6":"product_cat-senza-categoria","7":"pa_guerini_link_apple_ibook-19-httpsitunesapplecomitbookl","8":"pa_guerini_link_giunti_punto-93-httpswwwgiuntialpuntoitpro","9":"pa_guerini_link_google_play-9b-httpsplaygooglecomstoreboo","10":"pa_guerini_link_kobo-c9-httpswwwkobocomititebookle","12":"first","13":"instock","14":"sale","15":"shipping-taxable","16":"purchasable","17":"product-type-simple"},"yoast_head":"<!-- This site is optimized with the Yoast SEO plugin v25.4 - https:\/\/yoast.com\/wordpress\/plugins\/seo\/ -->\n<title>Lean Philosophy - Guerini e Associati<\/title>\n<meta name=\"robots\" content=\"index, follow, max-snippet:-1, max-image-preview:large, max-video-preview:-1\" \/>\n<link rel=\"canonical\" href=\"https:\/\/www.guerini.it\/index.php\/prodotto\/lean-philosophy-9788862505079\/\" \/>\n<meta property=\"og:locale\" content=\"it_IT\" \/>\n<meta property=\"og:type\" content=\"article\" \/>\n<meta property=\"og:title\" content=\"Lean Philosophy - Guerini e Associati\" \/>\n<meta property=\"og:description\" content=\"Il \u00abpensiero snello\u00bb non \u00e8 e non pu\u00f2 essere ridotto a banale metodologia organizzativa e questo volume ci spiega perch\u00e9. L&#039;approccio della \u00ablean production\u00bb e del Toyota production System \u00e8 una vera e propria filosofia che affonda le proprie radici nello zen. Affinch\u00e9 il \u00ablean thinking\u00bb dia i suoi frutti occorre andare in profondit\u00e0 e scoprirne le origini filosofiche e culturali, perch\u00e9 solo cos\u00ec la dimensione applicativa potr\u00e0 incarnare una nuova ed efficace cultura d&#039;impresa.\" \/>\n<meta property=\"og:url\" content=\"https:\/\/www.guerini.it\/index.php\/prodotto\/lean-philosophy-9788862505079\/\" \/>\n<meta property=\"og:site_name\" content=\"Guerini e Associati\" \/>\n<meta property=\"article:modified_time\" content=\"2024-12-11T15:14:21+00:00\" \/>\n<meta property=\"og:image\" content=\"https:\/\/www.guerini.it\/wp-content\/uploads\/2014\/02\/lean_philosophy_sito.jpg\" \/>\n\t<meta property=\"og:image:width\" content=\"224\" \/>\n\t<meta property=\"og:image:height\" content=\"353\" \/>\n\t<meta property=\"og:image:type\" content=\"image\/jpeg\" \/>\n<meta name=\"twitter:card\" content=\"summary_large_image\" \/>\n<meta name=\"twitter:label1\" content=\"Tempo di lettura stimato\" \/>\n\t<meta name=\"twitter:data1\" content=\"1 minuto\" \/>\n<!-- \/ Yoast SEO plugin. -->","yoast_head_json":{"title":"Lean Philosophy - Guerini e Associati","robots":{"index":"index","follow":"follow","max-snippet":"max-snippet:-1","max-image-preview":"max-image-preview:large","max-video-preview":"max-video-preview:-1"},"canonical":"https:\/\/www.guerini.it\/index.php\/prodotto\/lean-philosophy-9788862505079\/","og_locale":"it_IT","og_type":"article","og_title":"Lean Philosophy - Guerini e Associati","og_description":"Il \u00abpensiero snello\u00bb non \u00e8 e non pu\u00f2 essere ridotto a banale metodologia organizzativa e questo volume ci spiega perch\u00e9. L'approccio della \u00ablean production\u00bb e del Toyota production System \u00e8 una vera e propria filosofia che affonda le proprie radici nello zen. Affinch\u00e9 il \u00ablean thinking\u00bb dia i suoi frutti occorre andare in profondit\u00e0 e scoprirne le origini filosofiche e culturali, perch\u00e9 solo cos\u00ec la dimensione applicativa potr\u00e0 incarnare una nuova ed efficace cultura d'impresa.","og_url":"https:\/\/www.guerini.it\/index.php\/prodotto\/lean-philosophy-9788862505079\/","og_site_name":"Guerini e Associati","article_modified_time":"2024-12-11T15:14:21+00:00","og_image":[{"width":224,"height":353,"url":"https:\/\/www.guerini.it\/wp-content\/uploads\/2014\/02\/lean_philosophy_sito.jpg","type":"image\/jpeg"}],"twitter_card":"summary_large_image","twitter_misc":{"Tempo di lettura stimato":"1 minuto"},"schema":{"@context":"https:\/\/schema.org","@graph":[{"@type":"WebPage","@id":"https:\/\/www.guerini.it\/index.php\/prodotto\/lean-philosophy-9788862505079\/","url":"https:\/\/www.guerini.it\/index.php\/prodotto\/lean-philosophy-9788862505079\/","name":"Lean Philosophy - Guerini e Associati","isPartOf":{"@id":"https:\/\/www.guerini.it\/#website"},"primaryImageOfPage":{"@id":"https:\/\/www.guerini.it\/index.php\/prodotto\/lean-philosophy-9788862505079\/#primaryimage"},"image":{"@id":"https:\/\/www.guerini.it\/index.php\/prodotto\/lean-philosophy-9788862505079\/#primaryimage"},"thumbnailUrl":"https:\/\/www.guerini.it\/wp-content\/uploads\/2014\/02\/lean_philosophy_sito.jpg","datePublished":"2014-02-25T09:18:49+00:00","dateModified":"2024-12-11T15:14:21+00:00","breadcrumb":{"@id":"https:\/\/www.guerini.it\/index.php\/prodotto\/lean-philosophy-9788862505079\/#breadcrumb"},"inLanguage":"it-IT","potentialAction":[{"@type":"ReadAction","target":["https:\/\/www.guerini.it\/index.php\/prodotto\/lean-philosophy-9788862505079\/"]}]},{"@type":"ImageObject","inLanguage":"it-IT","@id":"https:\/\/www.guerini.it\/index.php\/prodotto\/lean-philosophy-9788862505079\/#primaryimage","url":"https:\/\/www.guerini.it\/wp-content\/uploads\/2014\/02\/lean_philosophy_sito.jpg","contentUrl":"https:\/\/www.guerini.it\/wp-content\/uploads\/2014\/02\/lean_philosophy_sito.jpg","width":224,"height":353,"caption":"Lean Philosophy"},{"@type":"BreadcrumbList","@id":"https:\/\/www.guerini.it\/index.php\/prodotto\/lean-philosophy-9788862505079\/#breadcrumb","itemListElement":[{"@type":"ListItem","position":1,"name":"Home","item":"https:\/\/www.guerini.it\/"},{"@type":"ListItem","position":2,"name":"Catalogo","item":"https:\/\/www.guerini.it\/index.php\/negozio\/"},{"@type":"ListItem","position":3,"name":"Lean Philosophy"}]},{"@type":"WebSite","@id":"https:\/\/www.guerini.it\/#website","url":"https:\/\/www.guerini.it\/","name":"Guerini e Associati","description":"30 anni di libri, idee e libert\u00e0","publisher":{"@id":"https:\/\/www.guerini.it\/#organization"},"potentialAction":[{"@type":"SearchAction","target":{"@type":"EntryPoint","urlTemplate":"https:\/\/www.guerini.it\/?s={search_term_string}"},"query-input":{"@type":"PropertyValueSpecification","valueRequired":true,"valueName":"search_term_string"}}],"inLanguage":"it-IT"},{"@type":"Organization","@id":"https:\/\/www.guerini.it\/#organization","name":"Guerini e Associati","url":"https:\/\/www.guerini.it\/","logo":{"@type":"ImageObject","inLanguage":"it-IT","@id":"https:\/\/www.guerini.it\/#\/schema\/logo\/image\/","url":"https:\/\/www.guerini.it\/wp-content\/uploads\/2021\/03\/Logo-Guerini-OK_-e1615831292285.png","contentUrl":"https:\/\/www.guerini.it\/wp-content\/uploads\/2021\/03\/Logo-Guerini-OK_-e1615831292285.png","width":2805,"height":1870,"caption":"Guerini e Associati"},"image":{"@id":"https:\/\/www.guerini.it\/#\/schema\/logo\/image\/"}}]}},"_links":{"self":[{"href":"https:\/\/www.guerini.it\/index.php\/wp-json\/wp\/v2\/product\/15327","targetHints":{"allow":["GET"]}}],"collection":[{"href":"https:\/\/www.guerini.it\/index.php\/wp-json\/wp\/v2\/product"}],"about":[{"href":"https:\/\/www.guerini.it\/index.php\/wp-json\/wp\/v2\/types\/product"}],"wp:featuredmedia":[{"embeddable":true,"href":"https:\/\/www.guerini.it\/index.php\/wp-json\/wp\/v2\/media\/15326"}],"wp:attachment":[{"href":"https:\/\/www.guerini.it\/index.php\/wp-json\/wp\/v2\/media?parent=15327"}],"wp:term":[{"taxonomy":"product_brand","embeddable":true,"href":"https:\/\/www.guerini.it\/index.php\/wp-json\/wp\/v2\/product_brand?post=15327"},{"taxonomy":"product_cat","embeddable":true,"href":"https:\/\/www.guerini.it\/index.php\/wp-json\/wp\/v2\/product_cat?post=15327"},{"taxonomy":"product_tag","embeddable":true,"href":"https:\/\/www.guerini.it\/index.php\/wp-json\/wp\/v2\/product_tag?post=15327"}],"curies":[{"name":"wp","href":"https:\/\/api.w.org\/{rel}","templated":true}]}}