{"id":15337,"date":"2014-03-27T15:27:20","date_gmt":"2014-03-27T14:27:20","guid":{"rendered":"https:\/\/test.guerini.it\/?product=9788862504195-giunti-sul-passo-estremo"},"modified":"2024-06-12T14:41:43","modified_gmt":"2024-06-12T12:41:43","slug":"9788862504195-giunti-sul-passo-estremo","status":"publish","type":"product","link":"https:\/\/www.guerini.it\/index.php\/prodotto\/9788862504195-giunti-sul-passo-estremo\/","title":{"rendered":"Giunti sul passo estremo"},"content":{"rendered":"<p style=\"text-align: justify;\">Il fine vita chiama in causa vissuti, pratiche e significati attorno ai quali si concentra un processo di elaborazione collettiva. &Egrave; un tema problematico perch&eacute; si costituisce attraverso interrogativi urgenti cui dare una risposta su pi&ugrave; livelli interconnessi. I contributi raccolti nel testo sono frutto di ricerche empiriche che illuminano micro porzioni di realt&agrave;. Interrogano da vicino le esperienze e i racconti di vari soggetti coinvolti: medici e infermieri delle differenti istituzioni della cura e dell&rsquo;assistenza, familiari di pazienti in situazioni di fine vita (sia nativi che migranti), morenti ricoverati negli hospice. L&rsquo;analisi mette a fuoco alcuni percorsi collettivi e personali, in cui il riconoscimento dell&rsquo;autonomia del soggetto appare uno degli orizzonti dominanti.<\/p>\n<p style=\"text-align: justify;\">&nbsp;<\/p>\n<p style=\"text-align: justify;\"><strong>Permalink:&nbsp;<\/strong><a href=\"http:\/\/digital.casalini.it\/9788881950980\">http:\/\/digital.casalini.it\/9788881950980<\/a><\/p>\n","protected":false},"excerpt":{"rendered":"<p>Il fine vita chiama in causa vissuti, pratiche e significati attorno ai quali si concentra un processo di elaborazione collettiva. \u00c8 un tema problematico perch\u00e9 si costituisce attraverso interrogativi urgenti cui dare una risposta su pi\u00f9 livelli interconnessi.<br \/>\nI contributi raccolti nel testo sono frutto di ricerche empiriche che illuminano micro porzioni di realt\u00e0. Interrogano da vicino le esperienze e i racconti di vari soggetti coinvolti: medici e infermieri delle differenti istituzioni della cura e dell\u2019assistenza, familiari di pazienti in situazioni di fine vita (sia nativi che migranti), morenti ricoverati negli hospice.<br \/>\nL\u2019analisi mette a fuoco alcuni percorsi collettivi e personali, in cui il riconoscimento dell\u2019autonomia del soggetto appare uno degli orizzonti dominanti.<\/p>\n","protected":false},"featured_media":15336,"template":"","meta":{"_editorskit_title_hidden":false,"_editorskit_reading_time":0,"_editorskit_is_block_options_detached":false,"_editorskit_block_options_position":"{}","_monsterinsights_skip_tracking":false,"_monsterinsights_sitenote_active":false,"_monsterinsights_sitenote_note":"","_monsterinsights_sitenote_category":0},"product_brand":[],"product_cat":[6554,6534,6537],"product_tag":[],"class_list":{"0":"post-15337","1":"product","2":"type-product","3":"status-publish","4":"has-post-thumbnail","6":"product_cat-intersezioni-e-asincronie","7":"product_cat-medicina-e-ambiente","8":"product_cat-scienze-politiche-sociali","10":"first","11":"instock","12":"sale","13":"shipping-taxable","14":"purchasable","15":"product-type-simple"},"yoast_head":"<!-- This site is optimized with the Yoast SEO plugin v25.4 - https:\/\/yoast.com\/wordpress\/plugins\/seo\/ -->\n<title>Giunti sul passo estremo - Guerini e Associati<\/title>\n<meta name=\"robots\" content=\"index, follow, max-snippet:-1, max-image-preview:large, max-video-preview:-1\" \/>\n<link rel=\"canonical\" href=\"https:\/\/www.guerini.it\/index.php\/prodotto\/9788862504195-giunti-sul-passo-estremo\/\" \/>\n<meta property=\"og:locale\" content=\"it_IT\" \/>\n<meta property=\"og:type\" content=\"article\" \/>\n<meta property=\"og:title\" content=\"Giunti sul passo estremo - Guerini e Associati\" \/>\n<meta property=\"og:description\" content=\"Il fine vita chiama in causa vissuti, pratiche e significati attorno ai quali si concentra un processo di elaborazione collettiva. \u00c8 un tema problematico perch\u00e9 si costituisce attraverso interrogativi urgenti cui dare una risposta su pi\u00f9 livelli interconnessi. I contributi raccolti nel testo sono frutto di ricerche empiriche che illuminano micro porzioni di realt\u00e0. Interrogano da vicino le esperienze e i racconti di vari soggetti coinvolti: medici e infermieri delle differenti istituzioni della cura e dell\u2019assistenza, familiari di pazienti in situazioni di fine vita (sia nativi che migranti), morenti ricoverati negli hospice. L\u2019analisi mette a fuoco alcuni percorsi collettivi e personali, in cui il riconoscimento dell\u2019autonomia del soggetto appare uno degli orizzonti dominanti.\" \/>\n<meta property=\"og:url\" content=\"https:\/\/www.guerini.it\/index.php\/prodotto\/9788862504195-giunti-sul-passo-estremo\/\" \/>\n<meta property=\"og:site_name\" content=\"Guerini e Associati\" \/>\n<meta property=\"article:modified_time\" content=\"2024-06-12T12:41:43+00:00\" \/>\n<meta property=\"og:image\" content=\"https:\/\/www.guerini.it\/wp-content\/uploads\/2014\/03\/giunti_sul_passo_estremo_sito.jpg\" \/>\n\t<meta property=\"og:image:width\" content=\"225\" \/>\n\t<meta property=\"og:image:height\" content=\"353\" \/>\n\t<meta property=\"og:image:type\" content=\"image\/jpeg\" \/>\n<meta name=\"twitter:card\" content=\"summary_large_image\" \/>\n<meta name=\"twitter:label1\" content=\"Tempo di lettura stimato\" \/>\n\t<meta name=\"twitter:data1\" content=\"1 minuto\" \/>\n<!-- \/ Yoast SEO plugin. -->","yoast_head_json":{"title":"Giunti sul passo estremo - Guerini e Associati","robots":{"index":"index","follow":"follow","max-snippet":"max-snippet:-1","max-image-preview":"max-image-preview:large","max-video-preview":"max-video-preview:-1"},"canonical":"https:\/\/www.guerini.it\/index.php\/prodotto\/9788862504195-giunti-sul-passo-estremo\/","og_locale":"it_IT","og_type":"article","og_title":"Giunti sul passo estremo - Guerini e Associati","og_description":"Il fine vita chiama in causa vissuti, pratiche e significati attorno ai quali si concentra un processo di elaborazione collettiva. \u00c8 un tema problematico perch\u00e9 si costituisce attraverso interrogativi urgenti cui dare una risposta su pi\u00f9 livelli interconnessi. I contributi raccolti nel testo sono frutto di ricerche empiriche che illuminano micro porzioni di realt\u00e0. Interrogano da vicino le esperienze e i racconti di vari soggetti coinvolti: medici e infermieri delle differenti istituzioni della cura e dell\u2019assistenza, familiari di pazienti in situazioni di fine vita (sia nativi che migranti), morenti ricoverati negli hospice. L\u2019analisi mette a fuoco alcuni percorsi collettivi e personali, in cui il riconoscimento dell\u2019autonomia del soggetto appare uno degli orizzonti dominanti.","og_url":"https:\/\/www.guerini.it\/index.php\/prodotto\/9788862504195-giunti-sul-passo-estremo\/","og_site_name":"Guerini e Associati","article_modified_time":"2024-06-12T12:41:43+00:00","og_image":[{"width":225,"height":353,"url":"https:\/\/www.guerini.it\/wp-content\/uploads\/2014\/03\/giunti_sul_passo_estremo_sito.jpg","type":"image\/jpeg"}],"twitter_card":"summary_large_image","twitter_misc":{"Tempo di lettura stimato":"1 minuto"},"schema":{"@context":"https:\/\/schema.org","@graph":[{"@type":"WebPage","@id":"https:\/\/www.guerini.it\/index.php\/prodotto\/9788862504195-giunti-sul-passo-estremo\/","url":"https:\/\/www.guerini.it\/index.php\/prodotto\/9788862504195-giunti-sul-passo-estremo\/","name":"Giunti sul passo estremo - Guerini e Associati","isPartOf":{"@id":"https:\/\/www.guerini.it\/#website"},"primaryImageOfPage":{"@id":"https:\/\/www.guerini.it\/index.php\/prodotto\/9788862504195-giunti-sul-passo-estremo\/#primaryimage"},"image":{"@id":"https:\/\/www.guerini.it\/index.php\/prodotto\/9788862504195-giunti-sul-passo-estremo\/#primaryimage"},"thumbnailUrl":"https:\/\/www.guerini.it\/wp-content\/uploads\/2014\/03\/giunti_sul_passo_estremo_sito.jpg","datePublished":"2014-03-27T14:27:20+00:00","dateModified":"2024-06-12T12:41:43+00:00","breadcrumb":{"@id":"https:\/\/www.guerini.it\/index.php\/prodotto\/9788862504195-giunti-sul-passo-estremo\/#breadcrumb"},"inLanguage":"it-IT","potentialAction":[{"@type":"ReadAction","target":["https:\/\/www.guerini.it\/index.php\/prodotto\/9788862504195-giunti-sul-passo-estremo\/"]}]},{"@type":"ImageObject","inLanguage":"it-IT","@id":"https:\/\/www.guerini.it\/index.php\/prodotto\/9788862504195-giunti-sul-passo-estremo\/#primaryimage","url":"https:\/\/www.guerini.it\/wp-content\/uploads\/2014\/03\/giunti_sul_passo_estremo_sito.jpg","contentUrl":"https:\/\/www.guerini.it\/wp-content\/uploads\/2014\/03\/giunti_sul_passo_estremo_sito.jpg","width":225,"height":353,"caption":"Giunti sul passo estremo"},{"@type":"BreadcrumbList","@id":"https:\/\/www.guerini.it\/index.php\/prodotto\/9788862504195-giunti-sul-passo-estremo\/#breadcrumb","itemListElement":[{"@type":"ListItem","position":1,"name":"Home","item":"https:\/\/www.guerini.it\/"},{"@type":"ListItem","position":2,"name":"Catalogo","item":"https:\/\/www.guerini.it\/index.php\/negozio\/"},{"@type":"ListItem","position":3,"name":"Giunti sul passo estremo"}]},{"@type":"WebSite","@id":"https:\/\/www.guerini.it\/#website","url":"https:\/\/www.guerini.it\/","name":"Guerini e Associati","description":"30 anni di libri, idee e libert\u00e0","publisher":{"@id":"https:\/\/www.guerini.it\/#organization"},"potentialAction":[{"@type":"SearchAction","target":{"@type":"EntryPoint","urlTemplate":"https:\/\/www.guerini.it\/?s={search_term_string}"},"query-input":{"@type":"PropertyValueSpecification","valueRequired":true,"valueName":"search_term_string"}}],"inLanguage":"it-IT"},{"@type":"Organization","@id":"https:\/\/www.guerini.it\/#organization","name":"Guerini e Associati","url":"https:\/\/www.guerini.it\/","logo":{"@type":"ImageObject","inLanguage":"it-IT","@id":"https:\/\/www.guerini.it\/#\/schema\/logo\/image\/","url":"https:\/\/www.guerini.it\/wp-content\/uploads\/2021\/03\/Logo-Guerini-OK_-e1615831292285.png","contentUrl":"https:\/\/www.guerini.it\/wp-content\/uploads\/2021\/03\/Logo-Guerini-OK_-e1615831292285.png","width":2805,"height":1870,"caption":"Guerini e Associati"},"image":{"@id":"https:\/\/www.guerini.it\/#\/schema\/logo\/image\/"}}]}},"_links":{"self":[{"href":"https:\/\/www.guerini.it\/index.php\/wp-json\/wp\/v2\/product\/15337","targetHints":{"allow":["GET"]}}],"collection":[{"href":"https:\/\/www.guerini.it\/index.php\/wp-json\/wp\/v2\/product"}],"about":[{"href":"https:\/\/www.guerini.it\/index.php\/wp-json\/wp\/v2\/types\/product"}],"wp:featuredmedia":[{"embeddable":true,"href":"https:\/\/www.guerini.it\/index.php\/wp-json\/wp\/v2\/media\/15336"}],"wp:attachment":[{"href":"https:\/\/www.guerini.it\/index.php\/wp-json\/wp\/v2\/media?parent=15337"}],"wp:term":[{"taxonomy":"product_brand","embeddable":true,"href":"https:\/\/www.guerini.it\/index.php\/wp-json\/wp\/v2\/product_brand?post=15337"},{"taxonomy":"product_cat","embeddable":true,"href":"https:\/\/www.guerini.it\/index.php\/wp-json\/wp\/v2\/product_cat?post=15337"},{"taxonomy":"product_tag","embeddable":true,"href":"https:\/\/www.guerini.it\/index.php\/wp-json\/wp\/v2\/product_tag?post=15337"}],"curies":[{"name":"wp","href":"https:\/\/api.w.org\/{rel}","templated":true}]}}