{"id":15347,"date":"2014-04-18T10:14:53","date_gmt":"2014-04-18T08:14:53","guid":{"rendered":"https:\/\/test.guerini.it\/?product=9788862505444-post-comunicazione"},"modified":"2024-06-12T14:41:59","modified_gmt":"2024-06-12T12:41:59","slug":"9788862505444-post-comunicazione","status":"publish","type":"product","link":"https:\/\/www.guerini.it\/index.php\/prodotto\/9788862505444-post-comunicazione\/","title":{"rendered":"Post-comunicazione"},"content":{"rendered":"<p>La post-comunicazione \u00e8 quell\u2019insieme di superfici comunicative e ambienti di interazione generati dalle nuove tecnologie, che sta oggi diventando il moderno paradigma relazionale verso cui individui e societ\u00e0 moderne adeguano comportamenti e stili di vita. Tutti siamo digitali e organizziamo la nostra vita permeati dai nuovi media. Cos\u00ec non \u00e8 per le istituzioni e gli apparati pubblici che, al contrario, per la natura stessa che assume il potere burocratico, tendono a opporre resistenza al cambiamento. Se la crisi che la comunicazione pubblica sta attraversando \u00e8 cos\u00ec profonda, \u00e8 perch\u00e9 essa non mette in questione soltanto la legalit\u00e0 della funzione, ossia il campo delle regole che ne definiscono l\u2019esercizio, ma anche la sua legittimit\u00e0 nel rappresentare l\u2019immagine pubblica del Paese. Finito il tempo dello Stato-nazione come unit\u00e0 di misura dei processi comunicativi, un nuovo ruolo attende oggi la comunicazione pubblica. L\u2019approccio post-comunicativo spoglia di responsabilit\u00e0 l\u2019apparato pubblico per orientarsi al raccordo con una societ\u00e0 civile mediatizzata, globale e autonoma nelle auto-rappresentazioni.<\/p>\n","protected":false},"excerpt":{"rendered":"<p>La post-comunicazione \u00e8 quell\u2019insieme di superfici comunicative e ambienti di interazione generati dalle nuove tecnologie, che sta oggi diventando il moderno paradigma relazionale. Tutti siamo digitali e organizziamo la nostra vita permeati dai nuovi media. Cos\u00ec non \u00e8 per le istituzioni e gli apparati pubblici che, al contrario, per la natura stessa che assume il potere burocratico, tendono a opporre resistenza al cambiamento.Finito il tempo dello Stato-nazione come unit\u00e0 di misura dei processi comunicativi, un nuovo ruolo attende oggi la comunicazione pubblica. L\u2019approccio post-comunicativo spoglia di responsabilit\u00e0 l\u2019apparato pubblico per orientarsi al raccordo con una societ\u00e0 civile mediatizzata, globale e autonoma nelle auto-rappresentazioni.<\/p>\n","protected":false},"featured_media":15346,"template":"","meta":{"_editorskit_title_hidden":false,"_editorskit_reading_time":0,"_editorskit_is_block_options_detached":false,"_editorskit_block_options_position":"{}","_monsterinsights_skip_tracking":false,"_monsterinsights_sitenote_active":false,"_monsterinsights_sitenote_note":"","_monsterinsights_sitenote_category":0},"product_brand":[],"product_cat":[6528],"product_tag":[],"class_list":{"0":"post-15347","1":"product","2":"type-product","3":"status-publish","4":"has-post-thumbnail","6":"product_cat-comunicazione","8":"first","9":"instock","10":"sale","11":"shipping-taxable","12":"purchasable","13":"product-type-simple"},"yoast_head":"<!-- This site is optimized with the Yoast SEO plugin v25.4 - https:\/\/yoast.com\/wordpress\/plugins\/seo\/ -->\n<title>Post-comunicazione - Guerini e Associati<\/title>\n<meta name=\"robots\" content=\"index, follow, max-snippet:-1, max-image-preview:large, max-video-preview:-1\" \/>\n<link rel=\"canonical\" href=\"https:\/\/www.guerini.it\/index.php\/prodotto\/9788862505444-post-comunicazione\/\" \/>\n<meta property=\"og:locale\" content=\"it_IT\" \/>\n<meta property=\"og:type\" content=\"article\" \/>\n<meta property=\"og:title\" content=\"Post-comunicazione - Guerini e Associati\" \/>\n<meta property=\"og:description\" content=\"La post-comunicazione \u00e8 quell\u2019insieme di superfici comunicative e ambienti di interazione generati dalle nuove tecnologie, che sta oggi diventando il moderno paradigma relazionale. Tutti siamo digitali e organizziamo la nostra vita permeati dai nuovi media. Cos\u00ec non \u00e8 per le istituzioni e gli apparati pubblici che, al contrario, per la natura stessa che assume il potere burocratico, tendono a opporre resistenza al cambiamento.Finito il tempo dello Stato-nazione come unit\u00e0 di misura dei processi comunicativi, un nuovo ruolo attende oggi la comunicazione pubblica. L\u2019approccio post-comunicativo spoglia di responsabilit\u00e0 l\u2019apparato pubblico per orientarsi al raccordo con una societ\u00e0 civile mediatizzata, globale e autonoma nelle auto-rappresentazioni.\" \/>\n<meta property=\"og:url\" content=\"https:\/\/www.guerini.it\/index.php\/prodotto\/9788862505444-post-comunicazione\/\" \/>\n<meta property=\"og:site_name\" content=\"Guerini e Associati\" \/>\n<meta property=\"article:modified_time\" content=\"2024-06-12T12:41:59+00:00\" \/>\n<meta property=\"og:image\" content=\"https:\/\/www.guerini.it\/wp-content\/uploads\/2014\/04\/post-comunicazione.jpg\" \/>\n\t<meta property=\"og:image:width\" content=\"253\" \/>\n\t<meta property=\"og:image:height\" content=\"353\" \/>\n\t<meta property=\"og:image:type\" content=\"image\/jpeg\" \/>\n<meta name=\"twitter:card\" content=\"summary_large_image\" \/>\n<meta name=\"twitter:label1\" content=\"Tempo di lettura stimato\" \/>\n\t<meta name=\"twitter:data1\" content=\"1 minuto\" \/>\n<!-- \/ Yoast SEO plugin. -->","yoast_head_json":{"title":"Post-comunicazione - Guerini e Associati","robots":{"index":"index","follow":"follow","max-snippet":"max-snippet:-1","max-image-preview":"max-image-preview:large","max-video-preview":"max-video-preview:-1"},"canonical":"https:\/\/www.guerini.it\/index.php\/prodotto\/9788862505444-post-comunicazione\/","og_locale":"it_IT","og_type":"article","og_title":"Post-comunicazione - Guerini e Associati","og_description":"La post-comunicazione \u00e8 quell\u2019insieme di superfici comunicative e ambienti di interazione generati dalle nuove tecnologie, che sta oggi diventando il moderno paradigma relazionale. Tutti siamo digitali e organizziamo la nostra vita permeati dai nuovi media. Cos\u00ec non \u00e8 per le istituzioni e gli apparati pubblici che, al contrario, per la natura stessa che assume il potere burocratico, tendono a opporre resistenza al cambiamento.Finito il tempo dello Stato-nazione come unit\u00e0 di misura dei processi comunicativi, un nuovo ruolo attende oggi la comunicazione pubblica. L\u2019approccio post-comunicativo spoglia di responsabilit\u00e0 l\u2019apparato pubblico per orientarsi al raccordo con una societ\u00e0 civile mediatizzata, globale e autonoma nelle auto-rappresentazioni.","og_url":"https:\/\/www.guerini.it\/index.php\/prodotto\/9788862505444-post-comunicazione\/","og_site_name":"Guerini e Associati","article_modified_time":"2024-06-12T12:41:59+00:00","og_image":[{"width":253,"height":353,"url":"https:\/\/www.guerini.it\/wp-content\/uploads\/2014\/04\/post-comunicazione.jpg","type":"image\/jpeg"}],"twitter_card":"summary_large_image","twitter_misc":{"Tempo di lettura stimato":"1 minuto"},"schema":{"@context":"https:\/\/schema.org","@graph":[{"@type":"WebPage","@id":"https:\/\/www.guerini.it\/index.php\/prodotto\/9788862505444-post-comunicazione\/","url":"https:\/\/www.guerini.it\/index.php\/prodotto\/9788862505444-post-comunicazione\/","name":"Post-comunicazione - Guerini e Associati","isPartOf":{"@id":"https:\/\/www.guerini.it\/#website"},"primaryImageOfPage":{"@id":"https:\/\/www.guerini.it\/index.php\/prodotto\/9788862505444-post-comunicazione\/#primaryimage"},"image":{"@id":"https:\/\/www.guerini.it\/index.php\/prodotto\/9788862505444-post-comunicazione\/#primaryimage"},"thumbnailUrl":"https:\/\/www.guerini.it\/wp-content\/uploads\/2014\/04\/post-comunicazione.jpg","datePublished":"2014-04-18T08:14:53+00:00","dateModified":"2024-06-12T12:41:59+00:00","breadcrumb":{"@id":"https:\/\/www.guerini.it\/index.php\/prodotto\/9788862505444-post-comunicazione\/#breadcrumb"},"inLanguage":"it-IT","potentialAction":[{"@type":"ReadAction","target":["https:\/\/www.guerini.it\/index.php\/prodotto\/9788862505444-post-comunicazione\/"]}]},{"@type":"ImageObject","inLanguage":"it-IT","@id":"https:\/\/www.guerini.it\/index.php\/prodotto\/9788862505444-post-comunicazione\/#primaryimage","url":"https:\/\/www.guerini.it\/wp-content\/uploads\/2014\/04\/post-comunicazione.jpg","contentUrl":"https:\/\/www.guerini.it\/wp-content\/uploads\/2014\/04\/post-comunicazione.jpg","width":253,"height":353,"caption":"Post-comunicazione"},{"@type":"BreadcrumbList","@id":"https:\/\/www.guerini.it\/index.php\/prodotto\/9788862505444-post-comunicazione\/#breadcrumb","itemListElement":[{"@type":"ListItem","position":1,"name":"Home","item":"https:\/\/www.guerini.it\/"},{"@type":"ListItem","position":2,"name":"Catalogo","item":"https:\/\/www.guerini.it\/index.php\/negozio\/"},{"@type":"ListItem","position":3,"name":"Post-comunicazione"}]},{"@type":"WebSite","@id":"https:\/\/www.guerini.it\/#website","url":"https:\/\/www.guerini.it\/","name":"Guerini e Associati","description":"30 anni di libri, idee e libert\u00e0","publisher":{"@id":"https:\/\/www.guerini.it\/#organization"},"potentialAction":[{"@type":"SearchAction","target":{"@type":"EntryPoint","urlTemplate":"https:\/\/www.guerini.it\/?s={search_term_string}"},"query-input":{"@type":"PropertyValueSpecification","valueRequired":true,"valueName":"search_term_string"}}],"inLanguage":"it-IT"},{"@type":"Organization","@id":"https:\/\/www.guerini.it\/#organization","name":"Guerini e Associati","url":"https:\/\/www.guerini.it\/","logo":{"@type":"ImageObject","inLanguage":"it-IT","@id":"https:\/\/www.guerini.it\/#\/schema\/logo\/image\/","url":"https:\/\/www.guerini.it\/wp-content\/uploads\/2021\/03\/Logo-Guerini-OK_-e1615831292285.png","contentUrl":"https:\/\/www.guerini.it\/wp-content\/uploads\/2021\/03\/Logo-Guerini-OK_-e1615831292285.png","width":2805,"height":1870,"caption":"Guerini e Associati"},"image":{"@id":"https:\/\/www.guerini.it\/#\/schema\/logo\/image\/"}}]}},"_links":{"self":[{"href":"https:\/\/www.guerini.it\/index.php\/wp-json\/wp\/v2\/product\/15347","targetHints":{"allow":["GET"]}}],"collection":[{"href":"https:\/\/www.guerini.it\/index.php\/wp-json\/wp\/v2\/product"}],"about":[{"href":"https:\/\/www.guerini.it\/index.php\/wp-json\/wp\/v2\/types\/product"}],"wp:featuredmedia":[{"embeddable":true,"href":"https:\/\/www.guerini.it\/index.php\/wp-json\/wp\/v2\/media\/15346"}],"wp:attachment":[{"href":"https:\/\/www.guerini.it\/index.php\/wp-json\/wp\/v2\/media?parent=15347"}],"wp:term":[{"taxonomy":"product_brand","embeddable":true,"href":"https:\/\/www.guerini.it\/index.php\/wp-json\/wp\/v2\/product_brand?post=15347"},{"taxonomy":"product_cat","embeddable":true,"href":"https:\/\/www.guerini.it\/index.php\/wp-json\/wp\/v2\/product_cat?post=15347"},{"taxonomy":"product_tag","embeddable":true,"href":"https:\/\/www.guerini.it\/index.php\/wp-json\/wp\/v2\/product_tag?post=15347"}],"curies":[{"name":"wp","href":"https:\/\/api.w.org\/{rel}","templated":true}]}}