{"id":15425,"date":"2014-10-27T09:45:32","date_gmt":"2014-10-27T08:45:32","guid":{"rendered":"https:\/\/test.guerini.it\/?product=lean-turnaround"},"modified":"2024-06-12T14:39:38","modified_gmt":"2024-06-12T12:39:38","slug":"lean-turnaround","status":"publish","type":"product","link":"https:\/\/www.guerini.it\/index.php\/prodotto\/lean-turnaround\/","title":{"rendered":"Lean Turnaround"},"content":{"rendered":"<p>Pubblicato per la prima volta negli Usa nel 2013, grazie all\u2019impegno di STAUFEN. arriva in Italia l\u2019ultimo libro di Art Byrne, destinato a diventare un nuovo caposaldo della letteratura manageriale. Art Byrne ci spiega che cosa \u00e8 il Lean, che cosa non \u00e8, e che cosa bisogna fare per avere successo.<\/p>\n<p>Spesso il Lean Management \u00e8 stato confuso con altri modelli organizzativi, fugaci e passeggeri, e, come molti di questi, \u00e8 stato scambiato per una moda, per una \u201cricetta\u201d, un\u2019alternativa fra tante per cambiare la filiera produttiva.<br \/>\nArt Byrne dimostra che non \u00e8 niente di tutto questo. Il Lean Management \u00e8 un paradigma organizzativo che ha come obiettivo il conto economico e che pu\u00f2 dare risultati solo se compreso appieno e solo se implementato in tutta l\u2019azienda, a partire dal CEO.<\/p>\n","protected":false},"excerpt":{"rendered":"<p>Pubblicato per la prima volta negli Usa nel 2013, grazie all\u2019impegno di STAUFEN. arriva in Italia l\u2019ultimo libro di Art Byrne, destinato a diventare un nuovo caposaldo della letteratura manageriale. Art Byrne ci spiega che cosa \u00e8 il Lean, che cosa non \u00e8, e che cosa bisogna fare per avere successo.<\/p>\n<p>Spesso il Lean Management \u00e8 stato confuso con altri modelli organizzativi, fugaci e passeggeri, e, come molti di questi, \u00e8 stato scambiato per una moda, per una \u201cricetta\u201d, un\u2019alternativa fra tante per cambiare la filiera produttiva.<br \/>\nArt Byrne dimostra che non \u00e8 niente di tutto questo. Il Lean Management \u00e8 un paradigma organizzativo che ha come obiettivo il conto economico e che pu\u00f2 dare risultati solo se compreso appieno e solo se implementato in tutta l\u2019azienda, a partire dal CEO.<\/p>\n","protected":false},"featured_media":15424,"template":"","meta":{"_editorskit_title_hidden":false,"_editorskit_reading_time":0,"_editorskit_is_block_options_detached":false,"_editorskit_block_options_position":"{}","_monsterinsights_skip_tracking":false,"_monsterinsights_sitenote_active":false,"_monsterinsights_sitenote_note":"","_monsterinsights_sitenote_category":0},"product_brand":[],"product_cat":[6529],"product_tag":[],"class_list":{"0":"post-15425","1":"product","2":"type-product","3":"status-publish","4":"has-post-thumbnail","6":"product_cat-economia-e-management","7":"pa_guerini_strillo-dontjustdoleanbelean","9":"first","10":"instock","11":"sale","12":"shipping-taxable","13":"purchasable","14":"product-type-simple"},"yoast_head":"<!-- This site is optimized with the Yoast SEO plugin v25.4 - https:\/\/yoast.com\/wordpress\/plugins\/seo\/ -->\n<title>Lean Turnaround - Guerini e Associati<\/title>\n<meta name=\"robots\" content=\"index, follow, max-snippet:-1, max-image-preview:large, max-video-preview:-1\" \/>\n<link rel=\"canonical\" href=\"https:\/\/www.guerini.it\/index.php\/prodotto\/lean-turnaround\/\" \/>\n<meta property=\"og:locale\" content=\"it_IT\" \/>\n<meta property=\"og:type\" content=\"article\" \/>\n<meta property=\"og:title\" content=\"Lean Turnaround - Guerini e Associati\" \/>\n<meta property=\"og:description\" content=\"Pubblicato per la prima volta negli Usa nel 2013, grazie all\u2019impegno di STAUFEN. arriva in Italia l\u2019ultimo libro di Art Byrne, destinato a diventare un nuovo caposaldo della letteratura manageriale. Art Byrne ci spiega che cosa \u00e8 il Lean, che cosa non \u00e8, e che cosa bisogna fare per avere successo.  Spesso il Lean Management \u00e8 stato confuso con altri modelli organizzativi, fugaci e passeggeri, e, come molti di questi, \u00e8 stato scambiato per una moda, per una \u201cricetta\u201d, un\u2019alternativa fra tante per cambiare la filiera produttiva.  Art Byrne dimostra che non \u00e8 niente di tutto questo. Il Lean Management \u00e8 un paradigma organizzativo che ha come obiettivo il conto economico e che pu\u00f2 dare risultati solo se compreso appieno e solo se implementato in tutta l\u2019azienda, a partire dal CEO.\" \/>\n<meta property=\"og:url\" content=\"https:\/\/www.guerini.it\/index.php\/prodotto\/lean-turnaround\/\" \/>\n<meta property=\"og:site_name\" content=\"Guerini e Associati\" \/>\n<meta property=\"article:modified_time\" content=\"2024-06-12T12:39:38+00:00\" \/>\n<meta property=\"og:image\" content=\"https:\/\/www.guerini.it\/wp-content\/uploads\/2014\/10\/lean_turnaround_sitogea.jpg\" \/>\n\t<meta property=\"og:image:width\" content=\"226\" \/>\n\t<meta property=\"og:image:height\" content=\"353\" \/>\n\t<meta property=\"og:image:type\" content=\"image\/jpeg\" \/>\n<meta name=\"twitter:card\" content=\"summary_large_image\" \/>\n<meta name=\"twitter:label1\" content=\"Tempo di lettura stimato\" \/>\n\t<meta name=\"twitter:data1\" content=\"1 minuto\" \/>\n<!-- \/ Yoast SEO plugin. -->","yoast_head_json":{"title":"Lean Turnaround - Guerini e Associati","robots":{"index":"index","follow":"follow","max-snippet":"max-snippet:-1","max-image-preview":"max-image-preview:large","max-video-preview":"max-video-preview:-1"},"canonical":"https:\/\/www.guerini.it\/index.php\/prodotto\/lean-turnaround\/","og_locale":"it_IT","og_type":"article","og_title":"Lean Turnaround - Guerini e Associati","og_description":"Pubblicato per la prima volta negli Usa nel 2013, grazie all\u2019impegno di STAUFEN. arriva in Italia l\u2019ultimo libro di Art Byrne, destinato a diventare un nuovo caposaldo della letteratura manageriale. Art Byrne ci spiega che cosa \u00e8 il Lean, che cosa non \u00e8, e che cosa bisogna fare per avere successo.  Spesso il Lean Management \u00e8 stato confuso con altri modelli organizzativi, fugaci e passeggeri, e, come molti di questi, \u00e8 stato scambiato per una moda, per una \u201cricetta\u201d, un\u2019alternativa fra tante per cambiare la filiera produttiva.  Art Byrne dimostra che non \u00e8 niente di tutto questo. Il Lean Management \u00e8 un paradigma organizzativo che ha come obiettivo il conto economico e che pu\u00f2 dare risultati solo se compreso appieno e solo se implementato in tutta l\u2019azienda, a partire dal CEO.","og_url":"https:\/\/www.guerini.it\/index.php\/prodotto\/lean-turnaround\/","og_site_name":"Guerini e Associati","article_modified_time":"2024-06-12T12:39:38+00:00","og_image":[{"width":226,"height":353,"url":"https:\/\/www.guerini.it\/wp-content\/uploads\/2014\/10\/lean_turnaround_sitogea.jpg","type":"image\/jpeg"}],"twitter_card":"summary_large_image","twitter_misc":{"Tempo di lettura stimato":"1 minuto"},"schema":{"@context":"https:\/\/schema.org","@graph":[{"@type":"WebPage","@id":"https:\/\/www.guerini.it\/index.php\/prodotto\/lean-turnaround\/","url":"https:\/\/www.guerini.it\/index.php\/prodotto\/lean-turnaround\/","name":"Lean Turnaround - Guerini e Associati","isPartOf":{"@id":"https:\/\/www.guerini.it\/#website"},"primaryImageOfPage":{"@id":"https:\/\/www.guerini.it\/index.php\/prodotto\/lean-turnaround\/#primaryimage"},"image":{"@id":"https:\/\/www.guerini.it\/index.php\/prodotto\/lean-turnaround\/#primaryimage"},"thumbnailUrl":"https:\/\/www.guerini.it\/wp-content\/uploads\/2014\/10\/lean_turnaround_sitogea.jpg","datePublished":"2014-10-27T08:45:32+00:00","dateModified":"2024-06-12T12:39:38+00:00","breadcrumb":{"@id":"https:\/\/www.guerini.it\/index.php\/prodotto\/lean-turnaround\/#breadcrumb"},"inLanguage":"it-IT","potentialAction":[{"@type":"ReadAction","target":["https:\/\/www.guerini.it\/index.php\/prodotto\/lean-turnaround\/"]}]},{"@type":"ImageObject","inLanguage":"it-IT","@id":"https:\/\/www.guerini.it\/index.php\/prodotto\/lean-turnaround\/#primaryimage","url":"https:\/\/www.guerini.it\/wp-content\/uploads\/2014\/10\/lean_turnaround_sitogea.jpg","contentUrl":"https:\/\/www.guerini.it\/wp-content\/uploads\/2014\/10\/lean_turnaround_sitogea.jpg","width":226,"height":353,"caption":"Lean Turnaround"},{"@type":"BreadcrumbList","@id":"https:\/\/www.guerini.it\/index.php\/prodotto\/lean-turnaround\/#breadcrumb","itemListElement":[{"@type":"ListItem","position":1,"name":"Home","item":"https:\/\/www.guerini.it\/"},{"@type":"ListItem","position":2,"name":"Catalogo","item":"https:\/\/www.guerini.it\/index.php\/negozio\/"},{"@type":"ListItem","position":3,"name":"Lean Turnaround"}]},{"@type":"WebSite","@id":"https:\/\/www.guerini.it\/#website","url":"https:\/\/www.guerini.it\/","name":"Guerini e Associati","description":"30 anni di libri, idee e libert\u00e0","publisher":{"@id":"https:\/\/www.guerini.it\/#organization"},"potentialAction":[{"@type":"SearchAction","target":{"@type":"EntryPoint","urlTemplate":"https:\/\/www.guerini.it\/?s={search_term_string}"},"query-input":{"@type":"PropertyValueSpecification","valueRequired":true,"valueName":"search_term_string"}}],"inLanguage":"it-IT"},{"@type":"Organization","@id":"https:\/\/www.guerini.it\/#organization","name":"Guerini e Associati","url":"https:\/\/www.guerini.it\/","logo":{"@type":"ImageObject","inLanguage":"it-IT","@id":"https:\/\/www.guerini.it\/#\/schema\/logo\/image\/","url":"https:\/\/www.guerini.it\/wp-content\/uploads\/2021\/03\/Logo-Guerini-OK_-e1615831292285.png","contentUrl":"https:\/\/www.guerini.it\/wp-content\/uploads\/2021\/03\/Logo-Guerini-OK_-e1615831292285.png","width":2805,"height":1870,"caption":"Guerini e Associati"},"image":{"@id":"https:\/\/www.guerini.it\/#\/schema\/logo\/image\/"}}]}},"_links":{"self":[{"href":"https:\/\/www.guerini.it\/index.php\/wp-json\/wp\/v2\/product\/15425","targetHints":{"allow":["GET"]}}],"collection":[{"href":"https:\/\/www.guerini.it\/index.php\/wp-json\/wp\/v2\/product"}],"about":[{"href":"https:\/\/www.guerini.it\/index.php\/wp-json\/wp\/v2\/types\/product"}],"wp:featuredmedia":[{"embeddable":true,"href":"https:\/\/www.guerini.it\/index.php\/wp-json\/wp\/v2\/media\/15424"}],"wp:attachment":[{"href":"https:\/\/www.guerini.it\/index.php\/wp-json\/wp\/v2\/media?parent=15425"}],"wp:term":[{"taxonomy":"product_brand","embeddable":true,"href":"https:\/\/www.guerini.it\/index.php\/wp-json\/wp\/v2\/product_brand?post=15425"},{"taxonomy":"product_cat","embeddable":true,"href":"https:\/\/www.guerini.it\/index.php\/wp-json\/wp\/v2\/product_cat?post=15425"},{"taxonomy":"product_tag","embeddable":true,"href":"https:\/\/www.guerini.it\/index.php\/wp-json\/wp\/v2\/product_tag?post=15425"}],"curies":[{"name":"wp","href":"https:\/\/api.w.org\/{rel}","templated":true}]}}