{"id":15435,"date":"2014-11-04T17:06:51","date_gmt":"2014-11-04T16:06:51","guid":{"rendered":"https:\/\/test.guerini.it\/?product=non-sparate-sull-umanista"},"modified":"2024-06-12T14:41:57","modified_gmt":"2024-06-12T12:41:57","slug":"non-sparate-sull-umanista","status":"publish","type":"product","link":"https:\/\/www.guerini.it\/index.php\/prodotto\/non-sparate-sull-umanista\/","title":{"rendered":"Non sparate sull&#8217;umanista"},"content":{"rendered":"<p>Stiamo attraversando una fase di crisi delle scienze umane, ma come spesso accade il periodo di crisi porta con s&eacute;, assieme ai rischi, anche delle opportunit&agrave;. Ebbene, sapranno le scienze umane rinnovarsi, difendendo la propria intima natura ma adeguandosi alla realt&agrave; circostante per riaffermare con forza il proprio messaggio di cultura e civilt&agrave;? Per cogliere le opportunit&agrave;, occorre conoscere bene le difficolt&agrave; da affrontare.  &ldquo;Non sparate sull&rsquo;umanista&rdquo; accende i riflettori su uno dei maggiori rischi che incombono su queste discipline: il passaggio a una valutazione largamente o totalmente quantitativa della ricerca.<\/p>\n<p>&nbsp;<\/p>\n<p>&nbsp;<\/p>\n<p><strong>Permalink:<\/strong>&nbsp;<a href=\"http:\/\/digital.casalini.it\/9788881951642\">http:\/\/digital.casalini.it\/9788881951642<\/a><\/p>\n","protected":false},"excerpt":{"rendered":"<p>Stiamo attraversando una fase di crisi delle scienze umane, ma come spesso accade il periodo di crisi porta con s\u00e9, assieme ai rischi, anche delle opportunit\u00e0.<br \/>\nEbbene, sapranno le scienze umane rinnovarsi, difendendo la propria intima natura ma adeguandosi alla realt\u00e0 circostante per riaffermare con forza il proprio messaggio di cultura e civilt\u00e0? Per cogliere le opportunit\u00e0, occorre conoscere bene le difficolt\u00e0 da affrontare.<br \/>\n\u201cNon sparate sull\u2019umanista\u201d accende i riflettori su uno dei maggiori rischi che incombono su queste discipline: il passaggio a una valutazione largamente o totalmente quantitativa della ricerca.<\/p>\n","protected":false},"featured_media":15434,"template":"","meta":{"_editorskit_title_hidden":false,"_editorskit_reading_time":0,"_editorskit_is_block_options_detached":false,"_editorskit_block_options_position":"{}","_monsterinsights_skip_tracking":false,"_monsterinsights_sitenote_active":false,"_monsterinsights_sitenote_note":"","_monsterinsights_sitenote_category":0},"product_brand":[],"product_cat":[6527,6537],"product_tag":[],"class_list":{"0":"post-15435","1":"product","2":"type-product","3":"status-publish","4":"has-post-thumbnail","6":"product_cat-attualita","7":"product_cat-scienze-politiche-sociali","8":"pa_guerini_strillo-21-diamoinumeriallaculturauma","10":"first","11":"instock","12":"sale","13":"shipping-taxable","14":"purchasable","15":"product-type-simple"},"yoast_head":"<!-- This site is optimized with the Yoast SEO plugin v25.4 - https:\/\/yoast.com\/wordpress\/plugins\/seo\/ -->\n<title>Non sparate sull&#039;umanista - Guerini e Associati<\/title>\n<meta name=\"robots\" content=\"index, follow, max-snippet:-1, max-image-preview:large, max-video-preview:-1\" \/>\n<link rel=\"canonical\" href=\"https:\/\/www.guerini.it\/index.php\/prodotto\/non-sparate-sull-umanista\/\" \/>\n<meta property=\"og:locale\" content=\"it_IT\" \/>\n<meta property=\"og:type\" content=\"article\" \/>\n<meta property=\"og:title\" content=\"Non sparate sull&#039;umanista - Guerini e Associati\" \/>\n<meta property=\"og:description\" content=\"Stiamo attraversando una fase di crisi delle scienze umane, ma come spesso accade il periodo di crisi porta con s\u00e9, assieme ai rischi, anche delle opportunit\u00e0. Ebbene, sapranno le scienze umane rinnovarsi, difendendo la propria intima natura ma adeguandosi alla realt\u00e0 circostante per riaffermare con forza il proprio messaggio di cultura e civilt\u00e0? Per cogliere le opportunit\u00e0, occorre conoscere bene le difficolt\u00e0 da affrontare.  \u201cNon sparate sull\u2019umanista\u201d accende i riflettori su uno dei maggiori rischi che incombono su queste discipline: il passaggio a una valutazione largamente o totalmente quantitativa della ricerca.\" \/>\n<meta property=\"og:url\" content=\"https:\/\/www.guerini.it\/index.php\/prodotto\/non-sparate-sull-umanista\/\" \/>\n<meta property=\"og:site_name\" content=\"Guerini e Associati\" \/>\n<meta property=\"article:modified_time\" content=\"2024-06-12T12:41:57+00:00\" \/>\n<meta property=\"og:image\" content=\"https:\/\/www.guerini.it\/wp-content\/uploads\/2014\/11\/non_sparate_sull_umanista_sito.jpg\" \/>\n\t<meta property=\"og:image:width\" content=\"251\" \/>\n\t<meta property=\"og:image:height\" content=\"353\" \/>\n\t<meta property=\"og:image:type\" content=\"image\/jpeg\" \/>\n<meta name=\"twitter:card\" content=\"summary_large_image\" \/>\n<meta name=\"twitter:label1\" content=\"Tempo di lettura stimato\" \/>\n\t<meta name=\"twitter:data1\" content=\"1 minuto\" \/>\n<!-- \/ Yoast SEO plugin. -->","yoast_head_json":{"title":"Non sparate sull'umanista - Guerini e Associati","robots":{"index":"index","follow":"follow","max-snippet":"max-snippet:-1","max-image-preview":"max-image-preview:large","max-video-preview":"max-video-preview:-1"},"canonical":"https:\/\/www.guerini.it\/index.php\/prodotto\/non-sparate-sull-umanista\/","og_locale":"it_IT","og_type":"article","og_title":"Non sparate sull'umanista - Guerini e Associati","og_description":"Stiamo attraversando una fase di crisi delle scienze umane, ma come spesso accade il periodo di crisi porta con s\u00e9, assieme ai rischi, anche delle opportunit\u00e0. Ebbene, sapranno le scienze umane rinnovarsi, difendendo la propria intima natura ma adeguandosi alla realt\u00e0 circostante per riaffermare con forza il proprio messaggio di cultura e civilt\u00e0? Per cogliere le opportunit\u00e0, occorre conoscere bene le difficolt\u00e0 da affrontare.  \u201cNon sparate sull\u2019umanista\u201d accende i riflettori su uno dei maggiori rischi che incombono su queste discipline: il passaggio a una valutazione largamente o totalmente quantitativa della ricerca.","og_url":"https:\/\/www.guerini.it\/index.php\/prodotto\/non-sparate-sull-umanista\/","og_site_name":"Guerini e Associati","article_modified_time":"2024-06-12T12:41:57+00:00","og_image":[{"width":251,"height":353,"url":"https:\/\/www.guerini.it\/wp-content\/uploads\/2014\/11\/non_sparate_sull_umanista_sito.jpg","type":"image\/jpeg"}],"twitter_card":"summary_large_image","twitter_misc":{"Tempo di lettura stimato":"1 minuto"},"schema":{"@context":"https:\/\/schema.org","@graph":[{"@type":"WebPage","@id":"https:\/\/www.guerini.it\/index.php\/prodotto\/non-sparate-sull-umanista\/","url":"https:\/\/www.guerini.it\/index.php\/prodotto\/non-sparate-sull-umanista\/","name":"Non sparate sull'umanista - Guerini e Associati","isPartOf":{"@id":"https:\/\/www.guerini.it\/#website"},"primaryImageOfPage":{"@id":"https:\/\/www.guerini.it\/index.php\/prodotto\/non-sparate-sull-umanista\/#primaryimage"},"image":{"@id":"https:\/\/www.guerini.it\/index.php\/prodotto\/non-sparate-sull-umanista\/#primaryimage"},"thumbnailUrl":"https:\/\/www.guerini.it\/wp-content\/uploads\/2014\/11\/non_sparate_sull_umanista_sito.jpg","datePublished":"2014-11-04T16:06:51+00:00","dateModified":"2024-06-12T12:41:57+00:00","breadcrumb":{"@id":"https:\/\/www.guerini.it\/index.php\/prodotto\/non-sparate-sull-umanista\/#breadcrumb"},"inLanguage":"it-IT","potentialAction":[{"@type":"ReadAction","target":["https:\/\/www.guerini.it\/index.php\/prodotto\/non-sparate-sull-umanista\/"]}]},{"@type":"ImageObject","inLanguage":"it-IT","@id":"https:\/\/www.guerini.it\/index.php\/prodotto\/non-sparate-sull-umanista\/#primaryimage","url":"https:\/\/www.guerini.it\/wp-content\/uploads\/2014\/11\/non_sparate_sull_umanista_sito.jpg","contentUrl":"https:\/\/www.guerini.it\/wp-content\/uploads\/2014\/11\/non_sparate_sull_umanista_sito.jpg","width":251,"height":353,"caption":"Non sparate sull'umanista"},{"@type":"BreadcrumbList","@id":"https:\/\/www.guerini.it\/index.php\/prodotto\/non-sparate-sull-umanista\/#breadcrumb","itemListElement":[{"@type":"ListItem","position":1,"name":"Home","item":"https:\/\/www.guerini.it\/"},{"@type":"ListItem","position":2,"name":"Catalogo","item":"https:\/\/www.guerini.it\/index.php\/negozio\/"},{"@type":"ListItem","position":3,"name":"Non sparate sull&#8217;umanista"}]},{"@type":"WebSite","@id":"https:\/\/www.guerini.it\/#website","url":"https:\/\/www.guerini.it\/","name":"Guerini e Associati","description":"30 anni di libri, idee e libert\u00e0","publisher":{"@id":"https:\/\/www.guerini.it\/#organization"},"potentialAction":[{"@type":"SearchAction","target":{"@type":"EntryPoint","urlTemplate":"https:\/\/www.guerini.it\/?s={search_term_string}"},"query-input":{"@type":"PropertyValueSpecification","valueRequired":true,"valueName":"search_term_string"}}],"inLanguage":"it-IT"},{"@type":"Organization","@id":"https:\/\/www.guerini.it\/#organization","name":"Guerini e Associati","url":"https:\/\/www.guerini.it\/","logo":{"@type":"ImageObject","inLanguage":"it-IT","@id":"https:\/\/www.guerini.it\/#\/schema\/logo\/image\/","url":"https:\/\/www.guerini.it\/wp-content\/uploads\/2021\/03\/Logo-Guerini-OK_-e1615831292285.png","contentUrl":"https:\/\/www.guerini.it\/wp-content\/uploads\/2021\/03\/Logo-Guerini-OK_-e1615831292285.png","width":2805,"height":1870,"caption":"Guerini e Associati"},"image":{"@id":"https:\/\/www.guerini.it\/#\/schema\/logo\/image\/"}}]}},"_links":{"self":[{"href":"https:\/\/www.guerini.it\/index.php\/wp-json\/wp\/v2\/product\/15435","targetHints":{"allow":["GET"]}}],"collection":[{"href":"https:\/\/www.guerini.it\/index.php\/wp-json\/wp\/v2\/product"}],"about":[{"href":"https:\/\/www.guerini.it\/index.php\/wp-json\/wp\/v2\/types\/product"}],"wp:featuredmedia":[{"embeddable":true,"href":"https:\/\/www.guerini.it\/index.php\/wp-json\/wp\/v2\/media\/15434"}],"wp:attachment":[{"href":"https:\/\/www.guerini.it\/index.php\/wp-json\/wp\/v2\/media?parent=15435"}],"wp:term":[{"taxonomy":"product_brand","embeddable":true,"href":"https:\/\/www.guerini.it\/index.php\/wp-json\/wp\/v2\/product_brand?post=15435"},{"taxonomy":"product_cat","embeddable":true,"href":"https:\/\/www.guerini.it\/index.php\/wp-json\/wp\/v2\/product_cat?post=15435"},{"taxonomy":"product_tag","embeddable":true,"href":"https:\/\/www.guerini.it\/index.php\/wp-json\/wp\/v2\/product_tag?post=15435"}],"curies":[{"name":"wp","href":"https:\/\/api.w.org\/{rel}","templated":true}]}}