{"id":15471,"date":"2015-01-19T14:57:41","date_gmt":"2015-01-19T13:57:41","guid":{"rendered":"https:\/\/test.guerini.it\/?product=itinerari-della-giustizia"},"modified":"2024-06-12T14:41:28","modified_gmt":"2024-06-12T12:41:28","slug":"itinerari-della-giustizia","status":"publish","type":"product","link":"https:\/\/www.guerini.it\/index.php\/prodotto\/itinerari-della-giustizia\/","title":{"rendered":"Itinerari della giustizia"},"content":{"rendered":"<p>Come e quanto influiscono i profondi cambiamenti di parole come coscienza, natura, libert&agrave;, sul senso della Giustizia e sul concetto di diritto?  Dall&#8217;irreversibile incontro tra mondo classico, religiosit&agrave; ebraica e cristianesimo si &egrave; sviluppata una parabola che va dal riferimento a un ordine trascendente alla nascita del diritto &ldquo;soggettivo&rdquo;, come lo si intende nella modernit&agrave;.  Il libro &egrave; un affresco dell&rsquo;itinerario storico e culturale della giustizia, che mette a confronto autori moderni e contemporanei, gettando luce sulla storia della coscienza dell&rsquo;uomo moderno.<\/p>\n<p>&nbsp;<\/p>\n<p>&nbsp;<\/p>\n<p><strong>Permalink:&nbsp;<\/strong><a href=\"http:\/\/digital.casalini.it\/9788881951765\">http:\/\/digital.casalini.it\/9788881951765<\/a><\/p>\n","protected":false},"excerpt":{"rendered":"<p>Come e quanto influiscono i profondi cambiamenti di parole come coscienza, natura, libert\u00e0, sul senso della Giustizia e sul concetto di diritto?<br \/>\nDall&#8217;irreversibile incontro tra mondo classico, religiosit\u00e0 ebraica e cristianesimo si \u00e8 sviluppata una parabola che va dal riferimento a un ordine trascendente alla nascita del diritto \u201csoggettivo\u201d, come lo si intende nella modernit\u00e0.<br \/>\nIl libro \u00e8 un affresco dell\u2019itinerario storico e culturale della giustizia, che mette a confronto autori moderni e contemporanei, gettando luce sulla storia della coscienza dell\u2019uomo moderno.<\/p>\n","protected":false},"featured_media":15470,"template":"","meta":{"_editorskit_title_hidden":false,"_editorskit_reading_time":0,"_editorskit_is_block_options_detached":false,"_editorskit_block_options_position":"{}","_monsterinsights_skip_tracking":false,"_monsterinsights_sitenote_active":false,"_monsterinsights_sitenote_note":"","_monsterinsights_sitenote_category":0},"product_brand":[],"product_cat":[6527],"product_tag":[],"class_list":{"0":"post-15471","1":"product","2":"type-product","3":"status-publish","4":"has-post-thumbnail","6":"product_cat-attualita","7":"pa_guerini_strillo-ed-laragionemodernacihalascia","9":"first","10":"instock","11":"sale","12":"shipping-taxable","13":"purchasable","14":"product-type-simple"},"yoast_head":"<!-- This site is optimized with the Yoast SEO plugin v25.4 - https:\/\/yoast.com\/wordpress\/plugins\/seo\/ -->\n<title>Itinerari della giustizia - Guerini e Associati<\/title>\n<meta name=\"robots\" content=\"index, follow, max-snippet:-1, max-image-preview:large, max-video-preview:-1\" \/>\n<link rel=\"canonical\" href=\"https:\/\/www.guerini.it\/index.php\/prodotto\/itinerari-della-giustizia\/\" \/>\n<meta property=\"og:locale\" content=\"it_IT\" \/>\n<meta property=\"og:type\" content=\"article\" \/>\n<meta property=\"og:title\" content=\"Itinerari della giustizia - Guerini e Associati\" \/>\n<meta property=\"og:description\" content=\"Come e quanto influiscono i profondi cambiamenti di parole come coscienza, natura, libert\u00e0, sul senso della Giustizia e sul concetto di diritto?  Dall&#039;irreversibile incontro tra mondo classico, religiosit\u00e0 ebraica e cristianesimo si \u00e8 sviluppata una parabola che va dal riferimento a un ordine trascendente alla nascita del diritto \u201csoggettivo\u201d, come lo si intende nella modernit\u00e0.  Il libro \u00e8 un affresco dell\u2019itinerario storico e culturale della giustizia, che mette a confronto autori moderni e contemporanei, gettando luce sulla storia della coscienza dell\u2019uomo moderno.\" \/>\n<meta property=\"og:url\" content=\"https:\/\/www.guerini.it\/index.php\/prodotto\/itinerari-della-giustizia\/\" \/>\n<meta property=\"og:site_name\" content=\"Guerini e Associati\" \/>\n<meta property=\"article:modified_time\" content=\"2024-06-12T12:41:28+00:00\" \/>\n<meta property=\"og:image\" content=\"https:\/\/www.guerini.it\/wp-content\/uploads\/2015\/01\/itinerari_della_giustizia_sito.jpg\" \/>\n\t<meta property=\"og:image:width\" content=\"239\" \/>\n\t<meta property=\"og:image:height\" content=\"353\" \/>\n\t<meta property=\"og:image:type\" content=\"image\/jpeg\" \/>\n<meta name=\"twitter:card\" content=\"summary_large_image\" \/>\n<!-- \/ Yoast SEO plugin. -->","yoast_head_json":{"title":"Itinerari della giustizia - Guerini e Associati","robots":{"index":"index","follow":"follow","max-snippet":"max-snippet:-1","max-image-preview":"max-image-preview:large","max-video-preview":"max-video-preview:-1"},"canonical":"https:\/\/www.guerini.it\/index.php\/prodotto\/itinerari-della-giustizia\/","og_locale":"it_IT","og_type":"article","og_title":"Itinerari della giustizia - Guerini e Associati","og_description":"Come e quanto influiscono i profondi cambiamenti di parole come coscienza, natura, libert\u00e0, sul senso della Giustizia e sul concetto di diritto?  Dall'irreversibile incontro tra mondo classico, religiosit\u00e0 ebraica e cristianesimo si \u00e8 sviluppata una parabola che va dal riferimento a un ordine trascendente alla nascita del diritto \u201csoggettivo\u201d, come lo si intende nella modernit\u00e0.  Il libro \u00e8 un affresco dell\u2019itinerario storico e culturale della giustizia, che mette a confronto autori moderni e contemporanei, gettando luce sulla storia della coscienza dell\u2019uomo moderno.","og_url":"https:\/\/www.guerini.it\/index.php\/prodotto\/itinerari-della-giustizia\/","og_site_name":"Guerini e Associati","article_modified_time":"2024-06-12T12:41:28+00:00","og_image":[{"width":239,"height":353,"url":"https:\/\/www.guerini.it\/wp-content\/uploads\/2015\/01\/itinerari_della_giustizia_sito.jpg","type":"image\/jpeg"}],"twitter_card":"summary_large_image","schema":{"@context":"https:\/\/schema.org","@graph":[{"@type":"WebPage","@id":"https:\/\/www.guerini.it\/index.php\/prodotto\/itinerari-della-giustizia\/","url":"https:\/\/www.guerini.it\/index.php\/prodotto\/itinerari-della-giustizia\/","name":"Itinerari della giustizia - Guerini e Associati","isPartOf":{"@id":"https:\/\/www.guerini.it\/#website"},"primaryImageOfPage":{"@id":"https:\/\/www.guerini.it\/index.php\/prodotto\/itinerari-della-giustizia\/#primaryimage"},"image":{"@id":"https:\/\/www.guerini.it\/index.php\/prodotto\/itinerari-della-giustizia\/#primaryimage"},"thumbnailUrl":"https:\/\/www.guerini.it\/wp-content\/uploads\/2015\/01\/itinerari_della_giustizia_sito.jpg","datePublished":"2015-01-19T13:57:41+00:00","dateModified":"2024-06-12T12:41:28+00:00","breadcrumb":{"@id":"https:\/\/www.guerini.it\/index.php\/prodotto\/itinerari-della-giustizia\/#breadcrumb"},"inLanguage":"it-IT","potentialAction":[{"@type":"ReadAction","target":["https:\/\/www.guerini.it\/index.php\/prodotto\/itinerari-della-giustizia\/"]}]},{"@type":"ImageObject","inLanguage":"it-IT","@id":"https:\/\/www.guerini.it\/index.php\/prodotto\/itinerari-della-giustizia\/#primaryimage","url":"https:\/\/www.guerini.it\/wp-content\/uploads\/2015\/01\/itinerari_della_giustizia_sito.jpg","contentUrl":"https:\/\/www.guerini.it\/wp-content\/uploads\/2015\/01\/itinerari_della_giustizia_sito.jpg","width":239,"height":353,"caption":"Itinerari della giustizia"},{"@type":"BreadcrumbList","@id":"https:\/\/www.guerini.it\/index.php\/prodotto\/itinerari-della-giustizia\/#breadcrumb","itemListElement":[{"@type":"ListItem","position":1,"name":"Home","item":"https:\/\/www.guerini.it\/"},{"@type":"ListItem","position":2,"name":"Catalogo","item":"https:\/\/www.guerini.it\/index.php\/negozio\/"},{"@type":"ListItem","position":3,"name":"Itinerari della giustizia"}]},{"@type":"WebSite","@id":"https:\/\/www.guerini.it\/#website","url":"https:\/\/www.guerini.it\/","name":"Guerini e Associati","description":"30 anni di libri, idee e libert\u00e0","publisher":{"@id":"https:\/\/www.guerini.it\/#organization"},"potentialAction":[{"@type":"SearchAction","target":{"@type":"EntryPoint","urlTemplate":"https:\/\/www.guerini.it\/?s={search_term_string}"},"query-input":{"@type":"PropertyValueSpecification","valueRequired":true,"valueName":"search_term_string"}}],"inLanguage":"it-IT"},{"@type":"Organization","@id":"https:\/\/www.guerini.it\/#organization","name":"Guerini e Associati","url":"https:\/\/www.guerini.it\/","logo":{"@type":"ImageObject","inLanguage":"it-IT","@id":"https:\/\/www.guerini.it\/#\/schema\/logo\/image\/","url":"https:\/\/www.guerini.it\/wp-content\/uploads\/2021\/03\/Logo-Guerini-OK_-e1615831292285.png","contentUrl":"https:\/\/www.guerini.it\/wp-content\/uploads\/2021\/03\/Logo-Guerini-OK_-e1615831292285.png","width":2805,"height":1870,"caption":"Guerini e Associati"},"image":{"@id":"https:\/\/www.guerini.it\/#\/schema\/logo\/image\/"}}]}},"_links":{"self":[{"href":"https:\/\/www.guerini.it\/index.php\/wp-json\/wp\/v2\/product\/15471","targetHints":{"allow":["GET"]}}],"collection":[{"href":"https:\/\/www.guerini.it\/index.php\/wp-json\/wp\/v2\/product"}],"about":[{"href":"https:\/\/www.guerini.it\/index.php\/wp-json\/wp\/v2\/types\/product"}],"wp:featuredmedia":[{"embeddable":true,"href":"https:\/\/www.guerini.it\/index.php\/wp-json\/wp\/v2\/media\/15470"}],"wp:attachment":[{"href":"https:\/\/www.guerini.it\/index.php\/wp-json\/wp\/v2\/media?parent=15471"}],"wp:term":[{"taxonomy":"product_brand","embeddable":true,"href":"https:\/\/www.guerini.it\/index.php\/wp-json\/wp\/v2\/product_brand?post=15471"},{"taxonomy":"product_cat","embeddable":true,"href":"https:\/\/www.guerini.it\/index.php\/wp-json\/wp\/v2\/product_cat?post=15471"},{"taxonomy":"product_tag","embeddable":true,"href":"https:\/\/www.guerini.it\/index.php\/wp-json\/wp\/v2\/product_tag?post=15471"}],"curies":[{"name":"wp","href":"https:\/\/api.w.org\/{rel}","templated":true}]}}