{"id":15485,"date":"2015-02-10T09:57:26","date_gmt":"2015-02-10T08:57:26","guid":{"rendered":"https:\/\/test.guerini.it\/?product=imprese-citta"},"modified":"2024-06-12T14:41:12","modified_gmt":"2024-06-12T12:41:12","slug":"imprese-citta","status":"publish","type":"product","link":"https:\/\/www.guerini.it\/index.php\/prodotto\/imprese-citta\/","title":{"rendered":"Imprese &#038; Citt\u00e0"},"content":{"rendered":"<p>Esiste s\u00ec una significativa pattuglia di imprese che innovano e sono capaci, grazie alla loro \u2018strategia dinamica\u2019, di adattarsi ai cambiamenti dei mercati. Ma \u00e8 noto che la specializzazione del nostro Paese \u00e8 in settori a media-bassa tecnologia e ci\u00f2 espone maggiormente le aziende italiane alla competizione internazionale. L\u2019auspicio \u00e8 che anche da noi maturino la consapevolezza e la spinta ad affrontare con urgenza il problema attraverso una mirata politica di investimenti verso le imprese ad alta crescita.<br \/>\nNell\u2019era della \u2018rivoluzione digitale\u2019, cambia l\u2019ambiente di lavoro, cambiano le forme organizzative e cambia la stessa antropologia del lavoro. Quindi la necessit\u00e0 di mantenere la scuola al passo con lo sviluppo delle nuove tecnologie \u00e8 sempre pi\u00f9 centrale, cos\u00ec come studiare la concentrazione delle \u2018imprese etniche\u2019 nei diversi quartieri milanesi, per comprendere la nascita e il successo di queste attivit\u00e0.<\/p>\n<p>ISSN 2283-401X<\/p>\n","protected":false},"excerpt":{"rendered":"<p>Esiste s\u00ec una significativa pattuglia di imprese che innovano e sono capaci, grazie alla loro \u2018strategia dinamica\u2019, di adattarsi ai cambiamenti dei mercati. Ma \u00e8 noto che la specializzazione del nostro Paese \u00e8 in settori a media-bassa tecnologia e ci\u00f2 espone maggiormente le aziende italiane alla competizione internazionale. L\u2019auspicio \u00e8 che anche da noi maturino la consapevolezza e la spinta da parte delle stesse imprese e del governo ad affrontare con urgenza il problema attraverso una mirata politica di investimenti.<br \/>\nNell\u2019era della \u2018rivoluzione digitale\u2019, cambia l\u2019ambiente di lavoro, cambiano le forme organizzative e cambia la stessa antropologia del lavoro.<\/p>\n<p>ISSN 2283-401X<\/p>\n","protected":false},"featured_media":0,"template":"","meta":{"_editorskit_title_hidden":false,"_editorskit_reading_time":0,"_editorskit_is_block_options_detached":false,"_editorskit_block_options_position":"{}","_monsterinsights_skip_tracking":false,"_monsterinsights_sitenote_active":false,"_monsterinsights_sitenote_note":"","_monsterinsights_sitenote_category":0},"product_brand":[],"product_cat":[6529,6695],"product_tag":[],"class_list":{"0":"post-15485","1":"product","2":"type-product","3":"status-publish","5":"product_cat-economia-e-management","6":"product_cat-imprese-e-citta","7":"pa_guerini_strillo-f2-focuslagrandetrasformazion","9":"first","10":"instock","11":"sale","12":"shipping-taxable","13":"purchasable","14":"product-type-simple"},"yoast_head":"<!-- This site is optimized with the Yoast SEO plugin v25.4 - https:\/\/yoast.com\/wordpress\/plugins\/seo\/ -->\n<title>Imprese &amp; Citt\u00e0 - Guerini e Associati<\/title>\n<meta name=\"robots\" content=\"index, follow, max-snippet:-1, max-image-preview:large, max-video-preview:-1\" \/>\n<link rel=\"canonical\" href=\"https:\/\/www.guerini.it\/index.php\/prodotto\/imprese-citta\/\" \/>\n<meta property=\"og:locale\" content=\"it_IT\" \/>\n<meta property=\"og:type\" content=\"article\" \/>\n<meta property=\"og:title\" content=\"Imprese &amp; Citt\u00e0 - Guerini e Associati\" \/>\n<meta property=\"og:description\" content=\"Esiste s\u00ec una significativa pattuglia di imprese che innovano e sono capaci, grazie alla loro \u2018strategia dinamica\u2019, di adattarsi ai cambiamenti dei mercati. Ma \u00e8 noto che la specializzazione del nostro Paese \u00e8 in settori a media-bassa tecnologia e ci\u00f2 espone maggiormente le aziende italiane alla competizione internazionale. L\u2019auspicio \u00e8 che anche da noi maturino la consapevolezza e la spinta da parte delle stesse imprese e del governo ad affrontare con urgenza il problema attraverso una mirata politica di investimenti. Nell\u2019era della \u2018rivoluzione digitale\u2019, cambia l\u2019ambiente di lavoro, cambiano le forme organizzative e cambia la stessa antropologia del lavoro.  ISSN 2283-401X\" \/>\n<meta property=\"og:url\" content=\"https:\/\/www.guerini.it\/index.php\/prodotto\/imprese-citta\/\" \/>\n<meta property=\"og:site_name\" content=\"Guerini e Associati\" \/>\n<meta property=\"article:modified_time\" content=\"2024-06-12T12:41:12+00:00\" \/>\n<meta name=\"twitter:card\" content=\"summary_large_image\" \/>\n<meta name=\"twitter:label1\" content=\"Tempo di lettura stimato\" \/>\n\t<meta name=\"twitter:data1\" content=\"1 minuto\" \/>\n<!-- \/ Yoast SEO plugin. -->","yoast_head_json":{"title":"Imprese & Citt\u00e0 - Guerini e Associati","robots":{"index":"index","follow":"follow","max-snippet":"max-snippet:-1","max-image-preview":"max-image-preview:large","max-video-preview":"max-video-preview:-1"},"canonical":"https:\/\/www.guerini.it\/index.php\/prodotto\/imprese-citta\/","og_locale":"it_IT","og_type":"article","og_title":"Imprese & Citt\u00e0 - Guerini e Associati","og_description":"Esiste s\u00ec una significativa pattuglia di imprese che innovano e sono capaci, grazie alla loro \u2018strategia dinamica\u2019, di adattarsi ai cambiamenti dei mercati. Ma \u00e8 noto che la specializzazione del nostro Paese \u00e8 in settori a media-bassa tecnologia e ci\u00f2 espone maggiormente le aziende italiane alla competizione internazionale. L\u2019auspicio \u00e8 che anche da noi maturino la consapevolezza e la spinta da parte delle stesse imprese e del governo ad affrontare con urgenza il problema attraverso una mirata politica di investimenti. Nell\u2019era della \u2018rivoluzione digitale\u2019, cambia l\u2019ambiente di lavoro, cambiano le forme organizzative e cambia la stessa antropologia del lavoro.  ISSN 2283-401X","og_url":"https:\/\/www.guerini.it\/index.php\/prodotto\/imprese-citta\/","og_site_name":"Guerini e Associati","article_modified_time":"2024-06-12T12:41:12+00:00","twitter_card":"summary_large_image","twitter_misc":{"Tempo di lettura stimato":"1 minuto"},"schema":{"@context":"https:\/\/schema.org","@graph":[{"@type":"WebPage","@id":"https:\/\/www.guerini.it\/index.php\/prodotto\/imprese-citta\/","url":"https:\/\/www.guerini.it\/index.php\/prodotto\/imprese-citta\/","name":"Imprese & Citt\u00e0 - Guerini e Associati","isPartOf":{"@id":"https:\/\/www.guerini.it\/#website"},"datePublished":"2015-02-10T08:57:26+00:00","dateModified":"2024-06-12T12:41:12+00:00","breadcrumb":{"@id":"https:\/\/www.guerini.it\/index.php\/prodotto\/imprese-citta\/#breadcrumb"},"inLanguage":"it-IT","potentialAction":[{"@type":"ReadAction","target":["https:\/\/www.guerini.it\/index.php\/prodotto\/imprese-citta\/"]}]},{"@type":"BreadcrumbList","@id":"https:\/\/www.guerini.it\/index.php\/prodotto\/imprese-citta\/#breadcrumb","itemListElement":[{"@type":"ListItem","position":1,"name":"Home","item":"https:\/\/www.guerini.it\/"},{"@type":"ListItem","position":2,"name":"Catalogo","item":"https:\/\/www.guerini.it\/index.php\/negozio\/"},{"@type":"ListItem","position":3,"name":"Imprese &#038; Citt\u00e0"}]},{"@type":"WebSite","@id":"https:\/\/www.guerini.it\/#website","url":"https:\/\/www.guerini.it\/","name":"Guerini e Associati","description":"30 anni di libri, idee e libert\u00e0","publisher":{"@id":"https:\/\/www.guerini.it\/#organization"},"potentialAction":[{"@type":"SearchAction","target":{"@type":"EntryPoint","urlTemplate":"https:\/\/www.guerini.it\/?s={search_term_string}"},"query-input":{"@type":"PropertyValueSpecification","valueRequired":true,"valueName":"search_term_string"}}],"inLanguage":"it-IT"},{"@type":"Organization","@id":"https:\/\/www.guerini.it\/#organization","name":"Guerini e Associati","url":"https:\/\/www.guerini.it\/","logo":{"@type":"ImageObject","inLanguage":"it-IT","@id":"https:\/\/www.guerini.it\/#\/schema\/logo\/image\/","url":"https:\/\/www.guerini.it\/wp-content\/uploads\/2021\/03\/Logo-Guerini-OK_-e1615831292285.png","contentUrl":"https:\/\/www.guerini.it\/wp-content\/uploads\/2021\/03\/Logo-Guerini-OK_-e1615831292285.png","width":2805,"height":1870,"caption":"Guerini e Associati"},"image":{"@id":"https:\/\/www.guerini.it\/#\/schema\/logo\/image\/"}}]}},"_links":{"self":[{"href":"https:\/\/www.guerini.it\/index.php\/wp-json\/wp\/v2\/product\/15485","targetHints":{"allow":["GET"]}}],"collection":[{"href":"https:\/\/www.guerini.it\/index.php\/wp-json\/wp\/v2\/product"}],"about":[{"href":"https:\/\/www.guerini.it\/index.php\/wp-json\/wp\/v2\/types\/product"}],"wp:attachment":[{"href":"https:\/\/www.guerini.it\/index.php\/wp-json\/wp\/v2\/media?parent=15485"}],"wp:term":[{"taxonomy":"product_brand","embeddable":true,"href":"https:\/\/www.guerini.it\/index.php\/wp-json\/wp\/v2\/product_brand?post=15485"},{"taxonomy":"product_cat","embeddable":true,"href":"https:\/\/www.guerini.it\/index.php\/wp-json\/wp\/v2\/product_cat?post=15485"},{"taxonomy":"product_tag","embeddable":true,"href":"https:\/\/www.guerini.it\/index.php\/wp-json\/wp\/v2\/product_tag?post=15485"}],"curies":[{"name":"wp","href":"https:\/\/api.w.org\/{rel}","templated":true}]}}