{"id":15523,"date":"2015-03-31T07:28:31","date_gmt":"2015-03-31T05:28:31","guid":{"rendered":"https:\/\/test.guerini.it\/?product=luoghi-della-memoria-a-milano"},"modified":"2026-01-19T20:23:30","modified_gmt":"2026-01-19T19:23:30","slug":"luoghi-della-memoria-a-milano","status":"publish","type":"product","link":"https:\/\/www.guerini.it\/index.php\/prodotto\/luoghi-della-memoria-a-milano\/","title":{"rendered":"Luoghi della memoria a Milano"},"content":{"rendered":"<p style=\"text-align: justify;\">\u00abQuesta guida, che ricompone una trama dei fatti ormai fragile per l\u2019usura del tempo, ha anche il merito di restituire al lettore una pi\u00f9 corretta conoscenza della successione dei fatti. E di convincerlo a guardare la citt\u00e0 con occhi diversi\u00bb (<em>dalla Prefazione di Ferruccio De Bortoli<\/em>).<\/p>\n<p style=\"text-align: justify;\">Dal Piccolo Teatro di via Rovello alla Loggia dei Mercanti, nell\u2019omonima piazza, passando per la Stazione Centrale e le Officine di via Teodosio&#8230; \u00e8 il filo sottile della memoria che unisce questi splendidi edifici dal valore non esclusivamente architettonico, luoghi della Resistenza che svelano un lato nascosto di Milano, citt\u00e0 dell\u2019Expo, e che videro sfilare un\u2019umanit\u00e0 dolente, uomini e donne vittime della repressione nazifascista, i tranvieri che dettero vita agli scioperi del \u201944, gli ebrei rinchiusi prima nel carcere di San Vittore e poi deportati ad Auschwitz da quel binario 21 che \u00e8 oggi diventato un Memoriale. In forma di racconto, con testimonianze e ricostruzioni, ecco una mappa inedita per ricordare che Milano non \u00e8 solo la capitale della moda, del design, della finanza, ma \u00e8 anche la Citt\u00e0 della Liberazione, Medaglia d\u2019Oro della Resistenza.<\/p>\n<hr \/>\n<p style=\"text-align: justify;\"><strong>Stefania Consenti<\/strong>, pugliese, laureata in Filosofia all\u2019Universit\u00e0 di Bari, \u00e8 giornalista professionista dal 1995. Ha iniziato nel 1989 come collaboratrice nel quotidiano <em>L\u2019Unit\u00e0<\/em> per poi approdare nel 1991 nella testata <em>Il Giorno<\/em> dove in Cronaca si occupa di politica e temi sindacali. Dopo un intenso viaggio con gli studenti ad Auschwitz, ha scritto prima <em>Binario 21. Un treno per Auschwitz<\/em> (2010) e poi <em>Il futuro della memoria. Conversazioni con Nedo Fiano, Liliana Segre e Piero Terracina, testimoni della Shoah<\/em> (2011).<\/p>\n<p><strong>Permalink:\u00a0<\/strong><a href=\"http:\/\/digital.casalini.it\/9788881951826\">http:\/\/digital.casalini.it\/9788881951826<\/a><\/p>\n","protected":false},"excerpt":{"rendered":"<p><em>\u00abQuesta guida, che ricompone una trama dei fatti ormai fragile per l\u2019usura del tempo, ha anche il merito di restituire al lettore una pi\u00f9 corretta conoscenza della successione dei fatti. E di convincerlo a guardare la citt\u00e0 con occhi diversi\u00bb\u00a0<\/em>dalla prefazione di Ferruccio De Bortoli.<\/p>\n<p>Una mappa inedita in forma di racconto, con testimonianze e ricostruzioni, di una Milano a lungo dimenticata. Seguendo il filo sottile della memoria, Stefania Consenti va alla riscoperta\u00a0 di tutti quei luoghi della citt\u00e0 legati agli orrori del nazifascismo e della guerra, svelando la storia celata di numerosi splendidi edifici dal valore non esclusivamente architettonico.<\/p>\n<p>&nbsp;<\/p>\n","protected":false},"featured_media":23219,"template":"","meta":{"_editorskit_title_hidden":false,"_editorskit_reading_time":0,"_editorskit_is_block_options_detached":false,"_editorskit_block_options_position":"{}","_monsterinsights_skip_tracking":false,"_monsterinsights_sitenote_active":false,"_monsterinsights_sitenote_note":"","_monsterinsights_sitenote_category":0},"product_brand":[],"product_cat":[6527,6636,6539],"product_tag":[7075,9243,7050],"class_list":{"0":"post-15523","1":"product","2":"type-product","3":"status-publish","4":"has-post-thumbnail","6":"product_cat-attualita","7":"product_cat-di-storie-in-storia","8":"product_cat-storia-e-geografia","9":"product_tag-milano","10":"product_tag-resistenza","11":"product_tag-storia","12":"pa_guerini_amazon_link-https-www-amazon-it-memoria-milano-itinerari-medaglia-resistenza-dp-8862505728","13":"pa_guerini_feltrinelli_link-https-www-lafeltrinelli-it-luoghi-della-memoria-a-milano-libro-vari-e-9788862505727","14":"pa_guerini_ibs_link-https-www-ibs-it-luoghi-della-memoria-a-milano-libro-vari-e-9788862505727","15":"pa_guerini_libruniver_link-https-www-libreriauniversitaria-it-luoghi-memoria-milano-itinerari-citta-libro-9788862505727","16":"pa_guerini_mondadori_link-https-www-mondadoristore-it-luoghi-memoria-milano-na-eai978886250572","17":"pa_guerini_strillo-03-lacittadellaliberazione_me","19":"first","20":"instock","21":"sale","22":"shipping-taxable","23":"purchasable","24":"product-type-simple"},"yoast_head":"<!-- This site is optimized with the Yoast SEO plugin v25.4 - https:\/\/yoast.com\/wordpress\/plugins\/seo\/ -->\n<title>Luoghi della memoria a Milano - Guerini e Associati<\/title>\n<meta name=\"robots\" content=\"index, follow, max-snippet:-1, max-image-preview:large, max-video-preview:-1\" \/>\n<link rel=\"canonical\" href=\"https:\/\/www.guerini.it\/index.php\/prodotto\/luoghi-della-memoria-a-milano\/\" \/>\n<meta property=\"og:locale\" content=\"it_IT\" \/>\n<meta property=\"og:type\" content=\"article\" \/>\n<meta property=\"og:title\" content=\"Luoghi della memoria a Milano - Guerini e Associati\" \/>\n<meta property=\"og:description\" content=\"\u00abQuesta guida, che ricompone una trama dei fatti ormai fragile per l\u2019usura del tempo, ha anche il merito di restituire al lettore una pi\u00f9 corretta conoscenza della successione dei fatti. E di convincerlo a guardare la citt\u00e0 con occhi diversi\u00bb\u00a0dalla prefazione di Ferruccio De Bortoli.  Una mappa inedita in forma di racconto, con testimonianze e ricostruzioni, di una Milano a lungo dimenticata. Seguendo il filo sottile della memoria, Stefania Consenti va alla riscoperta\u00a0 di tutti quei luoghi della citt\u00e0 legati agli orrori del nazifascismo e della guerra, svelando la storia celata di numerosi splendidi edifici dal valore non esclusivamente architettonico.  &nbsp;\" \/>\n<meta property=\"og:url\" content=\"https:\/\/www.guerini.it\/index.php\/prodotto\/luoghi-della-memoria-a-milano\/\" \/>\n<meta property=\"og:site_name\" content=\"Guerini e Associati\" \/>\n<meta property=\"article:modified_time\" content=\"2026-01-19T19:23:30+00:00\" \/>\n<meta property=\"og:image\" content=\"https:\/\/www.guerini.it\/wp-content\/uploads\/2015\/03\/Cop.Luoghi.Memoria_page-0001-e1665664690893.jpg\" \/>\n\t<meta property=\"og:image:width\" content=\"226\" \/>\n\t<meta property=\"og:image:height\" content=\"350\" \/>\n\t<meta property=\"og:image:type\" content=\"image\/jpeg\" \/>\n<meta name=\"twitter:card\" content=\"summary_large_image\" \/>\n<meta name=\"twitter:label1\" content=\"Tempo di lettura stimato\" \/>\n\t<meta name=\"twitter:data1\" content=\"2 minuti\" \/>\n<!-- \/ Yoast SEO plugin. -->","yoast_head_json":{"title":"Luoghi della memoria a Milano - Guerini e Associati","robots":{"index":"index","follow":"follow","max-snippet":"max-snippet:-1","max-image-preview":"max-image-preview:large","max-video-preview":"max-video-preview:-1"},"canonical":"https:\/\/www.guerini.it\/index.php\/prodotto\/luoghi-della-memoria-a-milano\/","og_locale":"it_IT","og_type":"article","og_title":"Luoghi della memoria a Milano - Guerini e Associati","og_description":"\u00abQuesta guida, che ricompone una trama dei fatti ormai fragile per l\u2019usura del tempo, ha anche il merito di restituire al lettore una pi\u00f9 corretta conoscenza della successione dei fatti. E di convincerlo a guardare la citt\u00e0 con occhi diversi\u00bb\u00a0dalla prefazione di Ferruccio De Bortoli.  Una mappa inedita in forma di racconto, con testimonianze e ricostruzioni, di una Milano a lungo dimenticata. Seguendo il filo sottile della memoria, Stefania Consenti va alla riscoperta\u00a0 di tutti quei luoghi della citt\u00e0 legati agli orrori del nazifascismo e della guerra, svelando la storia celata di numerosi splendidi edifici dal valore non esclusivamente architettonico.  &nbsp;","og_url":"https:\/\/www.guerini.it\/index.php\/prodotto\/luoghi-della-memoria-a-milano\/","og_site_name":"Guerini e Associati","article_modified_time":"2026-01-19T19:23:30+00:00","og_image":[{"width":226,"height":350,"url":"https:\/\/www.guerini.it\/wp-content\/uploads\/2015\/03\/Cop.Luoghi.Memoria_page-0001-e1665664690893.jpg","type":"image\/jpeg"}],"twitter_card":"summary_large_image","twitter_misc":{"Tempo di lettura stimato":"2 minuti"},"schema":{"@context":"https:\/\/schema.org","@graph":[{"@type":"WebPage","@id":"https:\/\/www.guerini.it\/index.php\/prodotto\/luoghi-della-memoria-a-milano\/","url":"https:\/\/www.guerini.it\/index.php\/prodotto\/luoghi-della-memoria-a-milano\/","name":"Luoghi della memoria a Milano - Guerini e Associati","isPartOf":{"@id":"https:\/\/www.guerini.it\/#website"},"primaryImageOfPage":{"@id":"https:\/\/www.guerini.it\/index.php\/prodotto\/luoghi-della-memoria-a-milano\/#primaryimage"},"image":{"@id":"https:\/\/www.guerini.it\/index.php\/prodotto\/luoghi-della-memoria-a-milano\/#primaryimage"},"thumbnailUrl":"https:\/\/www.guerini.it\/wp-content\/uploads\/2015\/03\/Cop.Luoghi.Memoria_page-0001-e1665664690893.jpg","datePublished":"2015-03-31T05:28:31+00:00","dateModified":"2026-01-19T19:23:30+00:00","breadcrumb":{"@id":"https:\/\/www.guerini.it\/index.php\/prodotto\/luoghi-della-memoria-a-milano\/#breadcrumb"},"inLanguage":"it-IT","potentialAction":[{"@type":"ReadAction","target":["https:\/\/www.guerini.it\/index.php\/prodotto\/luoghi-della-memoria-a-milano\/"]}]},{"@type":"ImageObject","inLanguage":"it-IT","@id":"https:\/\/www.guerini.it\/index.php\/prodotto\/luoghi-della-memoria-a-milano\/#primaryimage","url":"https:\/\/www.guerini.it\/wp-content\/uploads\/2015\/03\/Cop.Luoghi.Memoria_page-0001-e1665664690893.jpg","contentUrl":"https:\/\/www.guerini.it\/wp-content\/uploads\/2015\/03\/Cop.Luoghi.Memoria_page-0001-e1665664690893.jpg","width":226,"height":350,"caption":"Copertina del volume Luoghi della memoria a Milano"},{"@type":"BreadcrumbList","@id":"https:\/\/www.guerini.it\/index.php\/prodotto\/luoghi-della-memoria-a-milano\/#breadcrumb","itemListElement":[{"@type":"ListItem","position":1,"name":"Home","item":"https:\/\/www.guerini.it\/"},{"@type":"ListItem","position":2,"name":"Catalogo","item":"https:\/\/www.guerini.it\/index.php\/negozio\/"},{"@type":"ListItem","position":3,"name":"Luoghi della memoria a Milano"}]},{"@type":"WebSite","@id":"https:\/\/www.guerini.it\/#website","url":"https:\/\/www.guerini.it\/","name":"Guerini e Associati","description":"30 anni di libri, idee e libert\u00e0","publisher":{"@id":"https:\/\/www.guerini.it\/#organization"},"potentialAction":[{"@type":"SearchAction","target":{"@type":"EntryPoint","urlTemplate":"https:\/\/www.guerini.it\/?s={search_term_string}"},"query-input":{"@type":"PropertyValueSpecification","valueRequired":true,"valueName":"search_term_string"}}],"inLanguage":"it-IT"},{"@type":"Organization","@id":"https:\/\/www.guerini.it\/#organization","name":"Guerini e Associati","url":"https:\/\/www.guerini.it\/","logo":{"@type":"ImageObject","inLanguage":"it-IT","@id":"https:\/\/www.guerini.it\/#\/schema\/logo\/image\/","url":"https:\/\/www.guerini.it\/wp-content\/uploads\/2021\/03\/Logo-Guerini-OK_-e1615831292285.png","contentUrl":"https:\/\/www.guerini.it\/wp-content\/uploads\/2021\/03\/Logo-Guerini-OK_-e1615831292285.png","width":2805,"height":1870,"caption":"Guerini e Associati"},"image":{"@id":"https:\/\/www.guerini.it\/#\/schema\/logo\/image\/"}}]}},"_links":{"self":[{"href":"https:\/\/www.guerini.it\/index.php\/wp-json\/wp\/v2\/product\/15523","targetHints":{"allow":["GET"]}}],"collection":[{"href":"https:\/\/www.guerini.it\/index.php\/wp-json\/wp\/v2\/product"}],"about":[{"href":"https:\/\/www.guerini.it\/index.php\/wp-json\/wp\/v2\/types\/product"}],"wp:featuredmedia":[{"embeddable":true,"href":"https:\/\/www.guerini.it\/index.php\/wp-json\/wp\/v2\/media\/23219"}],"wp:attachment":[{"href":"https:\/\/www.guerini.it\/index.php\/wp-json\/wp\/v2\/media?parent=15523"}],"wp:term":[{"taxonomy":"product_brand","embeddable":true,"href":"https:\/\/www.guerini.it\/index.php\/wp-json\/wp\/v2\/product_brand?post=15523"},{"taxonomy":"product_cat","embeddable":true,"href":"https:\/\/www.guerini.it\/index.php\/wp-json\/wp\/v2\/product_cat?post=15523"},{"taxonomy":"product_tag","embeddable":true,"href":"https:\/\/www.guerini.it\/index.php\/wp-json\/wp\/v2\/product_tag?post=15523"}],"curies":[{"name":"wp","href":"https:\/\/api.w.org\/{rel}","templated":true}]}}