{"id":15535,"date":"2015-05-08T06:19:47","date_gmt":"2015-05-08T04:19:47","guid":{"rendered":"https:\/\/test.guerini.it\/?product=l-arte-della-predizione"},"modified":"2025-01-01T18:11:01","modified_gmt":"2025-01-01T17:11:01","slug":"l-arte-della-predizione","status":"publish","type":"product","link":"https:\/\/www.guerini.it\/index.php\/prodotto\/l-arte-della-predizione\/","title":{"rendered":"L&#8217;arte della predizione"},"content":{"rendered":"<p>Prevedere il futuro \u00e8 stata un\u2019esigenza costante dell\u2019umanit\u00e0.<br \/>\nIl libro narra e commenta gli strumenti e i metodi inventati dai tempi delle caverne al Seicento per soddisfare questo bisogno vitale. Descrive i profili dei predittori laici e religiosi, degli utilizzatori \u2013 i poteri statuali, militari, mercantili e finanziari \u2013 e commenta i risultati ottenuti dalle procedure divinatorie. Il racconto si svolge in stretto collegamento con la storia della magia, detta \u00abscienza ermetica\u00bb, di cui la predizione antica era figlia, e ne mette in luce il sicuro fascino e l\u2019ambigua affidabilit\u00e0. L\u2019Arte della Predizione \u00e8 al tempo stesso una provocazione intellettuale: il dominio della ragione, che si \u00e8 affermato dal Settecento al Novecento, \u00e8 oggi in crisi e non riesce a governare i caotici comportamenti dei sistemi politici, economici, sociali. Lo conferma la fragile affidabilit\u00e0 dei sistemi previsivi contemporanei, seppur dotati di potenti mezzi logici e tecnologici. Ne fa fede l\u2019autore che ha svolto attivit\u00e0 predittiva nel corso delle sue esperienze professionali.<br \/>\nIl libro \u00e8 dedicato alla ristretta famiglia dei previsori e si propone all\u2019attenzione dei lettori dotati di curiosit\u00e0 intellettuale per le contraddizioni del nostro tempo.<\/p>\n","protected":false},"excerpt":{"rendered":"<p>Prevedere il futuro \u00e8 stata un\u2019esigenza costante dell\u2019umanit\u00e0.<br \/>\nIl libro narra e commenta gli strumenti e i metodi inventati dai tempi delle caverne al Seicento per soddisfare questo bisogno vitale. Descrive i profili dei predittori laici e religiosi, degli utilizzatori \u2013 i poteri statuali, militari, mercantili e finanziari \u2013 e commenta i risultati ottenuti dalle procedure divinatorie. Il racconto si svolge in stretto collegamento con la storia della magia, detta \u00abscienza ermetica\u00bb, di cui la predizione antica era figlia, e ne mette in luce il sicuro fascino e l\u2019ambigua affidabilit\u00e0. L\u2019Arte della Predizione \u00e8 al tempo stesso una provocazione intellettuale: il dominio della ragione, che si \u00e8 affermato dal Settecento al Novecento, \u00e8 oggi in crisi e non riesce a governare i caotici comportamenti dei sistemi politici, economici, sociali. Lo conferma la fragile affidabilit\u00e0 dei sistemi previsivi contemporanei, seppur dotati di potenti mezzi logici e tecnologici. Ne fa fede l\u2019autore che ha svolto attivit\u00e0 predittiva nel corso delle sue esperienze professionali.<br \/>\nIl libro \u00e8 dedicato alla ristretta famiglia dei previsori e si propone all\u2019attenzione dei lettori dotati di curiosit\u00e0 intellettuale per le contraddizioni del nostro tempo.<\/p>\n","protected":false},"featured_media":15534,"template":"","meta":{"_editorskit_title_hidden":false,"_editorskit_reading_time":0,"_editorskit_is_block_options_detached":false,"_editorskit_block_options_position":"{}","_monsterinsights_skip_tracking":false,"_monsterinsights_sitenote_active":false,"_monsterinsights_sitenote_note":"","_monsterinsights_sitenote_category":0},"product_brand":[],"product_cat":[6527],"product_tag":[],"class_list":{"0":"post-15535","1":"product","2":"type-product","3":"status-publish","4":"has-post-thumbnail","6":"product_cat-attualita","8":"first","9":"instock","10":"sale","11":"shipping-taxable","12":"purchasable","13":"product-type-simple"},"yoast_head":"<!-- This site is optimized with the Yoast SEO plugin v25.4 - https:\/\/yoast.com\/wordpress\/plugins\/seo\/ -->\n<title>L&#039;arte della predizione - Guerini e Associati<\/title>\n<meta name=\"robots\" content=\"index, follow, max-snippet:-1, max-image-preview:large, max-video-preview:-1\" \/>\n<link rel=\"canonical\" href=\"https:\/\/www.guerini.it\/index.php\/prodotto\/l-arte-della-predizione\/\" \/>\n<meta property=\"og:locale\" content=\"it_IT\" \/>\n<meta property=\"og:type\" content=\"article\" \/>\n<meta property=\"og:title\" content=\"L&#039;arte della predizione - Guerini e Associati\" \/>\n<meta property=\"og:description\" content=\"Prevedere il futuro \u00e8 stata un\u2019esigenza costante dell\u2019umanit\u00e0. Il libro narra e commenta gli strumenti e i metodi inventati dai tempi delle caverne al Seicento per soddisfare questo bisogno vitale. Descrive i profili dei predittori laici e religiosi, degli utilizzatori \u2013 i poteri statuali, militari, mercantili e finanziari \u2013 e commenta i risultati ottenuti dalle procedure divinatorie. Il racconto si svolge in stretto collegamento con la storia della magia, detta \u00abscienza ermetica\u00bb, di cui la predizione antica era figlia, e ne mette in luce il sicuro fascino e l\u2019ambigua affidabilit\u00e0. L\u2019Arte della Predizione \u00e8 al tempo stesso una provocazione intellettuale: il dominio della ragione, che si \u00e8 affermato dal Settecento al Novecento, \u00e8 oggi in crisi e non riesce a governare i caotici comportamenti dei sistemi politici, economici, sociali. Lo conferma la fragile affidabilit\u00e0 dei sistemi previsivi contemporanei, seppur dotati di potenti mezzi logici e tecnologici. Ne fa fede l\u2019autore che ha svolto attivit\u00e0 predittiva nel corso delle sue esperienze professionali. Il libro \u00e8 dedicato alla ristretta famiglia dei previsori e si propone all\u2019attenzione dei lettori dotati di curiosit\u00e0 intellettuale per le contraddizioni del nostro tempo.\" \/>\n<meta property=\"og:url\" content=\"https:\/\/www.guerini.it\/index.php\/prodotto\/l-arte-della-predizione\/\" \/>\n<meta property=\"og:site_name\" content=\"Guerini e Associati\" \/>\n<meta property=\"article:modified_time\" content=\"2025-01-01T17:11:01+00:00\" \/>\n<meta property=\"og:image\" content=\"https:\/\/www.guerini.it\/wp-content\/uploads\/2015\/05\/arte_della_predizione_sito.jpg\" \/>\n\t<meta property=\"og:image:width\" content=\"233\" \/>\n\t<meta property=\"og:image:height\" content=\"353\" \/>\n\t<meta property=\"og:image:type\" content=\"image\/jpeg\" \/>\n<meta name=\"twitter:card\" content=\"summary_large_image\" \/>\n<meta name=\"twitter:label1\" content=\"Tempo di lettura stimato\" \/>\n\t<meta name=\"twitter:data1\" content=\"1 minuto\" \/>\n<!-- \/ Yoast SEO plugin. -->","yoast_head_json":{"title":"L'arte della predizione - Guerini e Associati","robots":{"index":"index","follow":"follow","max-snippet":"max-snippet:-1","max-image-preview":"max-image-preview:large","max-video-preview":"max-video-preview:-1"},"canonical":"https:\/\/www.guerini.it\/index.php\/prodotto\/l-arte-della-predizione\/","og_locale":"it_IT","og_type":"article","og_title":"L'arte della predizione - Guerini e Associati","og_description":"Prevedere il futuro \u00e8 stata un\u2019esigenza costante dell\u2019umanit\u00e0. Il libro narra e commenta gli strumenti e i metodi inventati dai tempi delle caverne al Seicento per soddisfare questo bisogno vitale. Descrive i profili dei predittori laici e religiosi, degli utilizzatori \u2013 i poteri statuali, militari, mercantili e finanziari \u2013 e commenta i risultati ottenuti dalle procedure divinatorie. Il racconto si svolge in stretto collegamento con la storia della magia, detta \u00abscienza ermetica\u00bb, di cui la predizione antica era figlia, e ne mette in luce il sicuro fascino e l\u2019ambigua affidabilit\u00e0. L\u2019Arte della Predizione \u00e8 al tempo stesso una provocazione intellettuale: il dominio della ragione, che si \u00e8 affermato dal Settecento al Novecento, \u00e8 oggi in crisi e non riesce a governare i caotici comportamenti dei sistemi politici, economici, sociali. Lo conferma la fragile affidabilit\u00e0 dei sistemi previsivi contemporanei, seppur dotati di potenti mezzi logici e tecnologici. Ne fa fede l\u2019autore che ha svolto attivit\u00e0 predittiva nel corso delle sue esperienze professionali. Il libro \u00e8 dedicato alla ristretta famiglia dei previsori e si propone all\u2019attenzione dei lettori dotati di curiosit\u00e0 intellettuale per le contraddizioni del nostro tempo.","og_url":"https:\/\/www.guerini.it\/index.php\/prodotto\/l-arte-della-predizione\/","og_site_name":"Guerini e Associati","article_modified_time":"2025-01-01T17:11:01+00:00","og_image":[{"width":233,"height":353,"url":"https:\/\/www.guerini.it\/wp-content\/uploads\/2015\/05\/arte_della_predizione_sito.jpg","type":"image\/jpeg"}],"twitter_card":"summary_large_image","twitter_misc":{"Tempo di lettura stimato":"1 minuto"},"schema":{"@context":"https:\/\/schema.org","@graph":[{"@type":"WebPage","@id":"https:\/\/www.guerini.it\/index.php\/prodotto\/l-arte-della-predizione\/","url":"https:\/\/www.guerini.it\/index.php\/prodotto\/l-arte-della-predizione\/","name":"L'arte della predizione - Guerini e Associati","isPartOf":{"@id":"https:\/\/www.guerini.it\/#website"},"primaryImageOfPage":{"@id":"https:\/\/www.guerini.it\/index.php\/prodotto\/l-arte-della-predizione\/#primaryimage"},"image":{"@id":"https:\/\/www.guerini.it\/index.php\/prodotto\/l-arte-della-predizione\/#primaryimage"},"thumbnailUrl":"https:\/\/www.guerini.it\/wp-content\/uploads\/2015\/05\/arte_della_predizione_sito.jpg","datePublished":"2015-05-08T04:19:47+00:00","dateModified":"2025-01-01T17:11:01+00:00","breadcrumb":{"@id":"https:\/\/www.guerini.it\/index.php\/prodotto\/l-arte-della-predizione\/#breadcrumb"},"inLanguage":"it-IT","potentialAction":[{"@type":"ReadAction","target":["https:\/\/www.guerini.it\/index.php\/prodotto\/l-arte-della-predizione\/"]}]},{"@type":"ImageObject","inLanguage":"it-IT","@id":"https:\/\/www.guerini.it\/index.php\/prodotto\/l-arte-della-predizione\/#primaryimage","url":"https:\/\/www.guerini.it\/wp-content\/uploads\/2015\/05\/arte_della_predizione_sito.jpg","contentUrl":"https:\/\/www.guerini.it\/wp-content\/uploads\/2015\/05\/arte_della_predizione_sito.jpg","width":233,"height":353,"caption":"L'arte della predizione"},{"@type":"BreadcrumbList","@id":"https:\/\/www.guerini.it\/index.php\/prodotto\/l-arte-della-predizione\/#breadcrumb","itemListElement":[{"@type":"ListItem","position":1,"name":"Home","item":"https:\/\/www.guerini.it\/"},{"@type":"ListItem","position":2,"name":"Catalogo","item":"https:\/\/www.guerini.it\/index.php\/negozio\/"},{"@type":"ListItem","position":3,"name":"L&#8217;arte della predizione"}]},{"@type":"WebSite","@id":"https:\/\/www.guerini.it\/#website","url":"https:\/\/www.guerini.it\/","name":"Guerini e Associati","description":"30 anni di libri, idee e libert\u00e0","publisher":{"@id":"https:\/\/www.guerini.it\/#organization"},"potentialAction":[{"@type":"SearchAction","target":{"@type":"EntryPoint","urlTemplate":"https:\/\/www.guerini.it\/?s={search_term_string}"},"query-input":{"@type":"PropertyValueSpecification","valueRequired":true,"valueName":"search_term_string"}}],"inLanguage":"it-IT"},{"@type":"Organization","@id":"https:\/\/www.guerini.it\/#organization","name":"Guerini e Associati","url":"https:\/\/www.guerini.it\/","logo":{"@type":"ImageObject","inLanguage":"it-IT","@id":"https:\/\/www.guerini.it\/#\/schema\/logo\/image\/","url":"https:\/\/www.guerini.it\/wp-content\/uploads\/2021\/03\/Logo-Guerini-OK_-e1615831292285.png","contentUrl":"https:\/\/www.guerini.it\/wp-content\/uploads\/2021\/03\/Logo-Guerini-OK_-e1615831292285.png","width":2805,"height":1870,"caption":"Guerini e Associati"},"image":{"@id":"https:\/\/www.guerini.it\/#\/schema\/logo\/image\/"}}]}},"_links":{"self":[{"href":"https:\/\/www.guerini.it\/index.php\/wp-json\/wp\/v2\/product\/15535","targetHints":{"allow":["GET"]}}],"collection":[{"href":"https:\/\/www.guerini.it\/index.php\/wp-json\/wp\/v2\/product"}],"about":[{"href":"https:\/\/www.guerini.it\/index.php\/wp-json\/wp\/v2\/types\/product"}],"wp:featuredmedia":[{"embeddable":true,"href":"https:\/\/www.guerini.it\/index.php\/wp-json\/wp\/v2\/media\/15534"}],"wp:attachment":[{"href":"https:\/\/www.guerini.it\/index.php\/wp-json\/wp\/v2\/media?parent=15535"}],"wp:term":[{"taxonomy":"product_brand","embeddable":true,"href":"https:\/\/www.guerini.it\/index.php\/wp-json\/wp\/v2\/product_brand?post=15535"},{"taxonomy":"product_cat","embeddable":true,"href":"https:\/\/www.guerini.it\/index.php\/wp-json\/wp\/v2\/product_cat?post=15535"},{"taxonomy":"product_tag","embeddable":true,"href":"https:\/\/www.guerini.it\/index.php\/wp-json\/wp\/v2\/product_tag?post=15535"}],"curies":[{"name":"wp","href":"https:\/\/api.w.org\/{rel}","templated":true}]}}