{"id":15575,"date":"2015-06-17T10:42:38","date_gmt":"2015-06-17T08:42:38","guid":{"rendered":"https:\/\/test.guerini.it\/?product=come-costruire-il-tuo-brand"},"modified":"2024-06-12T14:39:19","modified_gmt":"2024-06-12T12:39:19","slug":"come-costruire-il-tuo-brand","status":"publish","type":"product","link":"https:\/\/www.guerini.it\/index.php\/prodotto\/come-costruire-il-tuo-brand\/","title":{"rendered":"Come costruire il tuo brand"},"content":{"rendered":"<p style=\"text-align: justify;\">Con un approccio pratico e stimolante, gli autori propongono un metodo che permette di progettare, differenziare e posizionare il <em>marchio personale<\/em>, con un proprio profilo, in contesti fortemente competitivi e mutevoli. L&#8217;Italia &egrave; un buon esempio di rapidi cambiamenti e crisi quasi costante ed &egrave; a questo punto che la proposta di Manuel Schneer e Adriana Velazquez diventa ancora pi&ugrave; interessante. Anche le persone (professionisti, dirigenti, imprenditori, dipendenti, autonomi ecc.) sono &laquo;prodotti&raquo; incorporati nei loro mercati, con determinate regole del gioco che devono necessariamente conoscere. <br \/>Questo libro fornisce i concetti, le metodologie e gli strumenti pratici per intraprendere un nuovo percorso. Due appendici dedicate ai protagonisti della crisi occupazionale italiana concludono la disamina: i &laquo;millenials&raquo; e le donne, capitale umano fondamentale per ottimizzare e migliorare la competitvit&agrave; nei luoghi di lavoro e nelle professioni e, pi&ugrave; in generale, nell&#8217;intero sistema paese.<\/p>\n","protected":false},"excerpt":{"rendered":"<p>Con un approccio pratico e stimolante, gli autori propongono un metodo che permette di progettare, differenziare e posizionare il marchio personale, con un proprio profilo, in contesti fortemente competitivi e mutevoli. L&#8217;Italia \u00e8 un buon esempio di rapidi cambiamenti e crisi quasi costante ed \u00e8 a questo punto che la proposta di Manuel Schneer e Adriana Velazquez diventa ancora pi\u00f9 interessante. Anche le persone (professionisti, dirigenti, imprenditori, dipendenti, autonomi ecc.) sono \u00abprodotti\u00bb incorporati nei loro mercati, con determinate regole del gioco che devono necessariamente conoscere.<br \/>\nQuesto libro fornisce i concetti, le metodologie e gli strumenti pratici per intraprendere un nuovo percorso. Due appendici dedicate ai protagonisti della crisi occupazionale italiana concludono la disamina: i \u00abmillenials\u00bb e le donne, capitale umano fondamentale per ottimizzare e migliorare la competitvit\u00e0 nei luoghi di lavoro e nelle professioni e, pi\u00f9 in generale, nell&#8217;intero sistema paese.<\/p>\n","protected":false},"featured_media":15574,"template":"","meta":{"_editorskit_title_hidden":false,"_editorskit_reading_time":0,"_editorskit_is_block_options_detached":false,"_editorskit_block_options_position":"{}","_monsterinsights_skip_tracking":false,"_monsterinsights_sitenote_active":false,"_monsterinsights_sitenote_note":"","_monsterinsights_sitenote_category":0},"product_brand":[],"product_cat":[6805,6529,6622],"product_tag":[],"class_list":{"0":"post-15575","1":"product","2":"type-product","3":"status-publish","4":"has-post-thumbnail","6":"product_cat-guerini-next","7":"product_cat-economia-e-management","8":"product_cat-bp","10":"first","11":"instock","12":"sale","13":"shipping-taxable","14":"purchasable","15":"product-type-simple"},"yoast_head":"<!-- This site is optimized with the Yoast SEO plugin v25.4 - https:\/\/yoast.com\/wordpress\/plugins\/seo\/ -->\n<title>Come costruire il tuo brand - Guerini e Associati<\/title>\n<meta name=\"robots\" content=\"index, follow, max-snippet:-1, max-image-preview:large, max-video-preview:-1\" \/>\n<link rel=\"canonical\" href=\"https:\/\/www.guerini.it\/index.php\/prodotto\/come-costruire-il-tuo-brand\/\" \/>\n<meta property=\"og:locale\" content=\"it_IT\" \/>\n<meta property=\"og:type\" content=\"article\" \/>\n<meta property=\"og:title\" content=\"Come costruire il tuo brand - Guerini e Associati\" \/>\n<meta property=\"og:description\" content=\"Con un approccio pratico e stimolante, gli autori propongono un metodo che permette di progettare, differenziare e posizionare il marchio personale, con un proprio profilo, in contesti fortemente competitivi e mutevoli. L&#039;Italia \u00e8 un buon esempio di rapidi cambiamenti e crisi quasi costante ed \u00e8 a questo punto che la proposta di Manuel Schneer e Adriana Velazquez diventa ancora pi\u00f9 interessante. Anche le persone (professionisti, dirigenti, imprenditori, dipendenti, autonomi ecc.) sono \u00abprodotti\u00bb incorporati nei loro mercati, con determinate regole del gioco che devono necessariamente conoscere.  Questo libro fornisce i concetti, le metodologie e gli strumenti pratici per intraprendere un nuovo percorso. Due appendici dedicate ai protagonisti della crisi occupazionale italiana concludono la disamina: i \u00abmillenials\u00bb e le donne, capitale umano fondamentale per ottimizzare e migliorare la competitvit\u00e0 nei luoghi di lavoro e nelle professioni e, pi\u00f9 in generale, nell&#039;intero sistema paese.\" \/>\n<meta property=\"og:url\" content=\"https:\/\/www.guerini.it\/index.php\/prodotto\/come-costruire-il-tuo-brand\/\" \/>\n<meta property=\"og:site_name\" content=\"Guerini e Associati\" \/>\n<meta property=\"article:modified_time\" content=\"2024-06-12T12:39:19+00:00\" \/>\n<meta property=\"og:image\" content=\"https:\/\/www.guerini.it\/wp-content\/uploads\/2015\/06\/d.jpg\" \/>\n\t<meta property=\"og:image:width\" content=\"467\" \/>\n\t<meta property=\"og:image:height\" content=\"714\" \/>\n\t<meta property=\"og:image:type\" content=\"image\/jpeg\" \/>\n<meta name=\"twitter:card\" content=\"summary_large_image\" \/>\n<meta name=\"twitter:label1\" content=\"Tempo di lettura stimato\" \/>\n\t<meta name=\"twitter:data1\" content=\"1 minuto\" \/>\n<!-- \/ Yoast SEO plugin. -->","yoast_head_json":{"title":"Come costruire il tuo brand - Guerini e Associati","robots":{"index":"index","follow":"follow","max-snippet":"max-snippet:-1","max-image-preview":"max-image-preview:large","max-video-preview":"max-video-preview:-1"},"canonical":"https:\/\/www.guerini.it\/index.php\/prodotto\/come-costruire-il-tuo-brand\/","og_locale":"it_IT","og_type":"article","og_title":"Come costruire il tuo brand - Guerini e Associati","og_description":"Con un approccio pratico e stimolante, gli autori propongono un metodo che permette di progettare, differenziare e posizionare il marchio personale, con un proprio profilo, in contesti fortemente competitivi e mutevoli. L'Italia \u00e8 un buon esempio di rapidi cambiamenti e crisi quasi costante ed \u00e8 a questo punto che la proposta di Manuel Schneer e Adriana Velazquez diventa ancora pi\u00f9 interessante. Anche le persone (professionisti, dirigenti, imprenditori, dipendenti, autonomi ecc.) sono \u00abprodotti\u00bb incorporati nei loro mercati, con determinate regole del gioco che devono necessariamente conoscere.  Questo libro fornisce i concetti, le metodologie e gli strumenti pratici per intraprendere un nuovo percorso. Due appendici dedicate ai protagonisti della crisi occupazionale italiana concludono la disamina: i \u00abmillenials\u00bb e le donne, capitale umano fondamentale per ottimizzare e migliorare la competitvit\u00e0 nei luoghi di lavoro e nelle professioni e, pi\u00f9 in generale, nell'intero sistema paese.","og_url":"https:\/\/www.guerini.it\/index.php\/prodotto\/come-costruire-il-tuo-brand\/","og_site_name":"Guerini e Associati","article_modified_time":"2024-06-12T12:39:19+00:00","og_image":[{"width":467,"height":714,"url":"https:\/\/www.guerini.it\/wp-content\/uploads\/2015\/06\/d.jpg","type":"image\/jpeg"}],"twitter_card":"summary_large_image","twitter_misc":{"Tempo di lettura stimato":"1 minuto"},"schema":{"@context":"https:\/\/schema.org","@graph":[{"@type":"WebPage","@id":"https:\/\/www.guerini.it\/index.php\/prodotto\/come-costruire-il-tuo-brand\/","url":"https:\/\/www.guerini.it\/index.php\/prodotto\/come-costruire-il-tuo-brand\/","name":"Come costruire il tuo brand - Guerini e Associati","isPartOf":{"@id":"https:\/\/www.guerini.it\/#website"},"primaryImageOfPage":{"@id":"https:\/\/www.guerini.it\/index.php\/prodotto\/come-costruire-il-tuo-brand\/#primaryimage"},"image":{"@id":"https:\/\/www.guerini.it\/index.php\/prodotto\/come-costruire-il-tuo-brand\/#primaryimage"},"thumbnailUrl":"https:\/\/www.guerini.it\/wp-content\/uploads\/2015\/06\/d.jpg","datePublished":"2015-06-17T08:42:38+00:00","dateModified":"2024-06-12T12:39:19+00:00","breadcrumb":{"@id":"https:\/\/www.guerini.it\/index.php\/prodotto\/come-costruire-il-tuo-brand\/#breadcrumb"},"inLanguage":"it-IT","potentialAction":[{"@type":"ReadAction","target":["https:\/\/www.guerini.it\/index.php\/prodotto\/come-costruire-il-tuo-brand\/"]}]},{"@type":"ImageObject","inLanguage":"it-IT","@id":"https:\/\/www.guerini.it\/index.php\/prodotto\/come-costruire-il-tuo-brand\/#primaryimage","url":"https:\/\/www.guerini.it\/wp-content\/uploads\/2015\/06\/d.jpg","contentUrl":"https:\/\/www.guerini.it\/wp-content\/uploads\/2015\/06\/d.jpg","width":467,"height":714,"caption":"Come costruire il tuo brand"},{"@type":"BreadcrumbList","@id":"https:\/\/www.guerini.it\/index.php\/prodotto\/come-costruire-il-tuo-brand\/#breadcrumb","itemListElement":[{"@type":"ListItem","position":1,"name":"Home","item":"https:\/\/www.guerini.it\/"},{"@type":"ListItem","position":2,"name":"Catalogo","item":"https:\/\/www.guerini.it\/index.php\/negozio\/"},{"@type":"ListItem","position":3,"name":"Come costruire il tuo brand"}]},{"@type":"WebSite","@id":"https:\/\/www.guerini.it\/#website","url":"https:\/\/www.guerini.it\/","name":"Guerini e Associati","description":"30 anni di libri, idee e libert\u00e0","publisher":{"@id":"https:\/\/www.guerini.it\/#organization"},"potentialAction":[{"@type":"SearchAction","target":{"@type":"EntryPoint","urlTemplate":"https:\/\/www.guerini.it\/?s={search_term_string}"},"query-input":{"@type":"PropertyValueSpecification","valueRequired":true,"valueName":"search_term_string"}}],"inLanguage":"it-IT"},{"@type":"Organization","@id":"https:\/\/www.guerini.it\/#organization","name":"Guerini e Associati","url":"https:\/\/www.guerini.it\/","logo":{"@type":"ImageObject","inLanguage":"it-IT","@id":"https:\/\/www.guerini.it\/#\/schema\/logo\/image\/","url":"https:\/\/www.guerini.it\/wp-content\/uploads\/2021\/03\/Logo-Guerini-OK_-e1615831292285.png","contentUrl":"https:\/\/www.guerini.it\/wp-content\/uploads\/2021\/03\/Logo-Guerini-OK_-e1615831292285.png","width":2805,"height":1870,"caption":"Guerini e Associati"},"image":{"@id":"https:\/\/www.guerini.it\/#\/schema\/logo\/image\/"}}]}},"_links":{"self":[{"href":"https:\/\/www.guerini.it\/index.php\/wp-json\/wp\/v2\/product\/15575","targetHints":{"allow":["GET"]}}],"collection":[{"href":"https:\/\/www.guerini.it\/index.php\/wp-json\/wp\/v2\/product"}],"about":[{"href":"https:\/\/www.guerini.it\/index.php\/wp-json\/wp\/v2\/types\/product"}],"wp:featuredmedia":[{"embeddable":true,"href":"https:\/\/www.guerini.it\/index.php\/wp-json\/wp\/v2\/media\/15574"}],"wp:attachment":[{"href":"https:\/\/www.guerini.it\/index.php\/wp-json\/wp\/v2\/media?parent=15575"}],"wp:term":[{"taxonomy":"product_brand","embeddable":true,"href":"https:\/\/www.guerini.it\/index.php\/wp-json\/wp\/v2\/product_brand?post=15575"},{"taxonomy":"product_cat","embeddable":true,"href":"https:\/\/www.guerini.it\/index.php\/wp-json\/wp\/v2\/product_cat?post=15575"},{"taxonomy":"product_tag","embeddable":true,"href":"https:\/\/www.guerini.it\/index.php\/wp-json\/wp\/v2\/product_tag?post=15575"}],"curies":[{"name":"wp","href":"https:\/\/api.w.org\/{rel}","templated":true}]}}