{"id":15629,"date":"2015-10-21T07:23:21","date_gmt":"2015-10-21T05:23:21","guid":{"rendered":"https:\/\/test.guerini.it\/?product=piccolo-schermo"},"modified":"2024-06-20T13:16:10","modified_gmt":"2024-06-20T11:16:10","slug":"piccolo-schermo","status":"publish","type":"product","link":"https:\/\/www.guerini.it\/index.php\/prodotto\/piccolo-schermo\/","title":{"rendered":"Piccolo schermo"},"content":{"rendered":"<p>Il tema di questo libro \u00e8, a prima vista, semplice: la tv per bambini. Sotto questa apparente semplicit\u00e0 si cela, per\u00f2, una serie di fenomeni complessi, che mettono in gioco non solo diverse interpretazioni del mezzo televisivo nel nostro contesto sociale, ma anche e soprattutto diversi modi di pensare l\u2019infanzia e di riconoscerne bisogni e diritti.<br \/>\nDa una parte, infatti, le caratteristiche destinate ai pi\u00f9 piccoli dipendono innanzitutto dalle propriet\u00e0 che, di volta in volta, nei diversi regimi di broadcasting, vengono riconosciute ai bambini e ai ragazzi in quanto segmento peculiare dell\u2019audience: soggetti da educare, cittadini da formare, utenti da intrattenere, consumatori da coltivare e cos\u00ec via. Dall\u2019altra, tale programmazione appare l\u2019esito di un ecosistema mediale complesso e articolato, parte integrante del comparto televisivo, al confine tra materiale e immateriale, educazione ed evasione, profitto e obblighi di pubblico servizio, denso di valori simbolici e affollato di interessi economici, talvolta in conflitto.<br \/>\nIl volume descrive questo ecosistema abbracciando contemporaneamente pi\u00f9 dimensioni \u2013 da quella giuridico-normativa a quella tecnologica, dalle componenti economiche a quelle pi\u00f9 latamente politiche, dall\u2019aspetto ideativo- produttivo alle forme di fruizione, dalla composizione dell\u2019offerta alla riflessione teorica che i Media Studies hanno esercitato su di essa \u2013 offrendo abbondanti dati di scenario nonch\u00e9 diverse categorie teoriche per interpretarli.<\/p>\n","protected":false},"excerpt":{"rendered":"<p>Il volume descrive l&#8217;ecosistema della tv per bambini abbracciando contemporaneamente pi\u00f9 dimensioni \u2013 da quella giuridico-normativa a quella tecnologica, dalle componenti economiche a quelle pi\u00f9 latamente politiche, dall\u2019aspetto ideativo- produttivo alle forme di fruizione, dalla composizione dell\u2019offerta alla riflessione teorica che i Media Studies hanno esercitato su di essa \u2013 offrendo abbondanti dati di scenario nonch\u00e9 diverse categorie teoriche per interpretarli.<\/p>\n","protected":false},"featured_media":15628,"template":"","meta":{"_editorskit_title_hidden":false,"_editorskit_reading_time":0,"_editorskit_is_block_options_detached":false,"_editorskit_block_options_position":"{}","_monsterinsights_skip_tracking":false,"_monsterinsights_sitenote_active":false,"_monsterinsights_sitenote_note":"","_monsterinsights_sitenote_category":0},"product_brand":[],"product_cat":[6582,6528,6536],"product_tag":[],"class_list":{"0":"post-15629","1":"product","2":"type-product","3":"status-publish","4":"has-post-thumbnail","6":"product_cat-cn","7":"product_cat-comunicazione","8":"product_cat-psicologia-pedagogia","10":"first","11":"outofstock","12":"sale","13":"shipping-taxable","14":"purchasable","15":"product-type-simple"},"yoast_head":"<!-- This site is optimized with the Yoast SEO plugin v25.4 - https:\/\/yoast.com\/wordpress\/plugins\/seo\/ -->\n<title>Piccolo schermo - Guerini e Associati<\/title>\n<meta name=\"robots\" content=\"index, follow, max-snippet:-1, max-image-preview:large, max-video-preview:-1\" \/>\n<link rel=\"canonical\" href=\"https:\/\/www.guerini.it\/index.php\/prodotto\/piccolo-schermo\/\" \/>\n<meta property=\"og:locale\" content=\"it_IT\" \/>\n<meta property=\"og:type\" content=\"article\" \/>\n<meta property=\"og:title\" content=\"Piccolo schermo - Guerini e Associati\" \/>\n<meta property=\"og:description\" content=\"Il volume descrive l&#039;ecosistema della tv per bambini abbracciando contemporaneamente pi\u00f9 dimensioni \u2013 da quella giuridico-normativa a quella tecnologica, dalle componenti economiche a quelle pi\u00f9 latamente politiche, dall\u2019aspetto ideativo- produttivo alle forme di fruizione, dalla composizione dell\u2019offerta alla riflessione teorica che i Media Studies hanno esercitato su di essa \u2013 offrendo abbondanti dati di scenario nonch\u00e9 diverse categorie teoriche per interpretarli.\" \/>\n<meta property=\"og:url\" content=\"https:\/\/www.guerini.it\/index.php\/prodotto\/piccolo-schermo\/\" \/>\n<meta property=\"og:site_name\" content=\"Guerini e Associati\" \/>\n<meta property=\"article:modified_time\" content=\"2024-06-20T11:16:10+00:00\" \/>\n<meta property=\"og:image\" content=\"https:\/\/www.guerini.it\/wp-content\/uploads\/2015\/10\/piccolo_schermo_sito.jpg\" \/>\n\t<meta property=\"og:image:width\" content=\"236\" \/>\n\t<meta property=\"og:image:height\" content=\"353\" \/>\n\t<meta property=\"og:image:type\" content=\"image\/jpeg\" \/>\n<meta name=\"twitter:card\" content=\"summary_large_image\" \/>\n<meta name=\"twitter:label1\" content=\"Tempo di lettura stimato\" \/>\n\t<meta name=\"twitter:data1\" content=\"2 minuti\" \/>\n<!-- \/ Yoast SEO plugin. -->","yoast_head_json":{"title":"Piccolo schermo - Guerini e Associati","robots":{"index":"index","follow":"follow","max-snippet":"max-snippet:-1","max-image-preview":"max-image-preview:large","max-video-preview":"max-video-preview:-1"},"canonical":"https:\/\/www.guerini.it\/index.php\/prodotto\/piccolo-schermo\/","og_locale":"it_IT","og_type":"article","og_title":"Piccolo schermo - Guerini e Associati","og_description":"Il volume descrive l'ecosistema della tv per bambini abbracciando contemporaneamente pi\u00f9 dimensioni \u2013 da quella giuridico-normativa a quella tecnologica, dalle componenti economiche a quelle pi\u00f9 latamente politiche, dall\u2019aspetto ideativo- produttivo alle forme di fruizione, dalla composizione dell\u2019offerta alla riflessione teorica che i Media Studies hanno esercitato su di essa \u2013 offrendo abbondanti dati di scenario nonch\u00e9 diverse categorie teoriche per interpretarli.","og_url":"https:\/\/www.guerini.it\/index.php\/prodotto\/piccolo-schermo\/","og_site_name":"Guerini e Associati","article_modified_time":"2024-06-20T11:16:10+00:00","og_image":[{"width":236,"height":353,"url":"https:\/\/www.guerini.it\/wp-content\/uploads\/2015\/10\/piccolo_schermo_sito.jpg","type":"image\/jpeg"}],"twitter_card":"summary_large_image","twitter_misc":{"Tempo di lettura stimato":"2 minuti"},"schema":{"@context":"https:\/\/schema.org","@graph":[{"@type":"WebPage","@id":"https:\/\/www.guerini.it\/index.php\/prodotto\/piccolo-schermo\/","url":"https:\/\/www.guerini.it\/index.php\/prodotto\/piccolo-schermo\/","name":"Piccolo schermo - Guerini e Associati","isPartOf":{"@id":"https:\/\/www.guerini.it\/#website"},"primaryImageOfPage":{"@id":"https:\/\/www.guerini.it\/index.php\/prodotto\/piccolo-schermo\/#primaryimage"},"image":{"@id":"https:\/\/www.guerini.it\/index.php\/prodotto\/piccolo-schermo\/#primaryimage"},"thumbnailUrl":"https:\/\/www.guerini.it\/wp-content\/uploads\/2015\/10\/piccolo_schermo_sito.jpg","datePublished":"2015-10-21T05:23:21+00:00","dateModified":"2024-06-20T11:16:10+00:00","breadcrumb":{"@id":"https:\/\/www.guerini.it\/index.php\/prodotto\/piccolo-schermo\/#breadcrumb"},"inLanguage":"it-IT","potentialAction":[{"@type":"ReadAction","target":["https:\/\/www.guerini.it\/index.php\/prodotto\/piccolo-schermo\/"]}]},{"@type":"ImageObject","inLanguage":"it-IT","@id":"https:\/\/www.guerini.it\/index.php\/prodotto\/piccolo-schermo\/#primaryimage","url":"https:\/\/www.guerini.it\/wp-content\/uploads\/2015\/10\/piccolo_schermo_sito.jpg","contentUrl":"https:\/\/www.guerini.it\/wp-content\/uploads\/2015\/10\/piccolo_schermo_sito.jpg","width":236,"height":353,"caption":"Piccolo schermo"},{"@type":"BreadcrumbList","@id":"https:\/\/www.guerini.it\/index.php\/prodotto\/piccolo-schermo\/#breadcrumb","itemListElement":[{"@type":"ListItem","position":1,"name":"Home","item":"https:\/\/www.guerini.it\/"},{"@type":"ListItem","position":2,"name":"Catalogo","item":"https:\/\/www.guerini.it\/index.php\/negozio\/"},{"@type":"ListItem","position":3,"name":"Piccolo schermo"}]},{"@type":"WebSite","@id":"https:\/\/www.guerini.it\/#website","url":"https:\/\/www.guerini.it\/","name":"Guerini e Associati","description":"30 anni di libri, idee e libert\u00e0","publisher":{"@id":"https:\/\/www.guerini.it\/#organization"},"potentialAction":[{"@type":"SearchAction","target":{"@type":"EntryPoint","urlTemplate":"https:\/\/www.guerini.it\/?s={search_term_string}"},"query-input":{"@type":"PropertyValueSpecification","valueRequired":true,"valueName":"search_term_string"}}],"inLanguage":"it-IT"},{"@type":"Organization","@id":"https:\/\/www.guerini.it\/#organization","name":"Guerini e Associati","url":"https:\/\/www.guerini.it\/","logo":{"@type":"ImageObject","inLanguage":"it-IT","@id":"https:\/\/www.guerini.it\/#\/schema\/logo\/image\/","url":"https:\/\/www.guerini.it\/wp-content\/uploads\/2021\/03\/Logo-Guerini-OK_-e1615831292285.png","contentUrl":"https:\/\/www.guerini.it\/wp-content\/uploads\/2021\/03\/Logo-Guerini-OK_-e1615831292285.png","width":2805,"height":1870,"caption":"Guerini e Associati"},"image":{"@id":"https:\/\/www.guerini.it\/#\/schema\/logo\/image\/"}}]}},"_links":{"self":[{"href":"https:\/\/www.guerini.it\/index.php\/wp-json\/wp\/v2\/product\/15629","targetHints":{"allow":["GET"]}}],"collection":[{"href":"https:\/\/www.guerini.it\/index.php\/wp-json\/wp\/v2\/product"}],"about":[{"href":"https:\/\/www.guerini.it\/index.php\/wp-json\/wp\/v2\/types\/product"}],"wp:featuredmedia":[{"embeddable":true,"href":"https:\/\/www.guerini.it\/index.php\/wp-json\/wp\/v2\/media\/15628"}],"wp:attachment":[{"href":"https:\/\/www.guerini.it\/index.php\/wp-json\/wp\/v2\/media?parent=15629"}],"wp:term":[{"taxonomy":"product_brand","embeddable":true,"href":"https:\/\/www.guerini.it\/index.php\/wp-json\/wp\/v2\/product_brand?post=15629"},{"taxonomy":"product_cat","embeddable":true,"href":"https:\/\/www.guerini.it\/index.php\/wp-json\/wp\/v2\/product_cat?post=15629"},{"taxonomy":"product_tag","embeddable":true,"href":"https:\/\/www.guerini.it\/index.php\/wp-json\/wp\/v2\/product_tag?post=15629"}],"curies":[{"name":"wp","href":"https:\/\/api.w.org\/{rel}","templated":true}]}}