{"id":15637,"date":"2015-11-03T11:03:07","date_gmt":"2015-11-03T10:03:07","guid":{"rendered":"https:\/\/test.guerini.it\/?product=geografia-dei-bambini"},"modified":"2024-06-20T12:25:17","modified_gmt":"2024-06-20T10:25:17","slug":"geografia-dei-bambini","status":"publish","type":"product","link":"https:\/\/www.guerini.it\/index.php\/prodotto\/geografia-dei-bambini\/","title":{"rendered":"Geografia dei bambini"},"content":{"rendered":"<p style=\"text-align: justify;\">Perch\u00e9 abbiamo bisogno di una \u00abgeografia dei bambini\u00bb? L\u2019importanza dell\u2019orientamento nello spazio o dell\u2019osservazione diretta, il ruolo sociale e politico della nostra disciplina all\u2019interno della scuola, le connessione con i temi della cittadinanza e della sostenibilit\u00e0: sono nodi discussi a fondo da diversi autori. Eppure, nel pensiero geografico contemporaneo, \u00e8 emersa con forza la necessit\u00e0 di isolare un ambito di lavoro, indipendente dalla ricerca sull\u2019insegnamento della geografia, indirizzato nello specifico allo studio dei luoghi, delle pratiche e delle rappresentazioni che \u00abcostruiscono\u00bb le geografie dell\u2019infanzia. La <em>Children\u2019s Geography<\/em> di matrice anglosassone si \u00e8 affermata, innanzitutto, come un passaggio fondamentale per definire i bambini e le bambine non pi\u00f9 come \u00abindividui in transizione verso l\u2019et\u00e0 adulta\u00bb, ai quali fornire le coordinate per essere, un giorno, adulti capaci e responsabili, e, in seguito, si \u00e8 convertita in uno strumento indispensabile per considerarli attori protagonisti dei luoghi che abitano tutti i giorni: la casa, la scuola e gli spazi pubblici.<br \/>\nQuesto libro si apre proprio con un\u2019argomentazione a favore di questa autonomia e con la discussione del posizionamento intradisciplinare della \u00abgeografia dei bambini\u00bb. Prosegue proponendo un\u2019applicazione dei principali nodi teorici della <em>Children\u2019s Geography<\/em> ai luoghi che maggiormente influenzano l\u2019esperienza spaziale dei bambini e delle bambine. Chiarisce, infine, che pensare i bambini e le bambine come protagonisti delle geografie del quotidiano equivale a compiere un atto politico, in quanto prevede la presa di coscienza del ruolo sociale che i bambini e le bambine rivestono non solo a casa o a scuola, ma nella societ\u00e0 civile. Da questa ultima affermazione, forse, vale la pena iniziare la lettura di questo volume.<\/p>\n<p><strong>Permalink:\u00a0<a href=\"http:\/\/digital.casalini.it\/9788881952274\">http:\/\/digital.casalini.it\/9788881952274<\/a><\/strong><\/p>\n","protected":false},"excerpt":{"rendered":"<p>Perch\u00e9 abbiamo bisogno di una \u00abgeografia dei bambini\u00bb? L\u2019importanza dell\u2019orientamento nello spazio o dell\u2019osservazione diretta, il ruolo sociale e politico della nostra disciplina all\u2019interno della scuola, le connessione con i temi della cittadinanza e della sostenibilit\u00e0: sono nodi discussi a fondo da diversi autori. Eppure, nel pensiero geografico contemporaneo, \u00e8 emersa con forza la necessit\u00e0 di isolare un ambito di lavoro, indipendente dalla ricerca sull\u2019insegnamento della geografia, indirizzato nello specifico allo studio dei luoghi, delle pratiche e delle rappresentazioni che \u00abcostruiscono\u00bb le geografie dell\u2019infanzia. La\u00a0<em>Children\u2019s Geography<\/em>\u00a0di matrice anglosassone si \u00e8 affermata, innanzitutto, come un passaggio fondamentale per definire i bambini e le bambine non pi\u00f9 come \u00abindividui in transizione verso l\u2019et\u00e0 adulta\u00bb, ai quali fornire le coordinate per essere, un giorno, adulti capaci e responsabili, e, in seguito, si \u00e8 convertita in uno strumento indispensabile per considerarli attori protagonisti dei luoghi che abitano tutti i giorni: la casa, la scuola e gli spazi pubblici.<\/p>\n<p>Questo libro si apre proprio con un\u2019argomentazione a favore di questa autonomia e con la discussione del posizionamento intradisciplinare della \u00abgeografia dei bambini\u00bb. Prosegue proponendo un\u2019applicazione dei principali nodi teorici della\u00a0<em>Children\u2019s Geography<\/em>\u00a0ai luoghi che maggiormente influenzano l\u2019esperienza spaziale dei bambini e delle bambine. Chiarisce, infine, che pensare i bambini e le bambine come protagonisti delle geografie del quotidiano equivale a compiere un atto politico, in quanto prevede la presa di coscienza del ruolo sociale che i bambini e le bambine rivestono non solo a casa o a scuola, ma nella societ\u00e0 civile. Da questa ultima affermazione, forse, vale la pena iniziare la lettura di questo volume.<\/p>\n","protected":false},"featured_media":23804,"template":"","meta":{"_editorskit_title_hidden":false,"_editorskit_reading_time":0,"_editorskit_is_block_options_detached":false,"_editorskit_block_options_position":"{}","_monsterinsights_skip_tracking":false,"_monsterinsights_sitenote_active":false,"_monsterinsights_sitenote_note":"","_monsterinsights_sitenote_category":0},"product_brand":[],"product_cat":[6586,6539],"product_tag":[],"class_list":{"0":"post-15637","1":"product","2":"type-product","3":"status-publish","4":"has-post-thumbnail","6":"product_cat-sp","7":"product_cat-storia-e-geografia","9":"first","10":"instock","11":"sale","12":"shipping-taxable","13":"purchasable","14":"product-type-simple"},"yoast_head":"<!-- This site is optimized with the Yoast SEO plugin v25.4 - https:\/\/yoast.com\/wordpress\/plugins\/seo\/ -->\n<title>Geografia dei bambini - Guerini e Associati<\/title>\n<meta name=\"robots\" content=\"index, follow, max-snippet:-1, max-image-preview:large, max-video-preview:-1\" \/>\n<link rel=\"canonical\" href=\"https:\/\/www.guerini.it\/index.php\/prodotto\/geografia-dei-bambini\/\" \/>\n<meta property=\"og:locale\" content=\"it_IT\" \/>\n<meta property=\"og:type\" content=\"article\" \/>\n<meta property=\"og:title\" content=\"Geografia dei bambini - Guerini e Associati\" \/>\n<meta property=\"og:description\" content=\"Perch\u00e9 abbiamo bisogno di una \u00abgeografia dei bambini\u00bb? L\u2019importanza dell\u2019orientamento nello spazio o dell\u2019osservazione diretta, il ruolo sociale e politico della nostra disciplina all\u2019interno della scuola, le connessione con i temi della cittadinanza e della sostenibilit\u00e0: sono nodi discussi a fondo da diversi autori. Eppure, nel pensiero geografico contemporaneo, \u00e8 emersa con forza la necessit\u00e0 di isolare un ambito di lavoro, indipendente dalla ricerca sull\u2019insegnamento della geografia, indirizzato nello specifico allo studio dei luoghi, delle pratiche e delle rappresentazioni che \u00abcostruiscono\u00bb le geografie dell\u2019infanzia. La\u00a0Children\u2019s Geography\u00a0di matrice anglosassone si \u00e8 affermata, innanzitutto, come un passaggio fondamentale per definire i bambini e le bambine non pi\u00f9 come \u00abindividui in transizione verso l\u2019et\u00e0 adulta\u00bb, ai quali fornire le coordinate per essere, un giorno, adulti capaci e responsabili, e, in seguito, si \u00e8 convertita in uno strumento indispensabile per considerarli attori protagonisti dei luoghi che abitano tutti i giorni: la casa, la scuola e gli spazi pubblici.  Questo libro si apre proprio con un\u2019argomentazione a favore di questa autonomia e con la discussione del posizionamento intradisciplinare della \u00abgeografia dei bambini\u00bb. Prosegue proponendo un\u2019applicazione dei principali nodi teorici della\u00a0Children\u2019s Geography\u00a0ai luoghi che maggiormente influenzano l\u2019esperienza spaziale dei bambini e delle bambine. Chiarisce, infine, che pensare i bambini e le bambine come protagonisti delle geografie del quotidiano equivale a compiere un atto politico, in quanto prevede la presa di coscienza del ruolo sociale che i bambini e le bambine rivestono non solo a casa o a scuola, ma nella societ\u00e0 civile. Da questa ultima affermazione, forse, vale la pena iniziare la lettura di questo volume.\" \/>\n<meta property=\"og:url\" content=\"https:\/\/www.guerini.it\/index.php\/prodotto\/geografia-dei-bambini\/\" \/>\n<meta property=\"og:site_name\" content=\"Guerini e Associati\" \/>\n<meta property=\"article:modified_time\" content=\"2024-06-20T10:25:17+00:00\" \/>\n<meta property=\"og:image\" content=\"https:\/\/www.guerini.it\/wp-content\/uploads\/2015\/11\/Geografia-dei-bambini-scaled.webp\" \/>\n\t<meta property=\"og:image:width\" content=\"1649\" \/>\n\t<meta property=\"og:image:height\" content=\"2560\" \/>\n\t<meta property=\"og:image:type\" content=\"image\/webp\" \/>\n<meta name=\"twitter:card\" content=\"summary_large_image\" \/>\n<meta name=\"twitter:label1\" content=\"Tempo di lettura stimato\" \/>\n\t<meta name=\"twitter:data1\" content=\"2 minuti\" \/>\n<!-- \/ Yoast SEO plugin. -->","yoast_head_json":{"title":"Geografia dei bambini - Guerini e Associati","robots":{"index":"index","follow":"follow","max-snippet":"max-snippet:-1","max-image-preview":"max-image-preview:large","max-video-preview":"max-video-preview:-1"},"canonical":"https:\/\/www.guerini.it\/index.php\/prodotto\/geografia-dei-bambini\/","og_locale":"it_IT","og_type":"article","og_title":"Geografia dei bambini - Guerini e Associati","og_description":"Perch\u00e9 abbiamo bisogno di una \u00abgeografia dei bambini\u00bb? L\u2019importanza dell\u2019orientamento nello spazio o dell\u2019osservazione diretta, il ruolo sociale e politico della nostra disciplina all\u2019interno della scuola, le connessione con i temi della cittadinanza e della sostenibilit\u00e0: sono nodi discussi a fondo da diversi autori. Eppure, nel pensiero geografico contemporaneo, \u00e8 emersa con forza la necessit\u00e0 di isolare un ambito di lavoro, indipendente dalla ricerca sull\u2019insegnamento della geografia, indirizzato nello specifico allo studio dei luoghi, delle pratiche e delle rappresentazioni che \u00abcostruiscono\u00bb le geografie dell\u2019infanzia. La\u00a0Children\u2019s Geography\u00a0di matrice anglosassone si \u00e8 affermata, innanzitutto, come un passaggio fondamentale per definire i bambini e le bambine non pi\u00f9 come \u00abindividui in transizione verso l\u2019et\u00e0 adulta\u00bb, ai quali fornire le coordinate per essere, un giorno, adulti capaci e responsabili, e, in seguito, si \u00e8 convertita in uno strumento indispensabile per considerarli attori protagonisti dei luoghi che abitano tutti i giorni: la casa, la scuola e gli spazi pubblici.  Questo libro si apre proprio con un\u2019argomentazione a favore di questa autonomia e con la discussione del posizionamento intradisciplinare della \u00abgeografia dei bambini\u00bb. Prosegue proponendo un\u2019applicazione dei principali nodi teorici della\u00a0Children\u2019s Geography\u00a0ai luoghi che maggiormente influenzano l\u2019esperienza spaziale dei bambini e delle bambine. Chiarisce, infine, che pensare i bambini e le bambine come protagonisti delle geografie del quotidiano equivale a compiere un atto politico, in quanto prevede la presa di coscienza del ruolo sociale che i bambini e le bambine rivestono non solo a casa o a scuola, ma nella societ\u00e0 civile. Da questa ultima affermazione, forse, vale la pena iniziare la lettura di questo volume.","og_url":"https:\/\/www.guerini.it\/index.php\/prodotto\/geografia-dei-bambini\/","og_site_name":"Guerini e Associati","article_modified_time":"2024-06-20T10:25:17+00:00","og_image":[{"width":1649,"height":2560,"url":"https:\/\/www.guerini.it\/wp-content\/uploads\/2015\/11\/Geografia-dei-bambini-scaled.webp","type":"image\/webp"}],"twitter_card":"summary_large_image","twitter_misc":{"Tempo di lettura stimato":"2 minuti"},"schema":{"@context":"https:\/\/schema.org","@graph":[{"@type":"WebPage","@id":"https:\/\/www.guerini.it\/index.php\/prodotto\/geografia-dei-bambini\/","url":"https:\/\/www.guerini.it\/index.php\/prodotto\/geografia-dei-bambini\/","name":"Geografia dei bambini - Guerini e Associati","isPartOf":{"@id":"https:\/\/www.guerini.it\/#website"},"primaryImageOfPage":{"@id":"https:\/\/www.guerini.it\/index.php\/prodotto\/geografia-dei-bambini\/#primaryimage"},"image":{"@id":"https:\/\/www.guerini.it\/index.php\/prodotto\/geografia-dei-bambini\/#primaryimage"},"thumbnailUrl":"https:\/\/www.guerini.it\/wp-content\/uploads\/2015\/11\/Geografia-dei-bambini-scaled.webp","datePublished":"2015-11-03T10:03:07+00:00","dateModified":"2024-06-20T10:25:17+00:00","breadcrumb":{"@id":"https:\/\/www.guerini.it\/index.php\/prodotto\/geografia-dei-bambini\/#breadcrumb"},"inLanguage":"it-IT","potentialAction":[{"@type":"ReadAction","target":["https:\/\/www.guerini.it\/index.php\/prodotto\/geografia-dei-bambini\/"]}]},{"@type":"ImageObject","inLanguage":"it-IT","@id":"https:\/\/www.guerini.it\/index.php\/prodotto\/geografia-dei-bambini\/#primaryimage","url":"https:\/\/www.guerini.it\/wp-content\/uploads\/2015\/11\/Geografia-dei-bambini-scaled.webp","contentUrl":"https:\/\/www.guerini.it\/wp-content\/uploads\/2015\/11\/Geografia-dei-bambini-scaled.webp","width":1649,"height":2560,"caption":"Copertina del volume Geografia dei bambini, Guerini Scientifica, 2015"},{"@type":"BreadcrumbList","@id":"https:\/\/www.guerini.it\/index.php\/prodotto\/geografia-dei-bambini\/#breadcrumb","itemListElement":[{"@type":"ListItem","position":1,"name":"Home","item":"https:\/\/www.guerini.it\/"},{"@type":"ListItem","position":2,"name":"Catalogo","item":"https:\/\/www.guerini.it\/index.php\/negozio\/"},{"@type":"ListItem","position":3,"name":"Geografia dei bambini"}]},{"@type":"WebSite","@id":"https:\/\/www.guerini.it\/#website","url":"https:\/\/www.guerini.it\/","name":"Guerini e Associati","description":"30 anni di libri, idee e libert\u00e0","publisher":{"@id":"https:\/\/www.guerini.it\/#organization"},"potentialAction":[{"@type":"SearchAction","target":{"@type":"EntryPoint","urlTemplate":"https:\/\/www.guerini.it\/?s={search_term_string}"},"query-input":{"@type":"PropertyValueSpecification","valueRequired":true,"valueName":"search_term_string"}}],"inLanguage":"it-IT"},{"@type":"Organization","@id":"https:\/\/www.guerini.it\/#organization","name":"Guerini e Associati","url":"https:\/\/www.guerini.it\/","logo":{"@type":"ImageObject","inLanguage":"it-IT","@id":"https:\/\/www.guerini.it\/#\/schema\/logo\/image\/","url":"https:\/\/www.guerini.it\/wp-content\/uploads\/2021\/03\/Logo-Guerini-OK_-e1615831292285.png","contentUrl":"https:\/\/www.guerini.it\/wp-content\/uploads\/2021\/03\/Logo-Guerini-OK_-e1615831292285.png","width":2805,"height":1870,"caption":"Guerini e Associati"},"image":{"@id":"https:\/\/www.guerini.it\/#\/schema\/logo\/image\/"}}]}},"_links":{"self":[{"href":"https:\/\/www.guerini.it\/index.php\/wp-json\/wp\/v2\/product\/15637","targetHints":{"allow":["GET"]}}],"collection":[{"href":"https:\/\/www.guerini.it\/index.php\/wp-json\/wp\/v2\/product"}],"about":[{"href":"https:\/\/www.guerini.it\/index.php\/wp-json\/wp\/v2\/types\/product"}],"wp:featuredmedia":[{"embeddable":true,"href":"https:\/\/www.guerini.it\/index.php\/wp-json\/wp\/v2\/media\/23804"}],"wp:attachment":[{"href":"https:\/\/www.guerini.it\/index.php\/wp-json\/wp\/v2\/media?parent=15637"}],"wp:term":[{"taxonomy":"product_brand","embeddable":true,"href":"https:\/\/www.guerini.it\/index.php\/wp-json\/wp\/v2\/product_brand?post=15637"},{"taxonomy":"product_cat","embeddable":true,"href":"https:\/\/www.guerini.it\/index.php\/wp-json\/wp\/v2\/product_cat?post=15637"},{"taxonomy":"product_tag","embeddable":true,"href":"https:\/\/www.guerini.it\/index.php\/wp-json\/wp\/v2\/product_tag?post=15637"}],"curies":[{"name":"wp","href":"https:\/\/api.w.org\/{rel}","templated":true}]}}