{"id":15680,"date":"2016-01-18T11:43:38","date_gmt":"2016-01-18T10:43:38","guid":{"rendered":"https:\/\/test.guerini.it\/?product=quando-il-caucaso-incontro-la-russia"},"modified":"2026-03-19T15:50:57","modified_gmt":"2026-03-19T14:50:57","slug":"quando-il-caucaso-incontro-la-russia","status":"publish","type":"product","link":"https:\/\/www.guerini.it\/index.php\/prodotto\/quando-il-caucaso-incontro-la-russia\/","title":{"rendered":"Quando il Caucaso incontr\u00f2 la Russia"},"content":{"rendered":"<p style=\"text-align: justify;\">L\u2019incontro storico tra il Caucaso e la Russia \u00e8 stato per molti aspetti conflittuale e violento. Questo incontro ha per\u00f2 conosciuto anche momenti di importante integrazione culturale. \u00c8 ben noto il fascino esercitato dal Caucaso sulla cultura russa, in particolare sulla letteratura, da Pu\u0161kin a Tolstoj. Ma vi furono anche importanti dinamiche di scambio culturale attraverso le quali le popolazioni caucasiche poterono accostarsi alla modernit\u00e0 europea attraverso la mediazione della Russia. Dopo una breve introduzione storica sulla conquista russa, questo volume delinea questo processo di modernizzazione culturale presentando cinque diverse personalit\u00e0, ognuna delle quali ha avuto un valore paradigmatico nel rapporto tra il Caucaso e la Russia: il principe e poeta georgiano Aleksandre C\u2019avc\u02c7\u2019avadze (1786-1846); Xac\u02c7\u2018atur Abovean (1809-1848), fondatore della letteratura armena moderna; lo scrittore azerbaigiano F t\u2018 li Axundov (1812- 1878); lo storico circasso \u0160ora Nogmov (1794-1844); il poeta nazionale degli Osseti, Kosta Chetagurov (1859-1906).<\/p>\n","protected":false},"excerpt":{"rendered":"<p>L\u2019incontro storico tra il Caucaso e la Russia \u00e8 stato per molti aspetti conflittuale e violento. Questo incontro ha per\u00f2 conosciuto anche momenti di importante integrazione culturale. \u00c8 ben noto il fascino esercitato dal Caucaso sulla cultura russa, in particolare sulla letteratura, da Pu\u0161kin a Tolstoj. Ma vi furono anche importanti dinamiche di scambio culturale attraverso le quali le popolazioni caucasiche poterono accostarsi alla modernit\u00e0 europea attraverso la mediazione della Russia. Dopo una breve introduzione storica sulla conquista russa, questo volume delinea questo processo di modernizzazione culturale presentando cinque diverse personalit\u00e0, ognuna delle quali ha avuto un valore paradigmatico nel rapporto tra il Caucaso e la Russia: il principe e poeta georgiano Aleksandre C\u2019avc\u02c7\u2019avadze (1786-1846); Xac\u02c7\u2018atur Abovean (1809-1848), fondatore della letteratura armena moderna; lo scrittore azerbaigiano F t\u2018 li Axundov (1812- 1878); lo storico circasso \u0160ora Nogmov (1794-1844); il poeta nazionale degli Osseti, Kosta Chetagurov (1859-1906).<\/p>\n","protected":false},"featured_media":15679,"template":"","meta":{"_editorskit_title_hidden":false,"_editorskit_reading_time":0,"_editorskit_is_block_options_detached":false,"_editorskit_block_options_position":"{}","_monsterinsights_skip_tracking":false,"_monsterinsights_sitenote_active":false,"_monsterinsights_sitenote_note":"","_monsterinsights_sitenote_category":0},"product_brand":[],"product_cat":[6560],"product_tag":[],"class_list":{"0":"post-15680","1":"product","2":"type-product","3":"status-publish","4":"has-post-thumbnail","6":"product_cat-bl","7":"pa_guerini_amazon_link-https-www-amazon-it-quando-caucaso-incontr-russia-esemplari-dp-8862506147","8":"pa_guerini_feltrinelli_link-https-www-lafeltrinelli-it-quando-caucaso-incontro-russia-cinque-libro-aldo-ferrari-e-9788862506144","9":"pa_guerini_ibs_link-https-www-ibs-it-quando-caucaso-incontro-russia-cinque-libro-aldo-ferrari-e-9788862506144","10":"pa_guerini_libruniver_link-https-www-libreriauniversitaria-it-quando-caucaso-incontro-russia-cinque-libro-9788862506144","11":"pa_guerini_mondadori_link-https-www-mondadoristore-it-quando-il-caucaso-incontro-la-russia-cinque-storie-esemplari-libro-aldo-ferrari-p-9788862506144","13":"first","14":"instock","15":"sale","16":"shipping-taxable","17":"purchasable","18":"product-type-simple"},"yoast_head":"<!-- This site is optimized with the Yoast SEO plugin v25.4 - https:\/\/yoast.com\/wordpress\/plugins\/seo\/ -->\n<title>Quando il Caucaso incontr\u00f2 la Russia - Guerini e Associati<\/title>\n<meta name=\"robots\" content=\"index, follow, max-snippet:-1, max-image-preview:large, max-video-preview:-1\" \/>\n<link rel=\"canonical\" href=\"https:\/\/www.guerini.it\/index.php\/prodotto\/quando-il-caucaso-incontro-la-russia\/\" \/>\n<meta property=\"og:locale\" content=\"it_IT\" \/>\n<meta property=\"og:type\" content=\"article\" \/>\n<meta property=\"og:title\" content=\"Quando il Caucaso incontr\u00f2 la Russia - Guerini e Associati\" \/>\n<meta property=\"og:description\" content=\"L\u2019incontro storico tra il Caucaso e la Russia \u00e8 stato per molti aspetti conflittuale e violento. Questo incontro ha per\u00f2 conosciuto anche momenti di importante integrazione culturale. \u00c8 ben noto il fascino esercitato dal Caucaso sulla cultura russa, in particolare sulla letteratura, da Pu\u0161kin a Tolstoj. Ma vi furono anche importanti dinamiche di scambio culturale attraverso le quali le popolazioni caucasiche poterono accostarsi alla modernit\u00e0 europea attraverso la mediazione della Russia. Dopo una breve introduzione storica sulla conquista russa, questo volume delinea questo processo di modernizzazione culturale presentando cinque diverse personalit\u00e0, ognuna delle quali ha avuto un valore paradigmatico nel rapporto tra il Caucaso e la Russia: il principe e poeta georgiano Aleksandre C\u2019avc\u02c7\u2019avadze (1786-1846); Xac\u02c7\u2018atur Abovean (1809-1848), fondatore della letteratura armena moderna; lo scrittore azerbaigiano F t\u2018 li Axundov (1812- 1878); lo storico circasso \u0160ora Nogmov (1794-1844); il poeta nazionale degli Osseti, Kosta Chetagurov (1859-1906).\" \/>\n<meta property=\"og:url\" content=\"https:\/\/www.guerini.it\/index.php\/prodotto\/quando-il-caucaso-incontro-la-russia\/\" \/>\n<meta property=\"og:site_name\" content=\"Guerini e Associati\" \/>\n<meta property=\"article:modified_time\" content=\"2026-03-19T14:50:57+00:00\" \/>\n<meta property=\"og:image\" content=\"https:\/\/www.guerini.it\/wp-content\/uploads\/2016\/01\/quando_il_caucaso_sito.jpg\" \/>\n\t<meta property=\"og:image:width\" content=\"229\" \/>\n\t<meta property=\"og:image:height\" content=\"353\" \/>\n\t<meta property=\"og:image:type\" content=\"image\/jpeg\" \/>\n<meta name=\"twitter:card\" content=\"summary_large_image\" \/>\n<meta name=\"twitter:label1\" content=\"Tempo di lettura stimato\" \/>\n\t<meta name=\"twitter:data1\" content=\"1 minuto\" \/>\n<!-- \/ Yoast SEO plugin. -->","yoast_head_json":{"title":"Quando il Caucaso incontr\u00f2 la Russia - Guerini e Associati","robots":{"index":"index","follow":"follow","max-snippet":"max-snippet:-1","max-image-preview":"max-image-preview:large","max-video-preview":"max-video-preview:-1"},"canonical":"https:\/\/www.guerini.it\/index.php\/prodotto\/quando-il-caucaso-incontro-la-russia\/","og_locale":"it_IT","og_type":"article","og_title":"Quando il Caucaso incontr\u00f2 la Russia - Guerini e Associati","og_description":"L\u2019incontro storico tra il Caucaso e la Russia \u00e8 stato per molti aspetti conflittuale e violento. Questo incontro ha per\u00f2 conosciuto anche momenti di importante integrazione culturale. \u00c8 ben noto il fascino esercitato dal Caucaso sulla cultura russa, in particolare sulla letteratura, da Pu\u0161kin a Tolstoj. Ma vi furono anche importanti dinamiche di scambio culturale attraverso le quali le popolazioni caucasiche poterono accostarsi alla modernit\u00e0 europea attraverso la mediazione della Russia. Dopo una breve introduzione storica sulla conquista russa, questo volume delinea questo processo di modernizzazione culturale presentando cinque diverse personalit\u00e0, ognuna delle quali ha avuto un valore paradigmatico nel rapporto tra il Caucaso e la Russia: il principe e poeta georgiano Aleksandre C\u2019avc\u02c7\u2019avadze (1786-1846); Xac\u02c7\u2018atur Abovean (1809-1848), fondatore della letteratura armena moderna; lo scrittore azerbaigiano F t\u2018 li Axundov (1812- 1878); lo storico circasso \u0160ora Nogmov (1794-1844); il poeta nazionale degli Osseti, Kosta Chetagurov (1859-1906).","og_url":"https:\/\/www.guerini.it\/index.php\/prodotto\/quando-il-caucaso-incontro-la-russia\/","og_site_name":"Guerini e Associati","article_modified_time":"2026-03-19T14:50:57+00:00","og_image":[{"width":229,"height":353,"url":"https:\/\/www.guerini.it\/wp-content\/uploads\/2016\/01\/quando_il_caucaso_sito.jpg","type":"image\/jpeg"}],"twitter_card":"summary_large_image","twitter_misc":{"Tempo di lettura stimato":"1 minuto"},"schema":{"@context":"https:\/\/schema.org","@graph":[{"@type":"WebPage","@id":"https:\/\/www.guerini.it\/index.php\/prodotto\/quando-il-caucaso-incontro-la-russia\/","url":"https:\/\/www.guerini.it\/index.php\/prodotto\/quando-il-caucaso-incontro-la-russia\/","name":"Quando il Caucaso incontr\u00f2 la Russia - Guerini e Associati","isPartOf":{"@id":"https:\/\/www.guerini.it\/#website"},"primaryImageOfPage":{"@id":"https:\/\/www.guerini.it\/index.php\/prodotto\/quando-il-caucaso-incontro-la-russia\/#primaryimage"},"image":{"@id":"https:\/\/www.guerini.it\/index.php\/prodotto\/quando-il-caucaso-incontro-la-russia\/#primaryimage"},"thumbnailUrl":"https:\/\/www.guerini.it\/wp-content\/uploads\/2016\/01\/quando_il_caucaso_sito.jpg","datePublished":"2016-01-18T10:43:38+00:00","dateModified":"2026-03-19T14:50:57+00:00","breadcrumb":{"@id":"https:\/\/www.guerini.it\/index.php\/prodotto\/quando-il-caucaso-incontro-la-russia\/#breadcrumb"},"inLanguage":"it-IT","potentialAction":[{"@type":"ReadAction","target":["https:\/\/www.guerini.it\/index.php\/prodotto\/quando-il-caucaso-incontro-la-russia\/"]}]},{"@type":"ImageObject","inLanguage":"it-IT","@id":"https:\/\/www.guerini.it\/index.php\/prodotto\/quando-il-caucaso-incontro-la-russia\/#primaryimage","url":"https:\/\/www.guerini.it\/wp-content\/uploads\/2016\/01\/quando_il_caucaso_sito.jpg","contentUrl":"https:\/\/www.guerini.it\/wp-content\/uploads\/2016\/01\/quando_il_caucaso_sito.jpg","width":229,"height":353,"caption":"Quando il Caucaso incontr\u00f2 la Russia"},{"@type":"BreadcrumbList","@id":"https:\/\/www.guerini.it\/index.php\/prodotto\/quando-il-caucaso-incontro-la-russia\/#breadcrumb","itemListElement":[{"@type":"ListItem","position":1,"name":"Home","item":"https:\/\/www.guerini.it\/"},{"@type":"ListItem","position":2,"name":"Catalogo","item":"https:\/\/www.guerini.it\/index.php\/negozio\/"},{"@type":"ListItem","position":3,"name":"Quando il Caucaso incontr\u00f2 la Russia"}]},{"@type":"WebSite","@id":"https:\/\/www.guerini.it\/#website","url":"https:\/\/www.guerini.it\/","name":"Guerini e Associati","description":"30 anni di libri, idee e libert\u00e0","publisher":{"@id":"https:\/\/www.guerini.it\/#organization"},"potentialAction":[{"@type":"SearchAction","target":{"@type":"EntryPoint","urlTemplate":"https:\/\/www.guerini.it\/?s={search_term_string}"},"query-input":{"@type":"PropertyValueSpecification","valueRequired":true,"valueName":"search_term_string"}}],"inLanguage":"it-IT"},{"@type":"Organization","@id":"https:\/\/www.guerini.it\/#organization","name":"Guerini e Associati","url":"https:\/\/www.guerini.it\/","logo":{"@type":"ImageObject","inLanguage":"it-IT","@id":"https:\/\/www.guerini.it\/#\/schema\/logo\/image\/","url":"https:\/\/www.guerini.it\/wp-content\/uploads\/2021\/03\/Logo-Guerini-OK_-e1615831292285.png","contentUrl":"https:\/\/www.guerini.it\/wp-content\/uploads\/2021\/03\/Logo-Guerini-OK_-e1615831292285.png","width":2805,"height":1870,"caption":"Guerini e Associati"},"image":{"@id":"https:\/\/www.guerini.it\/#\/schema\/logo\/image\/"}}]}},"_links":{"self":[{"href":"https:\/\/www.guerini.it\/index.php\/wp-json\/wp\/v2\/product\/15680","targetHints":{"allow":["GET"]}}],"collection":[{"href":"https:\/\/www.guerini.it\/index.php\/wp-json\/wp\/v2\/product"}],"about":[{"href":"https:\/\/www.guerini.it\/index.php\/wp-json\/wp\/v2\/types\/product"}],"wp:featuredmedia":[{"embeddable":true,"href":"https:\/\/www.guerini.it\/index.php\/wp-json\/wp\/v2\/media\/15679"}],"wp:attachment":[{"href":"https:\/\/www.guerini.it\/index.php\/wp-json\/wp\/v2\/media?parent=15680"}],"wp:term":[{"taxonomy":"product_brand","embeddable":true,"href":"https:\/\/www.guerini.it\/index.php\/wp-json\/wp\/v2\/product_brand?post=15680"},{"taxonomy":"product_cat","embeddable":true,"href":"https:\/\/www.guerini.it\/index.php\/wp-json\/wp\/v2\/product_cat?post=15680"},{"taxonomy":"product_tag","embeddable":true,"href":"https:\/\/www.guerini.it\/index.php\/wp-json\/wp\/v2\/product_tag?post=15680"}],"curies":[{"name":"wp","href":"https:\/\/api.w.org\/{rel}","templated":true}]}}