{"id":15718,"date":"2016-03-11T15:03:20","date_gmt":"2016-03-11T14:03:20","guid":{"rendered":"https:\/\/test.guerini.it\/?product=stupidita-e-formazione"},"modified":"2024-06-20T11:02:06","modified_gmt":"2024-06-20T09:02:06","slug":"stupidita-e-formazione","status":"publish","type":"product","link":"https:\/\/www.guerini.it\/index.php\/prodotto\/stupidita-e-formazione\/","title":{"rendered":"Stupidit\u00e0 e formazione"},"content":{"rendered":"<p style=\"text-align: justify;\">La stupidit\u00e0 \u00e8 un problema ineludibile per chi fa formazione. \u00c8 difficile comprendere che cosa veramente stia accadendo nelle aziende e nelle societ\u00e0 di consulenza. Questo breve testo prova a raccontare la verit\u00e0, e insieme a nasconderla dietro un velo scherzoso, affinch\u00e9 chi ama la verit\u00e0 possa pensare e chi ama i veli possa scherzare.<br \/>\nUna riflessione sulla stupidit\u00e0, corredata da un glossario semiserio per addetti ai lavori, propone uno sguardo diverso e originale sui temi classici della formazione.<\/p>\n","protected":false},"excerpt":{"rendered":"<p>La stupidit\u00e0 \u00e8 un problema ineludibile per chi fa formazione. \u00c8 difficile comprendere che cosa veramente stia accadendo nelle aziende e nelle societ\u00e0 di consulenza. Questo breve testo prova a raccontare la verit\u00e0, e insieme a nasconderla dietro un velo scherzoso, affinch\u00e9 chi ama la verit\u00e0 possa pensare e chi ama i veli possa scherzare.<br \/>\nUna riflessione sulla stupidit\u00e0, corredata da un glossario semiserio per addetti ai lavori, propone uno sguardo diverso e originale sui temi classici della formazione.<\/p>\n","protected":false},"featured_media":15717,"template":"","meta":{"_editorskit_title_hidden":false,"_editorskit_reading_time":0,"_editorskit_is_block_options_detached":false,"_editorskit_block_options_position":"{}","_monsterinsights_skip_tracking":false,"_monsterinsights_sitenote_active":false,"_monsterinsights_sitenote_note":"","_monsterinsights_sitenote_category":0},"product_brand":[],"product_cat":[6805,6529,6622],"product_tag":[],"class_list":{"0":"post-15718","1":"product","2":"type-product","3":"status-publish","4":"has-post-thumbnail","6":"product_cat-guerini-next","7":"product_cat-economia-e-management","8":"product_cat-bp","10":"first","11":"outofstock","12":"sale","13":"shipping-taxable","14":"purchasable","15":"product-type-simple"},"yoast_head":"<!-- This site is optimized with the Yoast SEO plugin v25.4 - https:\/\/yoast.com\/wordpress\/plugins\/seo\/ -->\n<title>Stupidit\u00e0 e formazione - Guerini e Associati<\/title>\n<meta name=\"robots\" content=\"index, follow, max-snippet:-1, max-image-preview:large, max-video-preview:-1\" \/>\n<link rel=\"canonical\" href=\"https:\/\/www.guerini.it\/index.php\/prodotto\/stupidita-e-formazione\/\" \/>\n<meta property=\"og:locale\" content=\"it_IT\" \/>\n<meta property=\"og:type\" content=\"article\" \/>\n<meta property=\"og:title\" content=\"Stupidit\u00e0 e formazione - Guerini e Associati\" \/>\n<meta property=\"og:description\" content=\"La stupidit\u00e0 \u00e8 un problema ineludibile per chi fa formazione. \u00c8 difficile comprendere che cosa veramente stia accadendo nelle aziende e nelle societ\u00e0 di consulenza. Questo breve testo prova a raccontare la verit\u00e0, e insieme a nasconderla dietro un velo scherzoso, affinch\u00e9 chi ama la verit\u00e0 possa pensare e chi ama i veli possa scherzare. Una riflessione sulla stupidit\u00e0, corredata da un glossario semiserio per addetti ai lavori, propone uno sguardo diverso e originale sui temi classici della formazione.\" \/>\n<meta property=\"og:url\" content=\"https:\/\/www.guerini.it\/index.php\/prodotto\/stupidita-e-formazione\/\" \/>\n<meta property=\"og:site_name\" content=\"Guerini e Associati\" \/>\n<meta property=\"article:modified_time\" content=\"2024-06-20T09:02:06+00:00\" \/>\n<meta property=\"og:image\" content=\"https:\/\/www.guerini.it\/wp-content\/uploads\/2016\/03\/stupiditaeformazione_sito.jpg\" \/>\n\t<meta property=\"og:image:width\" content=\"252\" \/>\n\t<meta property=\"og:image:height\" content=\"353\" \/>\n\t<meta property=\"og:image:type\" content=\"image\/jpeg\" \/>\n<meta name=\"twitter:card\" content=\"summary_large_image\" \/>\n<meta name=\"twitter:label1\" content=\"Tempo di lettura stimato\" \/>\n\t<meta name=\"twitter:data1\" content=\"1 minuto\" \/>\n<!-- \/ Yoast SEO plugin. -->","yoast_head_json":{"title":"Stupidit\u00e0 e formazione - Guerini e Associati","robots":{"index":"index","follow":"follow","max-snippet":"max-snippet:-1","max-image-preview":"max-image-preview:large","max-video-preview":"max-video-preview:-1"},"canonical":"https:\/\/www.guerini.it\/index.php\/prodotto\/stupidita-e-formazione\/","og_locale":"it_IT","og_type":"article","og_title":"Stupidit\u00e0 e formazione - Guerini e Associati","og_description":"La stupidit\u00e0 \u00e8 un problema ineludibile per chi fa formazione. \u00c8 difficile comprendere che cosa veramente stia accadendo nelle aziende e nelle societ\u00e0 di consulenza. Questo breve testo prova a raccontare la verit\u00e0, e insieme a nasconderla dietro un velo scherzoso, affinch\u00e9 chi ama la verit\u00e0 possa pensare e chi ama i veli possa scherzare. Una riflessione sulla stupidit\u00e0, corredata da un glossario semiserio per addetti ai lavori, propone uno sguardo diverso e originale sui temi classici della formazione.","og_url":"https:\/\/www.guerini.it\/index.php\/prodotto\/stupidita-e-formazione\/","og_site_name":"Guerini e Associati","article_modified_time":"2024-06-20T09:02:06+00:00","og_image":[{"width":252,"height":353,"url":"https:\/\/www.guerini.it\/wp-content\/uploads\/2016\/03\/stupiditaeformazione_sito.jpg","type":"image\/jpeg"}],"twitter_card":"summary_large_image","twitter_misc":{"Tempo di lettura stimato":"1 minuto"},"schema":{"@context":"https:\/\/schema.org","@graph":[{"@type":"WebPage","@id":"https:\/\/www.guerini.it\/index.php\/prodotto\/stupidita-e-formazione\/","url":"https:\/\/www.guerini.it\/index.php\/prodotto\/stupidita-e-formazione\/","name":"Stupidit\u00e0 e formazione - Guerini e Associati","isPartOf":{"@id":"https:\/\/www.guerini.it\/#website"},"primaryImageOfPage":{"@id":"https:\/\/www.guerini.it\/index.php\/prodotto\/stupidita-e-formazione\/#primaryimage"},"image":{"@id":"https:\/\/www.guerini.it\/index.php\/prodotto\/stupidita-e-formazione\/#primaryimage"},"thumbnailUrl":"https:\/\/www.guerini.it\/wp-content\/uploads\/2016\/03\/stupiditaeformazione_sito.jpg","datePublished":"2016-03-11T14:03:20+00:00","dateModified":"2024-06-20T09:02:06+00:00","breadcrumb":{"@id":"https:\/\/www.guerini.it\/index.php\/prodotto\/stupidita-e-formazione\/#breadcrumb"},"inLanguage":"it-IT","potentialAction":[{"@type":"ReadAction","target":["https:\/\/www.guerini.it\/index.php\/prodotto\/stupidita-e-formazione\/"]}]},{"@type":"ImageObject","inLanguage":"it-IT","@id":"https:\/\/www.guerini.it\/index.php\/prodotto\/stupidita-e-formazione\/#primaryimage","url":"https:\/\/www.guerini.it\/wp-content\/uploads\/2016\/03\/stupiditaeformazione_sito.jpg","contentUrl":"https:\/\/www.guerini.it\/wp-content\/uploads\/2016\/03\/stupiditaeformazione_sito.jpg","width":252,"height":353,"caption":"Stupidit\u00e0 e formazione"},{"@type":"BreadcrumbList","@id":"https:\/\/www.guerini.it\/index.php\/prodotto\/stupidita-e-formazione\/#breadcrumb","itemListElement":[{"@type":"ListItem","position":1,"name":"Home","item":"https:\/\/www.guerini.it\/"},{"@type":"ListItem","position":2,"name":"Catalogo","item":"https:\/\/www.guerini.it\/index.php\/negozio\/"},{"@type":"ListItem","position":3,"name":"Stupidit\u00e0 e formazione"}]},{"@type":"WebSite","@id":"https:\/\/www.guerini.it\/#website","url":"https:\/\/www.guerini.it\/","name":"Guerini e Associati","description":"30 anni di libri, idee e libert\u00e0","publisher":{"@id":"https:\/\/www.guerini.it\/#organization"},"potentialAction":[{"@type":"SearchAction","target":{"@type":"EntryPoint","urlTemplate":"https:\/\/www.guerini.it\/?s={search_term_string}"},"query-input":{"@type":"PropertyValueSpecification","valueRequired":true,"valueName":"search_term_string"}}],"inLanguage":"it-IT"},{"@type":"Organization","@id":"https:\/\/www.guerini.it\/#organization","name":"Guerini e Associati","url":"https:\/\/www.guerini.it\/","logo":{"@type":"ImageObject","inLanguage":"it-IT","@id":"https:\/\/www.guerini.it\/#\/schema\/logo\/image\/","url":"https:\/\/www.guerini.it\/wp-content\/uploads\/2021\/03\/Logo-Guerini-OK_-e1615831292285.png","contentUrl":"https:\/\/www.guerini.it\/wp-content\/uploads\/2021\/03\/Logo-Guerini-OK_-e1615831292285.png","width":2805,"height":1870,"caption":"Guerini e Associati"},"image":{"@id":"https:\/\/www.guerini.it\/#\/schema\/logo\/image\/"}}]}},"_links":{"self":[{"href":"https:\/\/www.guerini.it\/index.php\/wp-json\/wp\/v2\/product\/15718","targetHints":{"allow":["GET"]}}],"collection":[{"href":"https:\/\/www.guerini.it\/index.php\/wp-json\/wp\/v2\/product"}],"about":[{"href":"https:\/\/www.guerini.it\/index.php\/wp-json\/wp\/v2\/types\/product"}],"wp:featuredmedia":[{"embeddable":true,"href":"https:\/\/www.guerini.it\/index.php\/wp-json\/wp\/v2\/media\/15717"}],"wp:attachment":[{"href":"https:\/\/www.guerini.it\/index.php\/wp-json\/wp\/v2\/media?parent=15718"}],"wp:term":[{"taxonomy":"product_brand","embeddable":true,"href":"https:\/\/www.guerini.it\/index.php\/wp-json\/wp\/v2\/product_brand?post=15718"},{"taxonomy":"product_cat","embeddable":true,"href":"https:\/\/www.guerini.it\/index.php\/wp-json\/wp\/v2\/product_cat?post=15718"},{"taxonomy":"product_tag","embeddable":true,"href":"https:\/\/www.guerini.it\/index.php\/wp-json\/wp\/v2\/product_tag?post=15718"}],"curies":[{"name":"wp","href":"https:\/\/api.w.org\/{rel}","templated":true}]}}