{"id":15728,"date":"2016-04-29T08:01:28","date_gmt":"2016-04-29T06:01:28","guid":{"rendered":"https:\/\/test.guerini.it\/?product=industria-4-0"},"modified":"2026-02-09T10:55:36","modified_gmt":"2026-02-09T09:55:36","slug":"industria-4-0","status":"publish","type":"product","link":"https:\/\/www.guerini.it\/index.php\/prodotto\/industria-4-0\/","title":{"rendered":"Industria 4.0"},"content":{"rendered":"<p style=\"text-align: justify;\">Il mondo delle fabbriche \u00e8 alla soglia di un cambiamento tanto profondo da essere chiamato \u201cquarta rivoluzione industriale\u201d. Un cambiamento che travolge prodotti, servizi e metodologie produttive, e ha al cuore una rottura tecnologica senza precedenti: la fusione tra mondo reale degli impianti industriali e mondo virtuale della cosiddetta Internet of Things, un sistema integrato di dispositivi intercomunicanti e intelligenti che mette in contatto, attraverso la rete, oggetti, persone e luoghi.<\/p>\n<p style=\"text-align: justify;\">Secondo i teorici di questo paradigma, che \u00e8 anche un manifesto culturale, in un futuro ormai prossimo la facolt\u00e0 di comunicazione tra le macchine, nelle fabbriche, apporter\u00e0 alle linee di produzione la capacit\u00e0 autodiagnostica di rilevare gli errori e correggerli. La flessibilit\u00e0 dagli impianti sar\u00e0 tale da personalizzare i prodotti in funzione del singolo cliente. I robot lavoreranno a contatto con l\u2019uomo e da esso apprenderanno in modo naturale. Il flusso di lavoro potr\u00e0 essere riprodotto in modo virtuale, dunque prima di approntarlo fisicamente in officina, per verificarne il comportamento in astratto e potenziarne le performance. La fabbrica sapr\u00e0 approvvigionarsi di energia senza sprechi e al minor costo possibile, in una parola sar\u00e0 smart. I prodotti, corredati da microchip e sensori, diverranno sempre pi\u00f9 interattivi coi i loro utilizzatori.<\/p>\n<p style=\"text-align: justify;\">Con la tecnologia, cambieranno le mansioni e l\u2019istruzione del lavoratore, operaio o tecnico, impiegato o dirigente. Cambieranno le attese e le regole del mondo del lavoro per come oggi lo conosciamo. Perch\u00e9 le aziende cercano sempre di pi\u00f9 un lavoratore creativo, responsabile e coinvolto. \u00abUn \u201coperaio aumentato\u201d, lo chiamano gli autori. Che sappia gestire i dati, compiere una pluralit\u00e0 di operazioni, connettersi agli altri: mettendo al servizio del lavoro quelle stesse abilit\u00e0 di \u201cnativo digitale\u201d che utilizza nella vita privata\u00bb. Attore consapevole \u00abdi un processo evolutivo che presuppone sindacati all\u2019altezza del nuovo terreno di confronto ma anche aziende capaci di dare il giusto in cambio del molto che chiedono. Sapendo, gli uni e gli altri, che indietro non si torna\u00bb.<\/p>\n<h5 style=\"text-align: justify;\"><strong><a href=\"https:\/\/test.guerini.it\/wp-content\/uploads\/2016\/04\/INDUSTRIA_40_PRESS.pdf\" target=\"_blank\" rel=\"noopener\">Rassegna stampa<\/a><\/strong><\/h5>\n<p>&nbsp;<\/p>\n<p><strong>Permalink:\u00a0<\/strong><a href=\"http:\/\/digital.casalini.it\/9788881950829\">http:\/\/digital.casalini.it\/9788881950829<\/a><\/p>\n","protected":false},"excerpt":{"rendered":"<p style=\"text-align: justify;\">Un viaggio lungo un anno che ha toccato numerose fabbriche di grandi operatori italiani, per capire se e come l\u2019industria dello Stivale stia recependo il modello europeo di fabbrica intelligente. Come si configura questa nuova rivoluzione industriale? Come cambia il lavoro? Come cambiano i processi, i rapporti, le competenze? Attraverso le esperienze vive degli industriali intervistati (Comau, Avio Aero, Brembo, Ducati, FCA, tra le altre) si delineano le molte tendenze di questo \u00abfarsi intelligente della produzione industriale\u00bb, un processo che cambier\u00e0 definitivamente il modo di produrre.<\/p>\n","protected":false},"featured_media":15726,"template":"","meta":{"_editorskit_title_hidden":false,"_editorskit_reading_time":0,"_editorskit_is_block_options_detached":false,"_editorskit_block_options_position":"{}","_monsterinsights_skip_tracking":false,"_monsterinsights_sitenote_active":false,"_monsterinsights_sitenote_note":"","_monsterinsights_sitenote_category":0},"product_brand":[],"product_cat":[6529,6699],"product_tag":[],"class_list":{"0":"post-15728","1":"product","2":"type-product","3":"status-publish","4":"has-post-thumbnail","6":"product_cat-economia-e-management","7":"product_cat-guerini4-0","8":"pa_guerini_amazon_link-https-www-amazon-it-industria-uomini-macchine-fabbrica-digitale-dp-8862506384","9":"pa_guerini_feltrinelli_link-https-www-lafeltrinelli-it-industria-40-uomini-macchine-nella-libro-vari-e-9788862506380","10":"pa_guerini_ibs_link-https-www-ibs-it-industria-40-uomini-macchine-nella-libro-vari-e-9788862506380","11":"pa_guerini_link_amazon-ee-httpwwwamazonitindustria_4","12":"pa_guerini_link_apple_ibook-f1-httpsitunesapplecomitbooki","13":"pa_guerini_link_bookrepublic-af-httpswwwbookrepublicitbook","14":"pa_guerini_link_giunti_punto-e6-httpwwwgiuntialpuntoitprod","15":"pa_guerini_link_google_play-5d-httpsplaygooglecomstoreboo","16":"pa_guerini_link_ibs-e4-httpwwwibsitebooka_cura_di","17":"pa_guerini_link_kobo-5a-httpsstorekobobookscomit_i","18":"pa_guerini_link_lafeltrinelli-48-httpwwwlafeltrinelliiteboo","19":"pa_guerini_link_mondadori-4a-httpwwwmondadoristoreitind","20":"pa_guerini_link_rizzoli-8b-httplibreriarizzolicorrier","21":"pa_guerini_strillo-7c-arrivalaquartarivoluzionei","23":"first","24":"outofstock","25":"sale","26":"shipping-taxable","27":"purchasable","28":"product-type-simple"},"yoast_head":"<!-- This site is optimized with the Yoast SEO plugin v25.4 - https:\/\/yoast.com\/wordpress\/plugins\/seo\/ -->\n<title>Industria 4.0 - Guerini e Associati<\/title>\n<meta name=\"robots\" content=\"index, follow, max-snippet:-1, max-image-preview:large, max-video-preview:-1\" \/>\n<link rel=\"canonical\" href=\"https:\/\/www.guerini.it\/index.php\/prodotto\/industria-4-0\/\" \/>\n<meta property=\"og:locale\" content=\"it_IT\" \/>\n<meta property=\"og:type\" content=\"article\" \/>\n<meta property=\"og:title\" content=\"Industria 4.0 - Guerini e Associati\" \/>\n<meta property=\"og:description\" content=\"Un viaggio lungo un anno che ha toccato numerose fabbriche di grandi operatori italiani, per capire se e come l\u2019industria dello Stivale stia recependo il modello europeo di fabbrica intelligente. Come si configura questa nuova rivoluzione industriale? Come cambia il lavoro? Come cambiano i processi, i rapporti, le competenze? Attraverso le esperienze vive degli industriali intervistati (Comau, Avio Aero, Brembo, Ducati, FCA, tra le altre) si delineano le molte tendenze di questo \u00abfarsi intelligente della produzione industriale\u00bb, un processo che cambier\u00e0 definitivamente il modo di produrre.\" \/>\n<meta property=\"og:url\" content=\"https:\/\/www.guerini.it\/index.php\/prodotto\/industria-4-0\/\" \/>\n<meta property=\"og:site_name\" content=\"Guerini e Associati\" \/>\n<meta property=\"article:modified_time\" content=\"2026-02-09T09:55:36+00:00\" \/>\n<meta property=\"og:image\" content=\"https:\/\/www.guerini.it\/wp-content\/uploads\/2016\/04\/industria_40_sito.jpg\" \/>\n\t<meta property=\"og:image:width\" content=\"227\" \/>\n\t<meta property=\"og:image:height\" content=\"353\" \/>\n\t<meta property=\"og:image:type\" content=\"image\/jpeg\" \/>\n<meta name=\"twitter:card\" content=\"summary_large_image\" \/>\n<meta name=\"twitter:label1\" content=\"Tempo di lettura stimato\" \/>\n\t<meta name=\"twitter:data1\" content=\"2 minuti\" \/>\n<!-- \/ Yoast SEO plugin. -->","yoast_head_json":{"title":"Industria 4.0 - Guerini e Associati","robots":{"index":"index","follow":"follow","max-snippet":"max-snippet:-1","max-image-preview":"max-image-preview:large","max-video-preview":"max-video-preview:-1"},"canonical":"https:\/\/www.guerini.it\/index.php\/prodotto\/industria-4-0\/","og_locale":"it_IT","og_type":"article","og_title":"Industria 4.0 - Guerini e Associati","og_description":"Un viaggio lungo un anno che ha toccato numerose fabbriche di grandi operatori italiani, per capire se e come l\u2019industria dello Stivale stia recependo il modello europeo di fabbrica intelligente. Come si configura questa nuova rivoluzione industriale? Come cambia il lavoro? Come cambiano i processi, i rapporti, le competenze? Attraverso le esperienze vive degli industriali intervistati (Comau, Avio Aero, Brembo, Ducati, FCA, tra le altre) si delineano le molte tendenze di questo \u00abfarsi intelligente della produzione industriale\u00bb, un processo che cambier\u00e0 definitivamente il modo di produrre.","og_url":"https:\/\/www.guerini.it\/index.php\/prodotto\/industria-4-0\/","og_site_name":"Guerini e Associati","article_modified_time":"2026-02-09T09:55:36+00:00","og_image":[{"width":227,"height":353,"url":"https:\/\/www.guerini.it\/wp-content\/uploads\/2016\/04\/industria_40_sito.jpg","type":"image\/jpeg"}],"twitter_card":"summary_large_image","twitter_misc":{"Tempo di lettura stimato":"2 minuti"},"schema":{"@context":"https:\/\/schema.org","@graph":[{"@type":"WebPage","@id":"https:\/\/www.guerini.it\/index.php\/prodotto\/industria-4-0\/","url":"https:\/\/www.guerini.it\/index.php\/prodotto\/industria-4-0\/","name":"Industria 4.0 - Guerini e Associati","isPartOf":{"@id":"https:\/\/www.guerini.it\/#website"},"primaryImageOfPage":{"@id":"https:\/\/www.guerini.it\/index.php\/prodotto\/industria-4-0\/#primaryimage"},"image":{"@id":"https:\/\/www.guerini.it\/index.php\/prodotto\/industria-4-0\/#primaryimage"},"thumbnailUrl":"https:\/\/www.guerini.it\/wp-content\/uploads\/2016\/04\/industria_40_sito.jpg","datePublished":"2016-04-29T06:01:28+00:00","dateModified":"2026-02-09T09:55:36+00:00","breadcrumb":{"@id":"https:\/\/www.guerini.it\/index.php\/prodotto\/industria-4-0\/#breadcrumb"},"inLanguage":"it-IT","potentialAction":[{"@type":"ReadAction","target":["https:\/\/www.guerini.it\/index.php\/prodotto\/industria-4-0\/"]}]},{"@type":"ImageObject","inLanguage":"it-IT","@id":"https:\/\/www.guerini.it\/index.php\/prodotto\/industria-4-0\/#primaryimage","url":"https:\/\/www.guerini.it\/wp-content\/uploads\/2016\/04\/industria_40_sito.jpg","contentUrl":"https:\/\/www.guerini.it\/wp-content\/uploads\/2016\/04\/industria_40_sito.jpg","width":227,"height":353,"caption":"Industria 4.0"},{"@type":"BreadcrumbList","@id":"https:\/\/www.guerini.it\/index.php\/prodotto\/industria-4-0\/#breadcrumb","itemListElement":[{"@type":"ListItem","position":1,"name":"Home","item":"https:\/\/www.guerini.it\/"},{"@type":"ListItem","position":2,"name":"Catalogo","item":"https:\/\/www.guerini.it\/index.php\/negozio\/"},{"@type":"ListItem","position":3,"name":"Industria 4.0"}]},{"@type":"WebSite","@id":"https:\/\/www.guerini.it\/#website","url":"https:\/\/www.guerini.it\/","name":"Guerini e Associati","description":"30 anni di libri, idee e libert\u00e0","publisher":{"@id":"https:\/\/www.guerini.it\/#organization"},"potentialAction":[{"@type":"SearchAction","target":{"@type":"EntryPoint","urlTemplate":"https:\/\/www.guerini.it\/?s={search_term_string}"},"query-input":{"@type":"PropertyValueSpecification","valueRequired":true,"valueName":"search_term_string"}}],"inLanguage":"it-IT"},{"@type":"Organization","@id":"https:\/\/www.guerini.it\/#organization","name":"Guerini e Associati","url":"https:\/\/www.guerini.it\/","logo":{"@type":"ImageObject","inLanguage":"it-IT","@id":"https:\/\/www.guerini.it\/#\/schema\/logo\/image\/","url":"https:\/\/www.guerini.it\/wp-content\/uploads\/2021\/03\/Logo-Guerini-OK_-e1615831292285.png","contentUrl":"https:\/\/www.guerini.it\/wp-content\/uploads\/2021\/03\/Logo-Guerini-OK_-e1615831292285.png","width":2805,"height":1870,"caption":"Guerini e Associati"},"image":{"@id":"https:\/\/www.guerini.it\/#\/schema\/logo\/image\/"}}]}},"_links":{"self":[{"href":"https:\/\/www.guerini.it\/index.php\/wp-json\/wp\/v2\/product\/15728","targetHints":{"allow":["GET"]}}],"collection":[{"href":"https:\/\/www.guerini.it\/index.php\/wp-json\/wp\/v2\/product"}],"about":[{"href":"https:\/\/www.guerini.it\/index.php\/wp-json\/wp\/v2\/types\/product"}],"wp:featuredmedia":[{"embeddable":true,"href":"https:\/\/www.guerini.it\/index.php\/wp-json\/wp\/v2\/media\/15726"}],"wp:attachment":[{"href":"https:\/\/www.guerini.it\/index.php\/wp-json\/wp\/v2\/media?parent=15728"}],"wp:term":[{"taxonomy":"product_brand","embeddable":true,"href":"https:\/\/www.guerini.it\/index.php\/wp-json\/wp\/v2\/product_brand?post=15728"},{"taxonomy":"product_cat","embeddable":true,"href":"https:\/\/www.guerini.it\/index.php\/wp-json\/wp\/v2\/product_cat?post=15728"},{"taxonomy":"product_tag","embeddable":true,"href":"https:\/\/www.guerini.it\/index.php\/wp-json\/wp\/v2\/product_tag?post=15728"}],"curies":[{"name":"wp","href":"https:\/\/api.w.org\/{rel}","templated":true}]}}