{"id":15762,"date":"2016-05-18T13:01:07","date_gmt":"2016-05-18T11:01:07","guid":{"rendered":"https:\/\/test.guerini.it\/?product=gli-ammortizzatori-sociali-in-costanza-di-rapporto-di-lavoro"},"modified":"2024-06-12T14:39:14","modified_gmt":"2024-06-12T12:39:14","slug":"gli-ammortizzatori-sociali-in-costanza-di-rapporto-di-lavoro","status":"publish","type":"product","link":"https:\/\/www.guerini.it\/index.php\/prodotto\/gli-ammortizzatori-sociali-in-costanza-di-rapporto-di-lavoro\/","title":{"rendered":"Gli ammortizzatori sociali in costanza di rapporto di lavoro"},"content":{"rendered":"<p style=\"text-align: justify;\">Il D. Lgs. n. 148 del 2015 \u00e8 uno dei prodotti pi\u00f9 completi e organici tra tutti quelli che sono nati dalla legge delega n. 183 del 2014. L&#8217;accorpamento in un unico testo legislativo, esaustivo e autosufficiente, della disciplina degli ammortizzatori sociali in costanza di rapporto di lavoro rappresenta un risultato apprezzabile e utilissimo, non soltanto da un punto di vista scientifico ma anche da un punto di vista pratico, considerate le difficolt\u00e0 che incontravano interpreti e operatori costretti a districarsi tra norme generali, speciali e settoriali, per di pi\u00f9 stratificate nel tempo (abrogate ora quasi del tutto).<br \/>\nSe la cornice normativa \u00e8 mutata, resta invariato l&#8217;istituto di riferimento: cassa integrazione guadagni ordinaria e straordinaria all&#8217;interno della quale viene ricondotto il contratto di solidariet\u00e0 difensivo come terza causale dell&#8217;intervento straordinario.<br \/>\nIl libro ha un impianto descrittivo, se pur non disgiunto da riflessioni critiche, ed esamina, nel dettaglio, tutte le norme del decreto, evidenziando come il governo abbia dato attuazione alla delega che indicava dei criteri ben precisi, tra i quali, principalmente, l&#8217;impossibilit\u00e0 di autorizzare la cassa integrazione guadagni in caso di cessazione di attivit\u00e0, la prevalenza da dare alle riduzioni di orario rispetto all&#8217;intervento di integrazione salariale, un maggior costo della casa per le imprese utilizzatrici.<br \/>\nNon meno importante \u00e8 la definitiva sistemazione normativa dei Fondi di solidariet\u00e0 bilaterali, strumenti alternativi all&#8217;integrazione guadagni per le imprese che non rientrano nel campo di applicazione di quest&#8217;ultima. Un accenno \u00e8 fatto nel testo anche alla cassa integrazione guadagni in deroga, non inserita nel D. Lgs. n. 148 del 2015, in considerazione della rinnovata previsione dell&#8217;intervento nell&#8217;ultima legge finanziaria e delle interferenze che la stessa pu\u00f2 avere con i Fondi di solidariet\u00e0.<\/p>\n","protected":false},"excerpt":{"rendered":"<p>Il D. Lgs. n. 148 del 2015 \u00e8 uno dei prodotti pi\u00f9 completi e organici tra tutti quelli che sono nati dalla legge delega n. 183 del 2014. L&#8217;accorpamento in un unico testo legislativo, esaustivo e autosufficiente, della disciplina degli ammortizzatori sociali in costanza di rapporto di lavoro rappresenta un risultato apprezzabile e utilissimo, non soltanto da un punto di vista scientifico ma anche da un punto di vista pratico, considerate le difficolt\u00e0 che incontravano interpreti e operatori costretti a districarsi tra norme generali, speciali e settoriali, per di pi\u00f9 stratificate nel tempo (abrogate ora quasi del tutto).<br \/>\nSe la cornice normativa \u00e8 mutata, resta invariato l&#8217;istituto di riferimento: cassa integrazione guadagni ordinaria e straordinaria all&#8217;interno della quale viene ricondotto il contratto di solidariet\u00e0 difensivo come terza causale dell&#8217;intervento straordinario.<br \/>\nIl libro ha un impianto descrittivo, se pur non disgiunto da riflessioni critiche, ed esamina, nel dettaglio, tutte le norme del decreto, evidenziando come il governo abbia dato attuazione alla delega che indicava dei criteri ben precisi, tra i quali, principalmente, l&#8217;impossibilit\u00e0 di autorizzare la cassa integrazione guadagni in caso di cessazione di attivit\u00e0, la prevalenza da dare alle riduzioni di orario rispetto all&#8217;intervento di integrazione salariale, un maggior costo della casa per le imprese utilizzatrici.<br \/>\nNon meno importante \u00e8 la definitiva sistemazione normativa dei Fondi di solidariet\u00e0 bilaterali, strumenti alternativi all&#8217;integrazione guadagni per le imprese che non rientrano nel campo di applicazione di quest&#8217;ultima. Un accenno \u00e8 fatto nel testo anche alla cassa integrazione guadagni in deroga, non inserita nel D. Lgs. n. 148 del 2015, in considerazione della rinnovata previsione dell&#8217;intervento nell&#8217;ultima legge finanziaria e delle interferenze che la stessa pu\u00f2 avere con i Fondi di solidariet\u00e0.<\/p>\n","protected":false},"featured_media":15761,"template":"","meta":{"_editorskit_title_hidden":false,"_editorskit_reading_time":0,"_editorskit_is_block_options_detached":false,"_editorskit_block_options_position":"{}","_monsterinsights_skip_tracking":false,"_monsterinsights_sitenote_active":false,"_monsterinsights_sitenote_note":"","_monsterinsights_sitenote_category":0},"product_brand":[],"product_cat":[6805,6529,6622,6706],"product_tag":[],"class_list":{"0":"post-15762","1":"product","2":"type-product","3":"status-publish","4":"has-post-thumbnail","6":"product_cat-guerini-next","7":"product_cat-economia-e-management","8":"product_cat-bp","9":"product_cat-dirittodellavoro","10":"pa_fulfillment-fuori-catalogo","12":"first","13":"outofstock","14":"sale","15":"shipping-taxable","16":"purchasable","17":"product-type-simple"},"yoast_head":"<!-- This site is optimized with the Yoast SEO plugin v25.4 - https:\/\/yoast.com\/wordpress\/plugins\/seo\/ -->\n<title>Gli ammortizzatori sociali in costanza di rapporto di lavoro - Guerini e Associati<\/title>\n<meta name=\"robots\" content=\"index, follow, max-snippet:-1, max-image-preview:large, max-video-preview:-1\" \/>\n<link rel=\"canonical\" href=\"https:\/\/www.guerini.it\/index.php\/prodotto\/gli-ammortizzatori-sociali-in-costanza-di-rapporto-di-lavoro\/\" \/>\n<meta property=\"og:locale\" content=\"it_IT\" \/>\n<meta property=\"og:type\" content=\"article\" \/>\n<meta property=\"og:title\" content=\"Gli ammortizzatori sociali in costanza di rapporto di lavoro - Guerini e Associati\" \/>\n<meta property=\"og:description\" content=\"Il D. Lgs. n. 148 del 2015 \u00e8 uno dei prodotti pi\u00f9 completi e organici tra tutti quelli che sono nati dalla legge delega n. 183 del 2014. L&#039;accorpamento in un unico testo legislativo, esaustivo e autosufficiente, della disciplina degli ammortizzatori sociali in costanza di rapporto di lavoro rappresenta un risultato apprezzabile e utilissimo, non soltanto da un punto di vista scientifico ma anche da un punto di vista pratico, considerate le difficolt\u00e0 che incontravano interpreti e operatori costretti a districarsi tra norme generali, speciali e settoriali, per di pi\u00f9 stratificate nel tempo (abrogate ora quasi del tutto). Se la cornice normativa \u00e8 mutata, resta invariato l&#039;istituto di riferimento: cassa integrazione guadagni ordinaria e straordinaria all&#039;interno della quale viene ricondotto il contratto di solidariet\u00e0 difensivo come terza causale dell&#039;intervento straordinario. Il libro ha un impianto descrittivo, se pur non disgiunto da riflessioni critiche, ed esamina, nel dettaglio, tutte le norme del decreto, evidenziando come il governo abbia dato attuazione alla delega che indicava dei criteri ben precisi, tra i quali, principalmente, l&#039;impossibilit\u00e0 di autorizzare la cassa integrazione guadagni in caso di cessazione di attivit\u00e0, la prevalenza da dare alle riduzioni di orario rispetto all&#039;intervento di integrazione salariale, un maggior costo della casa per le imprese utilizzatrici. Non meno importante \u00e8 la definitiva sistemazione normativa dei Fondi di solidariet\u00e0 bilaterali, strumenti alternativi all&#039;integrazione guadagni per le imprese che non rientrano nel campo di applicazione di quest&#039;ultima. Un accenno \u00e8 fatto nel testo anche alla cassa integrazione guadagni in deroga, non inserita nel D. Lgs. n. 148 del 2015, in considerazione della rinnovata previsione dell&#039;intervento nell&#039;ultima legge finanziaria e delle interferenze che la stessa pu\u00f2 avere con i Fondi di solidariet\u00e0.\" \/>\n<meta property=\"og:url\" content=\"https:\/\/www.guerini.it\/index.php\/prodotto\/gli-ammortizzatori-sociali-in-costanza-di-rapporto-di-lavoro\/\" \/>\n<meta property=\"og:site_name\" content=\"Guerini e Associati\" \/>\n<meta property=\"article:modified_time\" content=\"2024-06-12T12:39:14+00:00\" \/>\n<meta property=\"og:image\" content=\"https:\/\/www.guerini.it\/wp-content\/uploads\/2016\/05\/ammortizzatori_sociali_sito_1.jpg\" \/>\n\t<meta property=\"og:image:width\" content=\"227\" \/>\n\t<meta property=\"og:image:height\" content=\"353\" \/>\n\t<meta property=\"og:image:type\" content=\"image\/jpeg\" \/>\n<meta name=\"twitter:card\" content=\"summary_large_image\" \/>\n<meta name=\"twitter:label1\" content=\"Tempo di lettura stimato\" \/>\n\t<meta name=\"twitter:data1\" content=\"2 minuti\" \/>\n<!-- \/ Yoast SEO plugin. -->","yoast_head_json":{"title":"Gli ammortizzatori sociali in costanza di rapporto di lavoro - Guerini e Associati","robots":{"index":"index","follow":"follow","max-snippet":"max-snippet:-1","max-image-preview":"max-image-preview:large","max-video-preview":"max-video-preview:-1"},"canonical":"https:\/\/www.guerini.it\/index.php\/prodotto\/gli-ammortizzatori-sociali-in-costanza-di-rapporto-di-lavoro\/","og_locale":"it_IT","og_type":"article","og_title":"Gli ammortizzatori sociali in costanza di rapporto di lavoro - Guerini e Associati","og_description":"Il D. Lgs. n. 148 del 2015 \u00e8 uno dei prodotti pi\u00f9 completi e organici tra tutti quelli che sono nati dalla legge delega n. 183 del 2014. L'accorpamento in un unico testo legislativo, esaustivo e autosufficiente, della disciplina degli ammortizzatori sociali in costanza di rapporto di lavoro rappresenta un risultato apprezzabile e utilissimo, non soltanto da un punto di vista scientifico ma anche da un punto di vista pratico, considerate le difficolt\u00e0 che incontravano interpreti e operatori costretti a districarsi tra norme generali, speciali e settoriali, per di pi\u00f9 stratificate nel tempo (abrogate ora quasi del tutto). Se la cornice normativa \u00e8 mutata, resta invariato l'istituto di riferimento: cassa integrazione guadagni ordinaria e straordinaria all'interno della quale viene ricondotto il contratto di solidariet\u00e0 difensivo come terza causale dell'intervento straordinario. Il libro ha un impianto descrittivo, se pur non disgiunto da riflessioni critiche, ed esamina, nel dettaglio, tutte le norme del decreto, evidenziando come il governo abbia dato attuazione alla delega che indicava dei criteri ben precisi, tra i quali, principalmente, l'impossibilit\u00e0 di autorizzare la cassa integrazione guadagni in caso di cessazione di attivit\u00e0, la prevalenza da dare alle riduzioni di orario rispetto all'intervento di integrazione salariale, un maggior costo della casa per le imprese utilizzatrici. Non meno importante \u00e8 la definitiva sistemazione normativa dei Fondi di solidariet\u00e0 bilaterali, strumenti alternativi all'integrazione guadagni per le imprese che non rientrano nel campo di applicazione di quest'ultima. Un accenno \u00e8 fatto nel testo anche alla cassa integrazione guadagni in deroga, non inserita nel D. Lgs. n. 148 del 2015, in considerazione della rinnovata previsione dell'intervento nell'ultima legge finanziaria e delle interferenze che la stessa pu\u00f2 avere con i Fondi di solidariet\u00e0.","og_url":"https:\/\/www.guerini.it\/index.php\/prodotto\/gli-ammortizzatori-sociali-in-costanza-di-rapporto-di-lavoro\/","og_site_name":"Guerini e Associati","article_modified_time":"2024-06-12T12:39:14+00:00","og_image":[{"width":227,"height":353,"url":"https:\/\/www.guerini.it\/wp-content\/uploads\/2016\/05\/ammortizzatori_sociali_sito_1.jpg","type":"image\/jpeg"}],"twitter_card":"summary_large_image","twitter_misc":{"Tempo di lettura stimato":"2 minuti"},"schema":{"@context":"https:\/\/schema.org","@graph":[{"@type":"WebPage","@id":"https:\/\/www.guerini.it\/index.php\/prodotto\/gli-ammortizzatori-sociali-in-costanza-di-rapporto-di-lavoro\/","url":"https:\/\/www.guerini.it\/index.php\/prodotto\/gli-ammortizzatori-sociali-in-costanza-di-rapporto-di-lavoro\/","name":"Gli ammortizzatori sociali in costanza di rapporto di lavoro - Guerini e Associati","isPartOf":{"@id":"https:\/\/www.guerini.it\/#website"},"primaryImageOfPage":{"@id":"https:\/\/www.guerini.it\/index.php\/prodotto\/gli-ammortizzatori-sociali-in-costanza-di-rapporto-di-lavoro\/#primaryimage"},"image":{"@id":"https:\/\/www.guerini.it\/index.php\/prodotto\/gli-ammortizzatori-sociali-in-costanza-di-rapporto-di-lavoro\/#primaryimage"},"thumbnailUrl":"https:\/\/www.guerini.it\/wp-content\/uploads\/2016\/05\/ammortizzatori_sociali_sito_1.jpg","datePublished":"2016-05-18T11:01:07+00:00","dateModified":"2024-06-12T12:39:14+00:00","breadcrumb":{"@id":"https:\/\/www.guerini.it\/index.php\/prodotto\/gli-ammortizzatori-sociali-in-costanza-di-rapporto-di-lavoro\/#breadcrumb"},"inLanguage":"it-IT","potentialAction":[{"@type":"ReadAction","target":["https:\/\/www.guerini.it\/index.php\/prodotto\/gli-ammortizzatori-sociali-in-costanza-di-rapporto-di-lavoro\/"]}]},{"@type":"ImageObject","inLanguage":"it-IT","@id":"https:\/\/www.guerini.it\/index.php\/prodotto\/gli-ammortizzatori-sociali-in-costanza-di-rapporto-di-lavoro\/#primaryimage","url":"https:\/\/www.guerini.it\/wp-content\/uploads\/2016\/05\/ammortizzatori_sociali_sito_1.jpg","contentUrl":"https:\/\/www.guerini.it\/wp-content\/uploads\/2016\/05\/ammortizzatori_sociali_sito_1.jpg","width":227,"height":353,"caption":"Gli ammortizzatori sociali in costanza di rapporto di lavoro"},{"@type":"BreadcrumbList","@id":"https:\/\/www.guerini.it\/index.php\/prodotto\/gli-ammortizzatori-sociali-in-costanza-di-rapporto-di-lavoro\/#breadcrumb","itemListElement":[{"@type":"ListItem","position":1,"name":"Home","item":"https:\/\/www.guerini.it\/"},{"@type":"ListItem","position":2,"name":"Catalogo","item":"https:\/\/www.guerini.it\/index.php\/negozio\/"},{"@type":"ListItem","position":3,"name":"Gli ammortizzatori sociali in costanza di rapporto di lavoro"}]},{"@type":"WebSite","@id":"https:\/\/www.guerini.it\/#website","url":"https:\/\/www.guerini.it\/","name":"Guerini e Associati","description":"30 anni di libri, idee e libert\u00e0","publisher":{"@id":"https:\/\/www.guerini.it\/#organization"},"potentialAction":[{"@type":"SearchAction","target":{"@type":"EntryPoint","urlTemplate":"https:\/\/www.guerini.it\/?s={search_term_string}"},"query-input":{"@type":"PropertyValueSpecification","valueRequired":true,"valueName":"search_term_string"}}],"inLanguage":"it-IT"},{"@type":"Organization","@id":"https:\/\/www.guerini.it\/#organization","name":"Guerini e Associati","url":"https:\/\/www.guerini.it\/","logo":{"@type":"ImageObject","inLanguage":"it-IT","@id":"https:\/\/www.guerini.it\/#\/schema\/logo\/image\/","url":"https:\/\/www.guerini.it\/wp-content\/uploads\/2021\/03\/Logo-Guerini-OK_-e1615831292285.png","contentUrl":"https:\/\/www.guerini.it\/wp-content\/uploads\/2021\/03\/Logo-Guerini-OK_-e1615831292285.png","width":2805,"height":1870,"caption":"Guerini e Associati"},"image":{"@id":"https:\/\/www.guerini.it\/#\/schema\/logo\/image\/"}}]}},"_links":{"self":[{"href":"https:\/\/www.guerini.it\/index.php\/wp-json\/wp\/v2\/product\/15762","targetHints":{"allow":["GET"]}}],"collection":[{"href":"https:\/\/www.guerini.it\/index.php\/wp-json\/wp\/v2\/product"}],"about":[{"href":"https:\/\/www.guerini.it\/index.php\/wp-json\/wp\/v2\/types\/product"}],"wp:featuredmedia":[{"embeddable":true,"href":"https:\/\/www.guerini.it\/index.php\/wp-json\/wp\/v2\/media\/15761"}],"wp:attachment":[{"href":"https:\/\/www.guerini.it\/index.php\/wp-json\/wp\/v2\/media?parent=15762"}],"wp:term":[{"taxonomy":"product_brand","embeddable":true,"href":"https:\/\/www.guerini.it\/index.php\/wp-json\/wp\/v2\/product_brand?post=15762"},{"taxonomy":"product_cat","embeddable":true,"href":"https:\/\/www.guerini.it\/index.php\/wp-json\/wp\/v2\/product_cat?post=15762"},{"taxonomy":"product_tag","embeddable":true,"href":"https:\/\/www.guerini.it\/index.php\/wp-json\/wp\/v2\/product_tag?post=15762"}],"curies":[{"name":"wp","href":"https:\/\/api.w.org\/{rel}","templated":true}]}}