{"id":15770,"date":"2016-06-06T08:56:56","date_gmt":"2016-06-06T06:56:56","guid":{"rendered":"https:\/\/test.guerini.it\/?product=milano-e-le-sue-rotte-obbligate-le-acque-che-ci-tocca-navigare"},"modified":"2024-06-12T14:41:08","modified_gmt":"2024-06-12T12:41:08","slug":"milano-e-le-sue-rotte-obbligate-le-acque-che-ci-tocca-navigare","status":"publish","type":"product","link":"https:\/\/www.guerini.it\/index.php\/prodotto\/milano-e-le-sue-rotte-obbligate-le-acque-che-ci-tocca-navigare\/","title":{"rendered":"Milano e le sue rotte obbligate. Le acque che ci tocca navigare"},"content":{"rendered":"<p style=\"text-align: justify;\">Le rotte di cui si parla in questo libro sono quelle tracciate dalla vocazione internazionale di Milano. L&#8217;esperienza di Expo ha fatto non solo ritrovare alla citt&agrave; il suo ruolo di guida del Paese, ma ha esaltato la sua attrattivit&agrave; verso il mondo, lanciandola stabilmente nel marketing urbano globale: dopo il decennio di Barcellona e poi quello di Berlino, ci sono cos&igrave; tutte le condizioni per puntare ad avere una decennio di Milano come citt&agrave;-mondo. Questa possibilit&agrave; &egrave; a portata di mano. Deve per&ograve; fare i conti con le emergenze dell&#8217;oggi, che qui sono sinteticamente, ma efficacemente, annotate.<\/p>\n","protected":false},"excerpt":{"rendered":"<p>Le rotte di cui si parla in questo libro sono quelle tracciate dalla vocazione internazionale di Milano. L&#8217;esperienza di Expo ha fatto non solo ritrovare alla citt\u00e0 il suo ruolo di guida del Paese, ma ha esaltato la sua attrattivit\u00e0 verso il mondo, lanciandola stabilmente nel marketing urbano globale: dopo il decennio di Barcellona e poi quello di Berlino, ci sono cos\u00ec tutte le condizioni per puntare ad avere una decennio di Milano come citt\u00e0-mondo. Questa possibilit\u00e0 \u00e8 a portata di mano. Deve per\u00f2 fare i conti con le emergenze dell&#8217;oggi, che qui sono sinteticamente, ma efficacemente, annotate.<\/p>\n","protected":false},"featured_media":15769,"template":"","meta":{"_editorskit_title_hidden":false,"_editorskit_reading_time":0,"_editorskit_is_block_options_detached":false,"_editorskit_block_options_position":"{}","_monsterinsights_skip_tracking":false,"_monsterinsights_sitenote_active":false,"_monsterinsights_sitenote_note":"","_monsterinsights_sitenote_category":0},"product_brand":[],"product_cat":[6527],"product_tag":[],"class_list":{"0":"post-15770","1":"product","2":"type-product","3":"status-publish","4":"has-post-thumbnail","6":"product_cat-attualita","7":"pa_guerini_link_amazon-d5-httpswwwamazonitmilano_rot","8":"pa_guerini_link_apple_ibook-c1-httpsitunesapplecomitbookm","9":"pa_guerini_link_giunti_punto-ff-httpwwwgiuntialpuntoitprod","10":"pa_guerini_link_google_play-1c-httpsplaygooglecomstoreboo","11":"pa_guerini_link_kobo-ac-httpswwwkobocomititebookmi","13":"first","14":"instock","15":"sale","16":"shipping-taxable","17":"purchasable","18":"product-type-simple"},"yoast_head":"<!-- This site is optimized with the Yoast SEO plugin v25.4 - https:\/\/yoast.com\/wordpress\/plugins\/seo\/ -->\n<title>Milano e le sue rotte obbligate. Le acque che ci tocca navigare - Guerini e Associati<\/title>\n<meta name=\"robots\" content=\"index, follow, max-snippet:-1, max-image-preview:large, max-video-preview:-1\" \/>\n<link rel=\"canonical\" href=\"https:\/\/www.guerini.it\/index.php\/prodotto\/milano-e-le-sue-rotte-obbligate-le-acque-che-ci-tocca-navigare\/\" \/>\n<meta property=\"og:locale\" content=\"it_IT\" \/>\n<meta property=\"og:type\" content=\"article\" \/>\n<meta property=\"og:title\" content=\"Milano e le sue rotte obbligate. Le acque che ci tocca navigare - Guerini e Associati\" \/>\n<meta property=\"og:description\" content=\"Le rotte di cui si parla in questo libro sono quelle tracciate dalla vocazione internazionale di Milano. L&#039;esperienza di Expo ha fatto non solo ritrovare alla citt\u00e0 il suo ruolo di guida del Paese, ma ha esaltato la sua attrattivit\u00e0 verso il mondo, lanciandola stabilmente nel marketing urbano globale: dopo il decennio di Barcellona e poi quello di Berlino, ci sono cos\u00ec tutte le condizioni per puntare ad avere una decennio di Milano come citt\u00e0-mondo. Questa possibilit\u00e0 \u00e8 a portata di mano. Deve per\u00f2 fare i conti con le emergenze dell&#039;oggi, che qui sono sinteticamente, ma efficacemente, annotate.\" \/>\n<meta property=\"og:url\" content=\"https:\/\/www.guerini.it\/index.php\/prodotto\/milano-e-le-sue-rotte-obbligate-le-acque-che-ci-tocca-navigare\/\" \/>\n<meta property=\"og:site_name\" content=\"Guerini e Associati\" \/>\n<meta property=\"article:modified_time\" content=\"2024-06-12T12:41:08+00:00\" \/>\n<meta property=\"og:image\" content=\"https:\/\/www.guerini.it\/wp-content\/uploads\/2016\/06\/milano_rotte_obbligate_sito.jpg\" \/>\n\t<meta property=\"og:image:width\" content=\"253\" \/>\n\t<meta property=\"og:image:height\" content=\"353\" \/>\n\t<meta property=\"og:image:type\" content=\"image\/jpeg\" \/>\n<meta name=\"twitter:card\" content=\"summary_large_image\" \/>\n<meta name=\"twitter:label1\" content=\"Tempo di lettura stimato\" \/>\n\t<meta name=\"twitter:data1\" content=\"1 minuto\" \/>\n<!-- \/ Yoast SEO plugin. -->","yoast_head_json":{"title":"Milano e le sue rotte obbligate. Le acque che ci tocca navigare - Guerini e Associati","robots":{"index":"index","follow":"follow","max-snippet":"max-snippet:-1","max-image-preview":"max-image-preview:large","max-video-preview":"max-video-preview:-1"},"canonical":"https:\/\/www.guerini.it\/index.php\/prodotto\/milano-e-le-sue-rotte-obbligate-le-acque-che-ci-tocca-navigare\/","og_locale":"it_IT","og_type":"article","og_title":"Milano e le sue rotte obbligate. Le acque che ci tocca navigare - Guerini e Associati","og_description":"Le rotte di cui si parla in questo libro sono quelle tracciate dalla vocazione internazionale di Milano. L'esperienza di Expo ha fatto non solo ritrovare alla citt\u00e0 il suo ruolo di guida del Paese, ma ha esaltato la sua attrattivit\u00e0 verso il mondo, lanciandola stabilmente nel marketing urbano globale: dopo il decennio di Barcellona e poi quello di Berlino, ci sono cos\u00ec tutte le condizioni per puntare ad avere una decennio di Milano come citt\u00e0-mondo. Questa possibilit\u00e0 \u00e8 a portata di mano. Deve per\u00f2 fare i conti con le emergenze dell'oggi, che qui sono sinteticamente, ma efficacemente, annotate.","og_url":"https:\/\/www.guerini.it\/index.php\/prodotto\/milano-e-le-sue-rotte-obbligate-le-acque-che-ci-tocca-navigare\/","og_site_name":"Guerini e Associati","article_modified_time":"2024-06-12T12:41:08+00:00","og_image":[{"width":253,"height":353,"url":"https:\/\/www.guerini.it\/wp-content\/uploads\/2016\/06\/milano_rotte_obbligate_sito.jpg","type":"image\/jpeg"}],"twitter_card":"summary_large_image","twitter_misc":{"Tempo di lettura stimato":"1 minuto"},"schema":{"@context":"https:\/\/schema.org","@graph":[{"@type":"WebPage","@id":"https:\/\/www.guerini.it\/index.php\/prodotto\/milano-e-le-sue-rotte-obbligate-le-acque-che-ci-tocca-navigare\/","url":"https:\/\/www.guerini.it\/index.php\/prodotto\/milano-e-le-sue-rotte-obbligate-le-acque-che-ci-tocca-navigare\/","name":"Milano e le sue rotte obbligate. Le acque che ci tocca navigare - Guerini e Associati","isPartOf":{"@id":"https:\/\/www.guerini.it\/#website"},"primaryImageOfPage":{"@id":"https:\/\/www.guerini.it\/index.php\/prodotto\/milano-e-le-sue-rotte-obbligate-le-acque-che-ci-tocca-navigare\/#primaryimage"},"image":{"@id":"https:\/\/www.guerini.it\/index.php\/prodotto\/milano-e-le-sue-rotte-obbligate-le-acque-che-ci-tocca-navigare\/#primaryimage"},"thumbnailUrl":"https:\/\/www.guerini.it\/wp-content\/uploads\/2016\/06\/milano_rotte_obbligate_sito.jpg","datePublished":"2016-06-06T06:56:56+00:00","dateModified":"2024-06-12T12:41:08+00:00","breadcrumb":{"@id":"https:\/\/www.guerini.it\/index.php\/prodotto\/milano-e-le-sue-rotte-obbligate-le-acque-che-ci-tocca-navigare\/#breadcrumb"},"inLanguage":"it-IT","potentialAction":[{"@type":"ReadAction","target":["https:\/\/www.guerini.it\/index.php\/prodotto\/milano-e-le-sue-rotte-obbligate-le-acque-che-ci-tocca-navigare\/"]}]},{"@type":"ImageObject","inLanguage":"it-IT","@id":"https:\/\/www.guerini.it\/index.php\/prodotto\/milano-e-le-sue-rotte-obbligate-le-acque-che-ci-tocca-navigare\/#primaryimage","url":"https:\/\/www.guerini.it\/wp-content\/uploads\/2016\/06\/milano_rotte_obbligate_sito.jpg","contentUrl":"https:\/\/www.guerini.it\/wp-content\/uploads\/2016\/06\/milano_rotte_obbligate_sito.jpg","width":253,"height":353,"caption":"Milano e le sue rotte obbligate"},{"@type":"BreadcrumbList","@id":"https:\/\/www.guerini.it\/index.php\/prodotto\/milano-e-le-sue-rotte-obbligate-le-acque-che-ci-tocca-navigare\/#breadcrumb","itemListElement":[{"@type":"ListItem","position":1,"name":"Home","item":"https:\/\/www.guerini.it\/"},{"@type":"ListItem","position":2,"name":"Catalogo","item":"https:\/\/www.guerini.it\/index.php\/negozio\/"},{"@type":"ListItem","position":3,"name":"Milano e le sue rotte obbligate. Le acque che ci tocca navigare"}]},{"@type":"WebSite","@id":"https:\/\/www.guerini.it\/#website","url":"https:\/\/www.guerini.it\/","name":"Guerini e Associati","description":"30 anni di libri, idee e libert\u00e0","publisher":{"@id":"https:\/\/www.guerini.it\/#organization"},"potentialAction":[{"@type":"SearchAction","target":{"@type":"EntryPoint","urlTemplate":"https:\/\/www.guerini.it\/?s={search_term_string}"},"query-input":{"@type":"PropertyValueSpecification","valueRequired":true,"valueName":"search_term_string"}}],"inLanguage":"it-IT"},{"@type":"Organization","@id":"https:\/\/www.guerini.it\/#organization","name":"Guerini e Associati","url":"https:\/\/www.guerini.it\/","logo":{"@type":"ImageObject","inLanguage":"it-IT","@id":"https:\/\/www.guerini.it\/#\/schema\/logo\/image\/","url":"https:\/\/www.guerini.it\/wp-content\/uploads\/2021\/03\/Logo-Guerini-OK_-e1615831292285.png","contentUrl":"https:\/\/www.guerini.it\/wp-content\/uploads\/2021\/03\/Logo-Guerini-OK_-e1615831292285.png","width":2805,"height":1870,"caption":"Guerini e Associati"},"image":{"@id":"https:\/\/www.guerini.it\/#\/schema\/logo\/image\/"}}]}},"_links":{"self":[{"href":"https:\/\/www.guerini.it\/index.php\/wp-json\/wp\/v2\/product\/15770","targetHints":{"allow":["GET"]}}],"collection":[{"href":"https:\/\/www.guerini.it\/index.php\/wp-json\/wp\/v2\/product"}],"about":[{"href":"https:\/\/www.guerini.it\/index.php\/wp-json\/wp\/v2\/types\/product"}],"wp:featuredmedia":[{"embeddable":true,"href":"https:\/\/www.guerini.it\/index.php\/wp-json\/wp\/v2\/media\/15769"}],"wp:attachment":[{"href":"https:\/\/www.guerini.it\/index.php\/wp-json\/wp\/v2\/media?parent=15770"}],"wp:term":[{"taxonomy":"product_brand","embeddable":true,"href":"https:\/\/www.guerini.it\/index.php\/wp-json\/wp\/v2\/product_brand?post=15770"},{"taxonomy":"product_cat","embeddable":true,"href":"https:\/\/www.guerini.it\/index.php\/wp-json\/wp\/v2\/product_cat?post=15770"},{"taxonomy":"product_tag","embeddable":true,"href":"https:\/\/www.guerini.it\/index.php\/wp-json\/wp\/v2\/product_tag?post=15770"}],"curies":[{"name":"wp","href":"https:\/\/api.w.org\/{rel}","templated":true}]}}