{"id":15795,"date":"2016-07-08T08:30:23","date_gmt":"2016-07-08T06:30:23","guid":{"rendered":"https:\/\/test.guerini.it\/?product=il-castello-della-memoria"},"modified":"2024-06-20T12:55:25","modified_gmt":"2024-06-20T10:55:25","slug":"il-castello-della-memoria","status":"publish","type":"product","link":"https:\/\/www.guerini.it\/index.php\/prodotto\/il-castello-della-memoria\/","title":{"rendered":"Il castello della memoria"},"content":{"rendered":"<p style=\"text-align: justify;\">Fin dall&#8217;antichit\u00e0, le mnemotecniche hanno rappresentato un metodo per l&#8217;acquisizione di nozioni di ogni tipo, da semplici liste di nomi a interi discorsi da proclamare in pubblico. L&#8217;<em>ars memorativa <\/em>era parte del metodo didattico utilizzato dai Gesuiti nei loro collegi per insegnare la retorica e le lingue straniere, materie fondamentali per imparare a predicare nelle missioni all&#8217;estero.<br \/>\nMatteo Ricci (1552-1610), padre gesuita, straordinario pioniere e fondatore delle prime missioni cattoliche nell&#8217;impero dei Ming, apprese i fondamenti della disciplina mnemonica al Collegio romano e stup\u00ec i cinesi dimostrando di riuscire a memorizzare pi\u00f9 di cinquecento caratteri in ordine sparso, guardandoli una sola volta. La sua capacit\u00e0 colp\u00ec talmente l&#8217;\u00e9lite dei mandarini da spingerli a chiedergli di trasporre \u00abin lettera cina\u00bb le mnemotecniche, impresa nella quale il missionario si ciment\u00f2 con entusiasmo.<br \/>\nQuesto volume contiene la prima traduzione completa in italiano del suo \u00abcastello della memoria\u00bb, trattato sulla memorizzazione dei caratteri, originariamente scritto in lingua cinese, ricostruito in seguito dal suo confratello Alfonso Vagnoni (1566-1640) e pubblicato in Cina nel 1624.<br \/>\nNell&#8217;edizione critica, a cura di Chiara Piccinini, viene descritto il contributo che egli diede agli studi sinologici e lessicografici. Viene inoltre presentata l&#8217;attualit\u00e0 dell&#8217;arte mnemonica, applicata alla didattica della lingua cinese scritta.<\/p>\n<p style=\"text-align: justify;\"><strong>Permalink:\u00a0<a href=\"http:\/\/digital.casalini.it\/9788881952021\">http:\/\/digital.casalini.it\/9788881952021<\/a><\/strong><\/p>\n","protected":false},"excerpt":{"rendered":"<p>Fin dall&#8217;antichit\u00e0, le mnemotecniche hanno rappresentato un metodo per l&#8217;acquisizione di nozioni di ogni tipo, da semplici liste di nomi a interi discorsi da proclamare in pubblico.<br \/>\nMatteo Ricci (1552-1610), padre gesuita, straordinario pioniere e fondatore delle prime missioni cattoliche nell&#8217;impero dei Ming, apprese i fondamenti della disciplina mnemonica al Collegio romano e stup\u00ec i cinesi dimostrando di riuscire a memorizzare pi\u00f9 di cinquecento caratteri in ordine sparso, guardandoli una sola volta.<br \/>\nQuesto volume contiene la prima traduzione completa in italiano del suo \u00abcastello della memoria\u00bb, trattato sulla memorizzazione dei caratteri, originariamente scritto in lingua cinese, ricostruito in seguito dal suo confratello Alfonso Vagnoni (1566-1640) e pubblicato in Cina nel 1624.<br \/>\nNell&#8217;edizione critica, a cura di Chiara Piccinini, viene descritto il contributo che egli diede agli studi sinologici e lessicografici. Viene inoltre presentata l&#8217;attualit\u00e0 dell&#8217;arte mnemonica, applicata alla didattica della lingua cinese scritta.<\/p>\n","protected":false},"featured_media":23822,"template":"","meta":{"_editorskit_title_hidden":false,"_editorskit_reading_time":0,"_editorskit_is_block_options_detached":false,"_editorskit_block_options_position":"{}","_monsterinsights_skip_tracking":false,"_monsterinsights_sitenote_active":false,"_monsterinsights_sitenote_note":"","_monsterinsights_sitenote_category":0},"product_brand":[],"product_cat":[6615],"product_tag":[],"class_list":{"0":"post-15795","1":"product","2":"type-product","3":"status-publish","4":"has-post-thumbnail","6":"product_cat-laviadellaseta","7":"pa_guerini_amazon_link-https-www-amazon-it-castello-mnemotecnica-occidentale-applicazione-caratteri-dp-8862506295","8":"pa_guerini_feltrinelli_link-https-www-lafeltrinelli-it-castello-della-memoria-mnemotecnica-occidentale-libro-matteo-ricci-e-9788862506298","9":"pa_guerini_ibs_link-https-www-ibs-it-castello-della-memoria-mnemotecnica-occidentale-libro-matteo-ricci-e-9788862506298","10":"pa_guerini_libruniver_link-https-www-libreriauniversitaria-it-castello-memoria-mnemotecnica-occidentale-applicazione-libro-9788862506298","11":"pa_guerini_mondadori_link-https-www-mondadoristore-it-castello-memoria-matteo-ricci-eai978886250629","13":"first","14":"outofstock","15":"sale","16":"shipping-taxable","17":"purchasable","18":"product-type-simple"},"yoast_head":"<!-- This site is optimized with the Yoast SEO plugin v25.4 - https:\/\/yoast.com\/wordpress\/plugins\/seo\/ -->\n<title>Il castello della memoria - Guerini e Associati<\/title>\n<meta name=\"robots\" content=\"index, follow, max-snippet:-1, max-image-preview:large, max-video-preview:-1\" \/>\n<link rel=\"canonical\" href=\"https:\/\/www.guerini.it\/index.php\/prodotto\/il-castello-della-memoria\/\" \/>\n<meta property=\"og:locale\" content=\"it_IT\" \/>\n<meta property=\"og:type\" content=\"article\" \/>\n<meta property=\"og:title\" content=\"Il castello della memoria - Guerini e Associati\" \/>\n<meta property=\"og:description\" content=\"Fin dall&#039;antichit\u00e0, le mnemotecniche hanno rappresentato un metodo per l&#039;acquisizione di nozioni di ogni tipo, da semplici liste di nomi a interi discorsi da proclamare in pubblico. Matteo Ricci (1552-1610), padre gesuita, straordinario pioniere e fondatore delle prime missioni cattoliche nell&#039;impero dei Ming, apprese i fondamenti della disciplina mnemonica al Collegio romano e stup\u00ec i cinesi dimostrando di riuscire a memorizzare pi\u00f9 di cinquecento caratteri in ordine sparso, guardandoli una sola volta. Questo volume contiene la prima traduzione completa in italiano del suo \u00abcastello della memoria\u00bb, trattato sulla memorizzazione dei caratteri, originariamente scritto in lingua cinese, ricostruito in seguito dal suo confratello Alfonso Vagnoni (1566-1640) e pubblicato in Cina nel 1624. Nell&#039;edizione critica, a cura di Chiara Piccinini, viene descritto il contributo che egli diede agli studi sinologici e lessicografici. Viene inoltre presentata l&#039;attualit\u00e0 dell&#039;arte mnemonica, applicata alla didattica della lingua cinese scritta.\" \/>\n<meta property=\"og:url\" content=\"https:\/\/www.guerini.it\/index.php\/prodotto\/il-castello-della-memoria\/\" \/>\n<meta property=\"og:site_name\" content=\"Guerini e Associati\" \/>\n<meta property=\"article:modified_time\" content=\"2024-06-20T10:55:25+00:00\" \/>\n<meta property=\"og:image\" content=\"https:\/\/www.guerini.it\/wp-content\/uploads\/2016\/07\/Il-castello-della-memoria.webp\" \/>\n\t<meta property=\"og:image:width\" content=\"645\" \/>\n\t<meta property=\"og:image:height\" content=\"1000\" \/>\n\t<meta property=\"og:image:type\" content=\"image\/webp\" \/>\n<meta name=\"twitter:card\" content=\"summary_large_image\" \/>\n<meta name=\"twitter:label1\" content=\"Tempo di lettura stimato\" \/>\n\t<meta name=\"twitter:data1\" content=\"2 minuti\" \/>\n<!-- \/ Yoast SEO plugin. -->","yoast_head_json":{"title":"Il castello della memoria - Guerini e Associati","robots":{"index":"index","follow":"follow","max-snippet":"max-snippet:-1","max-image-preview":"max-image-preview:large","max-video-preview":"max-video-preview:-1"},"canonical":"https:\/\/www.guerini.it\/index.php\/prodotto\/il-castello-della-memoria\/","og_locale":"it_IT","og_type":"article","og_title":"Il castello della memoria - Guerini e Associati","og_description":"Fin dall'antichit\u00e0, le mnemotecniche hanno rappresentato un metodo per l'acquisizione di nozioni di ogni tipo, da semplici liste di nomi a interi discorsi da proclamare in pubblico. Matteo Ricci (1552-1610), padre gesuita, straordinario pioniere e fondatore delle prime missioni cattoliche nell'impero dei Ming, apprese i fondamenti della disciplina mnemonica al Collegio romano e stup\u00ec i cinesi dimostrando di riuscire a memorizzare pi\u00f9 di cinquecento caratteri in ordine sparso, guardandoli una sola volta. Questo volume contiene la prima traduzione completa in italiano del suo \u00abcastello della memoria\u00bb, trattato sulla memorizzazione dei caratteri, originariamente scritto in lingua cinese, ricostruito in seguito dal suo confratello Alfonso Vagnoni (1566-1640) e pubblicato in Cina nel 1624. Nell'edizione critica, a cura di Chiara Piccinini, viene descritto il contributo che egli diede agli studi sinologici e lessicografici. Viene inoltre presentata l'attualit\u00e0 dell'arte mnemonica, applicata alla didattica della lingua cinese scritta.","og_url":"https:\/\/www.guerini.it\/index.php\/prodotto\/il-castello-della-memoria\/","og_site_name":"Guerini e Associati","article_modified_time":"2024-06-20T10:55:25+00:00","og_image":[{"width":645,"height":1000,"url":"https:\/\/www.guerini.it\/wp-content\/uploads\/2016\/07\/Il-castello-della-memoria.webp","type":"image\/webp"}],"twitter_card":"summary_large_image","twitter_misc":{"Tempo di lettura stimato":"2 minuti"},"schema":{"@context":"https:\/\/schema.org","@graph":[{"@type":"WebPage","@id":"https:\/\/www.guerini.it\/index.php\/prodotto\/il-castello-della-memoria\/","url":"https:\/\/www.guerini.it\/index.php\/prodotto\/il-castello-della-memoria\/","name":"Il castello della memoria - Guerini e Associati","isPartOf":{"@id":"https:\/\/www.guerini.it\/#website"},"primaryImageOfPage":{"@id":"https:\/\/www.guerini.it\/index.php\/prodotto\/il-castello-della-memoria\/#primaryimage"},"image":{"@id":"https:\/\/www.guerini.it\/index.php\/prodotto\/il-castello-della-memoria\/#primaryimage"},"thumbnailUrl":"https:\/\/www.guerini.it\/wp-content\/uploads\/2016\/07\/Il-castello-della-memoria.webp","datePublished":"2016-07-08T06:30:23+00:00","dateModified":"2024-06-20T10:55:25+00:00","breadcrumb":{"@id":"https:\/\/www.guerini.it\/index.php\/prodotto\/il-castello-della-memoria\/#breadcrumb"},"inLanguage":"it-IT","potentialAction":[{"@type":"ReadAction","target":["https:\/\/www.guerini.it\/index.php\/prodotto\/il-castello-della-memoria\/"]}]},{"@type":"ImageObject","inLanguage":"it-IT","@id":"https:\/\/www.guerini.it\/index.php\/prodotto\/il-castello-della-memoria\/#primaryimage","url":"https:\/\/www.guerini.it\/wp-content\/uploads\/2016\/07\/Il-castello-della-memoria.webp","contentUrl":"https:\/\/www.guerini.it\/wp-content\/uploads\/2016\/07\/Il-castello-della-memoria.webp","width":645,"height":1000,"caption":"Copertina del volume Il castello della memoria, Guerini e Associati, 2016"},{"@type":"BreadcrumbList","@id":"https:\/\/www.guerini.it\/index.php\/prodotto\/il-castello-della-memoria\/#breadcrumb","itemListElement":[{"@type":"ListItem","position":1,"name":"Home","item":"https:\/\/www.guerini.it\/"},{"@type":"ListItem","position":2,"name":"Catalogo","item":"https:\/\/www.guerini.it\/index.php\/negozio\/"},{"@type":"ListItem","position":3,"name":"Il castello della memoria"}]},{"@type":"WebSite","@id":"https:\/\/www.guerini.it\/#website","url":"https:\/\/www.guerini.it\/","name":"Guerini e Associati","description":"30 anni di libri, idee e libert\u00e0","publisher":{"@id":"https:\/\/www.guerini.it\/#organization"},"potentialAction":[{"@type":"SearchAction","target":{"@type":"EntryPoint","urlTemplate":"https:\/\/www.guerini.it\/?s={search_term_string}"},"query-input":{"@type":"PropertyValueSpecification","valueRequired":true,"valueName":"search_term_string"}}],"inLanguage":"it-IT"},{"@type":"Organization","@id":"https:\/\/www.guerini.it\/#organization","name":"Guerini e Associati","url":"https:\/\/www.guerini.it\/","logo":{"@type":"ImageObject","inLanguage":"it-IT","@id":"https:\/\/www.guerini.it\/#\/schema\/logo\/image\/","url":"https:\/\/www.guerini.it\/wp-content\/uploads\/2021\/03\/Logo-Guerini-OK_-e1615831292285.png","contentUrl":"https:\/\/www.guerini.it\/wp-content\/uploads\/2021\/03\/Logo-Guerini-OK_-e1615831292285.png","width":2805,"height":1870,"caption":"Guerini e Associati"},"image":{"@id":"https:\/\/www.guerini.it\/#\/schema\/logo\/image\/"}}]}},"_links":{"self":[{"href":"https:\/\/www.guerini.it\/index.php\/wp-json\/wp\/v2\/product\/15795","targetHints":{"allow":["GET"]}}],"collection":[{"href":"https:\/\/www.guerini.it\/index.php\/wp-json\/wp\/v2\/product"}],"about":[{"href":"https:\/\/www.guerini.it\/index.php\/wp-json\/wp\/v2\/types\/product"}],"wp:featuredmedia":[{"embeddable":true,"href":"https:\/\/www.guerini.it\/index.php\/wp-json\/wp\/v2\/media\/23822"}],"wp:attachment":[{"href":"https:\/\/www.guerini.it\/index.php\/wp-json\/wp\/v2\/media?parent=15795"}],"wp:term":[{"taxonomy":"product_brand","embeddable":true,"href":"https:\/\/www.guerini.it\/index.php\/wp-json\/wp\/v2\/product_brand?post=15795"},{"taxonomy":"product_cat","embeddable":true,"href":"https:\/\/www.guerini.it\/index.php\/wp-json\/wp\/v2\/product_cat?post=15795"},{"taxonomy":"product_tag","embeddable":true,"href":"https:\/\/www.guerini.it\/index.php\/wp-json\/wp\/v2\/product_tag?post=15795"}],"curies":[{"name":"wp","href":"https:\/\/api.w.org\/{rel}","templated":true}]}}