{"id":15825,"date":"2016-09-21T07:32:44","date_gmt":"2016-09-21T05:32:44","guid":{"rendered":"https:\/\/test.guerini.it\/?product=rivoluzione-digitale-e-disordine-politico"},"modified":"2024-06-12T14:41:48","modified_gmt":"2024-06-12T12:41:48","slug":"rivoluzione-digitale-e-disordine-politico","status":"publish","type":"product","link":"https:\/\/www.guerini.it\/index.php\/prodotto\/rivoluzione-digitale-e-disordine-politico\/","title":{"rendered":"Rivoluzione digitale e disordine politico"},"content":{"rendered":"<p style=\"text-align: justify;\">Da un quarto di secolo uno straordinario vento di innovazione sta trasformando in tutto il mondo la vita di miliardi di persone. Lo alimentano due processi epocali diversi, eppure legati da affinit\u00e0 e influenze reciproche: uno \u00e8 la rivoluzione digitale che sovverte economia e societ\u00e0; l\u2019altro \u00e8 il crollo dell\u2019ordine politico che dalla fine della seconda guerra mondiale dava stabilit\u00e0 alle relazioni internazionali.<br \/>\nA prima vista poco o nulla li unisce: uno attiene allo sviluppo della tecnologia, l\u2019altro alle complicate vicissitudini della politica. Tuttavia li lega una stretta dipendenza: il disordine politico di oggi deriva da premesse maturate negli ultimi vent\u2019anni proprio grazie alle innovazioni della tecnologia: l\u2019estensione dei mercati su scala mondiale, il potenziamento delle capacit\u00e0 organizzative, il cambio radicale dell\u2019interazione sociale.<br \/>\nIn questo libro l\u2019Autore esamina per quali vie, in Occidente, un grande progresso tecnico si \u00e8 tramutato in una drammatica crisi della politica.<\/p>\n<p style=\"text-align: justify;\"><strong>Permalink:<\/strong>\u00a0<a href=\"http:\/\/digital.casalini.it\/9788881951604\">http:\/\/digital.casalini.it\/9788881951604<\/a><\/p>\n","protected":false},"excerpt":{"rendered":"<p style=\"text-align: justify;\">Da un quarto di secolo uno straordinario vento di innovazione sta trasformando in tutto il mondo la vita di miliardi di persone. Lo alimentano due processi epocali diversi, eppure legati da affinit\u00e0 e influenze reciproche: uno \u00e8 la rivoluzione digitale che sovverte economia e societ\u00e0; l\u2019altro \u00e8 il crollo dell\u2019ordine politico che dalla fine della seconda guerra mondiale dava stabilit\u00e0 alle relazioni internazionali.<br \/>\nA prima vista poco o nulla li unisce: uno attiene allo sviluppo della tecnologia, l\u2019altro alle complicate vicissitudini della politica. Tuttavia li lega una stretta dipendenza: il disordine politico di oggi deriva da premesse maturate negli ultimi vent\u2019anni proprio grazie alle innovazioni della tecnologia: l\u2019estensione dei mercati su scala mondiale, il potenziamento delle capacit\u00e0 organizzative, il cambio radicale dell\u2019interazione sociale.<br \/>\nIn questo libro l\u2019Autore esamina per quali vie, in Occidente, un grande progresso tecnico si \u00e8 tramutato in una drammatica crisi della politica.<\/p>\n","protected":false},"featured_media":15824,"template":"","meta":{"_editorskit_title_hidden":false,"_editorskit_reading_time":0,"_editorskit_is_block_options_detached":false,"_editorskit_block_options_position":"{}","_monsterinsights_skip_tracking":false,"_monsterinsights_sitenote_active":false,"_monsterinsights_sitenote_note":"","_monsterinsights_sitenote_category":0},"product_brand":[],"product_cat":[6585,6527,6631],"product_tag":[],"class_list":{"0":"post-15825","1":"product","2":"type-product","3":"status-publish","4":"has-post-thumbnail","6":"product_cat-sma","7":"product_cat-attualita","8":"product_cat-le-sfide-dell-era-digitale","9":"pa_guerini_link_amazon-dd-httpswwwamazonitrivoluzion","10":"pa_guerini_link_apple_ibook-20-httpsitunesapplecomitbookr","11":"pa_guerini_link_giunti_punto-a0-httpwwwgiuntialpuntoitprod","12":"pa_guerini_link_google_play-57-httpsplaygooglecomstoreboo","13":"pa_guerini_link_ibs-55-httpwwwibsitebookantonio_p","15":"first","16":"instock","17":"sale","18":"shipping-taxable","19":"purchasable","20":"product-type-simple"},"yoast_head":"<!-- This site is optimized with the Yoast SEO plugin v25.4 - https:\/\/yoast.com\/wordpress\/plugins\/seo\/ -->\n<title>Rivoluzione digitale e disordine politico - Guerini e Associati<\/title>\n<meta name=\"robots\" content=\"index, follow, max-snippet:-1, max-image-preview:large, max-video-preview:-1\" \/>\n<link rel=\"canonical\" href=\"https:\/\/www.guerini.it\/index.php\/prodotto\/rivoluzione-digitale-e-disordine-politico\/\" \/>\n<meta property=\"og:locale\" content=\"it_IT\" \/>\n<meta property=\"og:type\" content=\"article\" \/>\n<meta property=\"og:title\" content=\"Rivoluzione digitale e disordine politico - Guerini e Associati\" \/>\n<meta property=\"og:description\" content=\"Da un quarto di secolo uno straordinario vento di innovazione sta trasformando in tutto il mondo la vita di miliardi di persone. Lo alimentano due processi epocali diversi, eppure legati da affinit\u00e0 e influenze reciproche: uno \u00e8 la rivoluzione digitale che sovverte economia e societ\u00e0; l\u2019altro \u00e8 il crollo dell\u2019ordine politico che dalla fine della seconda guerra mondiale dava stabilit\u00e0 alle relazioni internazionali. A prima vista poco o nulla li unisce: uno attiene allo sviluppo della tecnologia, l\u2019altro alle complicate vicissitudini della politica. Tuttavia li lega una stretta dipendenza: il disordine politico di oggi deriva da premesse maturate negli ultimi vent\u2019anni proprio grazie alle innovazioni della tecnologia: l\u2019estensione dei mercati su scala mondiale, il potenziamento delle capacit\u00e0 organizzative, il cambio radicale dell\u2019interazione sociale. In questo libro l\u2019Autore esamina per quali vie, in Occidente, un grande progresso tecnico si \u00e8 tramutato in una drammatica crisi della politica.\" \/>\n<meta property=\"og:url\" content=\"https:\/\/www.guerini.it\/index.php\/prodotto\/rivoluzione-digitale-e-disordine-politico\/\" \/>\n<meta property=\"og:site_name\" content=\"Guerini e Associati\" \/>\n<meta property=\"article:modified_time\" content=\"2024-06-12T12:41:48+00:00\" \/>\n<meta property=\"og:image\" content=\"https:\/\/www.guerini.it\/wp-content\/uploads\/2016\/09\/rivoluzione_digitale_e_disordine_politico_sito.jpg\" \/>\n\t<meta property=\"og:image:width\" content=\"217\" \/>\n\t<meta property=\"og:image:height\" content=\"353\" \/>\n\t<meta property=\"og:image:type\" content=\"image\/jpeg\" \/>\n<meta name=\"twitter:card\" content=\"summary_large_image\" \/>\n<meta name=\"twitter:label1\" content=\"Tempo di lettura stimato\" \/>\n\t<meta name=\"twitter:data1\" content=\"1 minuto\" \/>\n<!-- \/ Yoast SEO plugin. -->","yoast_head_json":{"title":"Rivoluzione digitale e disordine politico - Guerini e Associati","robots":{"index":"index","follow":"follow","max-snippet":"max-snippet:-1","max-image-preview":"max-image-preview:large","max-video-preview":"max-video-preview:-1"},"canonical":"https:\/\/www.guerini.it\/index.php\/prodotto\/rivoluzione-digitale-e-disordine-politico\/","og_locale":"it_IT","og_type":"article","og_title":"Rivoluzione digitale e disordine politico - Guerini e Associati","og_description":"Da un quarto di secolo uno straordinario vento di innovazione sta trasformando in tutto il mondo la vita di miliardi di persone. Lo alimentano due processi epocali diversi, eppure legati da affinit\u00e0 e influenze reciproche: uno \u00e8 la rivoluzione digitale che sovverte economia e societ\u00e0; l\u2019altro \u00e8 il crollo dell\u2019ordine politico che dalla fine della seconda guerra mondiale dava stabilit\u00e0 alle relazioni internazionali. A prima vista poco o nulla li unisce: uno attiene allo sviluppo della tecnologia, l\u2019altro alle complicate vicissitudini della politica. Tuttavia li lega una stretta dipendenza: il disordine politico di oggi deriva da premesse maturate negli ultimi vent\u2019anni proprio grazie alle innovazioni della tecnologia: l\u2019estensione dei mercati su scala mondiale, il potenziamento delle capacit\u00e0 organizzative, il cambio radicale dell\u2019interazione sociale. In questo libro l\u2019Autore esamina per quali vie, in Occidente, un grande progresso tecnico si \u00e8 tramutato in una drammatica crisi della politica.","og_url":"https:\/\/www.guerini.it\/index.php\/prodotto\/rivoluzione-digitale-e-disordine-politico\/","og_site_name":"Guerini e Associati","article_modified_time":"2024-06-12T12:41:48+00:00","og_image":[{"width":217,"height":353,"url":"https:\/\/www.guerini.it\/wp-content\/uploads\/2016\/09\/rivoluzione_digitale_e_disordine_politico_sito.jpg","type":"image\/jpeg"}],"twitter_card":"summary_large_image","twitter_misc":{"Tempo di lettura stimato":"1 minuto"},"schema":{"@context":"https:\/\/schema.org","@graph":[{"@type":"WebPage","@id":"https:\/\/www.guerini.it\/index.php\/prodotto\/rivoluzione-digitale-e-disordine-politico\/","url":"https:\/\/www.guerini.it\/index.php\/prodotto\/rivoluzione-digitale-e-disordine-politico\/","name":"Rivoluzione digitale e disordine politico - Guerini e Associati","isPartOf":{"@id":"https:\/\/www.guerini.it\/#website"},"primaryImageOfPage":{"@id":"https:\/\/www.guerini.it\/index.php\/prodotto\/rivoluzione-digitale-e-disordine-politico\/#primaryimage"},"image":{"@id":"https:\/\/www.guerini.it\/index.php\/prodotto\/rivoluzione-digitale-e-disordine-politico\/#primaryimage"},"thumbnailUrl":"https:\/\/www.guerini.it\/wp-content\/uploads\/2016\/09\/rivoluzione_digitale_e_disordine_politico_sito.jpg","datePublished":"2016-09-21T05:32:44+00:00","dateModified":"2024-06-12T12:41:48+00:00","breadcrumb":{"@id":"https:\/\/www.guerini.it\/index.php\/prodotto\/rivoluzione-digitale-e-disordine-politico\/#breadcrumb"},"inLanguage":"it-IT","potentialAction":[{"@type":"ReadAction","target":["https:\/\/www.guerini.it\/index.php\/prodotto\/rivoluzione-digitale-e-disordine-politico\/"]}]},{"@type":"ImageObject","inLanguage":"it-IT","@id":"https:\/\/www.guerini.it\/index.php\/prodotto\/rivoluzione-digitale-e-disordine-politico\/#primaryimage","url":"https:\/\/www.guerini.it\/wp-content\/uploads\/2016\/09\/rivoluzione_digitale_e_disordine_politico_sito.jpg","contentUrl":"https:\/\/www.guerini.it\/wp-content\/uploads\/2016\/09\/rivoluzione_digitale_e_disordine_politico_sito.jpg","width":217,"height":353,"caption":"Rivoluzione digitale e disordine politico"},{"@type":"BreadcrumbList","@id":"https:\/\/www.guerini.it\/index.php\/prodotto\/rivoluzione-digitale-e-disordine-politico\/#breadcrumb","itemListElement":[{"@type":"ListItem","position":1,"name":"Home","item":"https:\/\/www.guerini.it\/"},{"@type":"ListItem","position":2,"name":"Catalogo","item":"https:\/\/www.guerini.it\/index.php\/negozio\/"},{"@type":"ListItem","position":3,"name":"Rivoluzione digitale e disordine politico"}]},{"@type":"WebSite","@id":"https:\/\/www.guerini.it\/#website","url":"https:\/\/www.guerini.it\/","name":"Guerini e Associati","description":"30 anni di libri, idee e libert\u00e0","publisher":{"@id":"https:\/\/www.guerini.it\/#organization"},"potentialAction":[{"@type":"SearchAction","target":{"@type":"EntryPoint","urlTemplate":"https:\/\/www.guerini.it\/?s={search_term_string}"},"query-input":{"@type":"PropertyValueSpecification","valueRequired":true,"valueName":"search_term_string"}}],"inLanguage":"it-IT"},{"@type":"Organization","@id":"https:\/\/www.guerini.it\/#organization","name":"Guerini e Associati","url":"https:\/\/www.guerini.it\/","logo":{"@type":"ImageObject","inLanguage":"it-IT","@id":"https:\/\/www.guerini.it\/#\/schema\/logo\/image\/","url":"https:\/\/www.guerini.it\/wp-content\/uploads\/2021\/03\/Logo-Guerini-OK_-e1615831292285.png","contentUrl":"https:\/\/www.guerini.it\/wp-content\/uploads\/2021\/03\/Logo-Guerini-OK_-e1615831292285.png","width":2805,"height":1870,"caption":"Guerini e Associati"},"image":{"@id":"https:\/\/www.guerini.it\/#\/schema\/logo\/image\/"}}]}},"_links":{"self":[{"href":"https:\/\/www.guerini.it\/index.php\/wp-json\/wp\/v2\/product\/15825","targetHints":{"allow":["GET"]}}],"collection":[{"href":"https:\/\/www.guerini.it\/index.php\/wp-json\/wp\/v2\/product"}],"about":[{"href":"https:\/\/www.guerini.it\/index.php\/wp-json\/wp\/v2\/types\/product"}],"wp:featuredmedia":[{"embeddable":true,"href":"https:\/\/www.guerini.it\/index.php\/wp-json\/wp\/v2\/media\/15824"}],"wp:attachment":[{"href":"https:\/\/www.guerini.it\/index.php\/wp-json\/wp\/v2\/media?parent=15825"}],"wp:term":[{"taxonomy":"product_brand","embeddable":true,"href":"https:\/\/www.guerini.it\/index.php\/wp-json\/wp\/v2\/product_brand?post=15825"},{"taxonomy":"product_cat","embeddable":true,"href":"https:\/\/www.guerini.it\/index.php\/wp-json\/wp\/v2\/product_cat?post=15825"},{"taxonomy":"product_tag","embeddable":true,"href":"https:\/\/www.guerini.it\/index.php\/wp-json\/wp\/v2\/product_tag?post=15825"}],"curies":[{"name":"wp","href":"https:\/\/api.w.org\/{rel}","templated":true}]}}