{"id":15847,"date":"2016-10-20T11:14:26","date_gmt":"2016-10-20T09:14:26","guid":{"rendered":"https:\/\/test.guerini.it\/?product=il-contratto-di-leadership"},"modified":"2024-06-12T14:39:11","modified_gmt":"2024-06-12T12:39:11","slug":"il-contratto-di-leadership","status":"publish","type":"product","link":"https:\/\/www.guerini.it\/index.php\/prodotto\/il-contratto-di-leadership\/","title":{"rendered":"Il contratto di leadership"},"content":{"rendered":"<p style=\"text-align: justify;\">Un capo deve saper guidare gli altri. Sembra ovvio, ma spesso non succede. &Egrave; sempre pi&ugrave; difficile trovare leader capaci di guidare bene le organizzazioni. Molti si rivelano inadatti, poco capaci, a volte persino disastrosi. C&rsquo;&egrave; una crisi di leadership che sta erodendo la fiducia nei capi, sia nelle aziende sia nella societ&agrave;. E alla base di questa crisi, secondo Vince Molinaro, c&rsquo;&egrave; una mancanza di responsabilizzazione.<\/p>\n<p style=\"text-align: justify;\">Avere leader competenti e credibili &egrave; un presupposto fondamentale per creare organizzazioni di successo. Diventare capi non &egrave; solo fregiarsi di una carica professionale: &egrave; una scelta di vita, che richiede consapevolezza, impegno e precise assunzioni di responsabilit&agrave;. Dedicato ai manager di ogni livello, questo libro propone di istituire un vero e proprio &laquo;contratto di leadership&raquo;, pienamente compreso e concordato dai manager dell&rsquo;azienda, che dovrebbero firmarlo (e rispettarlo) per diventare veri leader capaci di garantire il successo della propria impresa. Il libro delinea termini e condizioni del contratto, che impegna i manager a comprendere e sottoscrivere quattro punti: esercitare la leadership &egrave; una decisione consapevole, comporta delle obbligazioni, &egrave; impegnativo e significa entrare a far parte di una comunit&agrave; di leader. Con stile vivace e diretto, Vince Molinaro ci guida lungo un percorso che ci porter&agrave; a capire che cos&rsquo;&egrave;, quali responsabilit&agrave; comporta e quale grandissima influenza esercita la leadership, non solo sull&rsquo;azienda e sui dipendenti, ma anche sulla comunit&agrave;.<\/p>\n","protected":false},"excerpt":{"rendered":"<p>Un capo deve saper guidare gli altri. Sembra ovvio, ma spesso non succede. \u00c8 sempre pi\u00f9 difficile trovare leader capaci di guidare bene le organizzazioni. Molti si rivelano inadatti, poco capaci, a volte persino disastrosi. C\u2019\u00e8 una crisi di leadership che sta erodendo la fiducia nei capi, sia nelle aziende sia nella societ\u00e0. E alla base di questa crisi, secondo Vince Molinaro, c\u2019\u00e8 una mancanza di responsabilizzazione.<br \/>\nAvere leader competenti e credibili \u00e8 un presupposto fondamentale per creare organizzazioni di successo. Diventare capi non \u00e8 solo fregiarsi di una carica professionale: \u00e8 una scelta di vita, che richiede consapevolezza, impegno e precise assunzioni di responsabilit\u00e0. Dedicato ai manager di ogni livello, questo libro propone di istituire un vero e proprio \u00abcontratto di leadership\u00bb, pienamente compreso e concordato dai manager dell\u2019azienda, che dovrebbero firmarlo (e rispettarlo) per diventare veri leader capaci di garantire il successo della propria impresa. Il libro delinea termini e condizioni del contratto, che impegna i manager a comprendere e sottoscrivere quattro punti: esercitare la leadership \u00e8 una decisione consapevole, comporta delle obbligazioni, \u00e8 impegnativo e significa entrare a far parte di una comunit\u00e0 di leader. Con stile vivace e diretto, Vince Molinaro ci guida lungo un percorso che ci porter\u00e0 a capire che cos\u2019\u00e8, quali responsabilit\u00e0 comporta e quale grandissima influenza esercita la leadership, non solo sull\u2019azienda e sui dipendenti, ma anche sulla comunit\u00e0.<\/p>\n","protected":false},"featured_media":15846,"template":"","meta":{"_editorskit_title_hidden":false,"_editorskit_reading_time":0,"_editorskit_is_block_options_detached":false,"_editorskit_block_options_position":"{}","_monsterinsights_skip_tracking":false,"_monsterinsights_sitenote_active":false,"_monsterinsights_sitenote_note":"","_monsterinsights_sitenote_category":0},"product_brand":[],"product_cat":[6805,6622],"product_tag":[],"class_list":{"0":"post-15847","1":"product","2":"type-product","3":"status-publish","4":"has-post-thumbnail","6":"product_cat-guerini-next","7":"product_cat-bp","8":"pa_fulfillment-default","9":"pa_guerini_link_amazon-1f-httpswwwamazonitcontratto_","10":"pa_guerini_link_apple_ibook-2a-httpsbooksapplecomitbookil","11":"pa_guerini_link_giunti_punto-a6-httpswwwgiuntialpuntoitpro","12":"pa_guerini_link_ibs-2f-httpswwwibsitcontratto_di_","13":"pa_guerini_link_kobo-70-httpswwwkobocomititebookil","14":"pa_guerini_link_lafeltrinelli-dc-httpswwwlafeltrinelliitebo","15":"pa_guerini_link_mondadori-7d-httpswwwmondadoristoreitco","16":"pa_guerini_link_rizzoli-bc-httpswwwlibreriarizzoliitc","18":"first","19":"instock","20":"sale","21":"shipping-taxable","22":"purchasable","23":"product-type-simple"},"yoast_head":"<!-- This site is optimized with the Yoast SEO plugin v25.4 - https:\/\/yoast.com\/wordpress\/plugins\/seo\/ -->\n<title>Il contratto di leadership - Guerini e Associati<\/title>\n<meta name=\"robots\" content=\"index, follow, max-snippet:-1, max-image-preview:large, max-video-preview:-1\" \/>\n<link rel=\"canonical\" href=\"https:\/\/www.guerini.it\/index.php\/prodotto\/il-contratto-di-leadership\/\" \/>\n<meta property=\"og:locale\" content=\"it_IT\" \/>\n<meta property=\"og:type\" content=\"article\" \/>\n<meta property=\"og:title\" content=\"Il contratto di leadership - Guerini e Associati\" \/>\n<meta property=\"og:description\" content=\"Un capo deve saper guidare gli altri. Sembra ovvio, ma spesso non succede. \u00c8 sempre pi\u00f9 difficile trovare leader capaci di guidare bene le organizzazioni. Molti si rivelano inadatti, poco capaci, a volte persino disastrosi. C\u2019\u00e8 una crisi di leadership che sta erodendo la fiducia nei capi, sia nelle aziende sia nella societ\u00e0. E alla base di questa crisi, secondo Vince Molinaro, c\u2019\u00e8 una mancanza di responsabilizzazione. Avere leader competenti e credibili \u00e8 un presupposto fondamentale per creare organizzazioni di successo. Diventare capi non \u00e8 solo fregiarsi di una carica professionale: \u00e8 una scelta di vita, che richiede consapevolezza, impegno e precise assunzioni di responsabilit\u00e0. Dedicato ai manager di ogni livello, questo libro propone di istituire un vero e proprio \u00abcontratto di leadership\u00bb, pienamente compreso e concordato dai manager dell\u2019azienda, che dovrebbero firmarlo (e rispettarlo) per diventare veri leader capaci di garantire il successo della propria impresa. Il libro delinea termini e condizioni del contratto, che impegna i manager a comprendere e sottoscrivere quattro punti: esercitare la leadership \u00e8 una decisione consapevole, comporta delle obbligazioni, \u00e8 impegnativo e significa entrare a far parte di una comunit\u00e0 di leader. Con stile vivace e diretto, Vince Molinaro ci guida lungo un percorso che ci porter\u00e0 a capire che cos\u2019\u00e8, quali responsabilit\u00e0 comporta e quale grandissima influenza esercita la leadership, non solo sull\u2019azienda e sui dipendenti, ma anche sulla comunit\u00e0.\" \/>\n<meta property=\"og:url\" content=\"https:\/\/www.guerini.it\/index.php\/prodotto\/il-contratto-di-leadership\/\" \/>\n<meta property=\"og:site_name\" content=\"Guerini e Associati\" \/>\n<meta property=\"article:modified_time\" content=\"2024-06-12T12:39:11+00:00\" \/>\n<meta property=\"og:image\" content=\"https:\/\/www.guerini.it\/wp-content\/uploads\/2016\/10\/contratto_di_leadership_sito.jpg\" \/>\n\t<meta property=\"og:image:width\" content=\"226\" \/>\n\t<meta property=\"og:image:height\" content=\"353\" \/>\n\t<meta property=\"og:image:type\" content=\"image\/jpeg\" \/>\n<meta name=\"twitter:card\" content=\"summary_large_image\" \/>\n<meta name=\"twitter:label1\" content=\"Tempo di lettura stimato\" \/>\n\t<meta name=\"twitter:data1\" content=\"1 minuto\" \/>\n<!-- \/ Yoast SEO plugin. -->","yoast_head_json":{"title":"Il contratto di leadership - Guerini e Associati","robots":{"index":"index","follow":"follow","max-snippet":"max-snippet:-1","max-image-preview":"max-image-preview:large","max-video-preview":"max-video-preview:-1"},"canonical":"https:\/\/www.guerini.it\/index.php\/prodotto\/il-contratto-di-leadership\/","og_locale":"it_IT","og_type":"article","og_title":"Il contratto di leadership - Guerini e Associati","og_description":"Un capo deve saper guidare gli altri. Sembra ovvio, ma spesso non succede. \u00c8 sempre pi\u00f9 difficile trovare leader capaci di guidare bene le organizzazioni. Molti si rivelano inadatti, poco capaci, a volte persino disastrosi. C\u2019\u00e8 una crisi di leadership che sta erodendo la fiducia nei capi, sia nelle aziende sia nella societ\u00e0. E alla base di questa crisi, secondo Vince Molinaro, c\u2019\u00e8 una mancanza di responsabilizzazione. Avere leader competenti e credibili \u00e8 un presupposto fondamentale per creare organizzazioni di successo. Diventare capi non \u00e8 solo fregiarsi di una carica professionale: \u00e8 una scelta di vita, che richiede consapevolezza, impegno e precise assunzioni di responsabilit\u00e0. Dedicato ai manager di ogni livello, questo libro propone di istituire un vero e proprio \u00abcontratto di leadership\u00bb, pienamente compreso e concordato dai manager dell\u2019azienda, che dovrebbero firmarlo (e rispettarlo) per diventare veri leader capaci di garantire il successo della propria impresa. Il libro delinea termini e condizioni del contratto, che impegna i manager a comprendere e sottoscrivere quattro punti: esercitare la leadership \u00e8 una decisione consapevole, comporta delle obbligazioni, \u00e8 impegnativo e significa entrare a far parte di una comunit\u00e0 di leader. Con stile vivace e diretto, Vince Molinaro ci guida lungo un percorso che ci porter\u00e0 a capire che cos\u2019\u00e8, quali responsabilit\u00e0 comporta e quale grandissima influenza esercita la leadership, non solo sull\u2019azienda e sui dipendenti, ma anche sulla comunit\u00e0.","og_url":"https:\/\/www.guerini.it\/index.php\/prodotto\/il-contratto-di-leadership\/","og_site_name":"Guerini e Associati","article_modified_time":"2024-06-12T12:39:11+00:00","og_image":[{"width":226,"height":353,"url":"https:\/\/www.guerini.it\/wp-content\/uploads\/2016\/10\/contratto_di_leadership_sito.jpg","type":"image\/jpeg"}],"twitter_card":"summary_large_image","twitter_misc":{"Tempo di lettura stimato":"1 minuto"},"schema":{"@context":"https:\/\/schema.org","@graph":[{"@type":"WebPage","@id":"https:\/\/www.guerini.it\/index.php\/prodotto\/il-contratto-di-leadership\/","url":"https:\/\/www.guerini.it\/index.php\/prodotto\/il-contratto-di-leadership\/","name":"Il contratto di leadership - Guerini e Associati","isPartOf":{"@id":"https:\/\/www.guerini.it\/#website"},"primaryImageOfPage":{"@id":"https:\/\/www.guerini.it\/index.php\/prodotto\/il-contratto-di-leadership\/#primaryimage"},"image":{"@id":"https:\/\/www.guerini.it\/index.php\/prodotto\/il-contratto-di-leadership\/#primaryimage"},"thumbnailUrl":"https:\/\/www.guerini.it\/wp-content\/uploads\/2016\/10\/contratto_di_leadership_sito.jpg","datePublished":"2016-10-20T09:14:26+00:00","dateModified":"2024-06-12T12:39:11+00:00","breadcrumb":{"@id":"https:\/\/www.guerini.it\/index.php\/prodotto\/il-contratto-di-leadership\/#breadcrumb"},"inLanguage":"it-IT","potentialAction":[{"@type":"ReadAction","target":["https:\/\/www.guerini.it\/index.php\/prodotto\/il-contratto-di-leadership\/"]}]},{"@type":"ImageObject","inLanguage":"it-IT","@id":"https:\/\/www.guerini.it\/index.php\/prodotto\/il-contratto-di-leadership\/#primaryimage","url":"https:\/\/www.guerini.it\/wp-content\/uploads\/2016\/10\/contratto_di_leadership_sito.jpg","contentUrl":"https:\/\/www.guerini.it\/wp-content\/uploads\/2016\/10\/contratto_di_leadership_sito.jpg","width":226,"height":353,"caption":"Il contratto di leadership"},{"@type":"BreadcrumbList","@id":"https:\/\/www.guerini.it\/index.php\/prodotto\/il-contratto-di-leadership\/#breadcrumb","itemListElement":[{"@type":"ListItem","position":1,"name":"Home","item":"https:\/\/www.guerini.it\/"},{"@type":"ListItem","position":2,"name":"Catalogo","item":"https:\/\/www.guerini.it\/index.php\/negozio\/"},{"@type":"ListItem","position":3,"name":"Il contratto di leadership"}]},{"@type":"WebSite","@id":"https:\/\/www.guerini.it\/#website","url":"https:\/\/www.guerini.it\/","name":"Guerini e Associati","description":"30 anni di libri, idee e libert\u00e0","publisher":{"@id":"https:\/\/www.guerini.it\/#organization"},"potentialAction":[{"@type":"SearchAction","target":{"@type":"EntryPoint","urlTemplate":"https:\/\/www.guerini.it\/?s={search_term_string}"},"query-input":{"@type":"PropertyValueSpecification","valueRequired":true,"valueName":"search_term_string"}}],"inLanguage":"it-IT"},{"@type":"Organization","@id":"https:\/\/www.guerini.it\/#organization","name":"Guerini e Associati","url":"https:\/\/www.guerini.it\/","logo":{"@type":"ImageObject","inLanguage":"it-IT","@id":"https:\/\/www.guerini.it\/#\/schema\/logo\/image\/","url":"https:\/\/www.guerini.it\/wp-content\/uploads\/2021\/03\/Logo-Guerini-OK_-e1615831292285.png","contentUrl":"https:\/\/www.guerini.it\/wp-content\/uploads\/2021\/03\/Logo-Guerini-OK_-e1615831292285.png","width":2805,"height":1870,"caption":"Guerini e Associati"},"image":{"@id":"https:\/\/www.guerini.it\/#\/schema\/logo\/image\/"}}]}},"_links":{"self":[{"href":"https:\/\/www.guerini.it\/index.php\/wp-json\/wp\/v2\/product\/15847","targetHints":{"allow":["GET"]}}],"collection":[{"href":"https:\/\/www.guerini.it\/index.php\/wp-json\/wp\/v2\/product"}],"about":[{"href":"https:\/\/www.guerini.it\/index.php\/wp-json\/wp\/v2\/types\/product"}],"wp:featuredmedia":[{"embeddable":true,"href":"https:\/\/www.guerini.it\/index.php\/wp-json\/wp\/v2\/media\/15846"}],"wp:attachment":[{"href":"https:\/\/www.guerini.it\/index.php\/wp-json\/wp\/v2\/media?parent=15847"}],"wp:term":[{"taxonomy":"product_brand","embeddable":true,"href":"https:\/\/www.guerini.it\/index.php\/wp-json\/wp\/v2\/product_brand?post=15847"},{"taxonomy":"product_cat","embeddable":true,"href":"https:\/\/www.guerini.it\/index.php\/wp-json\/wp\/v2\/product_cat?post=15847"},{"taxonomy":"product_tag","embeddable":true,"href":"https:\/\/www.guerini.it\/index.php\/wp-json\/wp\/v2\/product_tag?post=15847"}],"curies":[{"name":"wp","href":"https:\/\/api.w.org\/{rel}","templated":true}]}}