{"id":15862,"date":"2016-11-06T15:09:47","date_gmt":"2016-11-06T14:09:47","guid":{"rendered":"https:\/\/test.guerini.it\/?product=leadership-e-visione-creativa"},"modified":"2024-06-12T14:39:25","modified_gmt":"2024-06-12T12:39:25","slug":"leadership-e-visione-creativa","status":"publish","type":"product","link":"https:\/\/www.guerini.it\/index.php\/prodotto\/leadership-e-visione-creativa\/","title":{"rendered":"Leadership e visione creativa"},"content":{"rendered":"<p style=\"text-align: justify;\">Quasi tutti, in qualche momento, abbiamo provato il desiderio di &laquo;cambiare il mondo&raquo; o di &laquo;renderlo pi&ugrave; vivibile&raquo;. Di solito un desiderio come questo scaturisce da un sogno in cui vediamo come potremmo migliorare e arricchire la nostra vita e queste visioni del futuro spesso guidano il nostro operare quotidiano, fornendoci la motivazione e lo slancio per tentare un cambiamento. Le visioni che vengono condivise da pi&ugrave; persone costituiscono poi la base per un lavoro di gruppo efficace ed efficiente; quelle che arrivano a essere condivise dai grandi numeri diventano il fondamento delle organizzazioni e delle culture e, in ultima analisi, del progresso civile.<br \/> Per sviluppare e chiarire a noi stessi i nostri sogni e le nostre idee, per condividerle e ottenere l&rsquo;impegno degli altri a realizzarli, per tradurli concretamente e raggiungere le nostre pi&ugrave; alte aspirazioni occorrono per&ograve; strumenti e abilit&agrave; adeguati. Imparare ad auto-osservarsi e scoprirsi esattamente, imparare a sfruttare le proprie naturali capacit&agrave; di leadership, di comunicazione e interazione attraverso l&rsquo;identificazione della nostra visione e della nostra missione: sono questi alcuni dei cardini su cui fa leva il metodo di Dilts per &laquo;creare un mondo al quale le persone desiderino appartenere&raquo;.<\/p>\n","protected":false},"excerpt":{"rendered":"<p>Quasi tutti, in qualche momento, abbiamo provato il desiderio di \u00abcambiare il mondo\u00bb o di \u00abrenderlo pi\u00f9 vivibile\u00bb. Di solito un desiderio come questo scaturisce da un sogno in cui vediamo come potremmo migliorare e arricchire la nostra vita e queste visioni del futuro spesso guidano il nostro operare quotidiano, fornendoci la motivazione e lo slancio per tentare un cambiamento. Le visioni che vengono condivise da pi\u00f9 persone costituiscono poi la base per un lavoro di gruppo efficace ed efficiente; quelle che arrivano a essere condivise dai grandi numeri diventano il fondamento delle organizzazioni e delle culture e, in ultima analisi, del progresso civile.<br \/>\nPer sviluppare e chiarire a noi stessi i nostri sogni e le nostre idee, per condividerle e ottenere l\u2019impegno degli altri a realizzarli, per tradurli concretamente e raggiungere le nostre pi\u00f9 alte aspirazioni occorrono per\u00f2 strumenti e abilit\u00e0 adeguati. Imparare ad auto-osservarsi e scoprirsi esattamente, imparare a sfruttare le proprie naturali capacit\u00e0 di leadership, di comunicazione e interazione attraverso l\u2019identificazione della nostra visione e della nostra missione: sono questi alcuni dei cardini su cui fa leva il metodo di Dilts per \u00abcreare un mondo al quale le persone desiderino appartenere\u00bb.<\/p>\n","protected":false},"featured_media":15861,"template":"","meta":{"_editorskit_title_hidden":false,"_editorskit_reading_time":0,"_editorskit_is_block_options_detached":false,"_editorskit_block_options_position":"{}","_monsterinsights_skip_tracking":false,"_monsterinsights_sitenote_active":false,"_monsterinsights_sitenote_note":"","_monsterinsights_sitenote_category":0},"product_brand":[],"product_cat":[6805,6674],"product_tag":[],"class_list":{"0":"post-15862","1":"product","2":"type-product","3":"status-publish","4":"has-post-thumbnail","6":"product_cat-guerini-next","7":"product_cat-nv","9":"first","10":"instock","11":"sale","12":"shipping-taxable","13":"purchasable","14":"product-type-simple"},"yoast_head":"<!-- This site is optimized with the Yoast SEO plugin v25.4 - https:\/\/yoast.com\/wordpress\/plugins\/seo\/ -->\n<title>Leadership e visione creativa - Guerini e Associati<\/title>\n<meta name=\"robots\" content=\"index, follow, max-snippet:-1, max-image-preview:large, max-video-preview:-1\" \/>\n<link rel=\"canonical\" href=\"https:\/\/www.guerini.it\/index.php\/prodotto\/leadership-e-visione-creativa\/\" \/>\n<meta property=\"og:locale\" content=\"it_IT\" \/>\n<meta property=\"og:type\" content=\"article\" \/>\n<meta property=\"og:title\" content=\"Leadership e visione creativa - Guerini e Associati\" \/>\n<meta property=\"og:description\" content=\"Quasi tutti, in qualche momento, abbiamo provato il desiderio di \u00abcambiare il mondo\u00bb o di \u00abrenderlo pi\u00f9 vivibile\u00bb. Di solito un desiderio come questo scaturisce da un sogno in cui vediamo come potremmo migliorare e arricchire la nostra vita e queste visioni del futuro spesso guidano il nostro operare quotidiano, fornendoci la motivazione e lo slancio per tentare un cambiamento. Le visioni che vengono condivise da pi\u00f9 persone costituiscono poi la base per un lavoro di gruppo efficace ed efficiente; quelle che arrivano a essere condivise dai grandi numeri diventano il fondamento delle organizzazioni e delle culture e, in ultima analisi, del progresso civile. Per sviluppare e chiarire a noi stessi i nostri sogni e le nostre idee, per condividerle e ottenere l\u2019impegno degli altri a realizzarli, per tradurli concretamente e raggiungere le nostre pi\u00f9 alte aspirazioni occorrono per\u00f2 strumenti e abilit\u00e0 adeguati. Imparare ad auto-osservarsi e scoprirsi esattamente, imparare a sfruttare le proprie naturali capacit\u00e0 di leadership, di comunicazione e interazione attraverso l\u2019identificazione della nostra visione e della nostra missione: sono questi alcuni dei cardini su cui fa leva il metodo di Dilts per \u00abcreare un mondo al quale le persone desiderino appartenere\u00bb.\" \/>\n<meta property=\"og:url\" content=\"https:\/\/www.guerini.it\/index.php\/prodotto\/leadership-e-visione-creativa\/\" \/>\n<meta property=\"og:site_name\" content=\"Guerini e Associati\" \/>\n<meta property=\"article:modified_time\" content=\"2024-06-12T12:39:25+00:00\" \/>\n<meta property=\"og:image\" content=\"https:\/\/www.guerini.it\/wp-content\/uploads\/2016\/11\/dilts-leadeship_e_visione_creativa.jpg\" \/>\n\t<meta property=\"og:image:width\" content=\"227\" \/>\n\t<meta property=\"og:image:height\" content=\"353\" \/>\n\t<meta property=\"og:image:type\" content=\"image\/jpeg\" \/>\n<meta name=\"twitter:card\" content=\"summary_large_image\" \/>\n<meta name=\"twitter:label1\" content=\"Tempo di lettura stimato\" \/>\n\t<meta name=\"twitter:data1\" content=\"1 minuto\" \/>\n<!-- \/ Yoast SEO plugin. -->","yoast_head_json":{"title":"Leadership e visione creativa - Guerini e Associati","robots":{"index":"index","follow":"follow","max-snippet":"max-snippet:-1","max-image-preview":"max-image-preview:large","max-video-preview":"max-video-preview:-1"},"canonical":"https:\/\/www.guerini.it\/index.php\/prodotto\/leadership-e-visione-creativa\/","og_locale":"it_IT","og_type":"article","og_title":"Leadership e visione creativa - Guerini e Associati","og_description":"Quasi tutti, in qualche momento, abbiamo provato il desiderio di \u00abcambiare il mondo\u00bb o di \u00abrenderlo pi\u00f9 vivibile\u00bb. Di solito un desiderio come questo scaturisce da un sogno in cui vediamo come potremmo migliorare e arricchire la nostra vita e queste visioni del futuro spesso guidano il nostro operare quotidiano, fornendoci la motivazione e lo slancio per tentare un cambiamento. Le visioni che vengono condivise da pi\u00f9 persone costituiscono poi la base per un lavoro di gruppo efficace ed efficiente; quelle che arrivano a essere condivise dai grandi numeri diventano il fondamento delle organizzazioni e delle culture e, in ultima analisi, del progresso civile. Per sviluppare e chiarire a noi stessi i nostri sogni e le nostre idee, per condividerle e ottenere l\u2019impegno degli altri a realizzarli, per tradurli concretamente e raggiungere le nostre pi\u00f9 alte aspirazioni occorrono per\u00f2 strumenti e abilit\u00e0 adeguati. Imparare ad auto-osservarsi e scoprirsi esattamente, imparare a sfruttare le proprie naturali capacit\u00e0 di leadership, di comunicazione e interazione attraverso l\u2019identificazione della nostra visione e della nostra missione: sono questi alcuni dei cardini su cui fa leva il metodo di Dilts per \u00abcreare un mondo al quale le persone desiderino appartenere\u00bb.","og_url":"https:\/\/www.guerini.it\/index.php\/prodotto\/leadership-e-visione-creativa\/","og_site_name":"Guerini e Associati","article_modified_time":"2024-06-12T12:39:25+00:00","og_image":[{"width":227,"height":353,"url":"https:\/\/www.guerini.it\/wp-content\/uploads\/2016\/11\/dilts-leadeship_e_visione_creativa.jpg","type":"image\/jpeg"}],"twitter_card":"summary_large_image","twitter_misc":{"Tempo di lettura stimato":"1 minuto"},"schema":{"@context":"https:\/\/schema.org","@graph":[{"@type":"WebPage","@id":"https:\/\/www.guerini.it\/index.php\/prodotto\/leadership-e-visione-creativa\/","url":"https:\/\/www.guerini.it\/index.php\/prodotto\/leadership-e-visione-creativa\/","name":"Leadership e visione creativa - Guerini e Associati","isPartOf":{"@id":"https:\/\/www.guerini.it\/#website"},"primaryImageOfPage":{"@id":"https:\/\/www.guerini.it\/index.php\/prodotto\/leadership-e-visione-creativa\/#primaryimage"},"image":{"@id":"https:\/\/www.guerini.it\/index.php\/prodotto\/leadership-e-visione-creativa\/#primaryimage"},"thumbnailUrl":"https:\/\/www.guerini.it\/wp-content\/uploads\/2016\/11\/dilts-leadeship_e_visione_creativa.jpg","datePublished":"2016-11-06T14:09:47+00:00","dateModified":"2024-06-12T12:39:25+00:00","breadcrumb":{"@id":"https:\/\/www.guerini.it\/index.php\/prodotto\/leadership-e-visione-creativa\/#breadcrumb"},"inLanguage":"it-IT","potentialAction":[{"@type":"ReadAction","target":["https:\/\/www.guerini.it\/index.php\/prodotto\/leadership-e-visione-creativa\/"]}]},{"@type":"ImageObject","inLanguage":"it-IT","@id":"https:\/\/www.guerini.it\/index.php\/prodotto\/leadership-e-visione-creativa\/#primaryimage","url":"https:\/\/www.guerini.it\/wp-content\/uploads\/2016\/11\/dilts-leadeship_e_visione_creativa.jpg","contentUrl":"https:\/\/www.guerini.it\/wp-content\/uploads\/2016\/11\/dilts-leadeship_e_visione_creativa.jpg","width":227,"height":353,"caption":"Leadership e visione creativa"},{"@type":"BreadcrumbList","@id":"https:\/\/www.guerini.it\/index.php\/prodotto\/leadership-e-visione-creativa\/#breadcrumb","itemListElement":[{"@type":"ListItem","position":1,"name":"Home","item":"https:\/\/www.guerini.it\/"},{"@type":"ListItem","position":2,"name":"Catalogo","item":"https:\/\/www.guerini.it\/index.php\/negozio\/"},{"@type":"ListItem","position":3,"name":"Leadership e visione creativa"}]},{"@type":"WebSite","@id":"https:\/\/www.guerini.it\/#website","url":"https:\/\/www.guerini.it\/","name":"Guerini e Associati","description":"30 anni di libri, idee e libert\u00e0","publisher":{"@id":"https:\/\/www.guerini.it\/#organization"},"potentialAction":[{"@type":"SearchAction","target":{"@type":"EntryPoint","urlTemplate":"https:\/\/www.guerini.it\/?s={search_term_string}"},"query-input":{"@type":"PropertyValueSpecification","valueRequired":true,"valueName":"search_term_string"}}],"inLanguage":"it-IT"},{"@type":"Organization","@id":"https:\/\/www.guerini.it\/#organization","name":"Guerini e Associati","url":"https:\/\/www.guerini.it\/","logo":{"@type":"ImageObject","inLanguage":"it-IT","@id":"https:\/\/www.guerini.it\/#\/schema\/logo\/image\/","url":"https:\/\/www.guerini.it\/wp-content\/uploads\/2021\/03\/Logo-Guerini-OK_-e1615831292285.png","contentUrl":"https:\/\/www.guerini.it\/wp-content\/uploads\/2021\/03\/Logo-Guerini-OK_-e1615831292285.png","width":2805,"height":1870,"caption":"Guerini e Associati"},"image":{"@id":"https:\/\/www.guerini.it\/#\/schema\/logo\/image\/"}}]}},"_links":{"self":[{"href":"https:\/\/www.guerini.it\/index.php\/wp-json\/wp\/v2\/product\/15862","targetHints":{"allow":["GET"]}}],"collection":[{"href":"https:\/\/www.guerini.it\/index.php\/wp-json\/wp\/v2\/product"}],"about":[{"href":"https:\/\/www.guerini.it\/index.php\/wp-json\/wp\/v2\/types\/product"}],"wp:featuredmedia":[{"embeddable":true,"href":"https:\/\/www.guerini.it\/index.php\/wp-json\/wp\/v2\/media\/15861"}],"wp:attachment":[{"href":"https:\/\/www.guerini.it\/index.php\/wp-json\/wp\/v2\/media?parent=15862"}],"wp:term":[{"taxonomy":"product_brand","embeddable":true,"href":"https:\/\/www.guerini.it\/index.php\/wp-json\/wp\/v2\/product_brand?post=15862"},{"taxonomy":"product_cat","embeddable":true,"href":"https:\/\/www.guerini.it\/index.php\/wp-json\/wp\/v2\/product_cat?post=15862"},{"taxonomy":"product_tag","embeddable":true,"href":"https:\/\/www.guerini.it\/index.php\/wp-json\/wp\/v2\/product_tag?post=15862"}],"curies":[{"name":"wp","href":"https:\/\/api.w.org\/{rel}","templated":true}]}}