{"id":15866,"date":"2016-11-10T12:22:27","date_gmt":"2016-11-10T11:22:27","guid":{"rendered":"https:\/\/test.guerini.it\/?product=trasportopoli"},"modified":"2024-06-12T14:41:36","modified_gmt":"2024-06-12T12:41:36","slug":"trasportopoli","status":"publish","type":"product","link":"https:\/\/www.guerini.it\/index.php\/prodotto\/trasportopoli\/","title":{"rendered":"Trasportopoli"},"content":{"rendered":"<p style=\"text-align: justify;\">Un testimone d&rsquo;eccezione, dall&rsquo;interno di un mondo sull&rsquo;orlo del baratro, racconta la sua esperienza all&rsquo;ATAC di Roma, una realt&agrave; che nessuno scandalo riesce a scalfire.<br \/> Qui si sperimenta da tempo quel Patto della Nazione che vede mutar di casacca, di fede, di patria politica (ma non di intenti), dirigenti, sindacalisti, fornitori e faccendieri. Tutti, ad ogni giro di valzer, si ricollocano in modo sempre pi&ugrave; soddisfacente (come i vecchi pezzi dei veicoli, che ritirati da un deposito ATAC vengono rivenduti come nuovi a un altro deposito ATAC), fino a formare una piramide rovesciata: tanti dirigenti, pochi operativi. <\/p>\n<p>E chi si oppone al gattopardismo imperante &ndash; con le sue regole da manuale Cencelli &ndash; &egrave; fatto fuori senza troppe spiegazioni. E intanto il cittadino romano attende alla fermata di Trasportopoli che il suo autobus arrivi: &laquo;Come? &Egrave; in sciopero?&#8230; Prender&ograve; la metropolitana&#8230; Ah, si &egrave; rotta?&raquo;&hellip;<\/p>\n","protected":false},"excerpt":{"rendered":"<p>Un testimone d\u2019eccezione, dall\u2019interno di un mondo sull\u2019orlo del baratro, racconta la sua esperienza all\u2019ATAC di Roma, una realt\u00e0 che nessuno scandalo riesce a scalfire.<br \/>\nQui si sperimenta da tempo quel Patto della Nazione che vede mutar di casacca, di fede, di patria politica (ma non di intenti), dirigenti, sindacalisti, fornitori e faccendieri. Tutti, ad ogni giro di valzer, si ricollocano in modo sempre pi\u00f9 soddisfacente (come i vecchi pezzi dei veicoli, che ritirati da un deposito ATAC vengono rivenduti come nuovi a un altro deposito ATAC), fino a formare una piramide rovesciata: tanti dirigenti, pochi operativi. <\/p>\n<p>E chi si oppone al gattopardismo imperante \u2013 con le sue regole da manuale Cencelli \u2013 \u00e8 fatto fuori senza troppe spiegazioni. E intanto il cittadino romano attende alla fermata di Trasportopoli che il suo autobus arrivi: \u00abCome? \u00c8 in sciopero?&#8230; Prender\u00f2 la metropolitana&#8230; Ah, si \u00e8 rotta?\u00bb\u2026<\/p>\n","protected":false},"featured_media":15865,"template":"","meta":{"_editorskit_title_hidden":false,"_editorskit_reading_time":0,"_editorskit_is_block_options_detached":false,"_editorskit_block_options_position":"{}","_monsterinsights_skip_tracking":false,"_monsterinsights_sitenote_active":false,"_monsterinsights_sitenote_note":"","_monsterinsights_sitenote_category":0},"product_brand":[],"product_cat":[6585,6527],"product_tag":[],"class_list":{"0":"post-15866","1":"product","2":"type-product","3":"status-publish","4":"has-post-thumbnail","6":"product_cat-sma","7":"product_cat-attualita","8":"pa_guerini_link_amazon-ab-httpswwwamazonittrasportop","9":"pa_guerini_link_apple_ibook-18-httpsitunesapplecomitbookt","10":"pa_guerini_link_giunti_punto-2f-httpwwwgiuntialpuntoitprod","11":"pa_guerini_link_google_play-c2-httpsplaygooglecomstoreboo","13":"first","14":"instock","15":"sale","16":"shipping-taxable","17":"purchasable","18":"product-type-simple"},"yoast_head":"<!-- This site is optimized with the Yoast SEO plugin v25.4 - https:\/\/yoast.com\/wordpress\/plugins\/seo\/ -->\n<title>Trasportopoli - Guerini e Associati<\/title>\n<meta name=\"robots\" content=\"index, follow, max-snippet:-1, max-image-preview:large, max-video-preview:-1\" \/>\n<link rel=\"canonical\" href=\"https:\/\/www.guerini.it\/index.php\/prodotto\/trasportopoli\/\" \/>\n<meta property=\"og:locale\" content=\"it_IT\" \/>\n<meta property=\"og:type\" content=\"article\" \/>\n<meta property=\"og:title\" content=\"Trasportopoli - Guerini e Associati\" \/>\n<meta property=\"og:description\" content=\"Un testimone d\u2019eccezione, dall\u2019interno di un mondo sull\u2019orlo del baratro, racconta la sua esperienza all\u2019ATAC di Roma, una realt\u00e0 che nessuno scandalo riesce a scalfire. Qui si sperimenta da tempo quel Patto della Nazione che vede mutar di casacca, di fede, di patria politica (ma non di intenti), dirigenti, sindacalisti, fornitori e faccendieri. Tutti, ad ogni giro di valzer, si ricollocano in modo sempre pi\u00f9 soddisfacente (come i vecchi pezzi dei veicoli, che ritirati da un deposito ATAC vengono rivenduti come nuovi a un altro deposito ATAC), fino a formare una piramide rovesciata: tanti dirigenti, pochi operativi.   E chi si oppone al gattopardismo imperante \u2013 con le sue regole da manuale Cencelli \u2013 \u00e8 fatto fuori senza troppe spiegazioni. E intanto il cittadino romano attende alla fermata di Trasportopoli che il suo autobus arrivi: \u00abCome? \u00c8 in sciopero?... Prender\u00f2 la metropolitana... Ah, si \u00e8 rotta?\u00bb\u2026\" \/>\n<meta property=\"og:url\" content=\"https:\/\/www.guerini.it\/index.php\/prodotto\/trasportopoli\/\" \/>\n<meta property=\"og:site_name\" content=\"Guerini e Associati\" \/>\n<meta property=\"article:modified_time\" content=\"2024-06-12T12:41:36+00:00\" \/>\n<meta property=\"og:image\" content=\"https:\/\/www.guerini.it\/wp-content\/uploads\/2016\/11\/trasportopoli_sito.jpg\" \/>\n\t<meta property=\"og:image:width\" content=\"217\" \/>\n\t<meta property=\"og:image:height\" content=\"353\" \/>\n\t<meta property=\"og:image:type\" content=\"image\/jpeg\" \/>\n<meta name=\"twitter:card\" content=\"summary_large_image\" \/>\n<meta name=\"twitter:label1\" content=\"Tempo di lettura stimato\" \/>\n\t<meta name=\"twitter:data1\" content=\"1 minuto\" \/>\n<!-- \/ Yoast SEO plugin. -->","yoast_head_json":{"title":"Trasportopoli - Guerini e Associati","robots":{"index":"index","follow":"follow","max-snippet":"max-snippet:-1","max-image-preview":"max-image-preview:large","max-video-preview":"max-video-preview:-1"},"canonical":"https:\/\/www.guerini.it\/index.php\/prodotto\/trasportopoli\/","og_locale":"it_IT","og_type":"article","og_title":"Trasportopoli - Guerini e Associati","og_description":"Un testimone d\u2019eccezione, dall\u2019interno di un mondo sull\u2019orlo del baratro, racconta la sua esperienza all\u2019ATAC di Roma, una realt\u00e0 che nessuno scandalo riesce a scalfire. Qui si sperimenta da tempo quel Patto della Nazione che vede mutar di casacca, di fede, di patria politica (ma non di intenti), dirigenti, sindacalisti, fornitori e faccendieri. Tutti, ad ogni giro di valzer, si ricollocano in modo sempre pi\u00f9 soddisfacente (come i vecchi pezzi dei veicoli, che ritirati da un deposito ATAC vengono rivenduti come nuovi a un altro deposito ATAC), fino a formare una piramide rovesciata: tanti dirigenti, pochi operativi.   E chi si oppone al gattopardismo imperante \u2013 con le sue regole da manuale Cencelli \u2013 \u00e8 fatto fuori senza troppe spiegazioni. E intanto il cittadino romano attende alla fermata di Trasportopoli che il suo autobus arrivi: \u00abCome? \u00c8 in sciopero?... Prender\u00f2 la metropolitana... Ah, si \u00e8 rotta?\u00bb\u2026","og_url":"https:\/\/www.guerini.it\/index.php\/prodotto\/trasportopoli\/","og_site_name":"Guerini e Associati","article_modified_time":"2024-06-12T12:41:36+00:00","og_image":[{"width":217,"height":353,"url":"https:\/\/www.guerini.it\/wp-content\/uploads\/2016\/11\/trasportopoli_sito.jpg","type":"image\/jpeg"}],"twitter_card":"summary_large_image","twitter_misc":{"Tempo di lettura stimato":"1 minuto"},"schema":{"@context":"https:\/\/schema.org","@graph":[{"@type":"WebPage","@id":"https:\/\/www.guerini.it\/index.php\/prodotto\/trasportopoli\/","url":"https:\/\/www.guerini.it\/index.php\/prodotto\/trasportopoli\/","name":"Trasportopoli - Guerini e Associati","isPartOf":{"@id":"https:\/\/www.guerini.it\/#website"},"primaryImageOfPage":{"@id":"https:\/\/www.guerini.it\/index.php\/prodotto\/trasportopoli\/#primaryimage"},"image":{"@id":"https:\/\/www.guerini.it\/index.php\/prodotto\/trasportopoli\/#primaryimage"},"thumbnailUrl":"https:\/\/www.guerini.it\/wp-content\/uploads\/2016\/11\/trasportopoli_sito.jpg","datePublished":"2016-11-10T11:22:27+00:00","dateModified":"2024-06-12T12:41:36+00:00","breadcrumb":{"@id":"https:\/\/www.guerini.it\/index.php\/prodotto\/trasportopoli\/#breadcrumb"},"inLanguage":"it-IT","potentialAction":[{"@type":"ReadAction","target":["https:\/\/www.guerini.it\/index.php\/prodotto\/trasportopoli\/"]}]},{"@type":"ImageObject","inLanguage":"it-IT","@id":"https:\/\/www.guerini.it\/index.php\/prodotto\/trasportopoli\/#primaryimage","url":"https:\/\/www.guerini.it\/wp-content\/uploads\/2016\/11\/trasportopoli_sito.jpg","contentUrl":"https:\/\/www.guerini.it\/wp-content\/uploads\/2016\/11\/trasportopoli_sito.jpg","width":217,"height":353,"caption":"Trasportopoli"},{"@type":"BreadcrumbList","@id":"https:\/\/www.guerini.it\/index.php\/prodotto\/trasportopoli\/#breadcrumb","itemListElement":[{"@type":"ListItem","position":1,"name":"Home","item":"https:\/\/www.guerini.it\/"},{"@type":"ListItem","position":2,"name":"Catalogo","item":"https:\/\/www.guerini.it\/index.php\/negozio\/"},{"@type":"ListItem","position":3,"name":"Trasportopoli"}]},{"@type":"WebSite","@id":"https:\/\/www.guerini.it\/#website","url":"https:\/\/www.guerini.it\/","name":"Guerini e Associati","description":"30 anni di libri, idee e libert\u00e0","publisher":{"@id":"https:\/\/www.guerini.it\/#organization"},"potentialAction":[{"@type":"SearchAction","target":{"@type":"EntryPoint","urlTemplate":"https:\/\/www.guerini.it\/?s={search_term_string}"},"query-input":{"@type":"PropertyValueSpecification","valueRequired":true,"valueName":"search_term_string"}}],"inLanguage":"it-IT"},{"@type":"Organization","@id":"https:\/\/www.guerini.it\/#organization","name":"Guerini e Associati","url":"https:\/\/www.guerini.it\/","logo":{"@type":"ImageObject","inLanguage":"it-IT","@id":"https:\/\/www.guerini.it\/#\/schema\/logo\/image\/","url":"https:\/\/www.guerini.it\/wp-content\/uploads\/2021\/03\/Logo-Guerini-OK_-e1615831292285.png","contentUrl":"https:\/\/www.guerini.it\/wp-content\/uploads\/2021\/03\/Logo-Guerini-OK_-e1615831292285.png","width":2805,"height":1870,"caption":"Guerini e Associati"},"image":{"@id":"https:\/\/www.guerini.it\/#\/schema\/logo\/image\/"}}]}},"_links":{"self":[{"href":"https:\/\/www.guerini.it\/index.php\/wp-json\/wp\/v2\/product\/15866","targetHints":{"allow":["GET"]}}],"collection":[{"href":"https:\/\/www.guerini.it\/index.php\/wp-json\/wp\/v2\/product"}],"about":[{"href":"https:\/\/www.guerini.it\/index.php\/wp-json\/wp\/v2\/types\/product"}],"wp:featuredmedia":[{"embeddable":true,"href":"https:\/\/www.guerini.it\/index.php\/wp-json\/wp\/v2\/media\/15865"}],"wp:attachment":[{"href":"https:\/\/www.guerini.it\/index.php\/wp-json\/wp\/v2\/media?parent=15866"}],"wp:term":[{"taxonomy":"product_brand","embeddable":true,"href":"https:\/\/www.guerini.it\/index.php\/wp-json\/wp\/v2\/product_brand?post=15866"},{"taxonomy":"product_cat","embeddable":true,"href":"https:\/\/www.guerini.it\/index.php\/wp-json\/wp\/v2\/product_cat?post=15866"},{"taxonomy":"product_tag","embeddable":true,"href":"https:\/\/www.guerini.it\/index.php\/wp-json\/wp\/v2\/product_tag?post=15866"}],"curies":[{"name":"wp","href":"https:\/\/api.w.org\/{rel}","templated":true}]}}