{"id":15874,"date":"2016-12-02T07:12:49","date_gmt":"2016-12-02T06:12:49","guid":{"rendered":"https:\/\/test.guerini.it\/?product=oltre-la-metropoli"},"modified":"2024-06-12T14:41:03","modified_gmt":"2024-06-12T12:41:03","slug":"oltre-la-metropoli","status":"publish","type":"product","link":"https:\/\/www.guerini.it\/index.php\/prodotto\/oltre-la-metropoli\/","title":{"rendered":"Oltre la metropoli"},"content":{"rendered":"<p style=\"text-align: justify;\">Che fine ha fatto la citt&agrave;? Che cosa dobbiamo intendere quando diciamo &lsquo;urbano&rsquo;? La letteratura internazionale ci propone nuove definizioni e interpretazioni che rimandano a un superamento sostanziale del modello urbano del ventesimo secolo. &Egrave; possibile immaginare una nuova concezione dello spazio cittadino in Italia? In questo volume, seconda uscita della collana <em>Il futuro delle citt&agrave;<\/em>, si cerca di rispondere a queste e altre domande sui temi della sostenibilit&agrave;, abitabilit&agrave; e governabilit&agrave; delle grandi aree urbane italiane.<\/p>\n<p style=\"text-align: justify;\">&nbsp;<\/p>\n<p style=\"text-align: justify;\"><strong>Permalink:&nbsp;<\/strong><a href=\"http:\/\/digital.casalini.it\/9788881951130\">http:\/\/digital.casalini.it\/9788881951130<\/a><\/p>\n","protected":false},"excerpt":{"rendered":"<p>Che fine ha fatto la citt\u00e0? Che cosa dobbiamo intendere quando diciamo \u2018urbano\u2019? La letteratura internazionale ci propone nuove definizioni e interpretazioni che rimandano a un superamento sostanziale del modello urbano del ventesimo secolo. \u00c8 possibile immaginare una nuova concezione dello spazio cittadino in Italia? In questo volume, seconda uscita della collana Il futuro delle citt\u00e0, si cerca di rispondere a queste e altre domande sui temi della sostenibilit\u00e0, abitabilit\u00e0 e governabilit\u00e0 delle grandi aree urbane italiane.<\/p>\n","protected":false},"featured_media":15873,"template":"","meta":{"_editorskit_title_hidden":false,"_editorskit_reading_time":0,"_editorskit_is_block_options_detached":false,"_editorskit_block_options_position":"{}","_monsterinsights_skip_tracking":false,"_monsterinsights_sitenote_active":false,"_monsterinsights_sitenote_note":"","_monsterinsights_sitenote_category":0},"product_brand":[],"product_cat":[6526,6600],"product_tag":[],"class_list":{"0":"post-15874","1":"product","2":"type-product","3":"status-publish","4":"has-post-thumbnail","6":"product_cat-arte-architettura-e-giardini","7":"product_cat-futurodellecitta","8":"pa_guerini_link_amazon-84-httpswwwamazonitoltre_metr","9":"pa_guerini_link_apple_ibook-a3-httpsitunesapplecomitbooko","10":"pa_guerini_link_giunti_punto-95-httpwwwgiuntialpuntoitprod","11":"pa_guerini_link_google_play-e2-httpsplaygooglecomstoreboo","12":"pa_guerini_link_ibs-17-httpwwwhoepliitebookoltre_","13":"pa_guerini_link_mondadori-c2-httpwwwmondadoristoreitolt","14":"pa_guerini_link_rizzoli-8c-httpwwwlibreriarizzoliitol","16":"first","17":"instock","18":"sale","19":"shipping-taxable","20":"purchasable","21":"product-type-simple"},"yoast_head":"<!-- This site is optimized with the Yoast SEO plugin v25.4 - https:\/\/yoast.com\/wordpress\/plugins\/seo\/ -->\n<title>Oltre la metropoli - Guerini e Associati<\/title>\n<meta name=\"robots\" content=\"index, follow, max-snippet:-1, max-image-preview:large, max-video-preview:-1\" \/>\n<link rel=\"canonical\" href=\"https:\/\/www.guerini.it\/index.php\/prodotto\/oltre-la-metropoli\/\" \/>\n<meta property=\"og:locale\" content=\"it_IT\" \/>\n<meta property=\"og:type\" content=\"article\" \/>\n<meta property=\"og:title\" content=\"Oltre la metropoli - Guerini e Associati\" \/>\n<meta property=\"og:description\" content=\"Che fine ha fatto la citt\u00e0? Che cosa dobbiamo intendere quando diciamo \u2018urbano\u2019? La letteratura internazionale ci propone nuove definizioni e interpretazioni che rimandano a un superamento sostanziale del modello urbano del ventesimo secolo. \u00c8 possibile immaginare una nuova concezione dello spazio cittadino in Italia? In questo volume, seconda uscita della collana Il futuro delle citt\u00e0, si cerca di rispondere a queste e altre domande sui temi della sostenibilit\u00e0, abitabilit\u00e0 e governabilit\u00e0 delle grandi aree urbane italiane.\" \/>\n<meta property=\"og:url\" content=\"https:\/\/www.guerini.it\/index.php\/prodotto\/oltre-la-metropoli\/\" \/>\n<meta property=\"og:site_name\" content=\"Guerini e Associati\" \/>\n<meta property=\"article:modified_time\" content=\"2024-06-12T12:41:03+00:00\" \/>\n<meta property=\"og:image\" content=\"https:\/\/www.guerini.it\/wp-content\/uploads\/2016\/12\/oltre_la_metropoli_sito.jpg\" \/>\n\t<meta property=\"og:image:width\" content=\"235\" \/>\n\t<meta property=\"og:image:height\" content=\"353\" \/>\n\t<meta property=\"og:image:type\" content=\"image\/jpeg\" \/>\n<meta name=\"twitter:card\" content=\"summary_large_image\" \/>\n<!-- \/ Yoast SEO plugin. -->","yoast_head_json":{"title":"Oltre la metropoli - Guerini e Associati","robots":{"index":"index","follow":"follow","max-snippet":"max-snippet:-1","max-image-preview":"max-image-preview:large","max-video-preview":"max-video-preview:-1"},"canonical":"https:\/\/www.guerini.it\/index.php\/prodotto\/oltre-la-metropoli\/","og_locale":"it_IT","og_type":"article","og_title":"Oltre la metropoli - Guerini e Associati","og_description":"Che fine ha fatto la citt\u00e0? Che cosa dobbiamo intendere quando diciamo \u2018urbano\u2019? La letteratura internazionale ci propone nuove definizioni e interpretazioni che rimandano a un superamento sostanziale del modello urbano del ventesimo secolo. \u00c8 possibile immaginare una nuova concezione dello spazio cittadino in Italia? In questo volume, seconda uscita della collana Il futuro delle citt\u00e0, si cerca di rispondere a queste e altre domande sui temi della sostenibilit\u00e0, abitabilit\u00e0 e governabilit\u00e0 delle grandi aree urbane italiane.","og_url":"https:\/\/www.guerini.it\/index.php\/prodotto\/oltre-la-metropoli\/","og_site_name":"Guerini e Associati","article_modified_time":"2024-06-12T12:41:03+00:00","og_image":[{"width":235,"height":353,"url":"https:\/\/www.guerini.it\/wp-content\/uploads\/2016\/12\/oltre_la_metropoli_sito.jpg","type":"image\/jpeg"}],"twitter_card":"summary_large_image","schema":{"@context":"https:\/\/schema.org","@graph":[{"@type":"WebPage","@id":"https:\/\/www.guerini.it\/index.php\/prodotto\/oltre-la-metropoli\/","url":"https:\/\/www.guerini.it\/index.php\/prodotto\/oltre-la-metropoli\/","name":"Oltre la metropoli - Guerini e Associati","isPartOf":{"@id":"https:\/\/www.guerini.it\/#website"},"primaryImageOfPage":{"@id":"https:\/\/www.guerini.it\/index.php\/prodotto\/oltre-la-metropoli\/#primaryimage"},"image":{"@id":"https:\/\/www.guerini.it\/index.php\/prodotto\/oltre-la-metropoli\/#primaryimage"},"thumbnailUrl":"https:\/\/www.guerini.it\/wp-content\/uploads\/2016\/12\/oltre_la_metropoli_sito.jpg","datePublished":"2016-12-02T06:12:49+00:00","dateModified":"2024-06-12T12:41:03+00:00","breadcrumb":{"@id":"https:\/\/www.guerini.it\/index.php\/prodotto\/oltre-la-metropoli\/#breadcrumb"},"inLanguage":"it-IT","potentialAction":[{"@type":"ReadAction","target":["https:\/\/www.guerini.it\/index.php\/prodotto\/oltre-la-metropoli\/"]}]},{"@type":"ImageObject","inLanguage":"it-IT","@id":"https:\/\/www.guerini.it\/index.php\/prodotto\/oltre-la-metropoli\/#primaryimage","url":"https:\/\/www.guerini.it\/wp-content\/uploads\/2016\/12\/oltre_la_metropoli_sito.jpg","contentUrl":"https:\/\/www.guerini.it\/wp-content\/uploads\/2016\/12\/oltre_la_metropoli_sito.jpg","width":235,"height":353,"caption":"Oltre la metropoli"},{"@type":"BreadcrumbList","@id":"https:\/\/www.guerini.it\/index.php\/prodotto\/oltre-la-metropoli\/#breadcrumb","itemListElement":[{"@type":"ListItem","position":1,"name":"Home","item":"https:\/\/www.guerini.it\/"},{"@type":"ListItem","position":2,"name":"Catalogo","item":"https:\/\/www.guerini.it\/index.php\/negozio\/"},{"@type":"ListItem","position":3,"name":"Oltre la metropoli"}]},{"@type":"WebSite","@id":"https:\/\/www.guerini.it\/#website","url":"https:\/\/www.guerini.it\/","name":"Guerini e Associati","description":"30 anni di libri, idee e libert\u00e0","publisher":{"@id":"https:\/\/www.guerini.it\/#organization"},"potentialAction":[{"@type":"SearchAction","target":{"@type":"EntryPoint","urlTemplate":"https:\/\/www.guerini.it\/?s={search_term_string}"},"query-input":{"@type":"PropertyValueSpecification","valueRequired":true,"valueName":"search_term_string"}}],"inLanguage":"it-IT"},{"@type":"Organization","@id":"https:\/\/www.guerini.it\/#organization","name":"Guerini e Associati","url":"https:\/\/www.guerini.it\/","logo":{"@type":"ImageObject","inLanguage":"it-IT","@id":"https:\/\/www.guerini.it\/#\/schema\/logo\/image\/","url":"https:\/\/www.guerini.it\/wp-content\/uploads\/2021\/03\/Logo-Guerini-OK_-e1615831292285.png","contentUrl":"https:\/\/www.guerini.it\/wp-content\/uploads\/2021\/03\/Logo-Guerini-OK_-e1615831292285.png","width":2805,"height":1870,"caption":"Guerini e Associati"},"image":{"@id":"https:\/\/www.guerini.it\/#\/schema\/logo\/image\/"}}]}},"_links":{"self":[{"href":"https:\/\/www.guerini.it\/index.php\/wp-json\/wp\/v2\/product\/15874","targetHints":{"allow":["GET"]}}],"collection":[{"href":"https:\/\/www.guerini.it\/index.php\/wp-json\/wp\/v2\/product"}],"about":[{"href":"https:\/\/www.guerini.it\/index.php\/wp-json\/wp\/v2\/types\/product"}],"wp:featuredmedia":[{"embeddable":true,"href":"https:\/\/www.guerini.it\/index.php\/wp-json\/wp\/v2\/media\/15873"}],"wp:attachment":[{"href":"https:\/\/www.guerini.it\/index.php\/wp-json\/wp\/v2\/media?parent=15874"}],"wp:term":[{"taxonomy":"product_brand","embeddable":true,"href":"https:\/\/www.guerini.it\/index.php\/wp-json\/wp\/v2\/product_brand?post=15874"},{"taxonomy":"product_cat","embeddable":true,"href":"https:\/\/www.guerini.it\/index.php\/wp-json\/wp\/v2\/product_cat?post=15874"},{"taxonomy":"product_tag","embeddable":true,"href":"https:\/\/www.guerini.it\/index.php\/wp-json\/wp\/v2\/product_tag?post=15874"}],"curies":[{"name":"wp","href":"https:\/\/api.w.org\/{rel}","templated":true}]}}