{"id":15904,"date":"2017-03-30T08:36:29","date_gmt":"2017-03-30T06:36:29","guid":{"rendered":"https:\/\/test.guerini.it\/?product=sanita-lean"},"modified":"2026-02-19T09:07:58","modified_gmt":"2026-02-19T08:07:58","slug":"sanita-lean","status":"publish","type":"product","link":"https:\/\/www.guerini.it\/index.php\/prodotto\/sanita-lean\/","title":{"rendered":"Sanit\u00e0 lean"},"content":{"rendered":"<p style=\"text-align: justify;\">Il Sistema di Produzione Toyota, pi\u00f9 diffusamente conosciuto\u00a0come Lean, ha avuto origine nel settore industriale ma si \u00e8 progressivamente\u00a0affermato come strumento potente per il miglioramento\u00a0continuo della gestione ospedaliera. Il Lean System\u00a0non ha come obiettivo la riduzione dei costi e nemmeno l\u2019aumento\u00a0della produzione. L\u2019uno e l\u2019altro beneficio si verificano\u00a0come conseguenza del dispiegarsi di un\u2019attivit\u00e0 costantemente\u00a0orientata alla generazione di valore e all\u2019eliminazione di ogni\u00a0spreco rispetto a tale obiettivo.<br \/>\nQuesta tensione verso il miglioramento dei processi di cura,\u00a0reinventando il \u00abviaggio\u00bb della cura e accompagnando il paziente\u00a0nel suo percorso, pu\u00f2 essere ottenuta con una metodica\u00a0applicazione di strumenti oramai consolidati e con il vivo coinvolgimento\u00a0del personale ospedaliero.<br \/>\nQuesto libro spiega la colossale posta in gioco per il sistema\u00a0sanitario italiano, racconta casi di successo a livello nazionale\u00a0e internazionale e soprattutto traccia una road map realistica,\u00a0rivolgendosi a clinici, manager ospedalieri e policy makers.<\/p>\n","protected":false},"excerpt":{"rendered":"<p>Il Sistema di Produzione Toyota, pi\u00f9 diffusamente conosciuto come Lean, ha avuto origine nel settore industriale ma si \u00e8 progressivamente affermato come strumento potente per il miglioramento continuo della gestione ospedaliera. Il Lean System non ha come obiettivo la riduzione dei costi e nemmeno l\u2019aumento della produzione. L\u2019uno e l\u2019altro beneficio si verificano come conseguenza del dispiegarsi di un\u2019attivit\u00e0 costantemente orientata alla generazione di valore e all\u2019eliminazione di ogni spreco rispetto a tale obiettivo.<br \/>\nQuesta tensione verso il miglioramento dei processi di cura, reinventando il \u00abviaggio\u00bb della cura e accompagnando il paziente nel suo percorso, pu\u00f2 essere ottenuta con una metodica applicazione di strumenti oramai consolidati e con il vivo coinvolgimento del personale ospedaliero.<br \/>\nQuesto libro spiega la colossale posta in gioco per il sistema sanitario italiano, racconta casi di successo a livello nazionale e internazionale e soprattutto traccia una road map realistica, rivolgendosi a clinici, manager ospedalieri e policy makers.<\/p>\n","protected":false},"featured_media":15903,"template":"","meta":{"_editorskit_title_hidden":false,"_editorskit_reading_time":0,"_editorskit_is_block_options_detached":false,"_editorskit_block_options_position":"{}","_monsterinsights_skip_tracking":false,"_monsterinsights_sitenote_active":false,"_monsterinsights_sitenote_note":"","_monsterinsights_sitenote_category":0},"product_brand":[],"product_cat":[6805,6529,6532],"product_tag":[],"class_list":{"0":"post-15904","1":"product","2":"type-product","3":"status-publish","4":"has-post-thumbnail","6":"product_cat-guerini-next","7":"product_cat-economia-e-management","8":"product_cat-lean-production","9":"pa_guerini_link_amazon-24-httpswwwamazonitmigliorare","10":"pa_guerini_link_apple_ibook-be-httpsitunesapplecomitbooki","11":"pa_guerini_link_giunti_punto-29-httpwwwgiuntialpuntoitprod","12":"pa_guerini_link_google_play-43-httpsplaygooglecomstoreboo","13":"pa_guerini_link_ibs-49-httpswwwibsitsanita_lean_m","14":"pa_guerini_link_kobo-99-httpswwwkobocomititebooksa","15":"pa_guerini_link_rizzoli-5a-httpwwwlibreriarizzoliitsa","17":"first","18":"instock","19":"sale","20":"shipping-taxable","21":"purchasable","22":"product-type-simple"},"yoast_head":"<!-- This site is optimized with the Yoast SEO plugin v25.4 - https:\/\/yoast.com\/wordpress\/plugins\/seo\/ -->\n<title>Sanit\u00e0 lean - Guerini e Associati<\/title>\n<meta name=\"robots\" content=\"index, follow, max-snippet:-1, max-image-preview:large, max-video-preview:-1\" \/>\n<link rel=\"canonical\" href=\"https:\/\/www.guerini.it\/index.php\/prodotto\/sanita-lean\/\" \/>\n<meta property=\"og:locale\" content=\"it_IT\" \/>\n<meta property=\"og:type\" content=\"article\" \/>\n<meta property=\"og:title\" content=\"Sanit\u00e0 lean - Guerini e Associati\" \/>\n<meta property=\"og:description\" content=\"Il Sistema di Produzione Toyota, pi\u00f9 diffusamente conosciuto come Lean, ha avuto origine nel settore industriale ma si \u00e8 progressivamente affermato come strumento potente per il miglioramento continuo della gestione ospedaliera. Il Lean System non ha come obiettivo la riduzione dei costi e nemmeno l\u2019aumento della produzione. L\u2019uno e l\u2019altro beneficio si verificano come conseguenza del dispiegarsi di un\u2019attivit\u00e0 costantemente orientata alla generazione di valore e all\u2019eliminazione di ogni spreco rispetto a tale obiettivo. Questa tensione verso il miglioramento dei processi di cura, reinventando il \u00abviaggio\u00bb della cura e accompagnando il paziente nel suo percorso, pu\u00f2 essere ottenuta con una metodica applicazione di strumenti oramai consolidati e con il vivo coinvolgimento del personale ospedaliero. Questo libro spiega la colossale posta in gioco per il sistema sanitario italiano, racconta casi di successo a livello nazionale e internazionale e soprattutto traccia una road map realistica, rivolgendosi a clinici, manager ospedalieri e policy makers.\" \/>\n<meta property=\"og:url\" content=\"https:\/\/www.guerini.it\/index.php\/prodotto\/sanita-lean\/\" \/>\n<meta property=\"og:site_name\" content=\"Guerini e Associati\" \/>\n<meta property=\"article:modified_time\" content=\"2026-02-19T08:07:58+00:00\" \/>\n<meta property=\"og:image\" content=\"https:\/\/www.guerini.it\/wp-content\/uploads\/2017\/03\/sanit_lean_sito.jpg\" \/>\n\t<meta property=\"og:image:width\" content=\"236\" \/>\n\t<meta property=\"og:image:height\" content=\"353\" \/>\n\t<meta property=\"og:image:type\" content=\"image\/jpeg\" \/>\n<meta name=\"twitter:card\" content=\"summary_large_image\" \/>\n<meta name=\"twitter:label1\" content=\"Tempo di lettura stimato\" \/>\n\t<meta name=\"twitter:data1\" content=\"2 minuti\" \/>\n<!-- \/ Yoast SEO plugin. -->","yoast_head_json":{"title":"Sanit\u00e0 lean - Guerini e Associati","robots":{"index":"index","follow":"follow","max-snippet":"max-snippet:-1","max-image-preview":"max-image-preview:large","max-video-preview":"max-video-preview:-1"},"canonical":"https:\/\/www.guerini.it\/index.php\/prodotto\/sanita-lean\/","og_locale":"it_IT","og_type":"article","og_title":"Sanit\u00e0 lean - Guerini e Associati","og_description":"Il Sistema di Produzione Toyota, pi\u00f9 diffusamente conosciuto come Lean, ha avuto origine nel settore industriale ma si \u00e8 progressivamente affermato come strumento potente per il miglioramento continuo della gestione ospedaliera. Il Lean System non ha come obiettivo la riduzione dei costi e nemmeno l\u2019aumento della produzione. L\u2019uno e l\u2019altro beneficio si verificano come conseguenza del dispiegarsi di un\u2019attivit\u00e0 costantemente orientata alla generazione di valore e all\u2019eliminazione di ogni spreco rispetto a tale obiettivo. Questa tensione verso il miglioramento dei processi di cura, reinventando il \u00abviaggio\u00bb della cura e accompagnando il paziente nel suo percorso, pu\u00f2 essere ottenuta con una metodica applicazione di strumenti oramai consolidati e con il vivo coinvolgimento del personale ospedaliero. Questo libro spiega la colossale posta in gioco per il sistema sanitario italiano, racconta casi di successo a livello nazionale e internazionale e soprattutto traccia una road map realistica, rivolgendosi a clinici, manager ospedalieri e policy makers.","og_url":"https:\/\/www.guerini.it\/index.php\/prodotto\/sanita-lean\/","og_site_name":"Guerini e Associati","article_modified_time":"2026-02-19T08:07:58+00:00","og_image":[{"width":236,"height":353,"url":"https:\/\/www.guerini.it\/wp-content\/uploads\/2017\/03\/sanit_lean_sito.jpg","type":"image\/jpeg"}],"twitter_card":"summary_large_image","twitter_misc":{"Tempo di lettura stimato":"2 minuti"},"schema":{"@context":"https:\/\/schema.org","@graph":[{"@type":"WebPage","@id":"https:\/\/www.guerini.it\/index.php\/prodotto\/sanita-lean\/","url":"https:\/\/www.guerini.it\/index.php\/prodotto\/sanita-lean\/","name":"Sanit\u00e0 lean - Guerini e Associati","isPartOf":{"@id":"https:\/\/www.guerini.it\/#website"},"primaryImageOfPage":{"@id":"https:\/\/www.guerini.it\/index.php\/prodotto\/sanita-lean\/#primaryimage"},"image":{"@id":"https:\/\/www.guerini.it\/index.php\/prodotto\/sanita-lean\/#primaryimage"},"thumbnailUrl":"https:\/\/www.guerini.it\/wp-content\/uploads\/2017\/03\/sanit_lean_sito.jpg","datePublished":"2017-03-30T06:36:29+00:00","dateModified":"2026-02-19T08:07:58+00:00","breadcrumb":{"@id":"https:\/\/www.guerini.it\/index.php\/prodotto\/sanita-lean\/#breadcrumb"},"inLanguage":"it-IT","potentialAction":[{"@type":"ReadAction","target":["https:\/\/www.guerini.it\/index.php\/prodotto\/sanita-lean\/"]}]},{"@type":"ImageObject","inLanguage":"it-IT","@id":"https:\/\/www.guerini.it\/index.php\/prodotto\/sanita-lean\/#primaryimage","url":"https:\/\/www.guerini.it\/wp-content\/uploads\/2017\/03\/sanit_lean_sito.jpg","contentUrl":"https:\/\/www.guerini.it\/wp-content\/uploads\/2017\/03\/sanit_lean_sito.jpg","width":236,"height":353,"caption":"Sanit\u00e0 lean"},{"@type":"BreadcrumbList","@id":"https:\/\/www.guerini.it\/index.php\/prodotto\/sanita-lean\/#breadcrumb","itemListElement":[{"@type":"ListItem","position":1,"name":"Home","item":"https:\/\/www.guerini.it\/"},{"@type":"ListItem","position":2,"name":"Catalogo","item":"https:\/\/www.guerini.it\/index.php\/negozio\/"},{"@type":"ListItem","position":3,"name":"Sanit\u00e0 lean"}]},{"@type":"WebSite","@id":"https:\/\/www.guerini.it\/#website","url":"https:\/\/www.guerini.it\/","name":"Guerini e Associati","description":"30 anni di libri, idee e libert\u00e0","publisher":{"@id":"https:\/\/www.guerini.it\/#organization"},"potentialAction":[{"@type":"SearchAction","target":{"@type":"EntryPoint","urlTemplate":"https:\/\/www.guerini.it\/?s={search_term_string}"},"query-input":{"@type":"PropertyValueSpecification","valueRequired":true,"valueName":"search_term_string"}}],"inLanguage":"it-IT"},{"@type":"Organization","@id":"https:\/\/www.guerini.it\/#organization","name":"Guerini e Associati","url":"https:\/\/www.guerini.it\/","logo":{"@type":"ImageObject","inLanguage":"it-IT","@id":"https:\/\/www.guerini.it\/#\/schema\/logo\/image\/","url":"https:\/\/www.guerini.it\/wp-content\/uploads\/2021\/03\/Logo-Guerini-OK_-e1615831292285.png","contentUrl":"https:\/\/www.guerini.it\/wp-content\/uploads\/2021\/03\/Logo-Guerini-OK_-e1615831292285.png","width":2805,"height":1870,"caption":"Guerini e Associati"},"image":{"@id":"https:\/\/www.guerini.it\/#\/schema\/logo\/image\/"}}]}},"_links":{"self":[{"href":"https:\/\/www.guerini.it\/index.php\/wp-json\/wp\/v2\/product\/15904","targetHints":{"allow":["GET"]}}],"collection":[{"href":"https:\/\/www.guerini.it\/index.php\/wp-json\/wp\/v2\/product"}],"about":[{"href":"https:\/\/www.guerini.it\/index.php\/wp-json\/wp\/v2\/types\/product"}],"wp:featuredmedia":[{"embeddable":true,"href":"https:\/\/www.guerini.it\/index.php\/wp-json\/wp\/v2\/media\/15903"}],"wp:attachment":[{"href":"https:\/\/www.guerini.it\/index.php\/wp-json\/wp\/v2\/media?parent=15904"}],"wp:term":[{"taxonomy":"product_brand","embeddable":true,"href":"https:\/\/www.guerini.it\/index.php\/wp-json\/wp\/v2\/product_brand?post=15904"},{"taxonomy":"product_cat","embeddable":true,"href":"https:\/\/www.guerini.it\/index.php\/wp-json\/wp\/v2\/product_cat?post=15904"},{"taxonomy":"product_tag","embeddable":true,"href":"https:\/\/www.guerini.it\/index.php\/wp-json\/wp\/v2\/product_tag?post=15904"}],"curies":[{"name":"wp","href":"https:\/\/api.w.org\/{rel}","templated":true}]}}