{"id":15910,"date":"2017-04-10T06:50:18","date_gmt":"2017-04-10T04:50:18","guid":{"rendered":"https:\/\/test.guerini.it\/?product=giovani-dentro-la-crisi"},"modified":"2024-06-12T14:41:34","modified_gmt":"2024-06-12T12:41:34","slug":"giovani-dentro-la-crisi","status":"publish","type":"product","link":"https:\/\/www.guerini.it\/index.php\/prodotto\/giovani-dentro-la-crisi\/","title":{"rendered":"Giovani dentro la crisi"},"content":{"rendered":"<p style=\"text-align: justify;\">Il contesto caratterizzato da una costante disoccupazione e precarizzazione delle professioni, da rapporti di dipendenza &ndash; e non solo di solidariet&agrave; &ndash; nei confronti delle famiglie, da una presenza imprescindibile delle nuove tecnologie digitali e da una partecipazione politica ridotta, per lo pi&ugrave; limitata a minoranze attive online o a forme di volontariato locale, sembrerebbe disegnare uno scenario con scarsi margini di manovra e di possibilit&agrave; di immaginare il futuro. Questo &egrave; il volto che la &laquo;crisi&raquo; mostra alla generazione di giovani italiani &ndash; di et&agrave; compresa tra venti e trent&rsquo;anni &ndash; protagonisti dell&rsquo;indagine presentata in questo libro. <br \/>Ricerca dell&rsquo;indipendenza, capacit&agrave; di gestire l&rsquo;incertezza, il pluralismo e la contingenza delle opportunit&agrave; e dei rischi vanno considerati come un tratto distintivo di questa generazione di giovani adulti, costretti a riadattare e inventare costantemente se stessi nel quotidiano. <br \/>L&rsquo;attenzione si focalizza perci&ograve; sulle forme di adattamento e di exit strategies dei giovani intervistati, sulle loro tattiche e capacit&agrave; di navigare nella contingenza, sulla loro capacit&agrave; di valorizzare e connettere risorse scarse e situarsi l&agrave; dove i flussi di informazione e di opportunit&agrave; si coagulano temporaneamente, vivendo in intersezioni costantemente mutevoli.<\/p>\n<p style=\"text-align: justify;\">&nbsp;<\/p>\n<p style=\"text-align: justify;\"><strong>Permalink:&nbsp;<\/strong><a href=\"http:\/\/digital.casalini.it\/9788881952359\">http:\/\/digital.casalini.it\/9788881952359<\/a><\/p>\n","protected":false},"excerpt":{"rendered":"<p>Il contesto caratterizzato da una costante disoccupazione e precarizzazione delle professioni, da rapporti di dipendenza \u2013 e non solo di solidariet\u00e0 \u2013 nei confronti delle famiglie, da una presenza imprescindibile delle nuove tecnologie digitali e da una partecipazione politica ridotta, per lo pi\u00f9 limitata a minoranze attive online o a forme di volontariato locale, sembrerebbe disegnare uno scenario con scarsi margini di manovra e di possibilit\u00e0 di immaginare il futuro. Questo \u00e8 il volto che la \u00abcrisi\u00bb mostra alla generazione di giovani italiani \u2013 di et\u00e0 compresa tra venti e trent\u2019anni \u2013 protagonisti dell\u2019indagine presentata in questo libro.<br \/>\nRicerca dell\u2019indipendenza, capacit\u00e0 di gestire l\u2019incertezza, il pluralismo e la contingenza delle opportunit\u00e0 e dei rischi vanno considerati come un tratto distintivo di questa generazione di giovani adulti, costretti a riadattare e inventare costantemente se stessi nel quotidiano.<br \/>\nL\u2019attenzione si focalizza perci\u00f2 sulle forme di adattamento e di exit strategies dei giovani intervistati, sulle loro tattiche e capacit\u00e0 di navigare nella contingenza, sulla loro capacit\u00e0 di valorizzare e connettere risorse scarse e situarsi l\u00e0 dove i flussi di informazione e di opportunit\u00e0 si coagulano temporaneamente, vivendo in intersezioni costantemente mutevoli.<\/p>\n","protected":false},"featured_media":15909,"template":"","meta":{"_editorskit_title_hidden":false,"_editorskit_reading_time":0,"_editorskit_is_block_options_detached":false,"_editorskit_block_options_position":"{}","_monsterinsights_skip_tracking":false,"_monsterinsights_sitenote_active":false,"_monsterinsights_sitenote_note":"","_monsterinsights_sitenote_category":0},"product_brand":[],"product_cat":[6554,6537],"product_tag":[],"class_list":{"0":"post-15910","1":"product","2":"type-product","3":"status-publish","4":"has-post-thumbnail","6":"product_cat-intersezioni-e-asincronie","7":"product_cat-scienze-politiche-sociali","8":"pa_guerini_link_amazon-5a-httpswwwamazonitgiovani_de","9":"pa_guerini_link_apple_ibook-29-httpsitunesapplecomitbookg","10":"pa_guerini_link_giunti_punto-44-httpwwwgiuntialpuntoitprod","11":"pa_guerini_link_kobo-aa-httpswwwkobocomititebookgi","13":"first","14":"instock","15":"sale","16":"shipping-taxable","17":"purchasable","18":"product-type-simple"},"yoast_head":"<!-- This site is optimized with the Yoast SEO plugin v25.4 - https:\/\/yoast.com\/wordpress\/plugins\/seo\/ -->\n<title>Giovani dentro la crisi - Guerini e Associati<\/title>\n<meta name=\"robots\" content=\"index, follow, max-snippet:-1, max-image-preview:large, max-video-preview:-1\" \/>\n<link rel=\"canonical\" href=\"https:\/\/www.guerini.it\/index.php\/prodotto\/giovani-dentro-la-crisi\/\" \/>\n<meta property=\"og:locale\" content=\"it_IT\" \/>\n<meta property=\"og:type\" content=\"article\" \/>\n<meta property=\"og:title\" content=\"Giovani dentro la crisi - Guerini e Associati\" \/>\n<meta property=\"og:description\" content=\"Il contesto caratterizzato da una costante disoccupazione e precarizzazione delle professioni, da rapporti di dipendenza \u2013 e non solo di solidariet\u00e0 \u2013 nei confronti delle famiglie, da una presenza imprescindibile delle nuove tecnologie digitali e da una partecipazione politica ridotta, per lo pi\u00f9 limitata a minoranze attive online o a forme di volontariato locale, sembrerebbe disegnare uno scenario con scarsi margini di manovra e di possibilit\u00e0 di immaginare il futuro. Questo \u00e8 il volto che la \u00abcrisi\u00bb mostra alla generazione di giovani italiani \u2013 di et\u00e0 compresa tra venti e trent\u2019anni \u2013 protagonisti dell\u2019indagine presentata in questo libro.  Ricerca dell\u2019indipendenza, capacit\u00e0 di gestire l\u2019incertezza, il pluralismo e la contingenza delle opportunit\u00e0 e dei rischi vanno considerati come un tratto distintivo di questa generazione di giovani adulti, costretti a riadattare e inventare costantemente se stessi nel quotidiano.  L\u2019attenzione si focalizza perci\u00f2 sulle forme di adattamento e di exit strategies dei giovani intervistati, sulle loro tattiche e capacit\u00e0 di navigare nella contingenza, sulla loro capacit\u00e0 di valorizzare e connettere risorse scarse e situarsi l\u00e0 dove i flussi di informazione e di opportunit\u00e0 si coagulano temporaneamente, vivendo in intersezioni costantemente mutevoli.\" \/>\n<meta property=\"og:url\" content=\"https:\/\/www.guerini.it\/index.php\/prodotto\/giovani-dentro-la-crisi\/\" \/>\n<meta property=\"og:site_name\" content=\"Guerini e Associati\" \/>\n<meta property=\"article:modified_time\" content=\"2024-06-12T12:41:34+00:00\" \/>\n<meta property=\"og:image\" content=\"https:\/\/www.guerini.it\/wp-content\/uploads\/2017\/04\/giovani_dentro_la_crisi_sito.jpg\" \/>\n\t<meta property=\"og:image:width\" content=\"228\" \/>\n\t<meta property=\"og:image:height\" content=\"353\" \/>\n\t<meta property=\"og:image:type\" content=\"image\/jpeg\" \/>\n<meta name=\"twitter:card\" content=\"summary_large_image\" \/>\n<meta name=\"twitter:label1\" content=\"Tempo di lettura stimato\" \/>\n\t<meta name=\"twitter:data1\" content=\"1 minuto\" \/>\n<!-- \/ Yoast SEO plugin. -->","yoast_head_json":{"title":"Giovani dentro la crisi - Guerini e Associati","robots":{"index":"index","follow":"follow","max-snippet":"max-snippet:-1","max-image-preview":"max-image-preview:large","max-video-preview":"max-video-preview:-1"},"canonical":"https:\/\/www.guerini.it\/index.php\/prodotto\/giovani-dentro-la-crisi\/","og_locale":"it_IT","og_type":"article","og_title":"Giovani dentro la crisi - Guerini e Associati","og_description":"Il contesto caratterizzato da una costante disoccupazione e precarizzazione delle professioni, da rapporti di dipendenza \u2013 e non solo di solidariet\u00e0 \u2013 nei confronti delle famiglie, da una presenza imprescindibile delle nuove tecnologie digitali e da una partecipazione politica ridotta, per lo pi\u00f9 limitata a minoranze attive online o a forme di volontariato locale, sembrerebbe disegnare uno scenario con scarsi margini di manovra e di possibilit\u00e0 di immaginare il futuro. Questo \u00e8 il volto che la \u00abcrisi\u00bb mostra alla generazione di giovani italiani \u2013 di et\u00e0 compresa tra venti e trent\u2019anni \u2013 protagonisti dell\u2019indagine presentata in questo libro.  Ricerca dell\u2019indipendenza, capacit\u00e0 di gestire l\u2019incertezza, il pluralismo e la contingenza delle opportunit\u00e0 e dei rischi vanno considerati come un tratto distintivo di questa generazione di giovani adulti, costretti a riadattare e inventare costantemente se stessi nel quotidiano.  L\u2019attenzione si focalizza perci\u00f2 sulle forme di adattamento e di exit strategies dei giovani intervistati, sulle loro tattiche e capacit\u00e0 di navigare nella contingenza, sulla loro capacit\u00e0 di valorizzare e connettere risorse scarse e situarsi l\u00e0 dove i flussi di informazione e di opportunit\u00e0 si coagulano temporaneamente, vivendo in intersezioni costantemente mutevoli.","og_url":"https:\/\/www.guerini.it\/index.php\/prodotto\/giovani-dentro-la-crisi\/","og_site_name":"Guerini e Associati","article_modified_time":"2024-06-12T12:41:34+00:00","og_image":[{"width":228,"height":353,"url":"https:\/\/www.guerini.it\/wp-content\/uploads\/2017\/04\/giovani_dentro_la_crisi_sito.jpg","type":"image\/jpeg"}],"twitter_card":"summary_large_image","twitter_misc":{"Tempo di lettura stimato":"1 minuto"},"schema":{"@context":"https:\/\/schema.org","@graph":[{"@type":"WebPage","@id":"https:\/\/www.guerini.it\/index.php\/prodotto\/giovani-dentro-la-crisi\/","url":"https:\/\/www.guerini.it\/index.php\/prodotto\/giovani-dentro-la-crisi\/","name":"Giovani dentro la crisi - Guerini e Associati","isPartOf":{"@id":"https:\/\/www.guerini.it\/#website"},"primaryImageOfPage":{"@id":"https:\/\/www.guerini.it\/index.php\/prodotto\/giovani-dentro-la-crisi\/#primaryimage"},"image":{"@id":"https:\/\/www.guerini.it\/index.php\/prodotto\/giovani-dentro-la-crisi\/#primaryimage"},"thumbnailUrl":"https:\/\/www.guerini.it\/wp-content\/uploads\/2017\/04\/giovani_dentro_la_crisi_sito.jpg","datePublished":"2017-04-10T04:50:18+00:00","dateModified":"2024-06-12T12:41:34+00:00","breadcrumb":{"@id":"https:\/\/www.guerini.it\/index.php\/prodotto\/giovani-dentro-la-crisi\/#breadcrumb"},"inLanguage":"it-IT","potentialAction":[{"@type":"ReadAction","target":["https:\/\/www.guerini.it\/index.php\/prodotto\/giovani-dentro-la-crisi\/"]}]},{"@type":"ImageObject","inLanguage":"it-IT","@id":"https:\/\/www.guerini.it\/index.php\/prodotto\/giovani-dentro-la-crisi\/#primaryimage","url":"https:\/\/www.guerini.it\/wp-content\/uploads\/2017\/04\/giovani_dentro_la_crisi_sito.jpg","contentUrl":"https:\/\/www.guerini.it\/wp-content\/uploads\/2017\/04\/giovani_dentro_la_crisi_sito.jpg","width":228,"height":353,"caption":"Giovani dentro la crisi"},{"@type":"BreadcrumbList","@id":"https:\/\/www.guerini.it\/index.php\/prodotto\/giovani-dentro-la-crisi\/#breadcrumb","itemListElement":[{"@type":"ListItem","position":1,"name":"Home","item":"https:\/\/www.guerini.it\/"},{"@type":"ListItem","position":2,"name":"Catalogo","item":"https:\/\/www.guerini.it\/index.php\/negozio\/"},{"@type":"ListItem","position":3,"name":"Giovani dentro la crisi"}]},{"@type":"WebSite","@id":"https:\/\/www.guerini.it\/#website","url":"https:\/\/www.guerini.it\/","name":"Guerini e Associati","description":"30 anni di libri, idee e libert\u00e0","publisher":{"@id":"https:\/\/www.guerini.it\/#organization"},"potentialAction":[{"@type":"SearchAction","target":{"@type":"EntryPoint","urlTemplate":"https:\/\/www.guerini.it\/?s={search_term_string}"},"query-input":{"@type":"PropertyValueSpecification","valueRequired":true,"valueName":"search_term_string"}}],"inLanguage":"it-IT"},{"@type":"Organization","@id":"https:\/\/www.guerini.it\/#organization","name":"Guerini e Associati","url":"https:\/\/www.guerini.it\/","logo":{"@type":"ImageObject","inLanguage":"it-IT","@id":"https:\/\/www.guerini.it\/#\/schema\/logo\/image\/","url":"https:\/\/www.guerini.it\/wp-content\/uploads\/2021\/03\/Logo-Guerini-OK_-e1615831292285.png","contentUrl":"https:\/\/www.guerini.it\/wp-content\/uploads\/2021\/03\/Logo-Guerini-OK_-e1615831292285.png","width":2805,"height":1870,"caption":"Guerini e Associati"},"image":{"@id":"https:\/\/www.guerini.it\/#\/schema\/logo\/image\/"}}]}},"_links":{"self":[{"href":"https:\/\/www.guerini.it\/index.php\/wp-json\/wp\/v2\/product\/15910","targetHints":{"allow":["GET"]}}],"collection":[{"href":"https:\/\/www.guerini.it\/index.php\/wp-json\/wp\/v2\/product"}],"about":[{"href":"https:\/\/www.guerini.it\/index.php\/wp-json\/wp\/v2\/types\/product"}],"wp:featuredmedia":[{"embeddable":true,"href":"https:\/\/www.guerini.it\/index.php\/wp-json\/wp\/v2\/media\/15909"}],"wp:attachment":[{"href":"https:\/\/www.guerini.it\/index.php\/wp-json\/wp\/v2\/media?parent=15910"}],"wp:term":[{"taxonomy":"product_brand","embeddable":true,"href":"https:\/\/www.guerini.it\/index.php\/wp-json\/wp\/v2\/product_brand?post=15910"},{"taxonomy":"product_cat","embeddable":true,"href":"https:\/\/www.guerini.it\/index.php\/wp-json\/wp\/v2\/product_cat?post=15910"},{"taxonomy":"product_tag","embeddable":true,"href":"https:\/\/www.guerini.it\/index.php\/wp-json\/wp\/v2\/product_tag?post=15910"}],"curies":[{"name":"wp","href":"https:\/\/api.w.org\/{rel}","templated":true}]}}