{"id":15912,"date":"2017-04-12T13:33:33","date_gmt":"2017-04-12T11:33:33","guid":{"rendered":"https:\/\/test.guerini.it\/?product=il-potere-della-semplificazione"},"modified":"2024-07-03T11:25:17","modified_gmt":"2024-07-03T09:25:17","slug":"il-potere-della-semplificazione","status":"publish","type":"product","link":"https:\/\/www.guerini.it\/index.php\/prodotto\/il-potere-della-semplificazione\/","title":{"rendered":"Il potere della semplificazione"},"content":{"rendered":"<p style=\"text-align: justify;\">\u00abSemplicit\u00e0 vuol dire arrivare all\u2019essenza del problema. Ogni componente, ogni caratteristica che non \u00e8 in linea con l\u2019essenza, o che non crea valore per il cliente, deve essere eliminata.\u00bb<\/p>\n<p style=\"text-align: justify;\">\u00abSecondo l\u2019approccio lean, l\u2019azienda \u00e8 un grande sistema guidato dagli eventi. Il suo obiettivo \u00e8 mettere le cose giuste al posto giusto nel momento giusto e in quantit\u00e0 opportune cos\u00ec da ottenere un flusso perfetto.\u00bb<\/p>\n<p style=\"text-align: justify;\">\u00abIl segreto del successo sta nel concentrarsi sui dettagli \u2013 costantemente \u2013 non nel trovare una soluzione brillante una volta per tutte.\u00bb<\/p>\n<p style=\"text-align: justify;\">Seguendo questi e molti altri principi qui condivisi con il lettore, Enrico Franzolin \u00e8 riuscito a trasformare una start-up di 3 persone in un\u2019azienda di caratura internazionale capace di rivoluzionare, attraverso l\u2019innovazione tecnologica, il proprio settore.<\/p>\n","protected":false},"excerpt":{"rendered":"<p style=\"text-align: justify;\">\u00abSemplicit\u00e0 vuol dire arrivare all\u2019essenza del problema. Ogni componente, ogni caratteristica che non \u00e8 in linea con l\u2019essenza, o che non crea valore per il cliente, deve essere eliminata.\u00bb<\/p>\n<p style=\"text-align: justify;\">\u00abSecondo l\u2019approccio lean, l\u2019azienda \u00e8 un grande sistema guidato dagli eventi. Il suo obiettivo \u00e8 mettere le cose giuste al posto giusto nel momento giusto e in quantit\u00e0 opportune cos\u00ec da ottenere un flusso perfetto.\u00bb<\/p>\n<p style=\"text-align: justify;\">\u00abIl segreto del successo sta nel concentrarsi sui dettagli \u2013 costantemente \u2013 non nel trovare una soluzione brillante una volta per tutte.\u00bb<\/p>\n<p style=\"text-align: justify;\">Seguendo questi e molti altri principi qui condivisi con il lettore, Enrico Franzolin \u00e8 riuscito a trasformare una start-up di 3 persone in un\u2019azienda di caratura internazionale capace di rivoluzionare, attraverso l\u2019innovazione tecnologica, il proprio settore.<\/p>\n","protected":false},"featured_media":15911,"template":"","meta":{"_editorskit_title_hidden":false,"_editorskit_reading_time":0,"_editorskit_is_block_options_detached":false,"_editorskit_block_options_position":"{}","_monsterinsights_skip_tracking":false,"_monsterinsights_sitenote_active":false,"_monsterinsights_sitenote_note":"","_monsterinsights_sitenote_category":0},"product_brand":[],"product_cat":[6805,6529],"product_tag":[],"class_list":{"0":"post-15912","1":"product","2":"type-product","3":"status-publish","4":"has-post-thumbnail","6":"product_cat-guerini-next","7":"product_cat-economia-e-management","8":"pa_guerini_link_amazon-e9-httpswwwamazonitsemplifica","9":"pa_guerini_link_apple_ibook-55-httpsitunesapplecomitbooki","10":"pa_guerini_link_bookrepublic-e3-httpswwwbookrepublicitbook","11":"pa_guerini_link_giunti_punto-96-httpwwwgiuntialpuntoitprod","12":"pa_guerini_link_google_play-96-httpwwwgiuntialpuntoitprod","13":"pa_guerini_link_ibs-f6-httpswwwibsitpotere_della_","14":"pa_guerini_link_kobo-a1-httpswwwkobocomititebookil","15":"pa_guerini_link_lafeltrinelli-cc-httpwwwlafeltrinelliiteboo","16":"pa_guerini_link_mondadori-b4-httpwwwmondadoristoreitpot","17":"pa_guerini_link_rizzoli-c6-httpwwwlibreriarizzoliitpo","18":"pa_guerini_strillo-77-elamancanzadirisorse_enonl","20":"first","21":"instock","22":"sale","23":"shipping-taxable","24":"purchasable","25":"product-type-simple"},"yoast_head":"<!-- This site is optimized with the Yoast SEO plugin v25.4 - https:\/\/yoast.com\/wordpress\/plugins\/seo\/ -->\n<title>Il potere della semplificazione - Guerini e Associati<\/title>\n<meta name=\"robots\" content=\"index, follow, max-snippet:-1, max-image-preview:large, max-video-preview:-1\" \/>\n<link rel=\"canonical\" href=\"https:\/\/www.guerini.it\/index.php\/prodotto\/il-potere-della-semplificazione\/\" \/>\n<meta property=\"og:locale\" content=\"it_IT\" \/>\n<meta property=\"og:type\" content=\"article\" \/>\n<meta property=\"og:title\" content=\"Il potere della semplificazione - Guerini e Associati\" \/>\n<meta property=\"og:description\" content=\"\u00abSemplicit\u00e0 vuol dire arrivare all\u2019essenza del problema. Ogni componente, ogni caratteristica che non \u00e8 in linea con l\u2019essenza, o che non crea valore per il cliente, deve essere eliminata.\u00bb \u00abSecondo l\u2019approccio lean, l\u2019azienda \u00e8 un grande sistema guidato dagli eventi. Il suo obiettivo \u00e8 mettere le cose giuste al posto giusto nel momento giusto e in quantit\u00e0 opportune cos\u00ec da ottenere un flusso perfetto.\u00bb \u00abIl segreto del successo sta nel concentrarsi sui dettagli \u2013 costantemente \u2013 non nel trovare una soluzione brillante una volta per tutte.\u00bb Seguendo questi e molti altri principi qui condivisi con il lettore, Enrico Franzolin \u00e8 riuscito a trasformare una start-up di 3 persone in un\u2019azienda di caratura internazionale capace di rivoluzionare, attraverso l\u2019innovazione tecnologica, il proprio settore.\" \/>\n<meta property=\"og:url\" content=\"https:\/\/www.guerini.it\/index.php\/prodotto\/il-potere-della-semplificazione\/\" \/>\n<meta property=\"og:site_name\" content=\"Guerini e Associati\" \/>\n<meta property=\"article:modified_time\" content=\"2024-07-03T09:25:17+00:00\" \/>\n<meta property=\"og:image\" content=\"https:\/\/www.guerini.it\/wp-content\/uploads\/2017\/04\/potere_della_semplificazione_sito.jpg\" \/>\n\t<meta property=\"og:image:width\" content=\"235\" \/>\n\t<meta property=\"og:image:height\" content=\"353\" \/>\n\t<meta property=\"og:image:type\" content=\"image\/jpeg\" \/>\n<meta name=\"twitter:card\" content=\"summary_large_image\" \/>\n<meta name=\"twitter:label1\" content=\"Tempo di lettura stimato\" \/>\n\t<meta name=\"twitter:data1\" content=\"1 minuto\" \/>\n<!-- \/ Yoast SEO plugin. -->","yoast_head_json":{"title":"Il potere della semplificazione - Guerini e Associati","robots":{"index":"index","follow":"follow","max-snippet":"max-snippet:-1","max-image-preview":"max-image-preview:large","max-video-preview":"max-video-preview:-1"},"canonical":"https:\/\/www.guerini.it\/index.php\/prodotto\/il-potere-della-semplificazione\/","og_locale":"it_IT","og_type":"article","og_title":"Il potere della semplificazione - Guerini e Associati","og_description":"\u00abSemplicit\u00e0 vuol dire arrivare all\u2019essenza del problema. Ogni componente, ogni caratteristica che non \u00e8 in linea con l\u2019essenza, o che non crea valore per il cliente, deve essere eliminata.\u00bb \u00abSecondo l\u2019approccio lean, l\u2019azienda \u00e8 un grande sistema guidato dagli eventi. Il suo obiettivo \u00e8 mettere le cose giuste al posto giusto nel momento giusto e in quantit\u00e0 opportune cos\u00ec da ottenere un flusso perfetto.\u00bb \u00abIl segreto del successo sta nel concentrarsi sui dettagli \u2013 costantemente \u2013 non nel trovare una soluzione brillante una volta per tutte.\u00bb Seguendo questi e molti altri principi qui condivisi con il lettore, Enrico Franzolin \u00e8 riuscito a trasformare una start-up di 3 persone in un\u2019azienda di caratura internazionale capace di rivoluzionare, attraverso l\u2019innovazione tecnologica, il proprio settore.","og_url":"https:\/\/www.guerini.it\/index.php\/prodotto\/il-potere-della-semplificazione\/","og_site_name":"Guerini e Associati","article_modified_time":"2024-07-03T09:25:17+00:00","og_image":[{"width":235,"height":353,"url":"https:\/\/www.guerini.it\/wp-content\/uploads\/2017\/04\/potere_della_semplificazione_sito.jpg","type":"image\/jpeg"}],"twitter_card":"summary_large_image","twitter_misc":{"Tempo di lettura stimato":"1 minuto"},"schema":{"@context":"https:\/\/schema.org","@graph":[{"@type":"WebPage","@id":"https:\/\/www.guerini.it\/index.php\/prodotto\/il-potere-della-semplificazione\/","url":"https:\/\/www.guerini.it\/index.php\/prodotto\/il-potere-della-semplificazione\/","name":"Il potere della semplificazione - Guerini e Associati","isPartOf":{"@id":"https:\/\/www.guerini.it\/#website"},"primaryImageOfPage":{"@id":"https:\/\/www.guerini.it\/index.php\/prodotto\/il-potere-della-semplificazione\/#primaryimage"},"image":{"@id":"https:\/\/www.guerini.it\/index.php\/prodotto\/il-potere-della-semplificazione\/#primaryimage"},"thumbnailUrl":"https:\/\/www.guerini.it\/wp-content\/uploads\/2017\/04\/potere_della_semplificazione_sito.jpg","datePublished":"2017-04-12T11:33:33+00:00","dateModified":"2024-07-03T09:25:17+00:00","breadcrumb":{"@id":"https:\/\/www.guerini.it\/index.php\/prodotto\/il-potere-della-semplificazione\/#breadcrumb"},"inLanguage":"it-IT","potentialAction":[{"@type":"ReadAction","target":["https:\/\/www.guerini.it\/index.php\/prodotto\/il-potere-della-semplificazione\/"]}]},{"@type":"ImageObject","inLanguage":"it-IT","@id":"https:\/\/www.guerini.it\/index.php\/prodotto\/il-potere-della-semplificazione\/#primaryimage","url":"https:\/\/www.guerini.it\/wp-content\/uploads\/2017\/04\/potere_della_semplificazione_sito.jpg","contentUrl":"https:\/\/www.guerini.it\/wp-content\/uploads\/2017\/04\/potere_della_semplificazione_sito.jpg","width":235,"height":353,"caption":"il potere della semplificazione"},{"@type":"BreadcrumbList","@id":"https:\/\/www.guerini.it\/index.php\/prodotto\/il-potere-della-semplificazione\/#breadcrumb","itemListElement":[{"@type":"ListItem","position":1,"name":"Home","item":"https:\/\/www.guerini.it\/"},{"@type":"ListItem","position":2,"name":"Catalogo","item":"https:\/\/www.guerini.it\/index.php\/negozio\/"},{"@type":"ListItem","position":3,"name":"Il potere della semplificazione"}]},{"@type":"WebSite","@id":"https:\/\/www.guerini.it\/#website","url":"https:\/\/www.guerini.it\/","name":"Guerini e Associati","description":"30 anni di libri, idee e libert\u00e0","publisher":{"@id":"https:\/\/www.guerini.it\/#organization"},"potentialAction":[{"@type":"SearchAction","target":{"@type":"EntryPoint","urlTemplate":"https:\/\/www.guerini.it\/?s={search_term_string}"},"query-input":{"@type":"PropertyValueSpecification","valueRequired":true,"valueName":"search_term_string"}}],"inLanguage":"it-IT"},{"@type":"Organization","@id":"https:\/\/www.guerini.it\/#organization","name":"Guerini e Associati","url":"https:\/\/www.guerini.it\/","logo":{"@type":"ImageObject","inLanguage":"it-IT","@id":"https:\/\/www.guerini.it\/#\/schema\/logo\/image\/","url":"https:\/\/www.guerini.it\/wp-content\/uploads\/2021\/03\/Logo-Guerini-OK_-e1615831292285.png","contentUrl":"https:\/\/www.guerini.it\/wp-content\/uploads\/2021\/03\/Logo-Guerini-OK_-e1615831292285.png","width":2805,"height":1870,"caption":"Guerini e Associati"},"image":{"@id":"https:\/\/www.guerini.it\/#\/schema\/logo\/image\/"}}]}},"_links":{"self":[{"href":"https:\/\/www.guerini.it\/index.php\/wp-json\/wp\/v2\/product\/15912","targetHints":{"allow":["GET"]}}],"collection":[{"href":"https:\/\/www.guerini.it\/index.php\/wp-json\/wp\/v2\/product"}],"about":[{"href":"https:\/\/www.guerini.it\/index.php\/wp-json\/wp\/v2\/types\/product"}],"wp:featuredmedia":[{"embeddable":true,"href":"https:\/\/www.guerini.it\/index.php\/wp-json\/wp\/v2\/media\/15911"}],"wp:attachment":[{"href":"https:\/\/www.guerini.it\/index.php\/wp-json\/wp\/v2\/media?parent=15912"}],"wp:term":[{"taxonomy":"product_brand","embeddable":true,"href":"https:\/\/www.guerini.it\/index.php\/wp-json\/wp\/v2\/product_brand?post=15912"},{"taxonomy":"product_cat","embeddable":true,"href":"https:\/\/www.guerini.it\/index.php\/wp-json\/wp\/v2\/product_cat?post=15912"},{"taxonomy":"product_tag","embeddable":true,"href":"https:\/\/www.guerini.it\/index.php\/wp-json\/wp\/v2\/product_tag?post=15912"}],"curies":[{"name":"wp","href":"https:\/\/api.w.org\/{rel}","templated":true}]}}