{"id":15926,"date":"2017-05-11T11:31:03","date_gmt":"2017-05-11T09:31:03","guid":{"rendered":"https:\/\/test.guerini.it\/?product=rivoluzione-metalmeccanica"},"modified":"2024-06-12T14:40:58","modified_gmt":"2024-06-12T12:40:58","slug":"rivoluzione-metalmeccanica","status":"publish","type":"product","link":"https:\/\/www.guerini.it\/index.php\/prodotto\/rivoluzione-metalmeccanica\/","title":{"rendered":"Rivoluzione metalmeccanica"},"content":{"rendered":"<p style=\"text-align: justify;\">Il settore della metalmeccanica &egrave; quello pi&ugrave; importante della nostra industria e, anche, il pi&ugrave; vivace, come del resto in tutta Europa. Negli ultimi dieci anni &egrave; stato teatro di eventi che stanno profondamente cambiando il sistema del lavoro e delle relazioni industriali: prima il caso Fiat, ora il rinnovo unitario del contratto nazionale. Quest&rsquo;ultimo evento non solo ricompone una grande frattura, ma segna l&rsquo;inizio di un processo condiviso che accompagna imprese e lavoratori verso <em>Industry 4.0<\/em>. Il sistema della rappresentanza del lavoro sta dando cos&igrave; una grande lezione alla politica di cosa significa mediare e fare sintesi per guidare e non subire le grandi trasformazioni dell&rsquo;era globale. &laquo;Non siamo mica metalmeccanici&raquo; ha affermato in tempi recenti un deputato della Repubblica nell&rsquo;aula del Parlamento. I <em>meccanici<\/em>, invece, scrivono un&rsquo;importante pagina di storia che sancisce l&rsquo;inizio di una nuova filosofia dell&rsquo;industria &ndash; basata sulla partecipazione &ndash; e la fine del salario come variabile indipendente. E chi lavora per il bene comune di questo paese sa che questa &egrave; una pagina importante.<\/p>\n","protected":false},"excerpt":{"rendered":"<p>Il settore della metalmeccanica \u00e8 quello pi\u00f9 importante della nostra industria e, anche, il pi\u00f9 vivace, come del resto in tutta Europa. Negli ultimi dieci anni \u00e8 stato teatro di eventi che stanno profondamente cambiando il sistema del lavoro e delle relazioni industriali: prima il caso Fiat, ora il rinnovo unitario del contratto nazionale. Quest\u2019ultimo evento non solo ricompone una grande frattura, ma segna l\u2019inizio di un processo condiviso che accompagna imprese e lavoratori verso Industry 4.0. Il sistema della rappresentanza del lavoro sta dando cos\u00ec una grande lezione alla politica di cosa significa mediare e fare sintesi per guidare e non subire le grandi trasformazioni dell\u2019era globale. \u00abNon siamo mica metalmeccanici\u00bb ha affermato in tempi recenti un deputato della Repubblica nell\u2019aula del Parlamento. I meccanici, invece, scrivono un\u2019importante pagina di storia che sancisce l\u2019inizio di una nuova filosofia dell\u2019industria \u2013 basata sulla partecipazione \u2013 e la fine del salario come variabile indipendente. E chi lavora per il bene comune di questo paese sa che questa \u00e8 una pagina importante.<\/p>\n","protected":false},"featured_media":15925,"template":"","meta":{"_editorskit_title_hidden":false,"_editorskit_reading_time":0,"_editorskit_is_block_options_detached":false,"_editorskit_block_options_position":"{}","_monsterinsights_skip_tracking":false,"_monsterinsights_sitenote_active":false,"_monsterinsights_sitenote_note":"","_monsterinsights_sitenote_category":0},"product_brand":[],"product_cat":[6529,6698],"product_tag":[],"class_list":{"0":"post-15926","1":"product","2":"type-product","3":"status-publish","4":"has-post-thumbnail","6":"product_cat-economia-e-management","7":"product_cat-la-nuova-industria","8":"pa_guerini_link_amazon-92-httpswwwamazonitrivoluzion","9":"pa_guerini_link_apple_ibook-10-httpsitunesapplecomitbookr","10":"pa_guerini_link_giunti_punto-90-httpwwwgiuntialpuntoitprod","11":"pa_guerini_link_google_play-86-httpsplaygooglecomstoreboo","12":"pa_guerini_link_ibs-49-httpswwwibsitrivoluzione_m","13":"pa_guerini_link_kobo-38-httpswwwkobocomititebookri","14":"pa_guerini_link_lafeltrinelli-43-httpwwwlafeltrinelliiteboo","16":"first","17":"instock","18":"sale","19":"shipping-taxable","20":"purchasable","21":"product-type-simple"},"yoast_head":"<!-- This site is optimized with the Yoast SEO plugin v25.4 - https:\/\/yoast.com\/wordpress\/plugins\/seo\/ -->\n<title>Rivoluzione metalmeccanica - Guerini e Associati<\/title>\n<meta name=\"robots\" content=\"index, follow, max-snippet:-1, max-image-preview:large, max-video-preview:-1\" \/>\n<link rel=\"canonical\" href=\"https:\/\/www.guerini.it\/index.php\/prodotto\/rivoluzione-metalmeccanica\/\" \/>\n<meta property=\"og:locale\" content=\"it_IT\" \/>\n<meta property=\"og:type\" content=\"article\" \/>\n<meta property=\"og:title\" content=\"Rivoluzione metalmeccanica - Guerini e Associati\" \/>\n<meta property=\"og:description\" content=\"Il settore della metalmeccanica \u00e8 quello pi\u00f9 importante della nostra industria e, anche, il pi\u00f9 vivace, come del resto in tutta Europa. Negli ultimi dieci anni \u00e8 stato teatro di eventi che stanno profondamente cambiando il sistema del lavoro e delle relazioni industriali: prima il caso Fiat, ora il rinnovo unitario del contratto nazionale. Quest\u2019ultimo evento non solo ricompone una grande frattura, ma segna l\u2019inizio di un processo condiviso che accompagna imprese e lavoratori verso Industry 4.0. Il sistema della rappresentanza del lavoro sta dando cos\u00ec una grande lezione alla politica di cosa significa mediare e fare sintesi per guidare e non subire le grandi trasformazioni dell\u2019era globale. \u00abNon siamo mica metalmeccanici\u00bb ha affermato in tempi recenti un deputato della Repubblica nell\u2019aula del Parlamento. I meccanici, invece, scrivono un\u2019importante pagina di storia che sancisce l\u2019inizio di una nuova filosofia dell\u2019industria \u2013 basata sulla partecipazione \u2013 e la fine del salario come variabile indipendente. E chi lavora per il bene comune di questo paese sa che questa \u00e8 una pagina importante.\" \/>\n<meta property=\"og:url\" content=\"https:\/\/www.guerini.it\/index.php\/prodotto\/rivoluzione-metalmeccanica\/\" \/>\n<meta property=\"og:site_name\" content=\"Guerini e Associati\" \/>\n<meta property=\"article:modified_time\" content=\"2024-06-12T12:40:58+00:00\" \/>\n<meta property=\"og:image\" content=\"https:\/\/www.guerini.it\/wp-content\/uploads\/2017\/05\/rivoluzione_metalmeccanica_sito.jpg\" \/>\n\t<meta property=\"og:image:width\" content=\"228\" \/>\n\t<meta property=\"og:image:height\" content=\"353\" \/>\n\t<meta property=\"og:image:type\" content=\"image\/jpeg\" \/>\n<meta name=\"twitter:card\" content=\"summary_large_image\" \/>\n<meta name=\"twitter:label1\" content=\"Tempo di lettura stimato\" \/>\n\t<meta name=\"twitter:data1\" content=\"1 minuto\" \/>\n<!-- \/ Yoast SEO plugin. -->","yoast_head_json":{"title":"Rivoluzione metalmeccanica - Guerini e Associati","robots":{"index":"index","follow":"follow","max-snippet":"max-snippet:-1","max-image-preview":"max-image-preview:large","max-video-preview":"max-video-preview:-1"},"canonical":"https:\/\/www.guerini.it\/index.php\/prodotto\/rivoluzione-metalmeccanica\/","og_locale":"it_IT","og_type":"article","og_title":"Rivoluzione metalmeccanica - Guerini e Associati","og_description":"Il settore della metalmeccanica \u00e8 quello pi\u00f9 importante della nostra industria e, anche, il pi\u00f9 vivace, come del resto in tutta Europa. Negli ultimi dieci anni \u00e8 stato teatro di eventi che stanno profondamente cambiando il sistema del lavoro e delle relazioni industriali: prima il caso Fiat, ora il rinnovo unitario del contratto nazionale. Quest\u2019ultimo evento non solo ricompone una grande frattura, ma segna l\u2019inizio di un processo condiviso che accompagna imprese e lavoratori verso Industry 4.0. Il sistema della rappresentanza del lavoro sta dando cos\u00ec una grande lezione alla politica di cosa significa mediare e fare sintesi per guidare e non subire le grandi trasformazioni dell\u2019era globale. \u00abNon siamo mica metalmeccanici\u00bb ha affermato in tempi recenti un deputato della Repubblica nell\u2019aula del Parlamento. I meccanici, invece, scrivono un\u2019importante pagina di storia che sancisce l\u2019inizio di una nuova filosofia dell\u2019industria \u2013 basata sulla partecipazione \u2013 e la fine del salario come variabile indipendente. E chi lavora per il bene comune di questo paese sa che questa \u00e8 una pagina importante.","og_url":"https:\/\/www.guerini.it\/index.php\/prodotto\/rivoluzione-metalmeccanica\/","og_site_name":"Guerini e Associati","article_modified_time":"2024-06-12T12:40:58+00:00","og_image":[{"width":228,"height":353,"url":"https:\/\/www.guerini.it\/wp-content\/uploads\/2017\/05\/rivoluzione_metalmeccanica_sito.jpg","type":"image\/jpeg"}],"twitter_card":"summary_large_image","twitter_misc":{"Tempo di lettura stimato":"1 minuto"},"schema":{"@context":"https:\/\/schema.org","@graph":[{"@type":"WebPage","@id":"https:\/\/www.guerini.it\/index.php\/prodotto\/rivoluzione-metalmeccanica\/","url":"https:\/\/www.guerini.it\/index.php\/prodotto\/rivoluzione-metalmeccanica\/","name":"Rivoluzione metalmeccanica - Guerini e Associati","isPartOf":{"@id":"https:\/\/www.guerini.it\/#website"},"primaryImageOfPage":{"@id":"https:\/\/www.guerini.it\/index.php\/prodotto\/rivoluzione-metalmeccanica\/#primaryimage"},"image":{"@id":"https:\/\/www.guerini.it\/index.php\/prodotto\/rivoluzione-metalmeccanica\/#primaryimage"},"thumbnailUrl":"https:\/\/www.guerini.it\/wp-content\/uploads\/2017\/05\/rivoluzione_metalmeccanica_sito.jpg","datePublished":"2017-05-11T09:31:03+00:00","dateModified":"2024-06-12T12:40:58+00:00","breadcrumb":{"@id":"https:\/\/www.guerini.it\/index.php\/prodotto\/rivoluzione-metalmeccanica\/#breadcrumb"},"inLanguage":"it-IT","potentialAction":[{"@type":"ReadAction","target":["https:\/\/www.guerini.it\/index.php\/prodotto\/rivoluzione-metalmeccanica\/"]}]},{"@type":"ImageObject","inLanguage":"it-IT","@id":"https:\/\/www.guerini.it\/index.php\/prodotto\/rivoluzione-metalmeccanica\/#primaryimage","url":"https:\/\/www.guerini.it\/wp-content\/uploads\/2017\/05\/rivoluzione_metalmeccanica_sito.jpg","contentUrl":"https:\/\/www.guerini.it\/wp-content\/uploads\/2017\/05\/rivoluzione_metalmeccanica_sito.jpg","width":228,"height":353,"caption":"Rivoluzione metalmeccanica"},{"@type":"BreadcrumbList","@id":"https:\/\/www.guerini.it\/index.php\/prodotto\/rivoluzione-metalmeccanica\/#breadcrumb","itemListElement":[{"@type":"ListItem","position":1,"name":"Home","item":"https:\/\/www.guerini.it\/"},{"@type":"ListItem","position":2,"name":"Catalogo","item":"https:\/\/www.guerini.it\/index.php\/negozio\/"},{"@type":"ListItem","position":3,"name":"Rivoluzione metalmeccanica"}]},{"@type":"WebSite","@id":"https:\/\/www.guerini.it\/#website","url":"https:\/\/www.guerini.it\/","name":"Guerini e Associati","description":"30 anni di libri, idee e libert\u00e0","publisher":{"@id":"https:\/\/www.guerini.it\/#organization"},"potentialAction":[{"@type":"SearchAction","target":{"@type":"EntryPoint","urlTemplate":"https:\/\/www.guerini.it\/?s={search_term_string}"},"query-input":{"@type":"PropertyValueSpecification","valueRequired":true,"valueName":"search_term_string"}}],"inLanguage":"it-IT"},{"@type":"Organization","@id":"https:\/\/www.guerini.it\/#organization","name":"Guerini e Associati","url":"https:\/\/www.guerini.it\/","logo":{"@type":"ImageObject","inLanguage":"it-IT","@id":"https:\/\/www.guerini.it\/#\/schema\/logo\/image\/","url":"https:\/\/www.guerini.it\/wp-content\/uploads\/2021\/03\/Logo-Guerini-OK_-e1615831292285.png","contentUrl":"https:\/\/www.guerini.it\/wp-content\/uploads\/2021\/03\/Logo-Guerini-OK_-e1615831292285.png","width":2805,"height":1870,"caption":"Guerini e Associati"},"image":{"@id":"https:\/\/www.guerini.it\/#\/schema\/logo\/image\/"}}]}},"_links":{"self":[{"href":"https:\/\/www.guerini.it\/index.php\/wp-json\/wp\/v2\/product\/15926","targetHints":{"allow":["GET"]}}],"collection":[{"href":"https:\/\/www.guerini.it\/index.php\/wp-json\/wp\/v2\/product"}],"about":[{"href":"https:\/\/www.guerini.it\/index.php\/wp-json\/wp\/v2\/types\/product"}],"wp:featuredmedia":[{"embeddable":true,"href":"https:\/\/www.guerini.it\/index.php\/wp-json\/wp\/v2\/media\/15925"}],"wp:attachment":[{"href":"https:\/\/www.guerini.it\/index.php\/wp-json\/wp\/v2\/media?parent=15926"}],"wp:term":[{"taxonomy":"product_brand","embeddable":true,"href":"https:\/\/www.guerini.it\/index.php\/wp-json\/wp\/v2\/product_brand?post=15926"},{"taxonomy":"product_cat","embeddable":true,"href":"https:\/\/www.guerini.it\/index.php\/wp-json\/wp\/v2\/product_cat?post=15926"},{"taxonomy":"product_tag","embeddable":true,"href":"https:\/\/www.guerini.it\/index.php\/wp-json\/wp\/v2\/product_tag?post=15926"}],"curies":[{"name":"wp","href":"https:\/\/api.w.org\/{rel}","templated":true}]}}