{"id":15936,"date":"2017-06-06T07:36:39","date_gmt":"2017-06-06T05:36:39","guid":{"rendered":"https:\/\/test.guerini.it\/?product=diversita-e-inclusione"},"modified":"2024-06-19T17:09:39","modified_gmt":"2024-06-19T15:09:39","slug":"diversita-e-inclusione","status":"publish","type":"product","link":"https:\/\/www.guerini.it\/index.php\/prodotto\/diversita-e-inclusione\/","title":{"rendered":"Diversit\u00e0 e inclusione"},"content":{"rendered":"<p style=\"text-align: justify;\">La riflessione sulle diversit\u00e0 \u2013 di genere, di abilit\u00e0, di provenienza, di orientamento sessuale o religioso \u2013 \u00e8, in Italia, un fenomeno piuttosto recente. Qualsiasi organizzazione, oggi, deve necessariamente confrontarsi con il tema del diversity management e con le sfide che una prospettiva inclusiva comporta.<br \/>\nIl ruolo di Diversity manager, soprattutto in aziende di grandi dimensioni, sta assumendo importanza cruciale, sia in termini strategici, sia rispetto alla costruzione di prassi manageriali che andrebbero consolidate ed estese anche a realt\u00e0 pi\u00f9 piccole che, di fatto, costituiscono il tessuto economico e imprenditoriale italiano.<br \/>\nValentina Dolciotti, formatrice e consulente per le tematiche di Diversit\u00e0 &amp; Inclusione, propone un percorso attraverso la storia, i valori e le best practices di dieci organizzazioni radicate nel territorio nazionale. I Diversity manager, donne e uomini di multinazionali quali Abb, Axa, Costa Crociere, Enel, Ferrovie dello Stato, General Electric, Ibm, Philips, Telecom, UniCredit, raccontano qui i progetti che le rispettive aziende hanno messo in campo per essere realmente inclusive, e allo stesso tempo le difficolt\u00e0, le sorprese, le opportunit\u00e0 incontrate.<br \/>\nLo fanno mettendosi profondamente in gioco, esponendo il proprio punto di vista anche rispetto al panorama politico e sociale italiano, che pare procedere a passi piccoli (e talvolta tremolanti) sul terreno dei diritti civili. Vivendo il proprio ruolo come una missione. Scoprendo territori completamente nuovi. Ci\u00f2 che per\u00f2 accomuna le voci delle figure manageriali incontrate, pur eterogenee e diverse per provenienza, pensieri, formazione, \u00e8 la grande, lampante, passione per il proprio lavoro, e la determinazione che ogni volont\u00e0 di cambiamento, per quanto arduo, comporta.<\/p>\n","protected":false},"excerpt":{"rendered":"<p>La riflessione sulle diversit\u00e0 \u2013 di genere, di abilit\u00e0, di provenienza, di orientamento sessuale o religioso \u2013 \u00e8, in Italia, un fenomeno piuttosto recente. Qualsiasi organizzazione, oggi, deve necessariamente confrontarsi con il tema del diversity management e con le sfide che una prospettiva inclusiva comporta.<br \/>\nIl ruolo di Diversity manager, soprattutto in aziende di grandi dimensioni, sta assumendo importanza cruciale, sia in termini strategici, sia rispetto alla costruzione di prassi manageriali che andrebbero consolidate ed estese anche a realt\u00e0 pi\u00f9 piccole che, di fatto, costituiscono il tessuto economico e imprenditoriale italiano.<br \/>\nValentina Dolciotti, formatrice e consulente per le tematiche di Diversit\u00e0 &amp; Inclusione, propone un percorso attraverso la storia, i valori e le best practices di dieci organizzazioni radicate nel territorio nazionale. I Diversity manager, donne e uomini di multinazionali quali Abb, Axa, Costa Crociere, Enel, Ferrovie dello Stato, General Electric, Ibm, Philips, Telecom, UniCredit, raccontano qui i progetti che le rispettive aziende hanno messo in campo per essere realmente inclusive, e allo stesso tempo le difficolt\u00e0, le sorprese, le opportunit\u00e0 incontrate.<br \/>\nLo fanno mettendosi profondamente in gioco, esponendo il proprio punto di vista anche rispetto al panorama politico e sociale italiano, che pare procedere a passi piccoli (e talvolta tremolanti) sul terreno dei diritti civili. Vivendo il proprio ruolo come una missione. Scoprendo territori completamente nuovi. Ci\u00f2 che per\u00f2 accomuna le voci delle figure manageriali incontrate, pur eterogenee e diverse per provenienza, pensieri, formazione, \u00e8 la grande, lampante, passione per il proprio lavoro, e la determinazione che ogni volont\u00e0 di cambiamento, per quanto arduo, comporta.<\/p>\n","protected":false},"featured_media":15935,"template":"","meta":{"_editorskit_title_hidden":false,"_editorskit_reading_time":0,"_editorskit_is_block_options_detached":false,"_editorskit_block_options_position":"{}","_monsterinsights_skip_tracking":false,"_monsterinsights_sitenote_active":false,"_monsterinsights_sitenote_note":"","_monsterinsights_sitenote_category":0},"product_brand":[],"product_cat":[6805,6529],"product_tag":[],"class_list":{"0":"post-15936","1":"product","2":"type-product","3":"status-publish","4":"has-post-thumbnail","6":"product_cat-guerini-next","7":"product_cat-economia-e-management","9":"first","10":"outofstock","11":"sale","12":"shipping-taxable","13":"purchasable","14":"product-type-simple"},"yoast_head":"<!-- This site is optimized with the Yoast SEO plugin v25.4 - https:\/\/yoast.com\/wordpress\/plugins\/seo\/ -->\n<title>Diversit\u00e0 e inclusione - Guerini e Associati<\/title>\n<meta name=\"robots\" content=\"index, follow, max-snippet:-1, max-image-preview:large, max-video-preview:-1\" \/>\n<link rel=\"canonical\" href=\"https:\/\/www.guerini.it\/index.php\/prodotto\/diversita-e-inclusione\/\" \/>\n<meta property=\"og:locale\" content=\"it_IT\" \/>\n<meta property=\"og:type\" content=\"article\" \/>\n<meta property=\"og:title\" content=\"Diversit\u00e0 e inclusione - Guerini e Associati\" \/>\n<meta property=\"og:description\" content=\"La riflessione sulle diversit\u00e0 \u2013 di genere, di abilit\u00e0, di provenienza, di orientamento sessuale o religioso \u2013 \u00e8, in Italia, un fenomeno piuttosto recente. Qualsiasi organizzazione, oggi, deve necessariamente confrontarsi con il tema del diversity management e con le sfide che una prospettiva inclusiva comporta. Il ruolo di Diversity manager, soprattutto in aziende di grandi dimensioni, sta assumendo importanza cruciale, sia in termini strategici, sia rispetto alla costruzione di prassi manageriali che andrebbero consolidate ed estese anche a realt\u00e0 pi\u00f9 piccole che, di fatto, costituiscono il tessuto economico e imprenditoriale italiano. Valentina Dolciotti, formatrice e consulente per le tematiche di Diversit\u00e0 &amp; Inclusione, propone un percorso attraverso la storia, i valori e le best practices di dieci organizzazioni radicate nel territorio nazionale. I Diversity manager, donne e uomini di multinazionali quali Abb, Axa, Costa Crociere, Enel, Ferrovie dello Stato, General Electric, Ibm, Philips, Telecom, UniCredit, raccontano qui i progetti che le rispettive aziende hanno messo in campo per essere realmente inclusive, e allo stesso tempo le difficolt\u00e0, le sorprese, le opportunit\u00e0 incontrate. Lo fanno mettendosi profondamente in gioco, esponendo il proprio punto di vista anche rispetto al panorama politico e sociale italiano, che pare procedere a passi piccoli (e talvolta tremolanti) sul terreno dei diritti civili. Vivendo il proprio ruolo come una missione. Scoprendo territori completamente nuovi. Ci\u00f2 che per\u00f2 accomuna le voci delle figure manageriali incontrate, pur eterogenee e diverse per provenienza, pensieri, formazione, \u00e8 la grande, lampante, passione per il proprio lavoro, e la determinazione che ogni volont\u00e0 di cambiamento, per quanto arduo, comporta.\" \/>\n<meta property=\"og:url\" content=\"https:\/\/www.guerini.it\/index.php\/prodotto\/diversita-e-inclusione\/\" \/>\n<meta property=\"og:site_name\" content=\"Guerini e Associati\" \/>\n<meta property=\"article:modified_time\" content=\"2024-06-19T15:09:39+00:00\" \/>\n<meta property=\"og:image\" content=\"https:\/\/www.guerini.it\/wp-content\/uploads\/2017\/06\/diversit_e_inclusione_sito.jpg\" \/>\n\t<meta property=\"og:image:width\" content=\"234\" \/>\n\t<meta property=\"og:image:height\" content=\"353\" \/>\n\t<meta property=\"og:image:type\" content=\"image\/jpeg\" \/>\n<meta name=\"twitter:card\" content=\"summary_large_image\" \/>\n<meta name=\"twitter:label1\" content=\"Tempo di lettura stimato\" \/>\n\t<meta name=\"twitter:data1\" content=\"2 minuti\" \/>\n<!-- \/ Yoast SEO plugin. -->","yoast_head_json":{"title":"Diversit\u00e0 e inclusione - Guerini e Associati","robots":{"index":"index","follow":"follow","max-snippet":"max-snippet:-1","max-image-preview":"max-image-preview:large","max-video-preview":"max-video-preview:-1"},"canonical":"https:\/\/www.guerini.it\/index.php\/prodotto\/diversita-e-inclusione\/","og_locale":"it_IT","og_type":"article","og_title":"Diversit\u00e0 e inclusione - Guerini e Associati","og_description":"La riflessione sulle diversit\u00e0 \u2013 di genere, di abilit\u00e0, di provenienza, di orientamento sessuale o religioso \u2013 \u00e8, in Italia, un fenomeno piuttosto recente. Qualsiasi organizzazione, oggi, deve necessariamente confrontarsi con il tema del diversity management e con le sfide che una prospettiva inclusiva comporta. Il ruolo di Diversity manager, soprattutto in aziende di grandi dimensioni, sta assumendo importanza cruciale, sia in termini strategici, sia rispetto alla costruzione di prassi manageriali che andrebbero consolidate ed estese anche a realt\u00e0 pi\u00f9 piccole che, di fatto, costituiscono il tessuto economico e imprenditoriale italiano. Valentina Dolciotti, formatrice e consulente per le tematiche di Diversit\u00e0 &amp; Inclusione, propone un percorso attraverso la storia, i valori e le best practices di dieci organizzazioni radicate nel territorio nazionale. I Diversity manager, donne e uomini di multinazionali quali Abb, Axa, Costa Crociere, Enel, Ferrovie dello Stato, General Electric, Ibm, Philips, Telecom, UniCredit, raccontano qui i progetti che le rispettive aziende hanno messo in campo per essere realmente inclusive, e allo stesso tempo le difficolt\u00e0, le sorprese, le opportunit\u00e0 incontrate. Lo fanno mettendosi profondamente in gioco, esponendo il proprio punto di vista anche rispetto al panorama politico e sociale italiano, che pare procedere a passi piccoli (e talvolta tremolanti) sul terreno dei diritti civili. Vivendo il proprio ruolo come una missione. Scoprendo territori completamente nuovi. Ci\u00f2 che per\u00f2 accomuna le voci delle figure manageriali incontrate, pur eterogenee e diverse per provenienza, pensieri, formazione, \u00e8 la grande, lampante, passione per il proprio lavoro, e la determinazione che ogni volont\u00e0 di cambiamento, per quanto arduo, comporta.","og_url":"https:\/\/www.guerini.it\/index.php\/prodotto\/diversita-e-inclusione\/","og_site_name":"Guerini e Associati","article_modified_time":"2024-06-19T15:09:39+00:00","og_image":[{"width":234,"height":353,"url":"https:\/\/www.guerini.it\/wp-content\/uploads\/2017\/06\/diversit_e_inclusione_sito.jpg","type":"image\/jpeg"}],"twitter_card":"summary_large_image","twitter_misc":{"Tempo di lettura stimato":"2 minuti"},"schema":{"@context":"https:\/\/schema.org","@graph":[{"@type":"WebPage","@id":"https:\/\/www.guerini.it\/index.php\/prodotto\/diversita-e-inclusione\/","url":"https:\/\/www.guerini.it\/index.php\/prodotto\/diversita-e-inclusione\/","name":"Diversit\u00e0 e inclusione - Guerini e Associati","isPartOf":{"@id":"https:\/\/www.guerini.it\/#website"},"primaryImageOfPage":{"@id":"https:\/\/www.guerini.it\/index.php\/prodotto\/diversita-e-inclusione\/#primaryimage"},"image":{"@id":"https:\/\/www.guerini.it\/index.php\/prodotto\/diversita-e-inclusione\/#primaryimage"},"thumbnailUrl":"https:\/\/www.guerini.it\/wp-content\/uploads\/2017\/06\/diversit_e_inclusione_sito.jpg","datePublished":"2017-06-06T05:36:39+00:00","dateModified":"2024-06-19T15:09:39+00:00","breadcrumb":{"@id":"https:\/\/www.guerini.it\/index.php\/prodotto\/diversita-e-inclusione\/#breadcrumb"},"inLanguage":"it-IT","potentialAction":[{"@type":"ReadAction","target":["https:\/\/www.guerini.it\/index.php\/prodotto\/diversita-e-inclusione\/"]}]},{"@type":"ImageObject","inLanguage":"it-IT","@id":"https:\/\/www.guerini.it\/index.php\/prodotto\/diversita-e-inclusione\/#primaryimage","url":"https:\/\/www.guerini.it\/wp-content\/uploads\/2017\/06\/diversit_e_inclusione_sito.jpg","contentUrl":"https:\/\/www.guerini.it\/wp-content\/uploads\/2017\/06\/diversit_e_inclusione_sito.jpg","width":234,"height":353,"caption":"Diversit\u00e0 e inclusione"},{"@type":"BreadcrumbList","@id":"https:\/\/www.guerini.it\/index.php\/prodotto\/diversita-e-inclusione\/#breadcrumb","itemListElement":[{"@type":"ListItem","position":1,"name":"Home","item":"https:\/\/www.guerini.it\/"},{"@type":"ListItem","position":2,"name":"Catalogo","item":"https:\/\/www.guerini.it\/index.php\/negozio\/"},{"@type":"ListItem","position":3,"name":"Diversit\u00e0 e inclusione"}]},{"@type":"WebSite","@id":"https:\/\/www.guerini.it\/#website","url":"https:\/\/www.guerini.it\/","name":"Guerini e Associati","description":"30 anni di libri, idee e libert\u00e0","publisher":{"@id":"https:\/\/www.guerini.it\/#organization"},"potentialAction":[{"@type":"SearchAction","target":{"@type":"EntryPoint","urlTemplate":"https:\/\/www.guerini.it\/?s={search_term_string}"},"query-input":{"@type":"PropertyValueSpecification","valueRequired":true,"valueName":"search_term_string"}}],"inLanguage":"it-IT"},{"@type":"Organization","@id":"https:\/\/www.guerini.it\/#organization","name":"Guerini e Associati","url":"https:\/\/www.guerini.it\/","logo":{"@type":"ImageObject","inLanguage":"it-IT","@id":"https:\/\/www.guerini.it\/#\/schema\/logo\/image\/","url":"https:\/\/www.guerini.it\/wp-content\/uploads\/2021\/03\/Logo-Guerini-OK_-e1615831292285.png","contentUrl":"https:\/\/www.guerini.it\/wp-content\/uploads\/2021\/03\/Logo-Guerini-OK_-e1615831292285.png","width":2805,"height":1870,"caption":"Guerini e Associati"},"image":{"@id":"https:\/\/www.guerini.it\/#\/schema\/logo\/image\/"}}]}},"_links":{"self":[{"href":"https:\/\/www.guerini.it\/index.php\/wp-json\/wp\/v2\/product\/15936","targetHints":{"allow":["GET"]}}],"collection":[{"href":"https:\/\/www.guerini.it\/index.php\/wp-json\/wp\/v2\/product"}],"about":[{"href":"https:\/\/www.guerini.it\/index.php\/wp-json\/wp\/v2\/types\/product"}],"wp:featuredmedia":[{"embeddable":true,"href":"https:\/\/www.guerini.it\/index.php\/wp-json\/wp\/v2\/media\/15935"}],"wp:attachment":[{"href":"https:\/\/www.guerini.it\/index.php\/wp-json\/wp\/v2\/media?parent=15936"}],"wp:term":[{"taxonomy":"product_brand","embeddable":true,"href":"https:\/\/www.guerini.it\/index.php\/wp-json\/wp\/v2\/product_brand?post=15936"},{"taxonomy":"product_cat","embeddable":true,"href":"https:\/\/www.guerini.it\/index.php\/wp-json\/wp\/v2\/product_cat?post=15936"},{"taxonomy":"product_tag","embeddable":true,"href":"https:\/\/www.guerini.it\/index.php\/wp-json\/wp\/v2\/product_tag?post=15936"}],"curies":[{"name":"wp","href":"https:\/\/api.w.org\/{rel}","templated":true}]}}