{"id":15938,"date":"2017-06-06T07:49:49","date_gmt":"2017-06-06T05:49:49","guid":{"rendered":"https:\/\/test.guerini.it\/?product=toyota-culture"},"modified":"2024-06-12T14:39:24","modified_gmt":"2024-06-12T12:39:24","slug":"toyota-culture","status":"publish","type":"product","link":"https:\/\/www.guerini.it\/index.php\/prodotto\/toyota-culture\/","title":{"rendered":"Toyota culture"},"content":{"rendered":"<p style=\"text-align: justify;\"><em>Toyota Culture <\/em>mostra la cura che questa straordinaria azienda mette per creare persone di elevata qualit\u00e0 e per accrescerne costantemente il valore. \u00c8 questo uno degli aspetti meno conosciuti del Toyota Production System, ma al contempo il punto chiave per ottenere risultati duraturi nel tempo.<br \/>\nIl libro descrive tutte le fasi di gestione del personale, dalla selezione allo sviluppo delle persone. Ma descrive anche i meccanismi gestionali quotidiani, attraverso i quali l\u2019azienda ingaggia le persone, le coinvolge e instilla in loro l\u2019\u00abossessione\u00bb per la qualit\u00e0 e la ricerca del miglioramento continuo.<br \/>\nQuando Toyota apr\u00ec i suoi primi stabilimenti negli Stati Uniti, si trov\u00f2 a dover creare una cultura orientata all\u2019eccellenza, in un contesto profondamente diverso da quello giapponese.<br \/>\nQuesto costrinse l\u2019azienda a dover rendere \u00abesplicite\u00bb alcune pratiche relative alla gestione delle persone, che fino ad allora erano rimaste tacite. Toyota rispose con successo a questa sfida riuscendo a preservare i propri valori chiave, adattandoli con intelligenza alla situazione molto diversa del mercato del lavoro statunitense. Attraverso la descrizione di quest\u2019esperienza, il libro riesce a svelare aspetti poco conosciuti di uno dei sistemi manageriali pi\u00f9 studiati al mondo.<br \/>\nLa lettura di questo libro consente di comprendere come, per ottenere risultati di eccellenza, sia fondamentale acquisire una conoscenza dei principi del Toyota Production System, uniti ad un\u2019immensa fiducia nelle infinite potenzialit\u00e0 di ogni essere umano.<\/p>\n","protected":false},"excerpt":{"rendered":"<p>Toyota Culture mostra la cura che questa straordinaria azienda mette per creare persone di elevata qualit\u00e0 e per accrescerne costantemente il valore. \u00c8 questo uno degli aspetti meno conosciuti del Toyota Production System, ma al contempo il punto chiave per ottenere risultati duraturi nel tempo.<br \/>\nIl libro descrive tutte le fasi di gestione del personale, dalla selezione allo sviluppo delle persone. Ma descrive anche i meccanismi gestionali quotidiani, attraverso i quali l\u2019azienda ingaggia le persone, le coinvolge e instilla in loro l\u2019\u00abossessione\u00bb per la qualit\u00e0 e la ricerca del miglioramento continuo.<br \/>\nQuando Toyota apr\u00ec i suoi primi stabilimenti negli Stati Uniti, si trov\u00f2 a dover creare una cultura orientata all\u2019eccellenza, in un contesto profondamente diverso da quello giapponese.<br \/>\nQuesto costrinse l\u2019azienda a dover rendere \u00abesplicite\u00bb alcune pratiche relative alla gestione delle persone, che fino ad allora erano rimaste tacite. Toyota rispose con successo a questa sfida riuscendo a preservare i propri valori chiave, adattandoli con intelligenza alla situazione molto diversa del mercato del lavoro statunitense. Attraverso la descrizione di quest\u2019esperienza, il libro riesce a svelare aspetti poco conosciuti di uno dei sistemi manageriali pi\u00f9 studiati al mondo.<br \/>\nLa lettura di questo libro consente di comprendere come, per ottenere risultati di eccellenza, sia fondamentale acquisire una conoscenza dei principi del Toyota Production System, uniti ad un\u2019immensa fiducia nelle infinite potenzialit\u00e0 di ogni essere umano.<\/p>\n","protected":false},"featured_media":15937,"template":"","meta":{"_editorskit_title_hidden":false,"_editorskit_reading_time":0,"_editorskit_is_block_options_detached":false,"_editorskit_block_options_position":"{}","_monsterinsights_skip_tracking":false,"_monsterinsights_sitenote_active":false,"_monsterinsights_sitenote_note":"","_monsterinsights_sitenote_category":0},"product_brand":[],"product_cat":[6805,6547,6529,6532],"product_tag":[],"class_list":{"0":"post-15938","1":"product","2":"type-product","3":"status-publish","4":"has-post-thumbnail","6":"product_cat-guerini-next","7":"product_cat-sga","8":"product_cat-economia-e-management","9":"product_cat-lean-production","10":"pa_guerini_amazon_link-https-www-amazon-it-toyota-culture-cultura-orientata-alleccellenza-dp-8868960591","11":"pa_guerini_feltrinelli_link-https-www-lafeltrinelli-it-toyota-culture-creare-cultura-orientata-libro-jeffrey-k-liker-michael-hoseus-e-9788868960599","12":"pa_guerini_ibs_link-https-www-ibs-it-toyota-culture-creare-cultura-orientata-libro-jeffrey-k-liker-michael-hoseus-e-9788868960599","13":"pa_guerini_libruniver_link-https-www-libreriauniversitaria-it-toyota-culture-creare-cultura-orientata-libro-9788868960599","14":"pa_guerini_link_amazon-cb-httpswwwamazonitdpb073vn7k","15":"pa_guerini_link_apple_ibook-81-httpsitunesapplecomitbookt","16":"pa_guerini_link_giunti_punto-f5-httpwwwgiuntialpuntoitprod","17":"pa_guerini_link_google_play-c6-httpsplaygooglecomstoreboo","18":"pa_guerini_link_ibs-01-httpswwwibsittoyota_cultur","19":"pa_guerini_link_kobo-21-httpswwwkobocomititebookto","20":"pa_guerini_link_lafeltrinelli-a5-httpwwwlafeltrinelliiteboo","21":"pa_guerini_link_rizzoli-d0-httpwwwlibreriarizzoliitto","22":"pa_guerini_mondadori_link-https-www-mondadoristore-it-toyota-culture-creare-jeffrey-k-liker-michael-hoseus-eai978886896059","24":"first","25":"instock","26":"sale","27":"shipping-taxable","28":"purchasable","29":"product-type-simple"},"yoast_head":"<!-- This site is optimized with the Yoast SEO plugin v25.4 - https:\/\/yoast.com\/wordpress\/plugins\/seo\/ -->\n<title>Toyota culture - Guerini e Associati<\/title>\n<meta name=\"robots\" content=\"index, follow, max-snippet:-1, max-image-preview:large, max-video-preview:-1\" \/>\n<link rel=\"canonical\" href=\"https:\/\/www.guerini.it\/index.php\/prodotto\/toyota-culture\/\" \/>\n<meta property=\"og:locale\" content=\"it_IT\" \/>\n<meta property=\"og:type\" content=\"article\" \/>\n<meta property=\"og:title\" content=\"Toyota culture - Guerini e Associati\" \/>\n<meta property=\"og:description\" content=\"Toyota Culture mostra la cura che questa straordinaria azienda mette per creare persone di elevata qualit\u00e0 e per accrescerne costantemente il valore. \u00c8 questo uno degli aspetti meno conosciuti del Toyota Production System, ma al contempo il punto chiave per ottenere risultati duraturi nel tempo. Il libro descrive tutte le fasi di gestione del personale, dalla selezione allo sviluppo delle persone. Ma descrive anche i meccanismi gestionali quotidiani, attraverso i quali l\u2019azienda ingaggia le persone, le coinvolge e instilla in loro l\u2019\u00abossessione\u00bb per la qualit\u00e0 e la ricerca del miglioramento continuo. Quando Toyota apr\u00ec i suoi primi stabilimenti negli Stati Uniti, si trov\u00f2 a dover creare una cultura orientata all\u2019eccellenza, in un contesto profondamente diverso da quello giapponese. Questo costrinse l\u2019azienda a dover rendere \u00abesplicite\u00bb alcune pratiche relative alla gestione delle persone, che fino ad allora erano rimaste tacite. Toyota rispose con successo a questa sfida riuscendo a preservare i propri valori chiave, adattandoli con intelligenza alla situazione molto diversa del mercato del lavoro statunitense. Attraverso la descrizione di quest\u2019esperienza, il libro riesce a svelare aspetti poco conosciuti di uno dei sistemi manageriali pi\u00f9 studiati al mondo. La lettura di questo libro consente di comprendere come, per ottenere risultati di eccellenza, sia fondamentale acquisire una conoscenza dei principi del Toyota Production System, uniti ad un\u2019immensa fiducia nelle infinite potenzialit\u00e0 di ogni essere umano.\" \/>\n<meta property=\"og:url\" content=\"https:\/\/www.guerini.it\/index.php\/prodotto\/toyota-culture\/\" \/>\n<meta property=\"og:site_name\" content=\"Guerini e Associati\" \/>\n<meta property=\"article:modified_time\" content=\"2024-06-12T12:39:24+00:00\" \/>\n<meta property=\"og:image\" content=\"https:\/\/www.guerini.it\/wp-content\/uploads\/2017\/06\/toyota_cultura_sito.jpg\" \/>\n\t<meta property=\"og:image:width\" content=\"227\" \/>\n\t<meta property=\"og:image:height\" content=\"353\" \/>\n\t<meta property=\"og:image:type\" content=\"image\/jpeg\" \/>\n<meta name=\"twitter:card\" content=\"summary_large_image\" \/>\n<meta name=\"twitter:label1\" content=\"Tempo di lettura stimato\" \/>\n\t<meta name=\"twitter:data1\" content=\"2 minuti\" \/>\n<!-- \/ Yoast SEO plugin. -->","yoast_head_json":{"title":"Toyota culture - Guerini e Associati","robots":{"index":"index","follow":"follow","max-snippet":"max-snippet:-1","max-image-preview":"max-image-preview:large","max-video-preview":"max-video-preview:-1"},"canonical":"https:\/\/www.guerini.it\/index.php\/prodotto\/toyota-culture\/","og_locale":"it_IT","og_type":"article","og_title":"Toyota culture - Guerini e Associati","og_description":"Toyota Culture mostra la cura che questa straordinaria azienda mette per creare persone di elevata qualit\u00e0 e per accrescerne costantemente il valore. \u00c8 questo uno degli aspetti meno conosciuti del Toyota Production System, ma al contempo il punto chiave per ottenere risultati duraturi nel tempo. Il libro descrive tutte le fasi di gestione del personale, dalla selezione allo sviluppo delle persone. Ma descrive anche i meccanismi gestionali quotidiani, attraverso i quali l\u2019azienda ingaggia le persone, le coinvolge e instilla in loro l\u2019\u00abossessione\u00bb per la qualit\u00e0 e la ricerca del miglioramento continuo. Quando Toyota apr\u00ec i suoi primi stabilimenti negli Stati Uniti, si trov\u00f2 a dover creare una cultura orientata all\u2019eccellenza, in un contesto profondamente diverso da quello giapponese. Questo costrinse l\u2019azienda a dover rendere \u00abesplicite\u00bb alcune pratiche relative alla gestione delle persone, che fino ad allora erano rimaste tacite. Toyota rispose con successo a questa sfida riuscendo a preservare i propri valori chiave, adattandoli con intelligenza alla situazione molto diversa del mercato del lavoro statunitense. Attraverso la descrizione di quest\u2019esperienza, il libro riesce a svelare aspetti poco conosciuti di uno dei sistemi manageriali pi\u00f9 studiati al mondo. La lettura di questo libro consente di comprendere come, per ottenere risultati di eccellenza, sia fondamentale acquisire una conoscenza dei principi del Toyota Production System, uniti ad un\u2019immensa fiducia nelle infinite potenzialit\u00e0 di ogni essere umano.","og_url":"https:\/\/www.guerini.it\/index.php\/prodotto\/toyota-culture\/","og_site_name":"Guerini e Associati","article_modified_time":"2024-06-12T12:39:24+00:00","og_image":[{"width":227,"height":353,"url":"https:\/\/www.guerini.it\/wp-content\/uploads\/2017\/06\/toyota_cultura_sito.jpg","type":"image\/jpeg"}],"twitter_card":"summary_large_image","twitter_misc":{"Tempo di lettura stimato":"2 minuti"},"schema":{"@context":"https:\/\/schema.org","@graph":[{"@type":"WebPage","@id":"https:\/\/www.guerini.it\/index.php\/prodotto\/toyota-culture\/","url":"https:\/\/www.guerini.it\/index.php\/prodotto\/toyota-culture\/","name":"Toyota culture - Guerini e Associati","isPartOf":{"@id":"https:\/\/www.guerini.it\/#website"},"primaryImageOfPage":{"@id":"https:\/\/www.guerini.it\/index.php\/prodotto\/toyota-culture\/#primaryimage"},"image":{"@id":"https:\/\/www.guerini.it\/index.php\/prodotto\/toyota-culture\/#primaryimage"},"thumbnailUrl":"https:\/\/www.guerini.it\/wp-content\/uploads\/2017\/06\/toyota_cultura_sito.jpg","datePublished":"2017-06-06T05:49:49+00:00","dateModified":"2024-06-12T12:39:24+00:00","breadcrumb":{"@id":"https:\/\/www.guerini.it\/index.php\/prodotto\/toyota-culture\/#breadcrumb"},"inLanguage":"it-IT","potentialAction":[{"@type":"ReadAction","target":["https:\/\/www.guerini.it\/index.php\/prodotto\/toyota-culture\/"]}]},{"@type":"ImageObject","inLanguage":"it-IT","@id":"https:\/\/www.guerini.it\/index.php\/prodotto\/toyota-culture\/#primaryimage","url":"https:\/\/www.guerini.it\/wp-content\/uploads\/2017\/06\/toyota_cultura_sito.jpg","contentUrl":"https:\/\/www.guerini.it\/wp-content\/uploads\/2017\/06\/toyota_cultura_sito.jpg","width":227,"height":353,"caption":"Toyota culture"},{"@type":"BreadcrumbList","@id":"https:\/\/www.guerini.it\/index.php\/prodotto\/toyota-culture\/#breadcrumb","itemListElement":[{"@type":"ListItem","position":1,"name":"Home","item":"https:\/\/www.guerini.it\/"},{"@type":"ListItem","position":2,"name":"Catalogo","item":"https:\/\/www.guerini.it\/index.php\/negozio\/"},{"@type":"ListItem","position":3,"name":"Toyota culture"}]},{"@type":"WebSite","@id":"https:\/\/www.guerini.it\/#website","url":"https:\/\/www.guerini.it\/","name":"Guerini e Associati","description":"30 anni di libri, idee e libert\u00e0","publisher":{"@id":"https:\/\/www.guerini.it\/#organization"},"potentialAction":[{"@type":"SearchAction","target":{"@type":"EntryPoint","urlTemplate":"https:\/\/www.guerini.it\/?s={search_term_string}"},"query-input":{"@type":"PropertyValueSpecification","valueRequired":true,"valueName":"search_term_string"}}],"inLanguage":"it-IT"},{"@type":"Organization","@id":"https:\/\/www.guerini.it\/#organization","name":"Guerini e Associati","url":"https:\/\/www.guerini.it\/","logo":{"@type":"ImageObject","inLanguage":"it-IT","@id":"https:\/\/www.guerini.it\/#\/schema\/logo\/image\/","url":"https:\/\/www.guerini.it\/wp-content\/uploads\/2021\/03\/Logo-Guerini-OK_-e1615831292285.png","contentUrl":"https:\/\/www.guerini.it\/wp-content\/uploads\/2021\/03\/Logo-Guerini-OK_-e1615831292285.png","width":2805,"height":1870,"caption":"Guerini e Associati"},"image":{"@id":"https:\/\/www.guerini.it\/#\/schema\/logo\/image\/"}}]}},"_links":{"self":[{"href":"https:\/\/www.guerini.it\/index.php\/wp-json\/wp\/v2\/product\/15938","targetHints":{"allow":["GET"]}}],"collection":[{"href":"https:\/\/www.guerini.it\/index.php\/wp-json\/wp\/v2\/product"}],"about":[{"href":"https:\/\/www.guerini.it\/index.php\/wp-json\/wp\/v2\/types\/product"}],"wp:featuredmedia":[{"embeddable":true,"href":"https:\/\/www.guerini.it\/index.php\/wp-json\/wp\/v2\/media\/15937"}],"wp:attachment":[{"href":"https:\/\/www.guerini.it\/index.php\/wp-json\/wp\/v2\/media?parent=15938"}],"wp:term":[{"taxonomy":"product_brand","embeddable":true,"href":"https:\/\/www.guerini.it\/index.php\/wp-json\/wp\/v2\/product_brand?post=15938"},{"taxonomy":"product_cat","embeddable":true,"href":"https:\/\/www.guerini.it\/index.php\/wp-json\/wp\/v2\/product_cat?post=15938"},{"taxonomy":"product_tag","embeddable":true,"href":"https:\/\/www.guerini.it\/index.php\/wp-json\/wp\/v2\/product_tag?post=15938"}],"curies":[{"name":"wp","href":"https:\/\/api.w.org\/{rel}","templated":true}]}}