{"id":15947,"date":"2017-06-29T13:25:44","date_gmt":"2017-06-29T11:25:44","guid":{"rendered":"https:\/\/test.guerini.it\/?product=come-guadagnare-in-borsa"},"modified":"2024-06-12T14:38:39","modified_gmt":"2024-06-12T12:38:39","slug":"come-guadagnare-in-borsa","status":"publish","type":"product","link":"https:\/\/www.guerini.it\/index.php\/prodotto\/come-guadagnare-in-borsa\/","title":{"rendered":"Come guadagnare in borsa"},"content":{"rendered":"<p style=\"text-align: justify;\">Fare trading o, in altri termini, giocare in borsa, &egrave; un mestiere come un altro. Come avviene per ogni lavoro, servono competenze, &egrave; necessario acquisire tecniche specifiche e dominare gli strumenti utili allo scopo, ossia generare un guadagno. Ma che cosa significa esattamente essere un trader? Qual &egrave; il momento migliore per investire? E, soprattutto, come orientarsi con sicurezza nei meandri dei mercati, investendo in modo sicuro? <br \/>Con il consueto stile informale ma, al tempo stesso, supportato dal necessario rigore scientifico, Di Lorenzo illustra, in questa nuova edizione di <em>Come guadagnare in borsa<\/em>, le modalit&agrave; per compiere un&rsquo;analisi tecnica, insegna a non cadere nelle trappole pi&ugrave; frequenti e dimostra che per guadagnare non importa se la borsa sale o scende: &egrave; sufficiente che il mercato si muova. <br \/>Investire in borsa pu&ograve; sembrare complicato e rischioso; in realt&agrave;, chiunque abbia una buona preparazione in materia sa che queste convinzioni sono errate e, purtroppo, finiscono per spaventare chi vorrebbe investire nei mercati. Non &egrave; vero che in borsa non si pu&ograve; guadagnare; &egrave; vero per&ograve; che bisogna applicarsi con metodo e competenza. Questo libro insegna, a tutti, come fare.<\/p>\n","protected":false},"excerpt":{"rendered":"<p>Fare trading o, in altri termini, giocare in borsa, \u00e8 un mestiere come un altro. Come avviene per ogni lavoro, servono competenze, \u00e8 necessario acquisire tecniche specifiche e dominare gli strumenti utili allo scopo, ossia generare un guadagno. Ma che cosa significa esattamente essere un trader? Qual \u00e8 il momento migliore per investire? E, soprattutto, come orientarsi con sicurezza nei meandri dei mercati, investendo in modo sicuro?<br \/>\nCon il consueto stile informale ma, al tempo stesso, supportato dal necessario rigore scientifico, Di Lorenzo illustra, in questa nuova edizione di Come guadagnare in borsa, le modalit\u00e0 per compiere un\u2019analisi tecnica, insegna a non cadere nelle trappole pi\u00f9 frequenti e dimostra che per guadagnare non importa se la borsa sale o scende: \u00e8 sufficiente che il mercato si muova.<br \/>\nInvestire in borsa pu\u00f2 sembrare complicato e rischioso; in realt\u00e0, chiunque abbia una buona preparazione in materia sa che queste convinzioni sono errate e, purtroppo, finiscono per spaventare chi vorrebbe investire nei mercati. Non \u00e8 vero che in borsa non si pu\u00f2 guadagnare; \u00e8 vero per\u00f2 che bisogna applicarsi con metodo e competenza. Questo libro insegna, a tutti, come fare.<\/p>\n","protected":false},"featured_media":15946,"template":"","meta":{"_editorskit_title_hidden":false,"_editorskit_reading_time":0,"_editorskit_is_block_options_detached":false,"_editorskit_block_options_position":"{}","_monsterinsights_skip_tracking":false,"_monsterinsights_sitenote_active":false,"_monsterinsights_sitenote_note":"","_monsterinsights_sitenote_category":0},"product_brand":[],"product_cat":[6805,6529,6703],"product_tag":[],"class_list":{"0":"post-15947","1":"product","2":"type-product","3":"status-publish","4":"has-post-thumbnail","6":"product_cat-guerini-next","7":"product_cat-economia-e-management","8":"product_cat-guadagnare-in-borsa-con-il-day-trading","9":"pa_guerini_nedizione-nuovaedizioneaggiornata","11":"first","12":"instock","13":"sale","14":"shipping-taxable","15":"purchasable","16":"product-type-simple"},"yoast_head":"<!-- This site is optimized with the Yoast SEO plugin v25.4 - https:\/\/yoast.com\/wordpress\/plugins\/seo\/ -->\n<title>Come guadagnare in borsa - Guerini e Associati<\/title>\n<meta name=\"robots\" content=\"index, follow, max-snippet:-1, max-image-preview:large, max-video-preview:-1\" \/>\n<link rel=\"canonical\" href=\"https:\/\/www.guerini.it\/index.php\/prodotto\/come-guadagnare-in-borsa\/\" \/>\n<meta property=\"og:locale\" content=\"it_IT\" \/>\n<meta property=\"og:type\" content=\"article\" \/>\n<meta property=\"og:title\" content=\"Come guadagnare in borsa - Guerini e Associati\" \/>\n<meta property=\"og:description\" content=\"Fare trading o, in altri termini, giocare in borsa, \u00e8 un mestiere come un altro. Come avviene per ogni lavoro, servono competenze, \u00e8 necessario acquisire tecniche specifiche e dominare gli strumenti utili allo scopo, ossia generare un guadagno. Ma che cosa significa esattamente essere un trader? Qual \u00e8 il momento migliore per investire? E, soprattutto, come orientarsi con sicurezza nei meandri dei mercati, investendo in modo sicuro?  Con il consueto stile informale ma, al tempo stesso, supportato dal necessario rigore scientifico, Di Lorenzo illustra, in questa nuova edizione di Come guadagnare in borsa, le modalit\u00e0 per compiere un\u2019analisi tecnica, insegna a non cadere nelle trappole pi\u00f9 frequenti e dimostra che per guadagnare non importa se la borsa sale o scende: \u00e8 sufficiente che il mercato si muova.  Investire in borsa pu\u00f2 sembrare complicato e rischioso; in realt\u00e0, chiunque abbia una buona preparazione in materia sa che queste convinzioni sono errate e, purtroppo, finiscono per spaventare chi vorrebbe investire nei mercati. Non \u00e8 vero che in borsa non si pu\u00f2 guadagnare; \u00e8 vero per\u00f2 che bisogna applicarsi con metodo e competenza. Questo libro insegna, a tutti, come fare.\" \/>\n<meta property=\"og:url\" content=\"https:\/\/www.guerini.it\/index.php\/prodotto\/come-guadagnare-in-borsa\/\" \/>\n<meta property=\"og:site_name\" content=\"Guerini e Associati\" \/>\n<meta property=\"article:modified_time\" content=\"2024-06-12T12:38:39+00:00\" \/>\n<meta property=\"og:image\" content=\"https:\/\/www.guerini.it\/wp-content\/uploads\/2017\/06\/come_guadagnare_in_borsa_sito.jpg\" \/>\n\t<meta property=\"og:image:width\" content=\"234\" \/>\n\t<meta property=\"og:image:height\" content=\"353\" \/>\n\t<meta property=\"og:image:type\" content=\"image\/jpeg\" \/>\n<meta name=\"twitter:card\" content=\"summary_large_image\" \/>\n<meta name=\"twitter:label1\" content=\"Tempo di lettura stimato\" \/>\n\t<meta name=\"twitter:data1\" content=\"1 minuto\" \/>\n<!-- \/ Yoast SEO plugin. -->","yoast_head_json":{"title":"Come guadagnare in borsa - Guerini e Associati","robots":{"index":"index","follow":"follow","max-snippet":"max-snippet:-1","max-image-preview":"max-image-preview:large","max-video-preview":"max-video-preview:-1"},"canonical":"https:\/\/www.guerini.it\/index.php\/prodotto\/come-guadagnare-in-borsa\/","og_locale":"it_IT","og_type":"article","og_title":"Come guadagnare in borsa - Guerini e Associati","og_description":"Fare trading o, in altri termini, giocare in borsa, \u00e8 un mestiere come un altro. Come avviene per ogni lavoro, servono competenze, \u00e8 necessario acquisire tecniche specifiche e dominare gli strumenti utili allo scopo, ossia generare un guadagno. Ma che cosa significa esattamente essere un trader? Qual \u00e8 il momento migliore per investire? E, soprattutto, come orientarsi con sicurezza nei meandri dei mercati, investendo in modo sicuro?  Con il consueto stile informale ma, al tempo stesso, supportato dal necessario rigore scientifico, Di Lorenzo illustra, in questa nuova edizione di Come guadagnare in borsa, le modalit\u00e0 per compiere un\u2019analisi tecnica, insegna a non cadere nelle trappole pi\u00f9 frequenti e dimostra che per guadagnare non importa se la borsa sale o scende: \u00e8 sufficiente che il mercato si muova.  Investire in borsa pu\u00f2 sembrare complicato e rischioso; in realt\u00e0, chiunque abbia una buona preparazione in materia sa che queste convinzioni sono errate e, purtroppo, finiscono per spaventare chi vorrebbe investire nei mercati. Non \u00e8 vero che in borsa non si pu\u00f2 guadagnare; \u00e8 vero per\u00f2 che bisogna applicarsi con metodo e competenza. Questo libro insegna, a tutti, come fare.","og_url":"https:\/\/www.guerini.it\/index.php\/prodotto\/come-guadagnare-in-borsa\/","og_site_name":"Guerini e Associati","article_modified_time":"2024-06-12T12:38:39+00:00","og_image":[{"width":234,"height":353,"url":"https:\/\/www.guerini.it\/wp-content\/uploads\/2017\/06\/come_guadagnare_in_borsa_sito.jpg","type":"image\/jpeg"}],"twitter_card":"summary_large_image","twitter_misc":{"Tempo di lettura stimato":"1 minuto"},"schema":{"@context":"https:\/\/schema.org","@graph":[{"@type":"WebPage","@id":"https:\/\/www.guerini.it\/index.php\/prodotto\/come-guadagnare-in-borsa\/","url":"https:\/\/www.guerini.it\/index.php\/prodotto\/come-guadagnare-in-borsa\/","name":"Come guadagnare in borsa - Guerini e Associati","isPartOf":{"@id":"https:\/\/www.guerini.it\/#website"},"primaryImageOfPage":{"@id":"https:\/\/www.guerini.it\/index.php\/prodotto\/come-guadagnare-in-borsa\/#primaryimage"},"image":{"@id":"https:\/\/www.guerini.it\/index.php\/prodotto\/come-guadagnare-in-borsa\/#primaryimage"},"thumbnailUrl":"https:\/\/www.guerini.it\/wp-content\/uploads\/2017\/06\/come_guadagnare_in_borsa_sito.jpg","datePublished":"2017-06-29T11:25:44+00:00","dateModified":"2024-06-12T12:38:39+00:00","breadcrumb":{"@id":"https:\/\/www.guerini.it\/index.php\/prodotto\/come-guadagnare-in-borsa\/#breadcrumb"},"inLanguage":"it-IT","potentialAction":[{"@type":"ReadAction","target":["https:\/\/www.guerini.it\/index.php\/prodotto\/come-guadagnare-in-borsa\/"]}]},{"@type":"ImageObject","inLanguage":"it-IT","@id":"https:\/\/www.guerini.it\/index.php\/prodotto\/come-guadagnare-in-borsa\/#primaryimage","url":"https:\/\/www.guerini.it\/wp-content\/uploads\/2017\/06\/come_guadagnare_in_borsa_sito.jpg","contentUrl":"https:\/\/www.guerini.it\/wp-content\/uploads\/2017\/06\/come_guadagnare_in_borsa_sito.jpg","width":234,"height":353,"caption":"Come guadagnare in borsa"},{"@type":"BreadcrumbList","@id":"https:\/\/www.guerini.it\/index.php\/prodotto\/come-guadagnare-in-borsa\/#breadcrumb","itemListElement":[{"@type":"ListItem","position":1,"name":"Home","item":"https:\/\/www.guerini.it\/"},{"@type":"ListItem","position":2,"name":"Catalogo","item":"https:\/\/www.guerini.it\/index.php\/negozio\/"},{"@type":"ListItem","position":3,"name":"Come guadagnare in borsa"}]},{"@type":"WebSite","@id":"https:\/\/www.guerini.it\/#website","url":"https:\/\/www.guerini.it\/","name":"Guerini e Associati","description":"30 anni di libri, idee e libert\u00e0","publisher":{"@id":"https:\/\/www.guerini.it\/#organization"},"potentialAction":[{"@type":"SearchAction","target":{"@type":"EntryPoint","urlTemplate":"https:\/\/www.guerini.it\/?s={search_term_string}"},"query-input":{"@type":"PropertyValueSpecification","valueRequired":true,"valueName":"search_term_string"}}],"inLanguage":"it-IT"},{"@type":"Organization","@id":"https:\/\/www.guerini.it\/#organization","name":"Guerini e Associati","url":"https:\/\/www.guerini.it\/","logo":{"@type":"ImageObject","inLanguage":"it-IT","@id":"https:\/\/www.guerini.it\/#\/schema\/logo\/image\/","url":"https:\/\/www.guerini.it\/wp-content\/uploads\/2021\/03\/Logo-Guerini-OK_-e1615831292285.png","contentUrl":"https:\/\/www.guerini.it\/wp-content\/uploads\/2021\/03\/Logo-Guerini-OK_-e1615831292285.png","width":2805,"height":1870,"caption":"Guerini e Associati"},"image":{"@id":"https:\/\/www.guerini.it\/#\/schema\/logo\/image\/"}}]}},"_links":{"self":[{"href":"https:\/\/www.guerini.it\/index.php\/wp-json\/wp\/v2\/product\/15947","targetHints":{"allow":["GET"]}}],"collection":[{"href":"https:\/\/www.guerini.it\/index.php\/wp-json\/wp\/v2\/product"}],"about":[{"href":"https:\/\/www.guerini.it\/index.php\/wp-json\/wp\/v2\/types\/product"}],"wp:featuredmedia":[{"embeddable":true,"href":"https:\/\/www.guerini.it\/index.php\/wp-json\/wp\/v2\/media\/15946"}],"wp:attachment":[{"href":"https:\/\/www.guerini.it\/index.php\/wp-json\/wp\/v2\/media?parent=15947"}],"wp:term":[{"taxonomy":"product_brand","embeddable":true,"href":"https:\/\/www.guerini.it\/index.php\/wp-json\/wp\/v2\/product_brand?post=15947"},{"taxonomy":"product_cat","embeddable":true,"href":"https:\/\/www.guerini.it\/index.php\/wp-json\/wp\/v2\/product_cat?post=15947"},{"taxonomy":"product_tag","embeddable":true,"href":"https:\/\/www.guerini.it\/index.php\/wp-json\/wp\/v2\/product_tag?post=15947"}],"curies":[{"name":"wp","href":"https:\/\/api.w.org\/{rel}","templated":true}]}}