{"id":15958,"date":"2017-07-25T12:56:32","date_gmt":"2017-07-25T10:56:32","guid":{"rendered":"https:\/\/test.guerini.it\/?product=innovazione-e-sostenibilita-nell-industria-tessile"},"modified":"2024-06-19T17:15:37","modified_gmt":"2024-06-19T15:15:37","slug":"innovazione-e-sostenibilita-nell-industria-tessile","status":"publish","type":"product","link":"https:\/\/www.guerini.it\/index.php\/prodotto\/innovazione-e-sostenibilita-nell-industria-tessile\/","title":{"rendered":"Innovazione e sostenibilit\u00e0 nell&#8217;industria tessile"},"content":{"rendered":"<p style=\"text-align: justify;\">Con oltre 52 miliardi di euro di fatturato il settore tessile e della moda italiano si conferma anche nei periodi pi\u00f9 critici un importante traino economico per il nostro Paese. Oggi due <em>driver <\/em>di innovazione focalizzano l\u2019attenzione di quanti operano nel comparto e di chi ne studia le dinamiche:<br \/>\n\u2022 la diffusione di una cultura della <strong>sostenibilit\u00e0 <\/strong>intesa come sviluppo di nuovi prodotti, mitigazione dell\u2019impatto ambientale delle lavorazioni e controllo della <em>supply chain<\/em>,<br \/>\n\u2022 l\u2019<strong>innovazione<\/strong> offerta dalle tecnologie manifatturiere e digitali.<br \/>\nDall\u2019esame della letteratura e dei lavori sul tema, alternato con interviste a <em>opinion leader<\/em> e casi aziendali, emergono i nuovi modelli di <em>business<\/em> del settore ispirati dalla <em>green economy<\/em>, dalle condizioni di competitivit\u00e0 e dalle strategie di rilancio.<\/p>\n<p>Il volume fa parte della collana\u00a0<a href=\"https:\/\/www.guerini.it\/index.php\/categoria-prodotto\/default-category\/economia-e-management\/universita-cattaneo-libri\/\"><em>Universit\u00e0 Cattaneo Libri<\/em><\/a><\/p>\n<hr \/>\n<p style=\"text-align: justify;\"><strong>Aurora Magni<\/strong>, docente incaricata di Ecoefficienza, prodotti e processi presso la LIUC \u2013 Universit\u00e0 Cattaneo. Presidente di Blumine srl, svolge attivit\u00e0 di ricerca, consulenza e formazione sui temi della sostenibilit\u00e0 e dell\u2019innovazione nell\u2019industria tessile e della moda.<\/p>\n<p style=\"text-align: justify;\"><strong>Carlo No\u00e8<\/strong>, ingegnere meccanico, direttore della Scuola di Ingegneria Industriale della LIUC &#8211; Universit\u00e0 Cattaneo. Professore ordinario di Impianti Industriali.<br \/>\nI maggiori interessi di ricerca sono la progettazione dei sistemi di produzione, la gestione della qualit\u00e0, la formazione in ingegneria gestionale. Gli interessi di ricerca si riflettono anche nelle attivit\u00e0 didattiche principali.<\/p>\n<p style=\"text-align: left;\"><strong>Permalink:\u00a0<a href=\"http:\/\/digital.casalini.it\/9788868962456\">http:\/\/digital.casalini.it\/9788868962456<\/a><\/strong><\/p>\n","protected":false},"excerpt":{"rendered":"<p>Con oltre 52 miliardi di euro di fatturato il settore tessile e della moda italiano si conferma anche nei periodi pi\u00f9 critici un importante traino economico per il nostro Paese. Oggi due driver di innovazione focalizzano l\u2019attenzione di quanti operano nel comparto e di chi ne studia le dinamiche:<br \/>\n\u2022 la diffusione di una cultura della sostenibilit\u00e0 intesa come sviluppo di nuovi prodotti, mitigazione dell\u2019impatto ambientale delle lavorazioni e controllo della supply chain,<br \/>\n\u2022 l\u2019innovazione offerta dalle tecnologie manifatturiere e digitali.<br \/>\nDall\u2019esame della letteratura e dei lavori sul tema, alternato con interviste a opinion leader e casi aziendali, emergono i nuovi modelli di business del settore ispirati dalla green economy, dalle condizioni di competitivit\u00e0 e dalle strategie di rilancio.<\/p>\n","protected":false},"featured_media":15957,"template":"","meta":{"_editorskit_title_hidden":false,"_editorskit_reading_time":0,"_editorskit_is_block_options_detached":false,"_editorskit_block_options_position":"{}","_monsterinsights_skip_tracking":false,"_monsterinsights_sitenote_active":false,"_monsterinsights_sitenote_note":"","_monsterinsights_sitenote_category":0},"product_brand":[],"product_cat":[6805,6529,6700],"product_tag":[6815,6745,6754],"class_list":{"0":"post-15958","1":"product","2":"type-product","3":"status-publish","4":"has-post-thumbnail","6":"product_cat-guerini-next","7":"product_cat-economia-e-management","8":"product_cat-universita-cattaneo-libri","9":"product_tag-economia","10":"product_tag-innovazione","11":"product_tag-sostenibilita","12":"pa_guerini_link_amazon-81-httpswwwamazonitinnovazion","13":"pa_guerini_link_apple_ibook-df-httpsitunesapplecomitbooki","14":"pa_guerini_link_bookrepublic-25-httpswwwbookrepublicitbook","15":"pa_guerini_link_google_play-63-httpsplaygooglecomstoreboo","16":"pa_guerini_link_ibs-99-httpswwwibsitinnovazione_s","17":"pa_guerini_link_kobo-c4-httpswwwkobocomititebookin","18":"pa_guerini_link_lafeltrinelli-e7-httpswwwlafeltrinelliitebo","19":"pa_guerini_link_mondadori-f0-httpswwwmondadoristoreitin","20":"pa_guerini_link_rizzoli-a0-httpswwwlibreriarizzoliiti","22":"first","23":"outofstock","24":"sale","25":"shipping-taxable","26":"purchasable","27":"product-type-simple"},"yoast_head":"<!-- This site is optimized with the Yoast SEO plugin v25.4 - https:\/\/yoast.com\/wordpress\/plugins\/seo\/ -->\n<title>Innovazione e sostenibilit\u00e0 nell&#039;industria tessile - Guerini e Associati<\/title>\n<meta name=\"robots\" content=\"index, follow, max-snippet:-1, max-image-preview:large, max-video-preview:-1\" \/>\n<link rel=\"canonical\" href=\"https:\/\/www.guerini.it\/index.php\/prodotto\/innovazione-e-sostenibilita-nell-industria-tessile\/\" \/>\n<meta property=\"og:locale\" content=\"it_IT\" \/>\n<meta property=\"og:type\" content=\"article\" \/>\n<meta property=\"og:title\" content=\"Innovazione e sostenibilit\u00e0 nell&#039;industria tessile - Guerini e Associati\" \/>\n<meta property=\"og:description\" content=\"Con oltre 52 miliardi di euro di fatturato il settore tessile e della moda italiano si conferma anche nei periodi pi\u00f9 critici un importante traino economico per il nostro Paese. Oggi due driver di innovazione focalizzano l\u2019attenzione di quanti operano nel comparto e di chi ne studia le dinamiche: \u2022 la diffusione di una cultura della sostenibilit\u00e0 intesa come sviluppo di nuovi prodotti, mitigazione dell\u2019impatto ambientale delle lavorazioni e controllo della supply chain, \u2022 l\u2019innovazione offerta dalle tecnologie manifatturiere e digitali. Dall\u2019esame della letteratura e dei lavori sul tema, alternato con interviste a opinion leader e casi aziendali, emergono i nuovi modelli di business del settore ispirati dalla green economy, dalle condizioni di competitivit\u00e0 e dalle strategie di rilancio.\" \/>\n<meta property=\"og:url\" content=\"https:\/\/www.guerini.it\/index.php\/prodotto\/innovazione-e-sostenibilita-nell-industria-tessile\/\" \/>\n<meta property=\"og:site_name\" content=\"Guerini e Associati\" \/>\n<meta property=\"article:modified_time\" content=\"2024-06-19T15:15:37+00:00\" \/>\n<meta property=\"og:image\" content=\"https:\/\/www.guerini.it\/wp-content\/uploads\/2017\/07\/9788868961572_sito.jpg\" \/>\n\t<meta property=\"og:image:width\" content=\"230\" \/>\n\t<meta property=\"og:image:height\" content=\"353\" \/>\n\t<meta property=\"og:image:type\" content=\"image\/jpeg\" \/>\n<meta name=\"twitter:card\" content=\"summary_large_image\" \/>\n<meta name=\"twitter:label1\" content=\"Tempo di lettura stimato\" \/>\n\t<meta name=\"twitter:data1\" content=\"2 minuti\" \/>\n<!-- \/ Yoast SEO plugin. -->","yoast_head_json":{"title":"Innovazione e sostenibilit\u00e0 nell'industria tessile - Guerini e Associati","robots":{"index":"index","follow":"follow","max-snippet":"max-snippet:-1","max-image-preview":"max-image-preview:large","max-video-preview":"max-video-preview:-1"},"canonical":"https:\/\/www.guerini.it\/index.php\/prodotto\/innovazione-e-sostenibilita-nell-industria-tessile\/","og_locale":"it_IT","og_type":"article","og_title":"Innovazione e sostenibilit\u00e0 nell'industria tessile - Guerini e Associati","og_description":"Con oltre 52 miliardi di euro di fatturato il settore tessile e della moda italiano si conferma anche nei periodi pi\u00f9 critici un importante traino economico per il nostro Paese. Oggi due driver di innovazione focalizzano l\u2019attenzione di quanti operano nel comparto e di chi ne studia le dinamiche: \u2022 la diffusione di una cultura della sostenibilit\u00e0 intesa come sviluppo di nuovi prodotti, mitigazione dell\u2019impatto ambientale delle lavorazioni e controllo della supply chain, \u2022 l\u2019innovazione offerta dalle tecnologie manifatturiere e digitali. Dall\u2019esame della letteratura e dei lavori sul tema, alternato con interviste a opinion leader e casi aziendali, emergono i nuovi modelli di business del settore ispirati dalla green economy, dalle condizioni di competitivit\u00e0 e dalle strategie di rilancio.","og_url":"https:\/\/www.guerini.it\/index.php\/prodotto\/innovazione-e-sostenibilita-nell-industria-tessile\/","og_site_name":"Guerini e Associati","article_modified_time":"2024-06-19T15:15:37+00:00","og_image":[{"width":230,"height":353,"url":"https:\/\/www.guerini.it\/wp-content\/uploads\/2017\/07\/9788868961572_sito.jpg","type":"image\/jpeg"}],"twitter_card":"summary_large_image","twitter_misc":{"Tempo di lettura stimato":"2 minuti"},"schema":{"@context":"https:\/\/schema.org","@graph":[{"@type":"WebPage","@id":"https:\/\/www.guerini.it\/index.php\/prodotto\/innovazione-e-sostenibilita-nell-industria-tessile\/","url":"https:\/\/www.guerini.it\/index.php\/prodotto\/innovazione-e-sostenibilita-nell-industria-tessile\/","name":"Innovazione e sostenibilit\u00e0 nell'industria tessile - Guerini e Associati","isPartOf":{"@id":"https:\/\/www.guerini.it\/#website"},"primaryImageOfPage":{"@id":"https:\/\/www.guerini.it\/index.php\/prodotto\/innovazione-e-sostenibilita-nell-industria-tessile\/#primaryimage"},"image":{"@id":"https:\/\/www.guerini.it\/index.php\/prodotto\/innovazione-e-sostenibilita-nell-industria-tessile\/#primaryimage"},"thumbnailUrl":"https:\/\/www.guerini.it\/wp-content\/uploads\/2017\/07\/9788868961572_sito.jpg","datePublished":"2017-07-25T10:56:32+00:00","dateModified":"2024-06-19T15:15:37+00:00","breadcrumb":{"@id":"https:\/\/www.guerini.it\/index.php\/prodotto\/innovazione-e-sostenibilita-nell-industria-tessile\/#breadcrumb"},"inLanguage":"it-IT","potentialAction":[{"@type":"ReadAction","target":["https:\/\/www.guerini.it\/index.php\/prodotto\/innovazione-e-sostenibilita-nell-industria-tessile\/"]}]},{"@type":"ImageObject","inLanguage":"it-IT","@id":"https:\/\/www.guerini.it\/index.php\/prodotto\/innovazione-e-sostenibilita-nell-industria-tessile\/#primaryimage","url":"https:\/\/www.guerini.it\/wp-content\/uploads\/2017\/07\/9788868961572_sito.jpg","contentUrl":"https:\/\/www.guerini.it\/wp-content\/uploads\/2017\/07\/9788868961572_sito.jpg","width":230,"height":353,"caption":"Innovazione e sostenibilit\u00e0"},{"@type":"BreadcrumbList","@id":"https:\/\/www.guerini.it\/index.php\/prodotto\/innovazione-e-sostenibilita-nell-industria-tessile\/#breadcrumb","itemListElement":[{"@type":"ListItem","position":1,"name":"Home","item":"https:\/\/www.guerini.it\/"},{"@type":"ListItem","position":2,"name":"Catalogo","item":"https:\/\/www.guerini.it\/index.php\/negozio\/"},{"@type":"ListItem","position":3,"name":"Innovazione e sostenibilit\u00e0 nell&#8217;industria tessile"}]},{"@type":"WebSite","@id":"https:\/\/www.guerini.it\/#website","url":"https:\/\/www.guerini.it\/","name":"Guerini e Associati","description":"30 anni di libri, idee e libert\u00e0","publisher":{"@id":"https:\/\/www.guerini.it\/#organization"},"potentialAction":[{"@type":"SearchAction","target":{"@type":"EntryPoint","urlTemplate":"https:\/\/www.guerini.it\/?s={search_term_string}"},"query-input":{"@type":"PropertyValueSpecification","valueRequired":true,"valueName":"search_term_string"}}],"inLanguage":"it-IT"},{"@type":"Organization","@id":"https:\/\/www.guerini.it\/#organization","name":"Guerini e Associati","url":"https:\/\/www.guerini.it\/","logo":{"@type":"ImageObject","inLanguage":"it-IT","@id":"https:\/\/www.guerini.it\/#\/schema\/logo\/image\/","url":"https:\/\/www.guerini.it\/wp-content\/uploads\/2021\/03\/Logo-Guerini-OK_-e1615831292285.png","contentUrl":"https:\/\/www.guerini.it\/wp-content\/uploads\/2021\/03\/Logo-Guerini-OK_-e1615831292285.png","width":2805,"height":1870,"caption":"Guerini e Associati"},"image":{"@id":"https:\/\/www.guerini.it\/#\/schema\/logo\/image\/"}}]}},"_links":{"self":[{"href":"https:\/\/www.guerini.it\/index.php\/wp-json\/wp\/v2\/product\/15958","targetHints":{"allow":["GET"]}}],"collection":[{"href":"https:\/\/www.guerini.it\/index.php\/wp-json\/wp\/v2\/product"}],"about":[{"href":"https:\/\/www.guerini.it\/index.php\/wp-json\/wp\/v2\/types\/product"}],"wp:featuredmedia":[{"embeddable":true,"href":"https:\/\/www.guerini.it\/index.php\/wp-json\/wp\/v2\/media\/15957"}],"wp:attachment":[{"href":"https:\/\/www.guerini.it\/index.php\/wp-json\/wp\/v2\/media?parent=15958"}],"wp:term":[{"taxonomy":"product_brand","embeddable":true,"href":"https:\/\/www.guerini.it\/index.php\/wp-json\/wp\/v2\/product_brand?post=15958"},{"taxonomy":"product_cat","embeddable":true,"href":"https:\/\/www.guerini.it\/index.php\/wp-json\/wp\/v2\/product_cat?post=15958"},{"taxonomy":"product_tag","embeddable":true,"href":"https:\/\/www.guerini.it\/index.php\/wp-json\/wp\/v2\/product_tag?post=15958"}],"curies":[{"name":"wp","href":"https:\/\/api.w.org\/{rel}","templated":true}]}}