{"id":15964,"date":"2017-08-30T13:08:18","date_gmt":"2017-08-30T11:08:18","guid":{"rendered":"https:\/\/test.guerini.it\/?product=digital-thinking"},"modified":"2024-06-12T14:39:12","modified_gmt":"2024-06-12T12:39:12","slug":"digital-thinking","status":"publish","type":"product","link":"https:\/\/www.guerini.it\/index.php\/prodotto\/digital-thinking\/","title":{"rendered":"Digital Thinking"},"content":{"rendered":"<p><em>Molti anni fa ho avuto una visione: un\u2019agenzia dove il benessere delle persone fosse pi\u00f9 importante del risultato economico.<\/em><br \/>\n<em>Dove parole come etica, genialit\u00e0 e contaminazione delle diversit\u00e0 fossero una guida alla ricerca della qualit\u00e0, dell\u2019efficacia e della soddisfazione nostra e del cliente.<\/em><br \/>\n<em>Oggi, dopo venticinque anni di appassionante lavoro, molte rughe, oltre 70 premi nazionali e internazionali, una testa in grado di pensare liberamente poich\u00e9 \u00abscevra\u00bb di peli superflui, posso raccontare ai miei pi\u00f9 grandi amori, mia moglie e mia figlia, una storia di cui vado fiero.<\/em><\/p>\n<p>Questo libro narra di #passione, #gioia, #sofferenza, #delusione, #visioni, #desideri, #ispirazioni, #futuro, #tecnologia, #culturadigitale, #amore, #rispetto.<\/p>\n<hr \/>\n<p style=\"text-align: justify;\"><strong>MAX GALLI<\/strong><br \/>\nCEO e co-fondatore di vanGoGh, una tra le pi\u00f9 autorevoli e innovative agenzie del panorama digitale italiano. Coach, esperto di PNL, \u00e8 stato designer e direttore creativo. Dedica la sua vita da quasi mezzo secolo alla comunicazione digitale, collaborando con grandi brand nazionali e internazionali. Lecturer e speaker molto apprezzato per le sue idee ispiranti e il suo approccio creativo, \u00e8 guidato da etica, valori, calma e positivit\u00e0 che costituiscono le fondamenta del suo essere imprenditore creativo e visionario.<\/p>\n","protected":false},"excerpt":{"rendered":"<p>Max Galli, CEO e co-fondatore di vanGoGh, una tra le pi\u00f9 autorevoli e innovative agenzie del panorama digitale italiano, ha raccolto in un libro la sua storia personale e professionale, che attraversa lo sviluppo e le trasformazioni della comunicazione digitale negli ultimi 25 anni.<\/p>\n","protected":false},"featured_media":15963,"template":"","meta":{"_editorskit_title_hidden":false,"_editorskit_reading_time":0,"_editorskit_is_block_options_detached":false,"_editorskit_block_options_position":"{}","_monsterinsights_skip_tracking":false,"_monsterinsights_sitenote_active":false,"_monsterinsights_sitenote_note":"","_monsterinsights_sitenote_category":0},"product_brand":[],"product_cat":[6805,6529],"product_tag":[],"class_list":{"0":"post-15964","1":"product","2":"type-product","3":"status-publish","4":"has-post-thumbnail","6":"product_cat-guerini-next","7":"product_cat-economia-e-management","8":"pa_fulfillment-fuori-catalogo","9":"pa_guerini_amazon_link-https-www-amazon-it-thinking-passioni-ispirazioni-comunicatore-visionario-dp-886896144x","10":"pa_guerini_feltrinelli_link-https-www-lafeltrinelli-it-digital-thinking-passioni-ispirazioni-utopie-libro-max-galli-e-9788868961442","11":"pa_guerini_ibs_link-https-www-ibs-it-digital-thinking-passioni-ispirazioni-utopie-libro-max-galli-e-9788868961442","12":"pa_guerini_libruniver_link-https-www-libreriauniversitaria-it-digital-thinking-passioni-ispirazioni-utopie-libro-9788868961442","13":"pa_guerini_link_amazon-cb-httpswwwamazonitthinking_p","14":"pa_guerini_link_apple_ibook-c7-httpsitunesapplecomitbookd","15":"pa_guerini_link_bookrepublic-https-books-apple-com-it-book-digital-thinking-passione-ispirazioni-e-utopie-di-un-id1314831204","16":"pa_guerini_link_giunti_punto-d1-httpswwwgiuntialpuntoitpro","17":"pa_guerini_link_google_play-https-play-google-com-store-books-details-max_galli_digital_thinking_passione_ispirazioni_eida90-dwaaqbajhlit","18":"pa_guerini_link_ibs-d6-httpswwwibsitdigital_think","19":"pa_guerini_link_kobo-d8-httpswwwkobocomititebookdi","20":"pa_guerini_link_lafeltrinelli-5d-httpswwwlafeltrinelliitebo","21":"pa_guerini_link_mondadori-1b-httpwwwmondadoristoreitdig","22":"pa_guerini_link_rizzoli-46-httpwwwlibreriarizzoliitdi","23":"pa_guerini_mondadori_link-https-www-mondadoristore-it-digital-thinking-passioni-max-galli-eai978886896144","25":"first","26":"instock","27":"sale","28":"shipping-taxable","29":"purchasable","30":"product-type-simple"},"yoast_head":"<!-- This site is optimized with the Yoast SEO plugin v25.4 - https:\/\/yoast.com\/wordpress\/plugins\/seo\/ -->\n<title>Digital Thinking - Guerini e Associati<\/title>\n<meta name=\"robots\" content=\"index, follow, max-snippet:-1, max-image-preview:large, max-video-preview:-1\" \/>\n<link rel=\"canonical\" href=\"https:\/\/www.guerini.it\/index.php\/prodotto\/digital-thinking\/\" \/>\n<meta property=\"og:locale\" content=\"it_IT\" \/>\n<meta property=\"og:type\" content=\"article\" \/>\n<meta property=\"og:title\" content=\"Digital Thinking - Guerini e Associati\" \/>\n<meta property=\"og:description\" content=\"Max Galli, CEO e co-fondatore di vanGoGh, una tra le pi\u00f9 autorevoli e innovative agenzie del panorama digitale italiano, ha raccolto in un libro la sua storia personale e professionale, che attraversa lo sviluppo e le trasformazioni della comunicazione digitale negli ultimi 25 anni.\" \/>\n<meta property=\"og:url\" content=\"https:\/\/www.guerini.it\/index.php\/prodotto\/digital-thinking\/\" \/>\n<meta property=\"og:site_name\" content=\"Guerini e Associati\" \/>\n<meta property=\"article:modified_time\" content=\"2024-06-12T12:39:12+00:00\" \/>\n<meta property=\"og:image\" content=\"https:\/\/www.guerini.it\/wp-content\/uploads\/2017\/08\/digital_thinking_1.jpg\" \/>\n\t<meta property=\"og:image:width\" content=\"216\" \/>\n\t<meta property=\"og:image:height\" content=\"323\" \/>\n\t<meta property=\"og:image:type\" content=\"image\/jpeg\" \/>\n<meta name=\"twitter:card\" content=\"summary_large_image\" \/>\n<meta name=\"twitter:label1\" content=\"Tempo di lettura stimato\" \/>\n\t<meta name=\"twitter:data1\" content=\"1 minuto\" \/>\n<!-- \/ Yoast SEO plugin. -->","yoast_head_json":{"title":"Digital Thinking - Guerini e Associati","robots":{"index":"index","follow":"follow","max-snippet":"max-snippet:-1","max-image-preview":"max-image-preview:large","max-video-preview":"max-video-preview:-1"},"canonical":"https:\/\/www.guerini.it\/index.php\/prodotto\/digital-thinking\/","og_locale":"it_IT","og_type":"article","og_title":"Digital Thinking - Guerini e Associati","og_description":"Max Galli, CEO e co-fondatore di vanGoGh, una tra le pi\u00f9 autorevoli e innovative agenzie del panorama digitale italiano, ha raccolto in un libro la sua storia personale e professionale, che attraversa lo sviluppo e le trasformazioni della comunicazione digitale negli ultimi 25 anni.","og_url":"https:\/\/www.guerini.it\/index.php\/prodotto\/digital-thinking\/","og_site_name":"Guerini e Associati","article_modified_time":"2024-06-12T12:39:12+00:00","og_image":[{"width":216,"height":323,"url":"https:\/\/www.guerini.it\/wp-content\/uploads\/2017\/08\/digital_thinking_1.jpg","type":"image\/jpeg"}],"twitter_card":"summary_large_image","twitter_misc":{"Tempo di lettura stimato":"1 minuto"},"schema":{"@context":"https:\/\/schema.org","@graph":[{"@type":"WebPage","@id":"https:\/\/www.guerini.it\/index.php\/prodotto\/digital-thinking\/","url":"https:\/\/www.guerini.it\/index.php\/prodotto\/digital-thinking\/","name":"Digital Thinking - Guerini e Associati","isPartOf":{"@id":"https:\/\/www.guerini.it\/#website"},"primaryImageOfPage":{"@id":"https:\/\/www.guerini.it\/index.php\/prodotto\/digital-thinking\/#primaryimage"},"image":{"@id":"https:\/\/www.guerini.it\/index.php\/prodotto\/digital-thinking\/#primaryimage"},"thumbnailUrl":"https:\/\/www.guerini.it\/wp-content\/uploads\/2017\/08\/digital_thinking_1.jpg","datePublished":"2017-08-30T11:08:18+00:00","dateModified":"2024-06-12T12:39:12+00:00","breadcrumb":{"@id":"https:\/\/www.guerini.it\/index.php\/prodotto\/digital-thinking\/#breadcrumb"},"inLanguage":"it-IT","potentialAction":[{"@type":"ReadAction","target":["https:\/\/www.guerini.it\/index.php\/prodotto\/digital-thinking\/"]}]},{"@type":"ImageObject","inLanguage":"it-IT","@id":"https:\/\/www.guerini.it\/index.php\/prodotto\/digital-thinking\/#primaryimage","url":"https:\/\/www.guerini.it\/wp-content\/uploads\/2017\/08\/digital_thinking_1.jpg","contentUrl":"https:\/\/www.guerini.it\/wp-content\/uploads\/2017\/08\/digital_thinking_1.jpg","width":216,"height":323,"caption":"Digital Thinking"},{"@type":"BreadcrumbList","@id":"https:\/\/www.guerini.it\/index.php\/prodotto\/digital-thinking\/#breadcrumb","itemListElement":[{"@type":"ListItem","position":1,"name":"Home","item":"https:\/\/www.guerini.it\/"},{"@type":"ListItem","position":2,"name":"Catalogo","item":"https:\/\/www.guerini.it\/index.php\/negozio\/"},{"@type":"ListItem","position":3,"name":"Digital Thinking"}]},{"@type":"WebSite","@id":"https:\/\/www.guerini.it\/#website","url":"https:\/\/www.guerini.it\/","name":"Guerini e Associati","description":"30 anni di libri, idee e libert\u00e0","publisher":{"@id":"https:\/\/www.guerini.it\/#organization"},"potentialAction":[{"@type":"SearchAction","target":{"@type":"EntryPoint","urlTemplate":"https:\/\/www.guerini.it\/?s={search_term_string}"},"query-input":{"@type":"PropertyValueSpecification","valueRequired":true,"valueName":"search_term_string"}}],"inLanguage":"it-IT"},{"@type":"Organization","@id":"https:\/\/www.guerini.it\/#organization","name":"Guerini e Associati","url":"https:\/\/www.guerini.it\/","logo":{"@type":"ImageObject","inLanguage":"it-IT","@id":"https:\/\/www.guerini.it\/#\/schema\/logo\/image\/","url":"https:\/\/www.guerini.it\/wp-content\/uploads\/2021\/03\/Logo-Guerini-OK_-e1615831292285.png","contentUrl":"https:\/\/www.guerini.it\/wp-content\/uploads\/2021\/03\/Logo-Guerini-OK_-e1615831292285.png","width":2805,"height":1870,"caption":"Guerini e Associati"},"image":{"@id":"https:\/\/www.guerini.it\/#\/schema\/logo\/image\/"}}]}},"_links":{"self":[{"href":"https:\/\/www.guerini.it\/index.php\/wp-json\/wp\/v2\/product\/15964","targetHints":{"allow":["GET"]}}],"collection":[{"href":"https:\/\/www.guerini.it\/index.php\/wp-json\/wp\/v2\/product"}],"about":[{"href":"https:\/\/www.guerini.it\/index.php\/wp-json\/wp\/v2\/types\/product"}],"wp:featuredmedia":[{"embeddable":true,"href":"https:\/\/www.guerini.it\/index.php\/wp-json\/wp\/v2\/media\/15963"}],"wp:attachment":[{"href":"https:\/\/www.guerini.it\/index.php\/wp-json\/wp\/v2\/media?parent=15964"}],"wp:term":[{"taxonomy":"product_brand","embeddable":true,"href":"https:\/\/www.guerini.it\/index.php\/wp-json\/wp\/v2\/product_brand?post=15964"},{"taxonomy":"product_cat","embeddable":true,"href":"https:\/\/www.guerini.it\/index.php\/wp-json\/wp\/v2\/product_cat?post=15964"},{"taxonomy":"product_tag","embeddable":true,"href":"https:\/\/www.guerini.it\/index.php\/wp-json\/wp\/v2\/product_tag?post=15964"}],"curies":[{"name":"wp","href":"https:\/\/api.w.org\/{rel}","templated":true}]}}