{"id":15976,"date":"2017-09-20T07:48:54","date_gmt":"2017-09-20T05:48:54","guid":{"rendered":"https:\/\/test.guerini.it\/?product=peccato-l-argomento"},"modified":"2024-06-12T14:35:00","modified_gmt":"2024-06-12T12:35:00","slug":"peccato-l-argomento","status":"publish","type":"product","link":"https:\/\/www.guerini.it\/index.php\/prodotto\/peccato-l-argomento\/","title":{"rendered":"Peccato l&#8217;argomento"},"content":{"rendered":"<p style=\"text-align: justify;\">Uomo da palcoscenico anche quando il palcoscenico non c&rsquo;&egrave;, scrittore di canzonette, robe importanti malgrado il vezzeggiativo coniato da lui. Enzo Jannacci &egrave; stato molte cose, prima di tutto persona appassionata di altruismo e <em>sciur dutur<\/em>.    Sandro Pat&eacute; racconta la biografia di Jannacci in modo appassionato, a partire dalle sue canzoni e da tutto ci&ograve; che le circonda. Quelle di Enzo sono complesse e per coglierle appieno bisogna correre il rischio di occuparsi di tutto tranne che della canzone stessa.   Chiacchierate fiume, interviste infinite e ricerche disperate sulla vita e il genio di Jannacci compongono il mosaico di <em>Peccato l&rsquo;argomento<\/em>.  Insieme alla prefazione di Paolo Villaggio e alle tante testimonianze, il libro raccoglie foto inedite di Enzo Jannacci e una mappa-disegno di Milano, per ripercorrere le tappe dello straordinario viaggio nella vita e nelle canzoni del &ldquo;maestro&rdquo;.<\/p>\n","protected":false},"excerpt":{"rendered":"<p>Uomo da palcoscenico anche quando il palcoscenico non c\u2019\u00e8, scrittore di canzonette, robe importanti malgrado il vezzeggiativo coniato da lui. Enzo Jannacci \u00e8 stato molte cose, prima di tutto persona appassionata di altruismo e sciur dutur. Sandro Pat\u00e9 racconta la biografia di Jannacci in modo appassionato, a partire dalle sue canzoni e da tutto ci\u00f2 che le circonda. Quelle di Enzo sono complesse e per coglierle appieno bisogna correre il rischio di occuparsi di tutto tranne che della canzone stessa. Chiacchierate fiume, interviste infinite e ricerche disperate sulla vita e il genio di Jannacci compongono il mosaico di Peccato l\u2019argomento. Insieme alla prefazione di Paolo Villaggio e alle tante testimonianze, il libro raccoglie foto inedite di Enzo Jannacci e una mappa-disegno di Milano, per ripercorrere le tappe dello straordinario viaggio nella vita e nelle canzoni del \u201cmaestro\u201d.<\/p>\n","protected":false},"featured_media":15975,"template":"","meta":{"_editorskit_title_hidden":false,"_editorskit_reading_time":0,"_editorskit_is_block_options_detached":false,"_editorskit_block_options_position":"{}","_monsterinsights_skip_tracking":false,"_monsterinsights_sitenote_active":false,"_monsterinsights_sitenote_note":"","_monsterinsights_sitenote_category":0},"product_brand":[],"product_cat":[6542],"product_tag":[],"class_list":{"0":"post-15976","1":"product","2":"type-product","3":"status-publish","4":"has-post-thumbnail","6":"product_cat-log-edizioni","8":"first","9":"instock","10":"sale","11":"shipping-taxable","12":"purchasable","13":"product-type-simple"},"yoast_head":"<!-- This site is optimized with the Yoast SEO plugin v25.4 - https:\/\/yoast.com\/wordpress\/plugins\/seo\/ -->\n<title>Peccato l&#039;argomento - Guerini e Associati<\/title>\n<meta name=\"robots\" content=\"index, follow, max-snippet:-1, max-image-preview:large, max-video-preview:-1\" \/>\n<link rel=\"canonical\" href=\"https:\/\/www.guerini.it\/index.php\/prodotto\/peccato-l-argomento\/\" \/>\n<meta property=\"og:locale\" content=\"it_IT\" \/>\n<meta property=\"og:type\" content=\"article\" \/>\n<meta property=\"og:title\" content=\"Peccato l&#039;argomento - Guerini e Associati\" \/>\n<meta property=\"og:description\" content=\"Uomo da palcoscenico anche quando il palcoscenico non c\u2019\u00e8, scrittore di canzonette, robe importanti malgrado il vezzeggiativo coniato da lui. Enzo Jannacci \u00e8 stato molte cose, prima di tutto persona appassionata di altruismo e sciur dutur. Sandro Pat\u00e9 racconta la biografia di Jannacci in modo appassionato, a partire dalle sue canzoni e da tutto ci\u00f2 che le circonda. Quelle di Enzo sono complesse e per coglierle appieno bisogna correre il rischio di occuparsi di tutto tranne che della canzone stessa. Chiacchierate fiume, interviste infinite e ricerche disperate sulla vita e il genio di Jannacci compongono il mosaico di Peccato l\u2019argomento. Insieme alla prefazione di Paolo Villaggio e alle tante testimonianze, il libro raccoglie foto inedite di Enzo Jannacci e una mappa-disegno di Milano, per ripercorrere le tappe dello straordinario viaggio nella vita e nelle canzoni del \u201cmaestro\u201d.\" \/>\n<meta property=\"og:url\" content=\"https:\/\/www.guerini.it\/index.php\/prodotto\/peccato-l-argomento\/\" \/>\n<meta property=\"og:site_name\" content=\"Guerini e Associati\" \/>\n<meta property=\"article:modified_time\" content=\"2024-06-12T12:35:00+00:00\" \/>\n<meta property=\"og:image\" content=\"https:\/\/www.guerini.it\/wp-content\/uploads\/2017\/09\/peccato_l_argomento_sito.jpg\" \/>\n\t<meta property=\"og:image:width\" content=\"232\" \/>\n\t<meta property=\"og:image:height\" content=\"353\" \/>\n\t<meta property=\"og:image:type\" content=\"image\/jpeg\" \/>\n<meta name=\"twitter:card\" content=\"summary_large_image\" \/>\n<meta name=\"twitter:label1\" content=\"Tempo di lettura stimato\" \/>\n\t<meta name=\"twitter:data1\" content=\"1 minuto\" \/>\n<!-- \/ Yoast SEO plugin. -->","yoast_head_json":{"title":"Peccato l'argomento - Guerini e Associati","robots":{"index":"index","follow":"follow","max-snippet":"max-snippet:-1","max-image-preview":"max-image-preview:large","max-video-preview":"max-video-preview:-1"},"canonical":"https:\/\/www.guerini.it\/index.php\/prodotto\/peccato-l-argomento\/","og_locale":"it_IT","og_type":"article","og_title":"Peccato l'argomento - Guerini e Associati","og_description":"Uomo da palcoscenico anche quando il palcoscenico non c\u2019\u00e8, scrittore di canzonette, robe importanti malgrado il vezzeggiativo coniato da lui. Enzo Jannacci \u00e8 stato molte cose, prima di tutto persona appassionata di altruismo e sciur dutur. Sandro Pat\u00e9 racconta la biografia di Jannacci in modo appassionato, a partire dalle sue canzoni e da tutto ci\u00f2 che le circonda. Quelle di Enzo sono complesse e per coglierle appieno bisogna correre il rischio di occuparsi di tutto tranne che della canzone stessa. Chiacchierate fiume, interviste infinite e ricerche disperate sulla vita e il genio di Jannacci compongono il mosaico di Peccato l\u2019argomento. Insieme alla prefazione di Paolo Villaggio e alle tante testimonianze, il libro raccoglie foto inedite di Enzo Jannacci e una mappa-disegno di Milano, per ripercorrere le tappe dello straordinario viaggio nella vita e nelle canzoni del \u201cmaestro\u201d.","og_url":"https:\/\/www.guerini.it\/index.php\/prodotto\/peccato-l-argomento\/","og_site_name":"Guerini e Associati","article_modified_time":"2024-06-12T12:35:00+00:00","og_image":[{"width":232,"height":353,"url":"https:\/\/www.guerini.it\/wp-content\/uploads\/2017\/09\/peccato_l_argomento_sito.jpg","type":"image\/jpeg"}],"twitter_card":"summary_large_image","twitter_misc":{"Tempo di lettura stimato":"1 minuto"},"schema":{"@context":"https:\/\/schema.org","@graph":[{"@type":"WebPage","@id":"https:\/\/www.guerini.it\/index.php\/prodotto\/peccato-l-argomento\/","url":"https:\/\/www.guerini.it\/index.php\/prodotto\/peccato-l-argomento\/","name":"Peccato l'argomento - Guerini e Associati","isPartOf":{"@id":"https:\/\/www.guerini.it\/#website"},"primaryImageOfPage":{"@id":"https:\/\/www.guerini.it\/index.php\/prodotto\/peccato-l-argomento\/#primaryimage"},"image":{"@id":"https:\/\/www.guerini.it\/index.php\/prodotto\/peccato-l-argomento\/#primaryimage"},"thumbnailUrl":"https:\/\/www.guerini.it\/wp-content\/uploads\/2017\/09\/peccato_l_argomento_sito.jpg","datePublished":"2017-09-20T05:48:54+00:00","dateModified":"2024-06-12T12:35:00+00:00","breadcrumb":{"@id":"https:\/\/www.guerini.it\/index.php\/prodotto\/peccato-l-argomento\/#breadcrumb"},"inLanguage":"it-IT","potentialAction":[{"@type":"ReadAction","target":["https:\/\/www.guerini.it\/index.php\/prodotto\/peccato-l-argomento\/"]}]},{"@type":"ImageObject","inLanguage":"it-IT","@id":"https:\/\/www.guerini.it\/index.php\/prodotto\/peccato-l-argomento\/#primaryimage","url":"https:\/\/www.guerini.it\/wp-content\/uploads\/2017\/09\/peccato_l_argomento_sito.jpg","contentUrl":"https:\/\/www.guerini.it\/wp-content\/uploads\/2017\/09\/peccato_l_argomento_sito.jpg","width":232,"height":353,"caption":"Peccato l'argomento"},{"@type":"BreadcrumbList","@id":"https:\/\/www.guerini.it\/index.php\/prodotto\/peccato-l-argomento\/#breadcrumb","itemListElement":[{"@type":"ListItem","position":1,"name":"Home","item":"https:\/\/www.guerini.it\/"},{"@type":"ListItem","position":2,"name":"Catalogo","item":"https:\/\/www.guerini.it\/index.php\/negozio\/"},{"@type":"ListItem","position":3,"name":"Peccato l&#8217;argomento"}]},{"@type":"WebSite","@id":"https:\/\/www.guerini.it\/#website","url":"https:\/\/www.guerini.it\/","name":"Guerini e Associati","description":"30 anni di libri, idee e libert\u00e0","publisher":{"@id":"https:\/\/www.guerini.it\/#organization"},"potentialAction":[{"@type":"SearchAction","target":{"@type":"EntryPoint","urlTemplate":"https:\/\/www.guerini.it\/?s={search_term_string}"},"query-input":{"@type":"PropertyValueSpecification","valueRequired":true,"valueName":"search_term_string"}}],"inLanguage":"it-IT"},{"@type":"Organization","@id":"https:\/\/www.guerini.it\/#organization","name":"Guerini e Associati","url":"https:\/\/www.guerini.it\/","logo":{"@type":"ImageObject","inLanguage":"it-IT","@id":"https:\/\/www.guerini.it\/#\/schema\/logo\/image\/","url":"https:\/\/www.guerini.it\/wp-content\/uploads\/2021\/03\/Logo-Guerini-OK_-e1615831292285.png","contentUrl":"https:\/\/www.guerini.it\/wp-content\/uploads\/2021\/03\/Logo-Guerini-OK_-e1615831292285.png","width":2805,"height":1870,"caption":"Guerini e Associati"},"image":{"@id":"https:\/\/www.guerini.it\/#\/schema\/logo\/image\/"}}]}},"_links":{"self":[{"href":"https:\/\/www.guerini.it\/index.php\/wp-json\/wp\/v2\/product\/15976","targetHints":{"allow":["GET"]}}],"collection":[{"href":"https:\/\/www.guerini.it\/index.php\/wp-json\/wp\/v2\/product"}],"about":[{"href":"https:\/\/www.guerini.it\/index.php\/wp-json\/wp\/v2\/types\/product"}],"wp:featuredmedia":[{"embeddable":true,"href":"https:\/\/www.guerini.it\/index.php\/wp-json\/wp\/v2\/media\/15975"}],"wp:attachment":[{"href":"https:\/\/www.guerini.it\/index.php\/wp-json\/wp\/v2\/media?parent=15976"}],"wp:term":[{"taxonomy":"product_brand","embeddable":true,"href":"https:\/\/www.guerini.it\/index.php\/wp-json\/wp\/v2\/product_brand?post=15976"},{"taxonomy":"product_cat","embeddable":true,"href":"https:\/\/www.guerini.it\/index.php\/wp-json\/wp\/v2\/product_cat?post=15976"},{"taxonomy":"product_tag","embeddable":true,"href":"https:\/\/www.guerini.it\/index.php\/wp-json\/wp\/v2\/product_tag?post=15976"}],"curies":[{"name":"wp","href":"https:\/\/api.w.org\/{rel}","templated":true}]}}