{"id":15984,"date":"2017-09-20T08:39:45","date_gmt":"2017-09-20T06:39:45","guid":{"rendered":"https:\/\/test.guerini.it\/?product=vieni-a-correre-con-me"},"modified":"2024-06-12T14:34:51","modified_gmt":"2024-06-12T12:34:51","slug":"vieni-a-correre-con-me","status":"publish","type":"product","link":"https:\/\/www.guerini.it\/index.php\/prodotto\/vieni-a-correre-con-me\/","title":{"rendered":"Vieni a correre con me"},"content":{"rendered":"<p>&laquo;Correre &egrave; qualcosa che getta un ponte fra noi e il nostro passato, l&agrave; dove tutto &egrave; cominciato. C&rsquo;&egrave; qualcosa di interiore e di personale nella corsa, nel suo movimento e nel suo ritmo.&raquo; <br \/> Una storia che parla di perdite e di conquiste, la storia di un uomo, padre di un figlio, e a volte il contrario, la storia di un figlio che parla di un padre e riporta alla luce l&rsquo;odio e l&rsquo;amore nascosti, una storia fatta di sofferenze e aspirazioni, di desideri e soddisfazioni.   <strong>La storia di una vita vissuta correndo. <br \/><\/strong> La distanza abissale che separa quasi tutti i padri dai loro figli pu&ograve; essere colmata solo con un miracolo, oppure con uno sforzo e una dedizione che valicano quasi sempre le nostre capacit&agrave; umane. Ogni tanto per&ograve; dentro di noi esistono delle risorse nascoste, che sono pi&ugrave; forti di qualsiasi ostacolo e che ci guidano con il loro passo leggero oltre i nostri limiti, come &egrave; successo all&rsquo;autore di questo libro, forse uno dei padri peggiori e pi&ugrave; irrisolti che un figlio possa immaginarsi. La sua risorsa &egrave; stata l&rsquo;amore per la corsa e la sua sfrenata passione per le maratone, che piano piano hanno contagiato anche i figli, trasformando magicamente gli anni luce di distanza tra loro in pochi minuti di distacco, allietati poi da tante esperienze in comune e tanto tempo passato insieme. Un tempo che sembrava perduto e che invece &egrave; tornato almeno in parte ai suoi legittimi proprietari, carico di tutti i suoi messaggi, di tutti i suoi ricordi, oltre che del suo inesprimibile ma indiscutibile amore.<\/p>\n","protected":false},"excerpt":{"rendered":"<p>\u00abCorrere \u00e8 qualcosa che getta un ponte fra noi e il nostro passato, l\u00e0 dove tutto \u00e8 cominciato. C\u2019\u00e8 qualcosa di interiore e di personale nella corsa, nel suo movimento e nel suo ritmo.\u00bb<br \/>\nUna storia che parla di perdite e di conquiste, la storia di un uomo, padre di un figlio, e a volte il contrario, la storia di un figlio che parla di un padre e riporta alla luce l\u2019odio e l\u2019amore nascosti, una storia fatta di sofferenze e aspirazioni, di desideri e soddisfazioni. La storia di una vita vissuta correndo.<br \/>\nLa distanza abissale che separa quasi tutti i padri dai loro figli pu\u00f2 essere colmata solo con un miracolo, oppure con uno sforzo e una dedizione che valicano quasi sempre le nostre capacit\u00e0 umane. Ogni tanto per\u00f2 dentro di noi esistono delle risorse nascoste, che sono pi\u00f9 forti di qualsiasi ostacolo e che ci guidano con il loro passo leggero oltre i nostri limiti, come \u00e8 successo all\u2019autore di questo libro, forse uno dei padri peggiori e pi\u00f9 irrisolti che un figlio possa immaginarsi. La sua risorsa \u00e8 stata l\u2019amore per la corsa e la sua sfrenata passione per le maratone, che piano piano hanno contagiato anche i figli, trasformando magicamente gli anni luce di distanza tra loro in pochi minuti di distacco, allietati poi da tante esperienze in comune e tanto tempo passato insieme. Un tempo che sembrava perduto e che invece \u00e8 tornato almeno in parte ai suoi legittimi proprietari, carico di tutti i suoi messaggi, di tutti i suoi ricordi, oltre che del suo inesprimibile ma indiscutibile amore. <\/p>\n","protected":false},"featured_media":15983,"template":"","meta":{"_editorskit_title_hidden":false,"_editorskit_reading_time":0,"_editorskit_is_block_options_detached":false,"_editorskit_block_options_position":"{}","_monsterinsights_skip_tracking":false,"_monsterinsights_sitenote_active":false,"_monsterinsights_sitenote_note":"","_monsterinsights_sitenote_category":0},"product_brand":[],"product_cat":[6542],"product_tag":[],"class_list":{"0":"post-15984","1":"product","2":"type-product","3":"status-publish","4":"has-post-thumbnail","6":"product_cat-log-edizioni","8":"first","9":"instock","10":"sale","11":"shipping-taxable","12":"purchasable","13":"product-type-simple"},"yoast_head":"<!-- This site is optimized with the Yoast SEO plugin v25.4 - https:\/\/yoast.com\/wordpress\/plugins\/seo\/ -->\n<title>Vieni a correre con me - Guerini e Associati<\/title>\n<meta name=\"robots\" content=\"index, follow, max-snippet:-1, max-image-preview:large, max-video-preview:-1\" \/>\n<link rel=\"canonical\" href=\"https:\/\/www.guerini.it\/index.php\/prodotto\/vieni-a-correre-con-me\/\" \/>\n<meta property=\"og:locale\" content=\"it_IT\" \/>\n<meta property=\"og:type\" content=\"article\" \/>\n<meta property=\"og:title\" content=\"Vieni a correre con me - Guerini e Associati\" \/>\n<meta property=\"og:description\" content=\"\u00abCorrere \u00e8 qualcosa che getta un ponte fra noi e il nostro passato, l\u00e0 dove tutto \u00e8 cominciato. C\u2019\u00e8 qualcosa di interiore e di personale nella corsa, nel suo movimento e nel suo ritmo.\u00bb  Una storia che parla di perdite e di conquiste, la storia di un uomo, padre di un figlio, e a volte il contrario, la storia di un figlio che parla di un padre e riporta alla luce l\u2019odio e l\u2019amore nascosti, una storia fatta di sofferenze e aspirazioni, di desideri e soddisfazioni. La storia di una vita vissuta correndo.  La distanza abissale che separa quasi tutti i padri dai loro figli pu\u00f2 essere colmata solo con un miracolo, oppure con uno sforzo e una dedizione che valicano quasi sempre le nostre capacit\u00e0 umane. Ogni tanto per\u00f2 dentro di noi esistono delle risorse nascoste, che sono pi\u00f9 forti di qualsiasi ostacolo e che ci guidano con il loro passo leggero oltre i nostri limiti, come \u00e8 successo all\u2019autore di questo libro, forse uno dei padri peggiori e pi\u00f9 irrisolti che un figlio possa immaginarsi. La sua risorsa \u00e8 stata l\u2019amore per la corsa e la sua sfrenata passione per le maratone, che piano piano hanno contagiato anche i figli, trasformando magicamente gli anni luce di distanza tra loro in pochi minuti di distacco, allietati poi da tante esperienze in comune e tanto tempo passato insieme. Un tempo che sembrava perduto e che invece \u00e8 tornato almeno in parte ai suoi legittimi proprietari, carico di tutti i suoi messaggi, di tutti i suoi ricordi, oltre che del suo inesprimibile ma indiscutibile amore.\" \/>\n<meta property=\"og:url\" content=\"https:\/\/www.guerini.it\/index.php\/prodotto\/vieni-a-correre-con-me\/\" \/>\n<meta property=\"og:site_name\" content=\"Guerini e Associati\" \/>\n<meta property=\"article:modified_time\" content=\"2024-06-12T12:34:51+00:00\" \/>\n<meta property=\"og:image\" content=\"https:\/\/www.guerini.it\/wp-content\/uploads\/2017\/09\/vieni_a_correre_con_me_sito.jpg\" \/>\n\t<meta property=\"og:image:width\" content=\"234\" \/>\n\t<meta property=\"og:image:height\" content=\"353\" \/>\n\t<meta property=\"og:image:type\" content=\"image\/jpeg\" \/>\n<meta name=\"twitter:card\" content=\"summary_large_image\" \/>\n<meta name=\"twitter:label1\" content=\"Tempo di lettura stimato\" \/>\n\t<meta name=\"twitter:data1\" content=\"1 minuto\" \/>\n<!-- \/ Yoast SEO plugin. -->","yoast_head_json":{"title":"Vieni a correre con me - Guerini e Associati","robots":{"index":"index","follow":"follow","max-snippet":"max-snippet:-1","max-image-preview":"max-image-preview:large","max-video-preview":"max-video-preview:-1"},"canonical":"https:\/\/www.guerini.it\/index.php\/prodotto\/vieni-a-correre-con-me\/","og_locale":"it_IT","og_type":"article","og_title":"Vieni a correre con me - Guerini e Associati","og_description":"\u00abCorrere \u00e8 qualcosa che getta un ponte fra noi e il nostro passato, l\u00e0 dove tutto \u00e8 cominciato. C\u2019\u00e8 qualcosa di interiore e di personale nella corsa, nel suo movimento e nel suo ritmo.\u00bb  Una storia che parla di perdite e di conquiste, la storia di un uomo, padre di un figlio, e a volte il contrario, la storia di un figlio che parla di un padre e riporta alla luce l\u2019odio e l\u2019amore nascosti, una storia fatta di sofferenze e aspirazioni, di desideri e soddisfazioni. La storia di una vita vissuta correndo.  La distanza abissale che separa quasi tutti i padri dai loro figli pu\u00f2 essere colmata solo con un miracolo, oppure con uno sforzo e una dedizione che valicano quasi sempre le nostre capacit\u00e0 umane. Ogni tanto per\u00f2 dentro di noi esistono delle risorse nascoste, che sono pi\u00f9 forti di qualsiasi ostacolo e che ci guidano con il loro passo leggero oltre i nostri limiti, come \u00e8 successo all\u2019autore di questo libro, forse uno dei padri peggiori e pi\u00f9 irrisolti che un figlio possa immaginarsi. La sua risorsa \u00e8 stata l\u2019amore per la corsa e la sua sfrenata passione per le maratone, che piano piano hanno contagiato anche i figli, trasformando magicamente gli anni luce di distanza tra loro in pochi minuti di distacco, allietati poi da tante esperienze in comune e tanto tempo passato insieme. Un tempo che sembrava perduto e che invece \u00e8 tornato almeno in parte ai suoi legittimi proprietari, carico di tutti i suoi messaggi, di tutti i suoi ricordi, oltre che del suo inesprimibile ma indiscutibile amore.","og_url":"https:\/\/www.guerini.it\/index.php\/prodotto\/vieni-a-correre-con-me\/","og_site_name":"Guerini e Associati","article_modified_time":"2024-06-12T12:34:51+00:00","og_image":[{"width":234,"height":353,"url":"https:\/\/www.guerini.it\/wp-content\/uploads\/2017\/09\/vieni_a_correre_con_me_sito.jpg","type":"image\/jpeg"}],"twitter_card":"summary_large_image","twitter_misc":{"Tempo di lettura stimato":"1 minuto"},"schema":{"@context":"https:\/\/schema.org","@graph":[{"@type":"WebPage","@id":"https:\/\/www.guerini.it\/index.php\/prodotto\/vieni-a-correre-con-me\/","url":"https:\/\/www.guerini.it\/index.php\/prodotto\/vieni-a-correre-con-me\/","name":"Vieni a correre con me - Guerini e Associati","isPartOf":{"@id":"https:\/\/www.guerini.it\/#website"},"primaryImageOfPage":{"@id":"https:\/\/www.guerini.it\/index.php\/prodotto\/vieni-a-correre-con-me\/#primaryimage"},"image":{"@id":"https:\/\/www.guerini.it\/index.php\/prodotto\/vieni-a-correre-con-me\/#primaryimage"},"thumbnailUrl":"https:\/\/www.guerini.it\/wp-content\/uploads\/2017\/09\/vieni_a_correre_con_me_sito.jpg","datePublished":"2017-09-20T06:39:45+00:00","dateModified":"2024-06-12T12:34:51+00:00","breadcrumb":{"@id":"https:\/\/www.guerini.it\/index.php\/prodotto\/vieni-a-correre-con-me\/#breadcrumb"},"inLanguage":"it-IT","potentialAction":[{"@type":"ReadAction","target":["https:\/\/www.guerini.it\/index.php\/prodotto\/vieni-a-correre-con-me\/"]}]},{"@type":"ImageObject","inLanguage":"it-IT","@id":"https:\/\/www.guerini.it\/index.php\/prodotto\/vieni-a-correre-con-me\/#primaryimage","url":"https:\/\/www.guerini.it\/wp-content\/uploads\/2017\/09\/vieni_a_correre_con_me_sito.jpg","contentUrl":"https:\/\/www.guerini.it\/wp-content\/uploads\/2017\/09\/vieni_a_correre_con_me_sito.jpg","width":234,"height":353,"caption":"Vieni a correre con me"},{"@type":"BreadcrumbList","@id":"https:\/\/www.guerini.it\/index.php\/prodotto\/vieni-a-correre-con-me\/#breadcrumb","itemListElement":[{"@type":"ListItem","position":1,"name":"Home","item":"https:\/\/www.guerini.it\/"},{"@type":"ListItem","position":2,"name":"Catalogo","item":"https:\/\/www.guerini.it\/index.php\/negozio\/"},{"@type":"ListItem","position":3,"name":"Vieni a correre con me"}]},{"@type":"WebSite","@id":"https:\/\/www.guerini.it\/#website","url":"https:\/\/www.guerini.it\/","name":"Guerini e Associati","description":"30 anni di libri, idee e libert\u00e0","publisher":{"@id":"https:\/\/www.guerini.it\/#organization"},"potentialAction":[{"@type":"SearchAction","target":{"@type":"EntryPoint","urlTemplate":"https:\/\/www.guerini.it\/?s={search_term_string}"},"query-input":{"@type":"PropertyValueSpecification","valueRequired":true,"valueName":"search_term_string"}}],"inLanguage":"it-IT"},{"@type":"Organization","@id":"https:\/\/www.guerini.it\/#organization","name":"Guerini e Associati","url":"https:\/\/www.guerini.it\/","logo":{"@type":"ImageObject","inLanguage":"it-IT","@id":"https:\/\/www.guerini.it\/#\/schema\/logo\/image\/","url":"https:\/\/www.guerini.it\/wp-content\/uploads\/2021\/03\/Logo-Guerini-OK_-e1615831292285.png","contentUrl":"https:\/\/www.guerini.it\/wp-content\/uploads\/2021\/03\/Logo-Guerini-OK_-e1615831292285.png","width":2805,"height":1870,"caption":"Guerini e Associati"},"image":{"@id":"https:\/\/www.guerini.it\/#\/schema\/logo\/image\/"}}]}},"_links":{"self":[{"href":"https:\/\/www.guerini.it\/index.php\/wp-json\/wp\/v2\/product\/15984","targetHints":{"allow":["GET"]}}],"collection":[{"href":"https:\/\/www.guerini.it\/index.php\/wp-json\/wp\/v2\/product"}],"about":[{"href":"https:\/\/www.guerini.it\/index.php\/wp-json\/wp\/v2\/types\/product"}],"wp:featuredmedia":[{"embeddable":true,"href":"https:\/\/www.guerini.it\/index.php\/wp-json\/wp\/v2\/media\/15983"}],"wp:attachment":[{"href":"https:\/\/www.guerini.it\/index.php\/wp-json\/wp\/v2\/media?parent=15984"}],"wp:term":[{"taxonomy":"product_brand","embeddable":true,"href":"https:\/\/www.guerini.it\/index.php\/wp-json\/wp\/v2\/product_brand?post=15984"},{"taxonomy":"product_cat","embeddable":true,"href":"https:\/\/www.guerini.it\/index.php\/wp-json\/wp\/v2\/product_cat?post=15984"},{"taxonomy":"product_tag","embeddable":true,"href":"https:\/\/www.guerini.it\/index.php\/wp-json\/wp\/v2\/product_tag?post=15984"}],"curies":[{"name":"wp","href":"https:\/\/api.w.org\/{rel}","templated":true}]}}