{"id":15990,"date":"2017-09-20T09:04:46","date_gmt":"2017-09-20T07:04:46","guid":{"rendered":"https:\/\/test.guerini.it\/?product=s-o-s-mamma"},"modified":"2025-12-02T11:11:55","modified_gmt":"2025-12-02T10:11:55","slug":"s-o-s-mamma","status":"publish","type":"product","link":"https:\/\/www.guerini.it\/index.php\/prodotto\/s-o-s-mamma\/","title":{"rendered":"S.O.S. Mamma"},"content":{"rendered":"<p style=\"text-align: justify;\">\u201cDopo i corsi post-parto gli aiuti si volatilizzano e tu sei da sola\u201d. Alzi la mano tra le mamme chi non l\u2019ha pensato almeno una volta. Sono tantissime le donne che, dopo aver avuto dei figli, si sentono abbandonate a se stesse proprio nel momento in cui devono riorganizzare la loro vita. Il ritorno al lavoro \u00e8 il tasto pi\u00f9 dolente: la strada sembra essere tutta in salita e una grande abilit\u00e0 di giocoleria non basta.<br \/>\nPer raggiungere un equilibrio essenziale per il benessere di tutta la famiglia serve supporto. Per maturare le decisioni migliori senza farsi sopraffare da un\u2019idea ansiogena di perfezione, senza soccombere alla frustrazione e ai sensi di colpa, servono consigli sensati e pratici da trasformare in soluzioni. Lo dimostrano i tanti racconti delle mamme che in questa fase ci sono gi\u00e0 passate.<br \/>\n<em>S.o.s mamma <\/em>d\u00e0 voce alle donne vere, le aiuta a capire in che modo ognuna possa avere quello che \u00e8 meglio per s\u00e9 e per le persone amate.<\/p>\n<hr \/>\n<p style=\"text-align: justify;\"><strong>Jessica Chivers<\/strong>, consulente specializzata nelle tematiche della maternit\u00e0, dell\u2019abbandono e rinserimento nel mondo del lavoro, nel corso degli anni ha aiutato moltissime donne a concretizzare le loro aspirazioni, a rilanciare la loro professionalit\u00e0 e a diventare lavoratrici autonome dopo la nascita dei bambini. Coach, oratrice di frequentatissimi workshop e a lungo life consultant per la rivista \u201cLook\u201d, interviene regolarmente alla radio inglese, su \u201cSHE\u201d, \u201cPrima Baby\u201d e \u201cTop Sant\u00e9\u201d.<\/p>\n","protected":false},"excerpt":{"rendered":"<p>\u201cDopo i corsi post-parto gli aiuti si volatilizzano e tu sei da sola\u201d. Alzi la mano tra le mamme chi non l\u2019ha pensato almeno una volta. Sono tantissime le donne che, dopo aver avuto dei figli, si sentono abbandonate a se stesse proprio nel momento in cui devono riorganizzare la loro vita. Il ritorno al lavoro \u00e8 il tasto pi\u00f9 dolente: la strada sembra essere tutta in salita e una grande abilit\u00e0 di giocoleria non basta.<br \/>\nPer raggiungere un equilibrio essenziale per il benessere di tutta la famiglia serve supporto. Per maturare le decisioni migliori senza farsi sopraffare da un\u2019idea ansiogena di perfezione, senza soccombere alla frustrazione e ai sensi di colpa, servono consigli sensati e pratici da trasformare in soluzioni. Lo dimostrano i tanti racconti delle mamme che in questa fase ci sono gi\u00e0 passate.<br \/>\nS.o.s mamma d\u00e0 voce alle donne vere, le aiuta a capire in che modo ognuna possa avere quello che \u00e8 meglio per s\u00e9 e per le persone amate.<\/p>\n","protected":false},"featured_media":15989,"template":"","meta":{"_editorskit_title_hidden":false,"_editorskit_reading_time":0,"_editorskit_is_block_options_detached":false,"_editorskit_block_options_position":"{}","_monsterinsights_skip_tracking":false,"_monsterinsights_sitenote_active":false,"_monsterinsights_sitenote_note":"","_monsterinsights_sitenote_category":0},"product_brand":[],"product_cat":[6542],"product_tag":[],"class_list":{"0":"post-15990","1":"product","2":"type-product","3":"status-publish","4":"has-post-thumbnail","6":"product_cat-log-edizioni","8":"first","9":"onbackorder","10":"sale","11":"shipping-taxable","12":"purchasable","13":"product-type-simple"},"yoast_head":"<!-- This site is optimized with the Yoast SEO plugin v25.4 - https:\/\/yoast.com\/wordpress\/plugins\/seo\/ -->\n<title>S.O.S. Mamma - Guerini e Associati<\/title>\n<meta name=\"robots\" content=\"index, follow, max-snippet:-1, max-image-preview:large, max-video-preview:-1\" \/>\n<link rel=\"canonical\" href=\"https:\/\/www.guerini.it\/index.php\/prodotto\/s-o-s-mamma\/\" \/>\n<meta property=\"og:locale\" content=\"it_IT\" \/>\n<meta property=\"og:type\" content=\"article\" \/>\n<meta property=\"og:title\" content=\"S.O.S. Mamma - Guerini e Associati\" \/>\n<meta property=\"og:description\" content=\"\u201cDopo i corsi post-parto gli aiuti si volatilizzano e tu sei da sola\u201d. Alzi la mano tra le mamme chi non l\u2019ha pensato almeno una volta. Sono tantissime le donne che, dopo aver avuto dei figli, si sentono abbandonate a se stesse proprio nel momento in cui devono riorganizzare la loro vita. Il ritorno al lavoro \u00e8 il tasto pi\u00f9 dolente: la strada sembra essere tutta in salita e una grande abilit\u00e0 di giocoleria non basta. Per raggiungere un equilibrio essenziale per il benessere di tutta la famiglia serve supporto. Per maturare le decisioni migliori senza farsi sopraffare da un\u2019idea ansiogena di perfezione, senza soccombere alla frustrazione e ai sensi di colpa, servono consigli sensati e pratici da trasformare in soluzioni. Lo dimostrano i tanti racconti delle mamme che in questa fase ci sono gi\u00e0 passate. S.o.s mamma d\u00e0 voce alle donne vere, le aiuta a capire in che modo ognuna possa avere quello che \u00e8 meglio per s\u00e9 e per le persone amate.\" \/>\n<meta property=\"og:url\" content=\"https:\/\/www.guerini.it\/index.php\/prodotto\/s-o-s-mamma\/\" \/>\n<meta property=\"og:site_name\" content=\"Guerini e Associati\" \/>\n<meta property=\"article:modified_time\" content=\"2025-12-02T10:11:55+00:00\" \/>\n<meta property=\"og:image\" content=\"https:\/\/www.guerini.it\/wp-content\/uploads\/2017\/09\/sos.mamma_sito.jpg\" \/>\n\t<meta property=\"og:image:width\" content=\"235\" \/>\n\t<meta property=\"og:image:height\" content=\"353\" \/>\n\t<meta property=\"og:image:type\" content=\"image\/jpeg\" \/>\n<meta name=\"twitter:card\" content=\"summary_large_image\" \/>\n<meta name=\"twitter:label1\" content=\"Tempo di lettura stimato\" \/>\n\t<meta name=\"twitter:data1\" content=\"2 minuti\" \/>\n<!-- \/ Yoast SEO plugin. -->","yoast_head_json":{"title":"S.O.S. Mamma - Guerini e Associati","robots":{"index":"index","follow":"follow","max-snippet":"max-snippet:-1","max-image-preview":"max-image-preview:large","max-video-preview":"max-video-preview:-1"},"canonical":"https:\/\/www.guerini.it\/index.php\/prodotto\/s-o-s-mamma\/","og_locale":"it_IT","og_type":"article","og_title":"S.O.S. Mamma - Guerini e Associati","og_description":"\u201cDopo i corsi post-parto gli aiuti si volatilizzano e tu sei da sola\u201d. Alzi la mano tra le mamme chi non l\u2019ha pensato almeno una volta. Sono tantissime le donne che, dopo aver avuto dei figli, si sentono abbandonate a se stesse proprio nel momento in cui devono riorganizzare la loro vita. Il ritorno al lavoro \u00e8 il tasto pi\u00f9 dolente: la strada sembra essere tutta in salita e una grande abilit\u00e0 di giocoleria non basta. Per raggiungere un equilibrio essenziale per il benessere di tutta la famiglia serve supporto. Per maturare le decisioni migliori senza farsi sopraffare da un\u2019idea ansiogena di perfezione, senza soccombere alla frustrazione e ai sensi di colpa, servono consigli sensati e pratici da trasformare in soluzioni. Lo dimostrano i tanti racconti delle mamme che in questa fase ci sono gi\u00e0 passate. S.o.s mamma d\u00e0 voce alle donne vere, le aiuta a capire in che modo ognuna possa avere quello che \u00e8 meglio per s\u00e9 e per le persone amate.","og_url":"https:\/\/www.guerini.it\/index.php\/prodotto\/s-o-s-mamma\/","og_site_name":"Guerini e Associati","article_modified_time":"2025-12-02T10:11:55+00:00","og_image":[{"width":235,"height":353,"url":"https:\/\/www.guerini.it\/wp-content\/uploads\/2017\/09\/sos.mamma_sito.jpg","type":"image\/jpeg"}],"twitter_card":"summary_large_image","twitter_misc":{"Tempo di lettura stimato":"2 minuti"},"schema":{"@context":"https:\/\/schema.org","@graph":[{"@type":"WebPage","@id":"https:\/\/www.guerini.it\/index.php\/prodotto\/s-o-s-mamma\/","url":"https:\/\/www.guerini.it\/index.php\/prodotto\/s-o-s-mamma\/","name":"S.O.S. Mamma - Guerini e Associati","isPartOf":{"@id":"https:\/\/www.guerini.it\/#website"},"primaryImageOfPage":{"@id":"https:\/\/www.guerini.it\/index.php\/prodotto\/s-o-s-mamma\/#primaryimage"},"image":{"@id":"https:\/\/www.guerini.it\/index.php\/prodotto\/s-o-s-mamma\/#primaryimage"},"thumbnailUrl":"https:\/\/www.guerini.it\/wp-content\/uploads\/2017\/09\/sos.mamma_sito.jpg","datePublished":"2017-09-20T07:04:46+00:00","dateModified":"2025-12-02T10:11:55+00:00","breadcrumb":{"@id":"https:\/\/www.guerini.it\/index.php\/prodotto\/s-o-s-mamma\/#breadcrumb"},"inLanguage":"it-IT","potentialAction":[{"@type":"ReadAction","target":["https:\/\/www.guerini.it\/index.php\/prodotto\/s-o-s-mamma\/"]}]},{"@type":"ImageObject","inLanguage":"it-IT","@id":"https:\/\/www.guerini.it\/index.php\/prodotto\/s-o-s-mamma\/#primaryimage","url":"https:\/\/www.guerini.it\/wp-content\/uploads\/2017\/09\/sos.mamma_sito.jpg","contentUrl":"https:\/\/www.guerini.it\/wp-content\/uploads\/2017\/09\/sos.mamma_sito.jpg","width":235,"height":353,"caption":"Sos mamma"},{"@type":"BreadcrumbList","@id":"https:\/\/www.guerini.it\/index.php\/prodotto\/s-o-s-mamma\/#breadcrumb","itemListElement":[{"@type":"ListItem","position":1,"name":"Home","item":"https:\/\/www.guerini.it\/"},{"@type":"ListItem","position":2,"name":"Catalogo","item":"https:\/\/www.guerini.it\/index.php\/negozio\/"},{"@type":"ListItem","position":3,"name":"S.O.S. Mamma"}]},{"@type":"WebSite","@id":"https:\/\/www.guerini.it\/#website","url":"https:\/\/www.guerini.it\/","name":"Guerini e Associati","description":"30 anni di libri, idee e libert\u00e0","publisher":{"@id":"https:\/\/www.guerini.it\/#organization"},"potentialAction":[{"@type":"SearchAction","target":{"@type":"EntryPoint","urlTemplate":"https:\/\/www.guerini.it\/?s={search_term_string}"},"query-input":{"@type":"PropertyValueSpecification","valueRequired":true,"valueName":"search_term_string"}}],"inLanguage":"it-IT"},{"@type":"Organization","@id":"https:\/\/www.guerini.it\/#organization","name":"Guerini e Associati","url":"https:\/\/www.guerini.it\/","logo":{"@type":"ImageObject","inLanguage":"it-IT","@id":"https:\/\/www.guerini.it\/#\/schema\/logo\/image\/","url":"https:\/\/www.guerini.it\/wp-content\/uploads\/2021\/03\/Logo-Guerini-OK_-e1615831292285.png","contentUrl":"https:\/\/www.guerini.it\/wp-content\/uploads\/2021\/03\/Logo-Guerini-OK_-e1615831292285.png","width":2805,"height":1870,"caption":"Guerini e Associati"},"image":{"@id":"https:\/\/www.guerini.it\/#\/schema\/logo\/image\/"}}]}},"_links":{"self":[{"href":"https:\/\/www.guerini.it\/index.php\/wp-json\/wp\/v2\/product\/15990","targetHints":{"allow":["GET"]}}],"collection":[{"href":"https:\/\/www.guerini.it\/index.php\/wp-json\/wp\/v2\/product"}],"about":[{"href":"https:\/\/www.guerini.it\/index.php\/wp-json\/wp\/v2\/types\/product"}],"wp:featuredmedia":[{"embeddable":true,"href":"https:\/\/www.guerini.it\/index.php\/wp-json\/wp\/v2\/media\/15989"}],"wp:attachment":[{"href":"https:\/\/www.guerini.it\/index.php\/wp-json\/wp\/v2\/media?parent=15990"}],"wp:term":[{"taxonomy":"product_brand","embeddable":true,"href":"https:\/\/www.guerini.it\/index.php\/wp-json\/wp\/v2\/product_brand?post=15990"},{"taxonomy":"product_cat","embeddable":true,"href":"https:\/\/www.guerini.it\/index.php\/wp-json\/wp\/v2\/product_cat?post=15990"},{"taxonomy":"product_tag","embeddable":true,"href":"https:\/\/www.guerini.it\/index.php\/wp-json\/wp\/v2\/product_tag?post=15990"}],"curies":[{"name":"wp","href":"https:\/\/api.w.org\/{rel}","templated":true}]}}