{"id":15994,"date":"2017-09-20T11:20:00","date_gmt":"2017-09-20T09:20:00","guid":{"rendered":"https:\/\/test.guerini.it\/?product=mind-the-change"},"modified":"2024-06-12T14:38:50","modified_gmt":"2024-06-12T12:38:50","slug":"mind-the-change","status":"publish","type":"product","link":"https:\/\/www.guerini.it\/index.php\/prodotto\/mind-the-change\/","title":{"rendered":"Mind the change"},"content":{"rendered":"<p style=\"text-align: justify;\"><em>Mind the Change<\/em> nasce dalla collaborazione fra un imprenditore illuminato (ai vertici di Confindustria e fra i padri del piano nazionale sull&#8217;Industria 4.0), un consulente di innovazione (a met\u00e0 tra Stati Uniti e Italia) e un docente di marketing (esperto di tecnologica e cambiamento strategico). Con stile chiaro e numerosi esempi, il libro affronta le titubanze indotte dalla velocit\u00e0 del cambiamento tecnologico. Proponendo strumenti inediti, aiuta ad ideare e applicare nuovi modelli di business e nuove fonti di ricavo, per sfruttare al meglio il potenziale delle tecnologie digitali. Destinato ad imprenditori, top manager e decision maker, questo libro offre intuizioni su:<br \/>\n&#8211; come l&#8217;innovazione digitale impone l&#8217;adozione di nuovi modelli di business;<br \/>\n&#8211; perch\u00e9 le imprese pi\u00f9 innovative considerano ormai irrinunciabile l&#8217;API economy;<br \/>\n&#8211; perch\u00e9 la &#8220;quota dati&#8221; sostituir\u00e0 la &#8220;quota di mercato&#8221; nel definire il leader di un settore;<br \/>\n&#8211; come le strategie evolvono grazie ai dati (che molti nemmeno sanno di possedere);<br \/>\n&#8211; perch\u00e9 \u00e8 miope e dannoso concepire Industria 4.0 solo in termini di mera efficienza;<br \/>\n&#8211; cosa significa davvero, e quanto \u00e8 potente, pensare in prospettiva C2B (e non pi\u00f9 B2C).<\/p>\n","protected":false},"excerpt":{"rendered":"<p>Mind the Change nasce dalla collaborazione fra un imprenditore illuminato (ai vertici di Confindustria e fra i padri del piano nazionale sull&#8217;Industria 4.0), un consulente di innovazione (a met\u00e0 tra Stati Uniti e Italia) e un docente di marketing (esperto di tecnologica e cambiamento strategico).<br \/>\nCon stile chiaro e numerosi esempi, il libro affronta le titubanze indotte dalla velocit\u00e0 del cambiamento tecnologico. Proponendo strumenti inediti, aiuta ad ideare e applicare nuovi modelli di business e nuove fonti di ricavo, per sfruttare al meglio il potenziale delle tecnologie digitali.<br \/>\nDestinato ad imprenditori, top manager e decision maker, questo libro offre intuizioni su:<br \/>\n&#8211; come l&#8217;innovazione digitale impone l&#8217;adozione di nuovi modelli di business;<br \/>\n&#8211; perch\u00e9 le imprese pi\u00f9 innovative considerano ormai irrinunciabile l&#8217;API economy;<br \/>\n-perch\u00e9 la &#8220;quota dati&#8221; sostituir\u00e0 la &#8220;quota di mercato&#8221; nel definire il leader di un settore;<br \/>\n&#8211; come le strategie evolvono grazie ai dati (che molti nemmeno sanno di possedere);<br \/>\n-perch\u00e9 \u00e8 miope e dannoso concepire Industria 4.0 solo in termini di mera efficienza;<br \/>\n&#8211; cosa significa davvero, e quanto \u00e8 potente, pensare in prospettiva C2B (e non pi\u00f9 B2C).<\/p>\n","protected":false},"featured_media":15993,"template":"","meta":{"_editorskit_title_hidden":false,"_editorskit_reading_time":0,"_editorskit_is_block_options_detached":false,"_editorskit_block_options_position":"{}","_monsterinsights_skip_tracking":false,"_monsterinsights_sitenote_active":false,"_monsterinsights_sitenote_note":"","_monsterinsights_sitenote_category":0},"product_brand":[],"product_cat":[6805,6529,6702],"product_tag":[],"class_list":{"0":"post-15994","1":"product","2":"type-product","3":"status-publish","4":"has-post-thumbnail","6":"product_cat-guerini-next","7":"product_cat-economia-e-management","8":"product_cat-mind-the-change","9":"pa_guerini_amazon_link-https-www-amazon-it-change-capire-cambiamento-progettare-business-dp-886896161x","10":"pa_guerini_feltrinelli_link-https-www-lafeltrinelli-it-mind-the-change-capire-cambiamento-libro-vari-e-9788868961619","11":"pa_guerini_ibs_link-https-www-ibs-it-mind-the-change-capire-cambiamento-libro-vari-e-9788868961619","12":"pa_guerini_libruniver_link-https-www-libreriauniversitaria-it-mind-change-capire-cambiamento-progettare-libro-9788868961619","13":"pa_guerini_link_amazon-46-httpswwwamazonitdpb076cxn8","14":"pa_guerini_link_apple_ibook-77-httpsitunesapplecomitbookm","15":"pa_guerini_link_bookrepublic-83-httpswwwbookrepublicitbook","16":"pa_guerini_link_google_play-f5-httpsplaygooglecomstoreboo","17":"pa_guerini_link_kobo-28-httpswwwkobocomititebookmi","18":"pa_guerini_mondadori_link-https-www-mondadoristore-it-mind-the-change-capire-alberto-baban-alberto-mattiello-armando-cirrincione-eai978886896161","20":"first","21":"instock","22":"sale","23":"shipping-taxable","24":"purchasable","25":"product-type-simple"},"yoast_head":"<!-- This site is optimized with the Yoast SEO plugin v25.4 - https:\/\/yoast.com\/wordpress\/plugins\/seo\/ -->\n<title>Mind the change - Guerini e Associati<\/title>\n<meta name=\"robots\" content=\"index, follow, max-snippet:-1, max-image-preview:large, max-video-preview:-1\" \/>\n<link rel=\"canonical\" href=\"https:\/\/www.guerini.it\/index.php\/prodotto\/mind-the-change\/\" \/>\n<meta property=\"og:locale\" content=\"it_IT\" \/>\n<meta property=\"og:type\" content=\"article\" \/>\n<meta property=\"og:title\" content=\"Mind the change - Guerini e Associati\" \/>\n<meta property=\"og:description\" content=\"Mind the Change nasce dalla collaborazione fra un imprenditore illuminato (ai vertici di Confindustria e fra i padri del piano nazionale sull&#039;Industria 4.0), un consulente di innovazione (a met\u00e0 tra Stati Uniti e Italia) e un docente di marketing (esperto di tecnologica e cambiamento strategico). Con stile chiaro e numerosi esempi, il libro affronta le titubanze indotte dalla velocit\u00e0 del cambiamento tecnologico. Proponendo strumenti inediti, aiuta ad ideare e applicare nuovi modelli di business e nuove fonti di ricavo, per sfruttare al meglio il potenziale delle tecnologie digitali. Destinato ad imprenditori, top manager e decision maker, questo libro offre intuizioni su: - come l&#039;innovazione digitale impone l&#039;adozione di nuovi modelli di business; - perch\u00e9 le imprese pi\u00f9 innovative considerano ormai irrinunciabile l&#039;API economy; -perch\u00e9 la &quot;quota dati&quot; sostituir\u00e0 la &quot;quota di mercato&quot; nel definire il leader di un settore; - come le strategie evolvono grazie ai dati (che molti nemmeno sanno di possedere); -perch\u00e9 \u00e8 miope e dannoso concepire Industria 4.0 solo in termini di mera efficienza; - cosa significa davvero, e quanto \u00e8 potente, pensare in prospettiva C2B (e non pi\u00f9 B2C).\" \/>\n<meta property=\"og:url\" content=\"https:\/\/www.guerini.it\/index.php\/prodotto\/mind-the-change\/\" \/>\n<meta property=\"og:site_name\" content=\"Guerini e Associati\" \/>\n<meta property=\"article:modified_time\" content=\"2024-06-12T12:38:50+00:00\" \/>\n<meta property=\"og:image\" content=\"https:\/\/www.guerini.it\/wp-content\/uploads\/2017\/09\/mind_the_change_sito.jpg\" \/>\n\t<meta property=\"og:image:width\" content=\"247\" \/>\n\t<meta property=\"og:image:height\" content=\"353\" \/>\n\t<meta property=\"og:image:type\" content=\"image\/jpeg\" \/>\n<meta name=\"twitter:card\" content=\"summary_large_image\" \/>\n<meta name=\"twitter:label1\" content=\"Tempo di lettura stimato\" \/>\n\t<meta name=\"twitter:data1\" content=\"1 minuto\" \/>\n<!-- \/ Yoast SEO plugin. -->","yoast_head_json":{"title":"Mind the change - Guerini e Associati","robots":{"index":"index","follow":"follow","max-snippet":"max-snippet:-1","max-image-preview":"max-image-preview:large","max-video-preview":"max-video-preview:-1"},"canonical":"https:\/\/www.guerini.it\/index.php\/prodotto\/mind-the-change\/","og_locale":"it_IT","og_type":"article","og_title":"Mind the change - Guerini e Associati","og_description":"Mind the Change nasce dalla collaborazione fra un imprenditore illuminato (ai vertici di Confindustria e fra i padri del piano nazionale sull'Industria 4.0), un consulente di innovazione (a met\u00e0 tra Stati Uniti e Italia) e un docente di marketing (esperto di tecnologica e cambiamento strategico). Con stile chiaro e numerosi esempi, il libro affronta le titubanze indotte dalla velocit\u00e0 del cambiamento tecnologico. Proponendo strumenti inediti, aiuta ad ideare e applicare nuovi modelli di business e nuove fonti di ricavo, per sfruttare al meglio il potenziale delle tecnologie digitali. Destinato ad imprenditori, top manager e decision maker, questo libro offre intuizioni su: - come l'innovazione digitale impone l'adozione di nuovi modelli di business; - perch\u00e9 le imprese pi\u00f9 innovative considerano ormai irrinunciabile l'API economy; -perch\u00e9 la \"quota dati\" sostituir\u00e0 la \"quota di mercato\" nel definire il leader di un settore; - come le strategie evolvono grazie ai dati (che molti nemmeno sanno di possedere); -perch\u00e9 \u00e8 miope e dannoso concepire Industria 4.0 solo in termini di mera efficienza; - cosa significa davvero, e quanto \u00e8 potente, pensare in prospettiva C2B (e non pi\u00f9 B2C).","og_url":"https:\/\/www.guerini.it\/index.php\/prodotto\/mind-the-change\/","og_site_name":"Guerini e Associati","article_modified_time":"2024-06-12T12:38:50+00:00","og_image":[{"width":247,"height":353,"url":"https:\/\/www.guerini.it\/wp-content\/uploads\/2017\/09\/mind_the_change_sito.jpg","type":"image\/jpeg"}],"twitter_card":"summary_large_image","twitter_misc":{"Tempo di lettura stimato":"1 minuto"},"schema":{"@context":"https:\/\/schema.org","@graph":[{"@type":"WebPage","@id":"https:\/\/www.guerini.it\/index.php\/prodotto\/mind-the-change\/","url":"https:\/\/www.guerini.it\/index.php\/prodotto\/mind-the-change\/","name":"Mind the change - Guerini e Associati","isPartOf":{"@id":"https:\/\/www.guerini.it\/#website"},"primaryImageOfPage":{"@id":"https:\/\/www.guerini.it\/index.php\/prodotto\/mind-the-change\/#primaryimage"},"image":{"@id":"https:\/\/www.guerini.it\/index.php\/prodotto\/mind-the-change\/#primaryimage"},"thumbnailUrl":"https:\/\/www.guerini.it\/wp-content\/uploads\/2017\/09\/mind_the_change_sito.jpg","datePublished":"2017-09-20T09:20:00+00:00","dateModified":"2024-06-12T12:38:50+00:00","breadcrumb":{"@id":"https:\/\/www.guerini.it\/index.php\/prodotto\/mind-the-change\/#breadcrumb"},"inLanguage":"it-IT","potentialAction":[{"@type":"ReadAction","target":["https:\/\/www.guerini.it\/index.php\/prodotto\/mind-the-change\/"]}]},{"@type":"ImageObject","inLanguage":"it-IT","@id":"https:\/\/www.guerini.it\/index.php\/prodotto\/mind-the-change\/#primaryimage","url":"https:\/\/www.guerini.it\/wp-content\/uploads\/2017\/09\/mind_the_change_sito.jpg","contentUrl":"https:\/\/www.guerini.it\/wp-content\/uploads\/2017\/09\/mind_the_change_sito.jpg","width":247,"height":353,"caption":"Mind the change"},{"@type":"BreadcrumbList","@id":"https:\/\/www.guerini.it\/index.php\/prodotto\/mind-the-change\/#breadcrumb","itemListElement":[{"@type":"ListItem","position":1,"name":"Home","item":"https:\/\/www.guerini.it\/"},{"@type":"ListItem","position":2,"name":"Catalogo","item":"https:\/\/www.guerini.it\/index.php\/negozio\/"},{"@type":"ListItem","position":3,"name":"Mind the change"}]},{"@type":"WebSite","@id":"https:\/\/www.guerini.it\/#website","url":"https:\/\/www.guerini.it\/","name":"Guerini e Associati","description":"30 anni di libri, idee e libert\u00e0","publisher":{"@id":"https:\/\/www.guerini.it\/#organization"},"potentialAction":[{"@type":"SearchAction","target":{"@type":"EntryPoint","urlTemplate":"https:\/\/www.guerini.it\/?s={search_term_string}"},"query-input":{"@type":"PropertyValueSpecification","valueRequired":true,"valueName":"search_term_string"}}],"inLanguage":"it-IT"},{"@type":"Organization","@id":"https:\/\/www.guerini.it\/#organization","name":"Guerini e Associati","url":"https:\/\/www.guerini.it\/","logo":{"@type":"ImageObject","inLanguage":"it-IT","@id":"https:\/\/www.guerini.it\/#\/schema\/logo\/image\/","url":"https:\/\/www.guerini.it\/wp-content\/uploads\/2021\/03\/Logo-Guerini-OK_-e1615831292285.png","contentUrl":"https:\/\/www.guerini.it\/wp-content\/uploads\/2021\/03\/Logo-Guerini-OK_-e1615831292285.png","width":2805,"height":1870,"caption":"Guerini e Associati"},"image":{"@id":"https:\/\/www.guerini.it\/#\/schema\/logo\/image\/"}}]}},"_links":{"self":[{"href":"https:\/\/www.guerini.it\/index.php\/wp-json\/wp\/v2\/product\/15994","targetHints":{"allow":["GET"]}}],"collection":[{"href":"https:\/\/www.guerini.it\/index.php\/wp-json\/wp\/v2\/product"}],"about":[{"href":"https:\/\/www.guerini.it\/index.php\/wp-json\/wp\/v2\/types\/product"}],"wp:featuredmedia":[{"embeddable":true,"href":"https:\/\/www.guerini.it\/index.php\/wp-json\/wp\/v2\/media\/15993"}],"wp:attachment":[{"href":"https:\/\/www.guerini.it\/index.php\/wp-json\/wp\/v2\/media?parent=15994"}],"wp:term":[{"taxonomy":"product_brand","embeddable":true,"href":"https:\/\/www.guerini.it\/index.php\/wp-json\/wp\/v2\/product_brand?post=15994"},{"taxonomy":"product_cat","embeddable":true,"href":"https:\/\/www.guerini.it\/index.php\/wp-json\/wp\/v2\/product_cat?post=15994"},{"taxonomy":"product_tag","embeddable":true,"href":"https:\/\/www.guerini.it\/index.php\/wp-json\/wp\/v2\/product_tag?post=15994"}],"curies":[{"name":"wp","href":"https:\/\/api.w.org\/{rel}","templated":true}]}}